{"id":2264,"date":"2014-08-27T10:22:06","date_gmt":"2014-08-27T08:22:06","guid":{"rendered":"http:\/\/quentinrpg.pl\/?page_id=2264"},"modified":"2018-09-23T15:53:50","modified_gmt":"2018-09-23T13:53:50","slug":"trzy-damy","status":"publish","type":"page","link":"https:\/\/www.quentinrpg.pl\/?page_id=2264","title":{"rendered":"Trzy damy"},"content":{"rendered":"<h2>Scenariusz Konkursowy:<\/h2>\n<h4><a href=\"http:\/\/quentinrpg.pl\/wp-content\/uploads\/2014\/08\/010-Trzy-Damy.pdf\"><em>Trzy damy<\/em> Marek Golonka<\/a><\/h4>\n<p>&nbsp;<\/p>\n<p><strong>System:<\/strong> Wolsung<\/p>\n<p><strong>Setting:<\/strong> Ostria<\/p>\n<p><strong>Gotowa mechanika:<\/strong> tak<\/p>\n<p><strong>Modyfikacje zasad:<\/strong> brak<\/p>\n<p><strong>Ilo\u015b\u0107 graczy:<\/strong> 3<\/p>\n<p><strong>Gotowe postacie:<\/strong> tak<\/p>\n<p><strong>Ilo\u015b\u0107 sesji:<\/strong> 1<\/p>\n<p><strong>Dodatki:<\/strong> brak<\/p>\n<p><strong>Opis:<\/strong> Trzy obce sobie damy spotykaj\u0105 si\u0119 przypadkiem i odkrywaj\u0105, \u017ce \u0142\u0105czy je taka sama historia \u017cycia. Jakim cudem trzy osoby mog\u0105 mie\u0107 t\u0119 sam\u0105 przesz\u0142o\u015b\u0107 i nigdy dot\u0105d si\u0119 nie spotka\u0107? Wydaje si\u0119, \u017ce odpowied\u017a zna wybitny psychoanalityk Siegfried Traur, ten jednak z jakiego\u015b powodu panicznie boi si\u0119 dam i chc\u0105c si\u0119 ich pozby\u0107 doprowadza do katastrofy.<\/p>\n\n<div class=\"sp-wrap sp-wrap-default\">\n<div class=\"sp-head\" title=\"Expand\">\nSpoiler\n<\/div>\n<div class=\"sp-body folded\">\n<\/p>\n<h2>Mateusz Budziakowski<\/h2>\n<p>Raduje si\u0119 galicyjskie (i lodomeryjskie) serce, gdy na Quentina przychodz\u0105 teksty w klimatach belle epoque. Zaserwowany w realiach Wolsunga scenariusz bardzo \u0142adnie prezentuje zar\u00f3wno nastr\u00f3j rozta\u0144czonego Wiednia jak i stricte steampunkowy &#8222;bunt maszyn&#8221;. Pozytywna recenzja autora gry tylko to potwierdza.<\/p>\n<p>Jak ju\u017c kto\u015b wspomnia\u0142, scenariusz jest momentami naci\u0105gany, ale je\u015bli zawiesimy na chwil\u0119 wiar\u0119 w rzeczywisto\u015b\u0107 i damy si\u0119 wci\u0105gn\u0105\u0107 w psychodeliczny (czy raczej &#8211; psychoanalityczny) pomys\u0142 autora, odnajdziemy potencja\u0142 wielu interesuj\u0105cych scen, cho\u0107by wymieni\u0107 spotkanie Trzech Dam z Traurem czy Kolektywem \u017belaznego Cesarza (Kanclerza?). Z uwagi na nacisk, k\u0142adziony na rysy charakterologiczne antagonist\u00f3w, scenariusz daje szerokie pole do popisu zar\u00f3wno dla Mistrza Gry jak i graczy. Du\u017cy plus za streszczenie scenariusza, rzecz w tej edycji niecz\u0119st\u0105.<\/p>\n<h2>Artur Ganszyniec<\/h2>\n<p>Intryguj\u0105co-oniryczna przygoda do Wolsunga z psychoanaliz\u0105 w tle. Uroczy tekst, kt\u00f3ry dostarcza mn\u00f3stwo zabawy &#8211; g\u0142\u00f3wnie kosztem \u015b.p. Zygmunta Freuda. Poza tym jest r\u00f3wnie\u017c niez\u0142ym scenariuszem, grywalnym i opowiadaj\u0105cym ciekaw\u0105 opowie\u015b\u0107.<\/p>\n<p>Sympatyczny, oparty na \u015bwietnym pomy\u015ble kawa\u0142ek niebanalnej rozrywki.<\/p>\n<p>Bardzo dobre, chocia\u017c (uczciwie ostrzegam) bardzo niszowe.<\/p>\n<h2>Pawe\u0142 \u201cGerard Heime\u201d Jasi\u0144ski<\/h2>\n<p>&#8222;Trzy damy&#8221; to bardzo ciekawy scenariusz. Kr\u00f3tki, szybki i zgrabnie opisany jednostrza\u0142, osadzony w onirycznym, niby-wiede\u0144skim settingu i okraszony freudowsk\u0105 psychoanaliz\u0105 z przymru\u017ceniem oka. Jestem szczerze oczarowany zgrabnym opisem settingu, kreacj\u0105 antagonist\u00f3w oraz protagonist\u00f3w, oraz zgrabnym zawi\u0105zaniem akcji. Scenariusz, mimo do\u015b\u0107 nietypowego pomys\u0142u, jest nieprzekombinowany i do\u015b\u0107 prosty &#8211; po mocnym wprowadzeniu, bohaterkom pozostaje po\u0142\u0105czy\u0107 elementy uk\u0142adanki i w toku trzech konfrontacji, zmierzy\u0107 si\u0119 z antagonistami.<\/p>\n<p>Czy co\u015b w tym scenariuszu da\u0142o by si\u0119 zrobi\u0107 lepiej, pe\u0142niej? Z pewno\u015bci\u0105. Wed\u0142ug mnie zabrak\u0142o troch\u0119 miejsca, by ka\u017cda z dam pokaza\u0142a sw\u00f3j indywidualizm i charakter &#8211; na przyk\u0142ad wyzwa\u0144, kt\u00f3re ka\u017cda z dam mo\u017ce pokona\u0107 na sw\u00f3j w\u0142asny spos\u00f3b. Zabrak\u0142o te\u017c troch\u0119 pomys\u0142u na konfrontacje z trzema antagonistami, by nie by\u0142y rutynow\u0105 dyskusj\u0105, walk\u0105 albo po\u015bcigiem. To oczywi\u015bcie rola graczy by w kreatywny spos\u00f3b podej\u015b\u0107 do wyzwania &#8211; ale autor jest nader sk\u0105py w podsuwaniu klimatycznych pomys\u0142\u00f3w. A przecie\u017c a\u017c prosi si\u0119, by Ilsa rzuci\u0142a Erosowi taneczne wyzwanie powo\u0142uj\u0105c si\u0119 na to, \u017ce to ona by\u0142a Kr\u00f3low\u0105 Walca; Maike shackowa\u0142a golemy cesarskie i uwi\u0119zi\u0142a w ich obwodach logicznych \u017belaznego Cesarza; Lea popisem swej poezji u\u015bwiadomi\u0142a Walcowi Jesiennemu, \u017ce jego panowanie, tak jak panowanie wszystkich w\u0142adc\u00f3w, skazane jest na pora\u017ck\u0119.<\/p>\n<p>Niemniej &#8222;Trzy damy&#8221; to pe\u0142na wdzi\u0119ku i humoru, dobrze napisana przygoda oparta na ciekawym pomy\u015ble. Mo\u017ce (ze wzgl\u0119du na hermetyczn\u0105 tematyk\u0119) nie jest przeznaczona dla wszystkich &#8211; moja rada to przeczyta\u0107 i przekona\u0107 si\u0119 samemu!<\/p>\n<h2>Micha\u0142 Mochocki<\/h2>\n<p>Zalety:<br \/>\n&#8211; Genialny pomys\u0142 na intryg\u0119 i pochodzenie postaci, \u0142\u0105cz\u0105cy smaczki psychoanalizy z klimatami i mechanik\u0105 Wolsunga. Psychoanalityk tworz\u0105cy Prawdziw\u0105 Sztuk\u0119 technik\u0105 lu\u017anych skojarze\u0144 \u2013 miodzio!<br \/>\n&#8211; Mimo imponuj\u0105cej wizji fabularnej, tekst nie jest zdominowany przez warstw\u0119 literack\u0105. Z jednej strony, jest to sp\u00f3jna i pasjonuj\u0105ca opowie\u015b\u0107, z drugiej &#8211; oferuje bohaterkom sporo przestrzeni do dzia\u0142ania. Moim zdaniem, trzyma bardzo dobry balans mi\u0119dzy role play i gameplay.<br \/>\n&#8211; Autor z du\u017cym wyczuciem opisuje potencjalne dzia\u0142ania graczy, dzieli rozw\u00f3j historii na etapy, odpowiednio dawkuje informacje o BN-ach i intrydze, a tak\u017ce przewiduje r\u00f3\u017cne mo\u017cliwo\u015bci poprowadzenia niekt\u00f3rych scen. Zna\u0107 r\u0119k\u0119 do\u015bwiadczonego MG.<\/p>\n<p>Wady:<br \/>\n&#8211; Pewien niedosyt pozostawiaj\u0105 konfrontacje z Erosem, Tanatosem i Id, s\u0105 bowiem ma\u0142o zr\u00f3\u017cnicowane. Mimo radykalnie odmiennej natury, ka\u017cdego w zasadzie mo\u017cna indywidualnie \u201cpodej\u015b\u0107\u201d tym samym sposobem. I dlaczego Eros skupia si\u0119 na ta\u0144cu, strojach i pija\u0144stwie, a zdaje si\u0119 ca\u0142kiem pozbawiony erotyki?<\/p>\n<h2>Jakub Osiejewski<\/h2>\n<p>Tr\u00f3jka bohater\u00f3w przemierza nocn\u0105, groteskow\u0105 Wolsungow\u0105 metropoli\u0119, odkrywaj\u0105c przy tym, \u017ce nie s\u0105 tym, za czym si\u0119 uwa\u017caj\u0105. Taki scenariusz zosta\u0142 przys\u0142any na konkurs w zesz\u0142ym roku. Gdybym nie rozpozna\u0142 stylu autora, m\u00f3g\u0142bym naprawd\u0119 powzi\u0105\u0107 podejrzenia o plagiat.<\/p>\n<p>\u017barty \u017cartami, ale pomimo podobie\u0144stw w warstwie fabularnej, ten scenariusz jest nieco bardziej z\u0142o\u017cony ni\u017c &#8222;Niedoko\u0144czeni&#8221;. Zamiast mrocznego klimatu grozy mamy tu lekkie, oniryczne opisy, przygoda jest bardziej osadzona w wolsungowych nierealiach&#8230; Autor si\u0119 rozwija!<\/p>\n<p>Bardziej wi\u0119c boli fakt, \u017ce w tej edycji r\u00f3wnie\u017c zamiast odkrywania to\u017csamo\u015bci postaci, centrum uwagi jest walka z okoliczno\u015bciami zewn\u0119trznymi. W gruncie rzeczy starcie z wcielonymi bytami Tanatosa, Erosa i Superego mog\u0105 rozegra\u0107 trzy dowolne inne postaci, za\u015b istnienie bohaterek graczy lub nie nie jest kluczow\u0105 kwesti\u0105 niniejszej przygody. Co dziwi, bo jest to sympatyczny motyw &#8211; a tutaj robi wra\u017cenie barokowego &#8222;konceptu&#8221; wt\u0142oczonego na si\u0142\u0119, by oczarowa\u0107 czytelnika. Przykro mi, nie jestem zachwycony.<\/p>\n<p>Tym niemniej, bohaterki graczy s\u0105 bardzo sympatyczne, Traur groteskowy, a antagoni\u015bci i atmosfera szalonego Wiednia przeurocza. To naprawd\u0119 dobry scenariusz, a moje marudzenie nie powinno wp\u0142ywa\u0107 na jego ocen\u0119.<\/p>\n<h2>Tomasz Pud\u0142o<\/h2>\n<p>Trzy damy to scenariusz, kt\u00f3rego zamys\u0142 uda\u0142o si\u0119 skutecznie zrealizowa\u0107. Czu\u0107 tutaj oniryczn\u0105 atmosfer\u0119; bohaterowie i wydarzenia pasuj\u0105 do siebie, a tekst jest jednocze\u015bnie czytelny i do\u015b\u0107 rozbudowany, by mo\u017cna by\u0142o z jego pomoc\u0105 poprowadzi\u0107 udan\u0105 sesj\u0119. Kr\u00f3tko m\u00f3wi\u0105c Trzy damy to sukces scenopisarski autora i za to nale\u017c\u0105 mu si\u0119 gratulacje. Gratulacje tym wi\u0119ksze, \u017ce typowy oniryczny scenariusz przychodz\u0105cy na Quentina to stek bzdur i nielogiczno\u015bci maskuj\u0105cy mia\u0142ko\u015b\u0107 fabu\u0142y. Tu przeciwnie &#8211; fabu\u0142a mo\u017ce by\u0107 dla graczy ciekawym punktem wyj\u015bcia do snucia posesyjnych rozwa\u017ca\u0144.<\/p>\n<p>Mi szczeg\u00f3lnie podoba\u0142y tu si\u0119 sceny otwieraj\u0105ce, w kt\u00f3rych historia trzech dam przeplata si\u0119 elegancko, a gracze jednocze\u015bnie poznaj\u0105 bohater\u00f3w t\u0142a, kt\u00f3rzy ponownie pojawi\u0105 si\u0119 w p\u00f3\u017aniejszych scenach.<\/p>\n<p>Je\u017celi mia\u0142bym wskaza\u0107 co\u015b, co moim zdaniem mo\u017cna by poprawi\u0107, to by\u0142yby to sceny wskaz\u00f3wek. Nie dlatego, \u017ce s\u0105 z\u0142e, ale dlatego, \u017ce jest ich moim zdaniem za ma\u0142o, a na dodatek autor scenariusza sugeruje, by u\u017cy\u0107 ich w ostateczno\u015bci. Ale dlaczego, skoro to one tworz\u0105 materi\u0119 scenariusza i pozwalaj\u0105 postaciom graczek poczu\u0107 atmosfer\u0119 miasta zanim wdadz\u0105 si\u0119 one w ostateczne konfrontacje?<\/p>\n<p>Po zako\u0144czeniu lektury odnios\u0142em wra\u017cenie, \u017ce po sesji zostawa\u0142oby du\u017ce poczucie niedosytu, a przynajmniej ja takie mia\u0142em &#8211; dobre rozpocz\u0119cie, mocna scena na cmentarzu, a potem szybko-szybko ku fina\u0142owi. Kr\u00f3tko m\u00f3wi\u0105c moim zdaniem najwi\u0119kszym problemem tego scenariusza jest tempo.<\/p>\n<p>Niemniej jednak jest to tekst, kt\u00f3ry czyta si\u0119 z przyjemno\u015bci\u0105 i na podstawie kt\u00f3rego \u0142atwo mo\u017cna poprowadzi\u0107 wyj\u0105tkow\u0105 sesj\u0119.<\/p>\n<h2>Micha\u0142 Smole\u0144<\/h2>\n<p>Przygoda o specyficznym klimacie: nie ka\u017cdemu si\u0119 spodoba, ale zasadniczo warta uwagi. Wyj\u015bcie od teorii Freuda to dobry pomys\u0142 \u2013 z jednej strony, zapewnia ona bazow\u0105 struktur\u0119 przygody i postaci, z drugiej, jest na tyle znana, by du\u017ca cz\u0119\u015b\u0107 graczy dostrzega i doceni\u0142a nawi\u0105zanie (kiedy ju\u017c wyjdzie ono na jaw). To zasadniczo dobry przyk\u0142ad wykorzystania popkulturowej teorii w scenariuszu \u2013 psychoanalityczny w\u0105tek nie przyt\u0142acza fabu\u0142y, g\u0142\u0119bsze oczytanie nie jest niezb\u0119dne, a jednocze\u015bnie przygoda zachowuje si\u0119 pewne w\u0105tki i specyfik\u0119 sposobu my\u015blenia (cho\u0107 nie oby\u0142o si\u0119 bez irytuj\u0105cych uproszcze\u0144), kt\u00f3ry to spos\u00f3b my\u015blenia jednocze\u015bnie blisko zwi\u0105zany jest z settingiem (quasi-Wiede\u0144 pocz\u0105tku XX wieku). Plus.<\/p>\n<p>Mamy bohaterki, mamy wrog\u00f3w, ale czy mamy przygod\u0119? Czasami w tego typu scenariuszach ca\u0142o\u015b\u0107 dominuje nad fragmentami, poszczeg\u00f3lne sceny okazuj\u0105 si\u0119 prost\u0105 realizacj\u0105 zasadniczego schematu, nie odkrywaj\u0105c\u0105 nic nowego. I cho\u0107 Trzy damy w pewnym stopniu cierpi\u0105 na t\u0119 przypad\u0142o\u015b\u0107, znalaz\u0142o si\u0119 tu jednak wystarczaj\u0105co du\u017co tre\u015bci, by zape\u0142ni\u0107 jednorazow\u0105 sesj\u0119. Z jednej strony, troch\u0119 szkoda, \u017ce po rewelacji na temat statusu bohaterek ich uwaga b\u0142yskawicznie odci\u0105gana jest przez antagonist\u00f3w (z kt\u00f3rymi na dobr\u0105 spraw\u0119 zawalczy\u0107 mog\u0142aby dowolna dru\u017cyna niezwyk\u0142ych pa\u0144 i d\u017centelmen\u00f3w), ale z drugiej pozwala na odegranie problem\u00f3w egzystencjalnych \u201efa\u0142szywych\u201d os\u00f3b ju\u017c podczas konkretnych wydarze\u0144, dzi\u0119ki czemu mo\u017ce uda\u0107 si\u0119 po\u0142\u0105czenie \u201erefleksji\u201d z zachowaniem tempa akcji (jak sugeruje to sekcja opisuj\u0105ca sesj\u0119 poprowadz\u0105 przez autora \u2013 cho\u0107 mo\u017ce da\u0142oby si\u0119 umie\u015bci\u0107 wi\u0119cej zal\u0105\u017ck\u00f3w takich prze\u017cy\u0107 jeszcze podczas w\u0142a\u015bciwego tekstu przygody).<\/p>\n<p>Miasto opanowane przez trzy wyzwolone si\u0142y to barwna arena fina\u0142owych konfrontacji, nawet je\u017celi skala przekszta\u0142ce\u0144 i oniryczno\u015b\u0107 troch\u0119 przekracza w skali standard z przyg\u00f3d do Wolsunga. Do tego epilog powinien nie\u017ale zwie\u0144czy\u0107 przygod\u0119 i ponownie skierowa\u0107 \u015bwiat\u0142o reflektor\u00f3w na bohaterki. Nie jestem zachwycony, ale trudno odm\u00f3wi\u0107 Trzem damom uroku, konsekwencji i niez\u0142ego wykonania.<\/p>\n<h2>Micha\u0142 So\u0142tysiak<\/h2>\n<p>Napisz\u0119 tak: nachachm\u0119cone, nakr\u0119cone, miejscami przekombinowane ale fajowe. To jest jeden z moich dw\u00f3ch faworyt\u00f3w.<\/p>\n<p>Pomys\u0142 Trzech Dam jest \u015bwietny, trzy cz\u0119\u015bci jednej ludzkiej osobowo\u015bci jako trzy r\u00f3\u017cne postacie, realnie funkcjonuj\u0105ce w Wolsungowej Austrii. Wprawdzie odrobin\u0119 brakuje mi lepszych narz\u0119dzi dla graczy, \u017ceby naprawd\u0119 wspiera\u0107 mechanicznie r\u00f3\u017cnice osobowo\u015bci pomi\u0119dzy nimi, ale mo\u017ce to MG naprawi dodaj\u0105c co\u015b od siebie. Autor m\u00f3g\u0142 jednak lepiej to pokaza\u0107 i przygotowa\u0107 wi\u0119cej scen, gdzie to wida\u0107, a w samych postaciach dopracowa\u0107 przewagi, \u017ceby sami gracze ju\u017c od strony mechanicznej czuli, \u017ce w czym\u015b s\u0105 lepsi i co podkre\u015bla psychologi\u0119 ich postaci. Pewnie, \u017ce nie mo\u017cna im powiedzie\u0107 kim graj\u0105, ale przy tak ambitnym i fajnym pomy\u015ble trzeba co\u015b wykombinowa\u0107, by nie rozmy\u0142a si\u0119 idea postaci.<\/p>\n<p>Podoba mi si\u0119 r\u00f3wnie\u017c nastr\u00f3j przygody, bo liczne sceny podkre\u015blaj\u0105 Cesarsko-Kr\u00f3lewski Austrow\u0119gierski klimat, gdzie bon ton itd., ale nied\u0142ugo b\u0119dzie wojna. Przyda\u0142oby si\u0119 wi\u0119cej: tu pu\u015b\u0107 Straussa, tu wypij \u0142yk kawy z fili\u017canki, ale to subiektywny detal. Wida\u0107, \u017ce to nie jest uniwersalny kraj w Wolsungu, a przygoda du\u017co by straci\u0142a, gdyby j\u0105 rozgrywa\u0107 gdzie indziej.<\/p>\n<p>Musz\u0119 te\u017c pochwali\u0107 dopracowanie i barwno\u015b\u0107 fabu\u0142y. Mo\u017ce wyj\u015b\u0107 z tego \u015bwietna sesja i masa zabawy.<\/p>\n<p>Kr\u00f3tko m\u00f3wi\u0105c jeden ze scenariuszy, w kt\u00f3ry nale\u017cy zagra\u0107 lub go poprowadzi\u0107 dla samej rado\u015bci rozegrania dobrej fabu\u0142y z pomys\u0142em.<\/p>\n<h2>Mateusz Wielgosz<\/h2>\n<p>Imponuj\u0105ca praca. Odwa\u017cny pomys\u0142 &#8211; czyli bardzo nietypowa dru\u017cynach trzech niezwyk\u0142ych dam i Traur. Rozmach &#8211; czyli trzy byty stawiaj\u0105ce miasto na g\u0142owie. Sytuacje i konfrontacje s\u0105 ciekawe i odpowiednio zr\u00f3\u017cnicowane (przynajmniej w warstwie estetyczno-opisowej).<\/p>\n<p>Ca\u0142o\u015b\u0107 solidnie i schludnie spisana. Nie mam niestety przekonania czy bohaterki s\u0105 odpowiednio zagospodarowane. Owszem zosta\u0142y dobrze opisane, maj\u0105 swoje kompetencje, ale mo\u017cna odnie\u015b\u0107 wra\u017cenie, \u017ce pomijaj\u0105c spotkanie na cmentarzu, gdyby inaczej zaaran\u017cowa\u0107 otwarcie przygody, scenariusz mo\u017cna by rozegra\u0107 dowoln\u0105 dru\u017cyn\u0105. W pewnym sensie mo\u017cna to uzna\u0107 za zalet\u0119. Skoro jednak mamy gotowe postacie, to troszk\u0119 szkoda, \u017ce nie mam poczucia o ich nieodzowno\u015bci.<\/p>\n<h2>\u0141ukasz Fedorowicz<\/h2>\n<p>Niezwyk\u0142y pomys\u0142 w intryguj\u0105cym uj\u0119ciu. Pierwsze odwo\u0142anie do Freuda powoduje lekki b\u0142ysk w oku: to ju\u017c by\u0142o, ile mo\u017cna. Okazuje si\u0119 jednak, \u017ce zamys\u0142 nie przyt\u0142acza ca\u0142o\u015bci. Co wi\u0119cej, stanowi zar\u00f3wno ciekawe przedstawienie reali\u00f3w \u015bwiata (Sztuka jako urzeczywistnianie nieistniej\u0105cego) jak i solidne spoiwo fabularne, nadaj\u0105ce pracy struktur\u0119. Doceniam misterne wprowadzenie postaci niezale\u017cnych preludiach ka\u017cdej z dam, wykorzystanie mocnych stron bohaterek i mechanik\u0119 wspieraj\u0105c\u0105 opowie\u015b\u0107. Urzeka pomys\u0142 i jego rozwini\u0119cie fabularne. Szczeg\u00f3lnie podoba\u0142o mi si\u0119, \u017ce wi\u0119kszo\u015b\u0107 domy\u015blnych konfrontacji to dyskusje. \u015awietnie wpisuje si\u0119 to w opowie\u015b\u0107 o damach odkrywaj\u0105cych przera\u017caj\u0105cy sekret. Uwiera\u0142 mnie za\u015b oniryczny charakter scenerii (b\u0119d\u0105cy chyba trademarkiem tej edycji) i j\u0119zyk maj\u0105cy tendencj\u0119 raczej do gmatwania scen, ni\u017c ich wyja\u015bniania.<\/p>\n<p>To bardzo eleganckie uj\u0119cie steampunkowej przygody. Jest ciekawa, niestandardowa i ma ogromny potencja\u0142 na sesji. Zaliczam j\u0105 niniejszym do grona faworyt\u00f3w.<\/p>\n<div class=\"spdiv\">[collapse]<\/div>\n<\/div>\n<\/div>\n\n","protected":false},"excerpt":{"rendered":"<p>Scenariusz Konkursowy: Trzy damy Marek Golonka &nbsp; System: Wolsung Setting: Ostria Gotowa mechanika: tak Modyfikacje zasad: brak Ilo\u015b\u0107 graczy: 3 Gotowe postacie: tak Ilo\u015b\u0107 sesji: 1 Dodatki: brak Opis: Trzy obce sobie damy spotykaj\u0105 si\u0119 przypadkiem i odkrywaj\u0105, \u017ce \u0142\u0105czy je taka sama historia \u017cycia. Jakim cudem trzy osoby mog\u0105 mie\u0107 t\u0119 sam\u0105 przesz\u0142o\u015b\u0107 i<a class=\"more-link button\" href=\"https:\/\/www.quentinrpg.pl\/?page_id=2264\">Czytaj dalej&#8230;<\/a><\/p>\n","protected":false},"author":11112,"featured_media":0,"parent":2250,"menu_order":0,"comment_status":"open","ping_status":"open","template":"","meta":{"footnotes":""},"categories":[87,47,39,59,53],"tags":[],"class_list":["post-2264","page","type-page","status-publish","hentry","category-max-1-sesja","category-1-sesja-plus","category-3-graczy","category-finalisci","category-wolsung"],"_links":{"self":[{"href":"https:\/\/www.quentinrpg.pl\/index.php?rest_route=\/wp\/v2\/pages\/2264","targetHints":{"allow":["GET"]}}],"collection":[{"href":"https:\/\/www.quentinrpg.pl\/index.php?rest_route=\/wp\/v2\/pages"}],"about":[{"href":"https:\/\/www.quentinrpg.pl\/index.php?rest_route=\/wp\/v2\/types\/page"}],"author":[{"embeddable":true,"href":"https:\/\/www.quentinrpg.pl\/index.php?rest_route=\/wp\/v2\/users\/11112"}],"replies":[{"embeddable":true,"href":"https:\/\/www.quentinrpg.pl\/index.php?rest_route=%2Fwp%2Fv2%2Fcomments&post=2264"}],"version-history":[{"count":0,"href":"https:\/\/www.quentinrpg.pl\/index.php?rest_route=\/wp\/v2\/pages\/2264\/revisions"}],"up":[{"embeddable":true,"href":"https:\/\/www.quentinrpg.pl\/index.php?rest_route=\/wp\/v2\/pages\/2250"}],"wp:attachment":[{"href":"https:\/\/www.quentinrpg.pl\/index.php?rest_route=%2Fwp%2Fv2%2Fmedia&parent=2264"}],"wp:term":[{"taxonomy":"category","embeddable":true,"href":"https:\/\/www.quentinrpg.pl\/index.php?rest_route=%2Fwp%2Fv2%2Fcategories&post=2264"},{"taxonomy":"post_tag","embeddable":true,"href":"https:\/\/www.quentinrpg.pl\/index.php?rest_route=%2Fwp%2Fv2%2Ftags&post=2264"}],"curies":[{"name":"wp","href":"https:\/\/api.w.org\/{rel}","templated":true}]}}