{"id":2895,"date":"2017-06-03T10:05:00","date_gmt":"2017-06-03T08:05:00","guid":{"rendered":"http:\/\/quentinrpg.pl\/?page_id=2895"},"modified":"2024-04-02T17:45:44","modified_gmt":"2024-04-02T15:45:44","slug":"pawel-bogdaszewski","status":"publish","type":"page","link":"https:\/\/www.quentinrpg.pl\/?page_id=2895","title":{"rendered":"Pawe\u0142 Bogdaszewski"},"content":{"rendered":"<p><a href=\"http:\/\/quentinrpg.pl\/wp-content\/uploads\/2013\/05\/photo_aes.png\"><img loading=\"lazy\" decoding=\"async\" class=\"size-medium wp-image-1695 alignright\" src=\"http:\/\/quentinrpg.pl\/wp-content\/uploads\/2013\/05\/photo_aes-189x300.png\" alt=\"photo_aes\" width=\"189\" height=\"300\" srcset=\"https:\/\/www.quentinrpg.pl\/wp-content\/uploads\/2013\/05\/photo_aes-189x300.png 189w, https:\/\/www.quentinrpg.pl\/wp-content\/uploads\/2013\/05\/photo_aes.png 632w\" sizes=\"auto, (max-width: 189px) 100vw, 189px\" \/><\/a><\/p>\n<p><strong>Bio:<\/strong><\/p>\n<p>Rocznik 86, zootechnik, mi\u0142o\u015bnik fantastyki we wszelkich formach. Z Q mia\u0142em starcie cztery razy: w 2009 napisa\u0142em na Neuroshimowy scenariusz &#8222;<a href=\"http:\/\/quentinrpg.pl\/?page_id=469\">Zabij mutanta<\/a>&#8221; (wyr\u00f3\u017cnienie), w 2011 inspirowany Bas-Lagiem &#8222;<a href=\"http:\/\/quentinrpg.pl\/?page_id=1200\">La Revolution<\/a>&#8221; (wyr\u00f3\u017cnienie), w 2012 Klanarchiow\u0105 &#8222;<a href=\"http:\/\/quentinrpg.pl\/?page_id=1402\">To\u017csamo\u015b\u0107<\/a>&#8221; (zwyci\u0119stwo), w 2014 w ho\u0142dzie Pratchetowi SWEPlowy &#8222;<a href=\"http:\/\/quentinrpg.pl\/?page_id=2259\">Dyskpunk<\/a>&#8221; (wyr\u00f3\u017cnienie).<\/p>\n<p><strong>Kryteria oceny:<\/strong><\/p>\n<p><b>Przejrzysto\u015b\u0107<\/b><br \/>\nStreszczenie na pierwszej stronie, spis tre\u015bci, sensowny podzia\u0142, oszcz\u0119dne u\u017cycie s\u0142\u00f3w i opis\u00f3w. Gotowe materia\u0142y do poprowadzenie &#8222;z marszu&#8221;, zawarcie tylko istotnych informacji. Wszystko to znacznie wp\u0142ywa na odbi\u00f3r pracy, nawet je\u015bli wydaje si\u0119 tylko &#8222;form\u0105&#8221;. Konkurs na najlepszy scenariusz to konkurs na dzie\u0142o u\u017cytkowe, forma ma znaczenie.<\/p>\n<p><b>\u015awiadome u\u017cycie motyw\u00f3w<\/b><br \/>\nWarto by ka\u017cdy element scenariusza zosta\u0142 wprowadzony celowo. Je\u015bli pojawiaj\u0105 si\u0119 gotowi BG niech wi\u0105\u017c\u0105 si\u0119 nierozerwalnie z fabu\u0142\u0105. Przygoda dla dowolnej dru\u017cyny powinna mie\u0107 narz\u0119dzia, aby korzysta\u0107 ze swojej uniwersalno\u015bci i wci\u0105gn\u0105\u0107 r\u00f3\u017cnych bohater\u00f3w. Je\u015bli BG musz\u0105 stoczy\u0107 walk\u0119, starcie i dob\u00f3r przeciwnik\u00f3w powinien mie\u0107 jaki\u015b wi\u0119kszy sens w kontek\u015bcie przygody (to tylko przyk\u0142ady, nie spos\u00f3b wymieni\u0107 wszystkiego). S\u0105 scenarzy\u015bci pod\u015bwiadomie tworz\u0105cy wybitne sp\u00f3jne scenariusze, jednak nawet im nie szkodzi dopracowanie wszystkich szczeg\u00f3\u0142\u00f3w.<\/p>\n<p><b>Mechanika<\/b><br \/>\nScenariusz mo\u017ce nie zawiera\u0107 mechaniki, co nie znaczy \u017ce nie powinien. Mechanika, szczeg\u00f3lnie ta dobrze zrobiona, jest tak\u0105 sam\u0105 cz\u0119\u015bci\u0105 pracy jako przedstawione wybory, bohaterowie niezale\u017cni czy wydarzenia. Je\u015bli jednak w pracy zawarte b\u0119d\u0105 &#8222;jedynie&#8221; (a\u017c) odniesienia do podr\u0119cznik\u00f3w, gotowych BN\u00f3w, te\u017c wspaniale. O ile wszystko jest wykorzystane z sensem. Kompletny brak mechaniki sprawia, \u017ce scenariusz jest niepe\u0142ny. Jeszcze gorszym wariantem jest mechanika wrzucona \u201ebyle by co\u015b by\u0142o\u201d.<\/p>\n<p>Nie przypadkowo nie zawar\u0142em w tej li\u015bcie &#8222;oryginalno\u015bci&#8221; czy &#8222;genialnych pomys\u0142\u00f3w&#8221;. To tylko przyprawy: wzbogacaj\u0105 scenariusz, ale licz\u0105 si\u0119 jedynie wtedy, gdy jest on ju\u017c i bez nich rzemie\u015blniczo dobry.<\/p>\n","protected":false},"excerpt":{"rendered":"<p>Bio: Rocznik 86, zootechnik, mi\u0142o\u015bnik fantastyki we wszelkich formach. Z Q mia\u0142em starcie cztery razy: w 2009 napisa\u0142em na Neuroshimowy scenariusz &#8222;Zabij mutanta&#8221; (wyr\u00f3\u017cnienie), w 2011 inspirowany Bas-Lagiem &#8222;La Revolution&#8221; (wyr\u00f3\u017cnienie), w 2012 Klanarchiow\u0105 &#8222;To\u017csamo\u015b\u0107&#8221; (zwyci\u0119stwo), w 2014 w ho\u0142dzie Pratchetowi SWEPlowy &#8222;Dyskpunk&#8221; (wyr\u00f3\u017cnienie). Kryteria oceny: Przejrzysto\u015b\u0107 Streszczenie na pierwszej stronie, spis tre\u015bci, sensowny podzia\u0142,<a class=\"more-link button\" href=\"https:\/\/www.quentinrpg.pl\/?page_id=2895\">Czytaj dalej&#8230;<\/a><\/p>\n","protected":false},"author":11112,"featured_media":0,"parent":50,"menu_order":0,"comment_status":"closed","ping_status":"closed","template":"","meta":{"footnotes":""},"categories":[3],"tags":[],"class_list":["post-2895","page","type-page","status-publish","hentry","category-kapitula"],"_links":{"self":[{"href":"https:\/\/www.quentinrpg.pl\/index.php?rest_route=\/wp\/v2\/pages\/2895","targetHints":{"allow":["GET"]}}],"collection":[{"href":"https:\/\/www.quentinrpg.pl\/index.php?rest_route=\/wp\/v2\/pages"}],"about":[{"href":"https:\/\/www.quentinrpg.pl\/index.php?rest_route=\/wp\/v2\/types\/page"}],"author":[{"embeddable":true,"href":"https:\/\/www.quentinrpg.pl\/index.php?rest_route=\/wp\/v2\/users\/11112"}],"replies":[{"embeddable":true,"href":"https:\/\/www.quentinrpg.pl\/index.php?rest_route=%2Fwp%2Fv2%2Fcomments&post=2895"}],"version-history":[{"count":1,"href":"https:\/\/www.quentinrpg.pl\/index.php?rest_route=\/wp\/v2\/pages\/2895\/revisions"}],"predecessor-version":[{"id":6294,"href":"https:\/\/www.quentinrpg.pl\/index.php?rest_route=\/wp\/v2\/pages\/2895\/revisions\/6294"}],"up":[{"embeddable":true,"href":"https:\/\/www.quentinrpg.pl\/index.php?rest_route=\/wp\/v2\/pages\/50"}],"wp:attachment":[{"href":"https:\/\/www.quentinrpg.pl\/index.php?rest_route=%2Fwp%2Fv2%2Fmedia&parent=2895"}],"wp:term":[{"taxonomy":"category","embeddable":true,"href":"https:\/\/www.quentinrpg.pl\/index.php?rest_route=%2Fwp%2Fv2%2Fcategories&post=2895"},{"taxonomy":"post_tag","embeddable":true,"href":"https:\/\/www.quentinrpg.pl\/index.php?rest_route=%2Fwp%2Fv2%2Ftags&post=2895"}],"curies":[{"name":"wp","href":"https:\/\/api.w.org\/{rel}","templated":true}]}}