{"id":33,"date":"2010-10-29T17:37:48","date_gmt":"2010-10-29T17:37:48","guid":{"rendered":"http:\/\/quentinrpg.pl\/?page_id=33"},"modified":"2024-09-02T20:07:49","modified_gmt":"2024-09-02T18:07:49","slug":"scenariusze","status":"publish","type":"page","link":"https:\/\/www.quentinrpg.pl\/?page_id=33","title":{"rendered":"Przygody"},"content":{"rendered":"<h5><a href=\"http:\/\/quentinrpg.pl\/?page_id=1620\">Wszyscy zwyci\u0119zcy<\/a><\/h5>\n<h5><a href=\"http:\/\/quentinrpg.pl\/?cat=59\">Wszyscy finali\u015bci<\/a><\/h5>\n<h5>Przygody wed\u0142ug gry:<\/h5>\n<p><a href=\"http:\/\/quentinrpg.pl\/?cat=81\">7th Sea<\/a> &#8211; <a href=\"http:\/\/quentinrpg.pl\/?cat=75\">Adventurers!<\/a> &#8211; <a href=\"https:\/\/www.quentinrpg.pl\/?cat=114\">Agonia, Ponura Gra Fabularna<\/a> &#8211; <a href=\"http:\/\/quentinrpg.pl\/?cat=71\">Aphalon<\/a> &#8211; <a href=\"https:\/\/www.quentinrpg.pl\/?cat=100\">Beszamel <\/a>&#8211; <a href=\"https:\/\/www.quentinrpg.pl\/?cat=119\">Blade Runner<\/a> &#8211; <a href=\"http:\/\/quentinrpg.pl\/?cat=80\">Cold City<\/a> &#8211; <a href=\"https:\/\/www.quentinrpg.pl\/?cat=92\">Coriolis<\/a> &#8211; <a href=\"https:\/\/www.quentinrpg.pl\/?cat=105\">Cthulhu Dark<\/a> &#8211; <a href=\"https:\/\/www.quentinrpg.pl\/?cat=97\">Cthulhu Invictus<\/a> &#8211; <a href=\"http:\/\/quentinrpg.pl\/?cat=69\">Cyberpunk<\/a> &#8211; <a title=\"Scenariusze napisane do Dungeons &amp; Dragons, do gier na silniku d20 (od Pathfindera do d20 Modern) albo do retroklon\u00f3w, wzgl\u0119dnie scenariusze rozgrywaj\u0105ce si\u0119 w \u015bwiatach D&amp;D, korzystaj\u0105ce z jakiej\u015b innej mechaniki.\" href=\"http:\/\/quentinrpg.pl\/?cat=48\">D&amp;D i d20<\/a> &#8211; <a href=\"http:\/\/quentinrpg.pl\/?cat=70\">Deadlands<\/a> &#8211; <a href=\"https:\/\/www.quentinrpg.pl\/?cat=98\">Delta Green<\/a> &#8211; <a href=\"https:\/\/www.quentinrpg.pl\/?cat=88\">Dogs in the Vineyard<\/a> &#8211; <a href=\"http:\/\/quentinrpg.pl\/?cat=50\">Dzikie Pola<\/a> &#8211; <a href=\"http:\/\/quentinrpg.pl\/?cat=74\">Earthdawn<\/a> &#8211; <a href=\"http:\/\/quentinrpg.pl\/?cat=64\">Eclipse Phase<\/a> &#8211; <a href=\"https:\/\/www.quentinrpg.pl\/?cat=90\">Fajerbol<\/a> &#8211; <a href=\"http:\/\/quentinrpg.pl\/?cat=84\">Fallout<\/a> &#8211; <a href=\"http:\/\/quentinrpg.pl\/?cat=72\">FATE<\/a> &#8211; <a href=\"https:\/\/www.quentinrpg.pl\/?cat=107\">Forbidden Lands<\/a> &#8211; <a href=\"https:\/\/www.quentinrpg.pl\/?cat=116\">Frontier Scum<\/a> &#8211; <a href=\"https:\/\/www.quentinrpg.pl\/?cat=86\">FU i OHET<\/a> &#8211; <a href=\"http:\/\/quentinrpg.pl\/?cat=56\">Fudge<\/a> &#8211; <a href=\"https:\/\/www.quentinrpg.pl\/?cat=94\">Gumshoe<\/a> &#8211; <a href=\"http:\/\/quentinrpg.pl\/?cat=58\">GURPS<\/a> &#8211; <a href=\"https:\/\/www.quentinrpg.pl\/?cat=115\">Honor MacKenziech<\/a> &#8211; <a href=\"http:\/\/quentinrpg.pl\/?cat=62\">ICONS<\/a> &#8211; <a title=\"Scenariusze do gier autorskich, z mechanik\u0105 pisan\u0105 wy\u0142\u0105cznie pod nie, nie napisane do \u017cadnej konkretnej gry, albo jeszcze inne, kt\u00f3re nie pasowa\u0142y do pozosta\u0142ych kategorii.\" href=\"http:\/\/quentinrpg.pl\/?cat=54\">inne<\/a> &#8211; <a href=\"https:\/\/www.quentinrpg.pl\/?cat=96\">Jagodowy Las<\/a> &#8211; <a href=\"http:\/\/quentinrpg.pl\/?cat=63\">Klanarchia<\/a> &#8211; <a href=\"http:\/\/quentinrpg.pl\/?cat=68\">Kryszta\u0142y Czasu<\/a> &#8211; <a href=\"https:\/\/www.quentinrpg.pl\/?cat=103\">Kult: Bosko\u015b\u0107 utracona<\/a> &#8211; <a href=\"http:\/\/quentinrpg.pl\/?cat=52\">Legenda Pi\u0119ciu Kr\u0119g\u00f3w<\/a> &#8211; <a href=\"https:\/\/www.quentinrpg.pl\/?cat=117\">Miasto Mg\u0142y<\/a> &#8211; <a href=\"https:\/\/www.quentinrpg.pl\/?cat=118\">MidGuard<\/a> &#8211; <a href=\"https:\/\/www.quentinrpg.pl\/?cat=106\">Mistborn Adventure Game<\/a> &#8211; <a href=\"https:\/\/www.quentinrpg.pl\/?cat=112\">Modern War: Airstrike<\/a> &#8211; <a href=\"http:\/\/quentinrpg.pl\/?cat=57\">Monastyr<\/a> &#8211; <a href=\"https:\/\/www.quentinrpg.pl\/?cat=113\">Monster of the Week<\/a> &#8211; <a href=\"http:\/\/quentinrpg.pl\/?cat=65\">Neuroshima<\/a> &#8211; <a href=\"http:\/\/quentinrpg.pl\/?cat=79\">Numenera<\/a> &#8211; <a href=\"https:\/\/www.quentinrpg.pl\/?cat=109\">October Rust<\/a> &#8211; <a href=\"http:\/\/quentinrpg.pl\/?cat=67\">Pie\u015b\u0144 Lodu i Ognia<\/a> &#8211; <a href=\"http:\/\/quentinrpg.pl\/?cat=76\">Powered by the Apocalypse<\/a> &#8211; <a href=\"http:\/\/quentinrpg.pl\/?cat=82\">Poza Czasem<\/a> &#8211; <a href=\"https:\/\/www.quentinrpg.pl\/?cat=101\">Pulp Cthulhu<\/a> &#8211; <a href=\"http:\/\/quentinrpg.pl\/?cat=60\">Savage Worlds<\/a> &#8211; <a href=\"http:\/\/quentinrpg.pl\/?cat=85\">Shadowrun<\/a> &#8211; <a href=\"https:\/\/www.quentinrpg.pl\/?cat=91\">Star Trek Adventures<\/a> &#8211; <a href=\"http:\/\/quentinrpg.pl\/?cat=55\">Star Wars<\/a> &#8211; <a href=\"http:\/\/quentinrpg.pl\/?cat=51\">\u015awiat Mroku<\/a> &#8211; <a href=\"http:\/\/quentinrpg.pl\/?cat=110\">Symbaroum<\/a> &#8211; <a href=\"http:\/\/quentinrpg.pl\/?cat=99\">Tajemnice P\u0119tli<\/a> &#8211; <a href=\"http:\/\/quentinrpg.pl\/?cat=95\">Tajemnice Powodzi<\/a> &#8211; <a href=\"http:\/\/quentinrpg.pl\/?cat=66\">The Shadow of Yesterday<\/a> &#8211; <a href=\"http:\/\/quentinrpg.pl\/?cat=78\">Tunnels &amp; Trolls<\/a> &#8211; <a href=\"https:\/\/www.quentinrpg.pl\/?cat=102\">Unisystem<\/a> &#8211; <a href=\"https:\/\/www.quentinrpg.pl\/?cat=104\">Vaesen<\/a> &#8211; <a title=\"Scenariusze do Warhammera\" href=\"http:\/\/quentinrpg.pl\/?cat=22\">Warhammer<\/a> &#8211; <a href=\"http:\/\/quentinrpg.pl\/?cat=83\">Wied\u017amin<\/a> &#8211; <a href=\"http:\/\/quentinrpg.pl\/?cat=53\">Wolsung<\/a> &#8211; <a title=\"Scenariusze do Zewu Cthulhu i do innych gier opartych bezpo\u015brednio o mitologi\u0119 Lovecrafta.\" href=\"http:\/\/quentinrpg.pl\/?cat=61\">Zew Cthulhu<\/a><\/p>\n<h5>Przygody wed\u0142ug liczby sesji:<\/h5>\n<p><a title=\"Przygody, kt\u00f3re wed\u0142ug autor\u00f3w zajm\u0105 jedn\u0105 sesj\u0119 i nie wi\u0119cej.\" href=\"http:\/\/quentinrpg.pl\/?cat=87\">1 sesja<\/a> &#8211; <a title=\"Scenariusze, kt\u00f3re s\u0105 rozpisane z my\u015bl\u0105 o przynajmniej jednej sesji gry.\" href=\"http:\/\/quentinrpg.pl\/?cat=47\">1 sesja i wi\u0119cej<\/a> &#8211; <a title=\"Scenariusze na 2 sesje\" href=\"http:\/\/quentinrpg.pl\/?cat=46\">2 sesje<\/a> &#8211; <a title=\"scenariusze na 3 sesje\" href=\"http:\/\/quentinrpg.pl\/?cat=45\">3 sesje<\/a> &#8211;\u00a0 <a title=\"scenariusze na 4 lub wi\u0119cej sesji\" href=\"http:\/\/quentinrpg.pl\/?cat=44\">4+ sesje<\/a><\/p>\n<h5>Przygody wed\u0142ug liczby graczy:<\/h5>\n<p><a title=\"Scenariusze dla 1 gracza, nie licz\u0105c MG\" href=\"http:\/\/quentinrpg.pl\/?cat=41\">1 gracz<\/a> &#8211; <a title=\"Scenariusze dla 2 graczy, nie licz\u0105c MG\" href=\"http:\/\/quentinrpg.pl\/?cat=40\">2 graczy<\/a> &#8211; <a title=\"Scenariusze dla 3 graczy, nie licz\u0105c MG\" href=\"http:\/\/quentinrpg.pl\/?cat=39\">3 graczy<\/a> &#8211; <a title=\"Scenariusze dla 4 graczy, nie licz\u0105c MG\" href=\"http:\/\/quentinrpg.pl\/?cat=38\">4 graczy<\/a> &#8211; <a title=\"Scenariusze dla 5+ graczy, nie licz\u0105c MG\" href=\"http:\/\/quentinrpg.pl\/?cat=37\">5+ graczy<\/a><\/p>\n<h5>Przygody z poszczeg\u00f3lnych lat konkursu:<\/h5>\n<p><a href=\"https:\/\/www.quentinrpg.pl\/?page_id=6314\">2024<\/a> &#8211; <a href=\"https:\/\/www.quentinrpg.pl\/?page_id=6054\">2023<\/a> &#8211; <a href=\"https:\/\/www.quentinrpg.pl\/?page_id=5825\">2022 <\/a>&#8211; <a href=\"https:\/\/www.quentinrpg.pl\/?page_id=5279\">2021<\/a> &#8211; <a href=\"http:\/\/quentinrpg.pl\/?page_id=4764\">2020<\/a> &#8211; <a href=\"http:\/\/quentinrpg.pl\/?page_id=4209\">2019<\/a> &#8211; <a href=\"http:\/\/quentinrpg.pl\/?page_id=3789\">2018<\/a> &#8211; <a href=\"http:\/\/quentinrpg.pl\/?page_id=2959\">2017<\/a> &#8211; <a href=\"http:\/\/quentinrpg.pl\/?page_id=2667\">2016<\/a> &#8211; <a href=\"http:\/\/quentinrpg.pl\/?page_id=2549\">2015<\/a> &#8211; <a href=\"http:\/\/quentinrpg.pl\/?page_id=2250\">2014<\/a> &#8211; <a href=\"http:\/\/quentinrpg.pl\/?page_id=1774\">2013<\/a> &#8211; <a href=\"http:\/\/quentinrpg.pl\/?page_id=1375\">2012<\/a> &#8211; <a href=\"http:\/\/quentinrpg.pl\/?page_id=1175\">2011<\/a> &#8211; <a href=\"http:\/\/quentinrpg.pl\/?page_id=35\">2010<\/a> &#8211; <a href=\"http:\/\/quentinrpg.pl\/?page_id=327\">2009<\/a> &#8211; <a href=\"http:\/\/quentinrpg.pl\/?page_id=334\">2008<\/a> &#8211; <a href=\"http:\/\/quentinrpg.pl\/?page_id=336\">2007<\/a> &#8211; <a href=\"http:\/\/quentinrpg.pl\/?page_id=338\">2006<\/a> &#8211; <a href=\"http:\/\/quentinrpg.pl\/?page_id=340\">2005<\/a> &#8211; <a href=\"http:\/\/quentinrpg.pl\/?page_id=342\">2004<\/a> &#8211; <a href=\"http:\/\/quentinrpg.pl\/?page_id=344\">2003<\/a> &#8211; <a href=\"http:\/\/quentinrpg.pl\/?page_id=348\">2002<\/a> &#8211; <a href=\"http:\/\/quentinrpg.pl\/?page_id=351\">2001<\/a> &#8211; <a href=\"http:\/\/quentinrpg.pl\/?page_id=354\">2000<\/a> &#8211; <a href=\"http:\/\/quentinrpg.pl\/?page_id=356\">1999<\/a> &#8211; <a href=\"http:\/\/quentinrpg.pl\/?page_id=4679\">Express<\/a><\/p>\n","protected":false},"excerpt":{"rendered":"<p>Wszyscy zwyci\u0119zcy Wszyscy finali\u015bci Przygody wed\u0142ug gry: 7th Sea &#8211; Adventurers! &#8211; Agonia, Ponura Gra Fabularna &#8211; Aphalon &#8211; Beszamel &#8211; Blade Runner &#8211; Cold City &#8211; Coriolis &#8211; Cthulhu Dark &#8211; Cthulhu Invictus &#8211; Cyberpunk &#8211; D&amp;D i d20 &#8211; Deadlands &#8211; Delta Green &#8211; Dogs in the Vineyard &#8211; Dzikie Pola &#8211; Earthdawn<a class=\"more-link button\" href=\"https:\/\/www.quentinrpg.pl\/?page_id=33\">Czytaj dalej&#8230;<\/a><\/p>\n","protected":false},"author":11112,"featured_media":0,"parent":0,"menu_order":0,"comment_status":"open","ping_status":"open","template":"","meta":{"footnotes":""},"categories":[],"tags":[],"class_list":["post-33","page","type-page","status-publish","hentry"],"_links":{"self":[{"href":"https:\/\/www.quentinrpg.pl\/index.php?rest_route=\/wp\/v2\/pages\/33","targetHints":{"allow":["GET"]}}],"collection":[{"href":"https:\/\/www.quentinrpg.pl\/index.php?rest_route=\/wp\/v2\/pages"}],"about":[{"href":"https:\/\/www.quentinrpg.pl\/index.php?rest_route=\/wp\/v2\/types\/page"}],"author":[{"embeddable":true,"href":"https:\/\/www.quentinrpg.pl\/index.php?rest_route=\/wp\/v2\/users\/11112"}],"replies":[{"embeddable":true,"href":"https:\/\/www.quentinrpg.pl\/index.php?rest_route=%2Fwp%2Fv2%2Fcomments&post=33"}],"version-history":[{"count":9,"href":"https:\/\/www.quentinrpg.pl\/index.php?rest_route=\/wp\/v2\/pages\/33\/revisions"}],"predecessor-version":[{"id":6320,"href":"https:\/\/www.quentinrpg.pl\/index.php?rest_route=\/wp\/v2\/pages\/33\/revisions\/6320"}],"wp:attachment":[{"href":"https:\/\/www.quentinrpg.pl\/index.php?rest_route=%2Fwp%2Fv2%2Fmedia&parent=33"}],"wp:term":[{"taxonomy":"category","embeddable":true,"href":"https:\/\/www.quentinrpg.pl\/index.php?rest_route=%2Fwp%2Fv2%2Fcategories&post=33"},{"taxonomy":"post_tag","embeddable":true,"href":"https:\/\/www.quentinrpg.pl\/index.php?rest_route=%2Fwp%2Fv2%2Ftags&post=33"}],"curies":[{"name":"wp","href":"https:\/\/api.w.org\/{rel}","templated":true}]}}