{"id":334,"date":"2010-12-02T10:54:01","date_gmt":"2010-12-02T08:54:01","guid":{"rendered":"http:\/\/quentinrpg.pl\/?page_id=334"},"modified":"2025-07-06T14:49:08","modified_gmt":"2025-07-06T12:49:08","slug":"2008-2","status":"publish","type":"page","link":"https:\/\/www.quentinrpg.pl\/?page_id=334","title":{"rendered":"2008"},"content":{"rendered":"<p><a href=\"https:\/\/www.quentinrpg.pl\/?page_id=6639\">2025<\/a>\u00a0\u2013\u00a0<a href=\"https:\/\/www.quentinrpg.pl\/?page_id=6314\">2024<\/a> &#8211; <a href=\"https:\/\/www.quentinrpg.pl\/?page_id=6054\">2023<\/a> &#8211; <a href=\"https:\/\/www.quentinrpg.pl\/?page_id=5825\" data-type=\"page\" data-id=\"5825\">2022 <\/a>&#8211; <a href=\"https:\/\/www.quentinrpg.pl\/?page_id=5279\">2021<\/a> &#8211; <a href=\"http:\/\/quentinrpg.pl\/?page_id=4764\">2020<\/a> &#8211; <a href=\"http:\/\/quentinrpg.pl\/?page_id=4209\">2019<\/a> &#8211; <a href=\"http:\/\/quentinrpg.pl\/?page_id=3789\">2018<\/a> &#8211; <a href=\"http:\/\/quentinrpg.pl\/?page_id=2959\">2017<\/a> &#8211; <a href=\"http:\/\/quentinrpg.pl\/?page_id=2667\">2016<\/a> &#8211; <a href=\"http:\/\/quentinrpg.pl\/?page_id=2549\">2015<\/a> &#8211; <a href=\"http:\/\/quentinrpg.pl\/?page_id=2250\">2014<\/a> &#8211; <a href=\"http:\/\/quentinrpg.pl\/?page_id=1774\">2013<\/a> &#8211; <a href=\"http:\/\/quentinrpg.pl\/?page_id=1375\">2012<\/a> &#8211; <a href=\"http:\/\/quentinrpg.pl\/?page_id=1175\">2011<\/a> &#8211; <a href=\"http:\/\/quentinrpg.pl\/?page_id=35\">2010<\/a> &#8211; <a href=\"http:\/\/quentinrpg.pl\/?page_id=327\">2009<\/a> &#8211; <a href=\"http:\/\/quentinrpg.pl\/?page_id=336\">2007<\/a> &#8211; <a href=\"http:\/\/quentinrpg.pl\/?page_id=338\">2006<\/a> &#8211; <a href=\"http:\/\/quentinrpg.pl\/?page_id=340\">2005<\/a> &#8211; <a href=\"http:\/\/quentinrpg.pl\/?page_id=342\">2004<\/a> &#8211; <a href=\"http:\/\/quentinrpg.pl\/?page_id=344\">2003<\/a> &#8211; <a href=\"http:\/\/quentinrpg.pl\/?page_id=348\">2002<\/a> &#8211; <a href=\"http:\/\/quentinrpg.pl\/?page_id=351\">2001<\/a> &#8211; <a href=\"http:\/\/quentinrpg.pl\/?page_id=354\">2000<\/a> &#8211; <a href=\"http:\/\/quentinrpg.pl\/?page_id=356\">1999<\/a> &#8211; <a href=\"http:\/\/quentinrpg.pl\/?page_id=4679\">Express<\/a><\/p>\n<table>\n<tbody>\n<tr>\n<td width=\"67%\"><strong>Zwyci\u0119zca:<\/strong><\/td>\n<\/tr>\n<tr>\n<td width=\"67%\"><a href=\"http:\/\/quentinrpg.pl\/?page_id=539\" target=\"_blank\" rel=\"noopener noreferrer\">Poci\u0105g<\/a> <em>Nowy \u015awiat Mroku<\/em><\/td>\n<td>Piotr Odoli\u0144ski<\/td>\n<\/tr>\n<tr>\n<td width=\"67%\"><strong>Wyr\u00f3\u017cnienia:<\/strong><\/td>\n<\/tr>\n<tr>\n<td><a href=\"http:\/\/quentinrpg.pl\/?page_id=547\" target=\"_blank\" rel=\"noopener noreferrer\">Ultima Thule<\/a> <em>bez systemu<\/em><\/td>\n<td>Mateusz \u201eCraven\u201d Wielgosz<\/td>\n<\/tr>\n<tr>\n<td><a href=\"http:\/\/quentinrpg.pl\/?page_id=553\" target=\"_blank\" rel=\"noopener noreferrer\">BlackJack<\/a> <em>autorski<\/em><\/td>\n<td>Andrzej \u201eKarczmarz\u201d Benczek<\/td>\n<\/tr>\n<tr>\n<td width=\"67%\"><strong>Pozostali finali\u015bci:<\/strong><\/td>\n<\/tr>\n<tr>\n<td><a href=\"http:\/\/quentinrpg.pl\/?page_id=557\" target=\"_blank\" rel=\"noopener noreferrer\">Czerwona Praga<\/a> <em>Modern d20<\/em><\/td>\n<td>Marcin \u201eKiender\u201d Kiendra<\/td>\n<\/tr>\n<tr>\n<td><a href=\"http:\/\/quentinrpg.pl\/?page_id=559\" target=\"_blank\" rel=\"noopener noreferrer\">Drugie dno<\/a> <em>Warhammer 2 Edycja<\/em><\/td>\n<td>Kamil \u201eTalandor\u201d Sobierajski<\/td>\n<\/tr>\n<tr>\n<td width=\"67%\"><strong>Pozostali uczestnicy:<\/strong><\/td>\n<\/tr>\n<tr>\n<td><a href=\"http:\/\/quentinrpg.pl\/?page_id=561\" target=\"_blank\" rel=\"noopener noreferrer\">Piek\u0142o nad Berlinem<\/a> <em>Cold City\/The Seventh Seal<\/em><\/td>\n<td>Pawe\u0142 \u201eChimera\u201d Cybula<\/td>\n<\/tr>\n<tr>\n<td><a href=\"http:\/\/quentinrpg.pl\/?page_id=563\" target=\"_blank\" rel=\"noopener noreferrer\">Per aspera ad astra<\/a> <em>Wampir: Mroczne Wieki<\/em><\/td>\n<td>Drakun<\/td>\n<\/tr>\n<tr>\n<td><a href=\"http:\/\/quentinrpg.pl\/?page_id=565\" target=\"_blank\" rel=\"noopener noreferrer\">Czasowygrzebywacze<\/a> <em>Deadlands<\/em><\/td>\n<td>Przemys\u0142aw K. Grochulski<\/td>\n<\/tr>\n<tr>\n<td><a href=\"http:\/\/quentinrpg.pl\/?page_id=567\" target=\"_blank\" rel=\"noopener noreferrer\">Gore<\/a> <em>Nowy \u015awiat Mroku<\/em><\/td>\n<td>Marcin Kudla<\/td>\n<\/tr>\n<tr>\n<td><a href=\"http:\/\/quentinrpg.pl\/?page_id=570\" target=\"_blank\" rel=\"noopener noreferrer\">Dwie twarze bestii<\/a> <em>Warhammer 2 Edycja<\/em><\/td>\n<td>Patryk Pawlinski<\/td>\n<\/tr>\n<tr>\n<td><a href=\"http:\/\/quentinrpg.pl\/?page_id=572\" target=\"_blank\" rel=\"noopener noreferrer\">Wodni\u015bci<\/a> <em>Warhammer<\/em><\/td>\n<td>Anonim<\/td>\n<\/tr>\n<tr>\n<td><a href=\"http:\/\/quentinrpg.pl\/?page_id=858\">Ostatni dzie\u0144 studi\u00f3w<\/a> <em>Monastyr<\/em><\/td>\n<td>Marcin Sindera<\/td>\n<\/tr>\n<tr>\n<td><a href=\"http:\/\/quentinrpg.pl\/?page_id=574\" target=\"_blank\" rel=\"noopener noreferrer\">Znikaj\u0105ca \u015bwi\u0105tynia<\/a> <em>Dungeons&amp;Dragons 3.0\/3.5<\/em><\/td>\n<td>Maciej Socha<\/td>\n<\/tr>\n<tr>\n<td><a href=\"http:\/\/quentinrpg.pl\/?page_id=576\" target=\"_blank\" rel=\"noopener noreferrer\">Polowanie<\/a> <em>\u015awiat Mroku &#8211; stara edycja<\/em><\/td>\n<td>Pawel \u201eGilbert\u201d Swiatek<\/td>\n<\/tr>\n<tr>\n<td><a href=\"http:\/\/quentinrpg.pl\/?page_id=578\" target=\"_blank\" rel=\"noopener noreferrer\">Wielki Manitou<\/a> <em>Zew Cthulhu<\/em><\/td>\n<td>\u0141ukasz Szoszkiewicz<\/td>\n<\/tr>\n<tr>\n<td><a href=\"http:\/\/quentinrpg.pl\/?page_id=580\" target=\"_blank\" rel=\"noopener noreferrer\">Sprawa honoru<\/a> <em>Neuroshima 1.5<\/em><\/td>\n<td>Karol \u201eEliash\u201d Wo\u017aniczak<\/td>\n<\/tr>\n<\/tbody>\n<\/table>\n","protected":false},"excerpt":{"rendered":"<p>2025\u00a0\u2013\u00a02024 &#8211; 2023 &#8211; 2022 &#8211; 2021 &#8211; 2020 &#8211; 2019 &#8211; 2018 &#8211; 2017 &#8211; 2016 &#8211; 2015 &#8211; 2014 &#8211; 2013 &#8211; 2012 &#8211; 2011 &#8211; 2010 &#8211; 2009 &#8211; 2007 &#8211; 2006 &#8211; 2005 &#8211; 2004 &#8211; 2003 &#8211; 2002 &#8211; 2001 &#8211; 2000 &#8211; 1999 &#8211; Express Zwyci\u0119zca: Poci\u0105g Nowy \u015awiat<a class=\"more-link button\" href=\"https:\/\/www.quentinrpg.pl\/?page_id=334\">Czytaj dalej&#8230;<\/a><\/p>\n","protected":false},"author":11112,"featured_media":0,"parent":1044,"menu_order":3,"comment_status":"closed","ping_status":"closed","template":"","meta":{"footnotes":""},"categories":[],"tags":[],"class_list":["post-334","page","type-page","status-publish","hentry"],"_links":{"self":[{"href":"https:\/\/www.quentinrpg.pl\/index.php?rest_route=\/wp\/v2\/pages\/334","targetHints":{"allow":["GET"]}}],"collection":[{"href":"https:\/\/www.quentinrpg.pl\/index.php?rest_route=\/wp\/v2\/pages"}],"about":[{"href":"https:\/\/www.quentinrpg.pl\/index.php?rest_route=\/wp\/v2\/types\/page"}],"author":[{"embeddable":true,"href":"https:\/\/www.quentinrpg.pl\/index.php?rest_route=\/wp\/v2\/users\/11112"}],"replies":[{"embeddable":true,"href":"https:\/\/www.quentinrpg.pl\/index.php?rest_route=%2Fwp%2Fv2%2Fcomments&post=334"}],"version-history":[{"count":5,"href":"https:\/\/www.quentinrpg.pl\/index.php?rest_route=\/wp\/v2\/pages\/334\/revisions"}],"predecessor-version":[{"id":6738,"href":"https:\/\/www.quentinrpg.pl\/index.php?rest_route=\/wp\/v2\/pages\/334\/revisions\/6738"}],"up":[{"embeddable":true,"href":"https:\/\/www.quentinrpg.pl\/index.php?rest_route=\/wp\/v2\/pages\/1044"}],"wp:attachment":[{"href":"https:\/\/www.quentinrpg.pl\/index.php?rest_route=%2Fwp%2Fv2%2Fmedia&parent=334"}],"wp:term":[{"taxonomy":"category","embeddable":true,"href":"https:\/\/www.quentinrpg.pl\/index.php?rest_route=%2Fwp%2Fv2%2Fcategories&post=334"},{"taxonomy":"post_tag","embeddable":true,"href":"https:\/\/www.quentinrpg.pl\/index.php?rest_route=%2Fwp%2Fv2%2Ftags&post=334"}],"curies":[{"name":"wp","href":"https:\/\/api.w.org\/{rel}","templated":true}]}}