{"id":338,"date":"2010-12-02T10:56:32","date_gmt":"2010-12-02T08:56:32","guid":{"rendered":"http:\/\/quentinrpg.pl\/?page_id=338"},"modified":"2025-07-06T14:49:43","modified_gmt":"2025-07-06T12:49:43","slug":"2006-2","status":"publish","type":"page","link":"https:\/\/www.quentinrpg.pl\/?page_id=338","title":{"rendered":"2006"},"content":{"rendered":"<p><a href=\"https:\/\/www.quentinrpg.pl\/?page_id=6639\">2025<\/a>\u00a0\u2013\u00a0<a href=\"https:\/\/www.quentinrpg.pl\/?page_id=6314\">2024<\/a> &#8211; <a href=\"https:\/\/www.quentinrpg.pl\/?page_id=6054\">2023<\/a> &#8211; <a href=\"https:\/\/www.quentinrpg.pl\/?page_id=5825\" data-type=\"page\" data-id=\"5825\">2022 <\/a>&#8211; <a href=\"https:\/\/www.quentinrpg.pl\/?page_id=5279\">2021<\/a> &#8211; <a href=\"http:\/\/quentinrpg.pl\/?page_id=4764\">2020<\/a> &#8211; <a href=\"http:\/\/quentinrpg.pl\/?page_id=4209\">2019<\/a> &#8211; <a href=\"http:\/\/quentinrpg.pl\/?page_id=3789\">2018<\/a> &#8211; <a href=\"http:\/\/quentinrpg.pl\/?page_id=2959\">2017<\/a> &#8211; <a href=\"http:\/\/quentinrpg.pl\/?page_id=2667\">2016<\/a> &#8211; <a href=\"http:\/\/quentinrpg.pl\/?page_id=2549\">2015<\/a> &#8211; <a href=\"http:\/\/quentinrpg.pl\/?page_id=2250\">2014<\/a> &#8211; <a href=\"http:\/\/quentinrpg.pl\/?page_id=1774\">2013<\/a> &#8211; <a href=\"http:\/\/quentinrpg.pl\/?page_id=1375\">2012<\/a> &#8211; <a href=\"http:\/\/quentinrpg.pl\/?page_id=1175\">2011<\/a> &#8211; <a href=\"http:\/\/quentinrpg.pl\/?page_id=35\">2010<\/a> &#8211; <a href=\"http:\/\/quentinrpg.pl\/?page_id=327\">2009<\/a> &#8211; <a href=\"http:\/\/quentinrpg.pl\/?page_id=334\">2008<\/a> &#8211; <a href=\"http:\/\/quentinrpg.pl\/?page_id=336\">2007<\/a> &#8211; <a href=\"http:\/\/quentinrpg.pl\/?page_id=340\">2005<\/a> &#8211; <a href=\"http:\/\/quentinrpg.pl\/?page_id=342\">2004<\/a> &#8211; <a href=\"http:\/\/quentinrpg.pl\/?page_id=344\">2003<\/a> &#8211; <a href=\"http:\/\/quentinrpg.pl\/?page_id=348\">2002<\/a> &#8211; <a href=\"http:\/\/quentinrpg.pl\/?page_id=351\">2001<\/a> &#8211; <a href=\"http:\/\/quentinrpg.pl\/?page_id=354\">2000<\/a> &#8211; <a href=\"http:\/\/quentinrpg.pl\/?page_id=356\">1999<\/a> &#8211; <a href=\"http:\/\/quentinrpg.pl\/?page_id=4679\">Express<\/a><\/p>\n<table>\n<tbody>\n<tr>\n<td width=\"67%\"><strong>Zwyci\u0119zca:<\/strong><\/td>\n<\/tr>\n<tr>\n<td width=\"67%\"><a href=\"http:\/\/quentinrpg.pl\/?page_id=615\" target=\"_blank\" rel=\"noopener noreferrer\">Terminator: decyduj\u0105ce starcie<\/a> <em>realia filmowe<\/em><\/td>\n<td>Wojciech Doraczy\u0144ski<\/td>\n<\/tr>\n<tr>\n<td width=\"67%\"><strong>Wyr\u00f3\u017cnienia:<\/strong><\/td>\n<\/tr>\n<tr>\n<td><a href=\"http:\/\/quentinrpg.pl\/?page_id=617\" target=\"_blank\" rel=\"noopener noreferrer\">Cybernetyczne \u0107my na haju<\/a> <em>Neuroshima<\/em><\/td>\n<td>Rafa\u0142 &#8222;Auri&#8221; Jankowski<\/td>\n<\/tr>\n<tr>\n<td><a href=\"http:\/\/quentinrpg.pl\/?page_id=619\" target=\"_blank\" rel=\"noopener noreferrer\">Shane on you, brothers!<\/a> <em>Deadlands<\/em><\/td>\n<td>Tomasz &#8222;kaduceusz&#8221; Pud\u0142o<\/td>\n<\/tr>\n<tr>\n<td width=\"67%\"><strong>Pozostali finali\u015bci:<\/strong><\/td>\n<\/tr>\n<tr>\n<td><a href=\"http:\/\/quentinrpg.pl\/?page_id=621\" target=\"_blank\" rel=\"noopener noreferrer\">Wilczyca<\/a> <em>Monastyr<\/em><\/td>\n<td>Kordian &#8222;sil&#8221; Krawczyk<\/td>\n<\/tr>\n<tr>\n<td><a href=\"http:\/\/quentinrpg.pl\/?page_id=623\" target=\"_blank\" rel=\"noopener noreferrer\">Ko\u0142ysanka<\/a> <em>Zew Cthulhu 1920<\/em><\/td>\n<td>Grzegorz Wo\u0142oszuk<\/td>\n<\/tr>\n<tr>\n<td width=\"67%\"><strong>Pozostali uczestnicy:<\/strong><\/td>\n<\/tr>\n<tr>\n<td><a href=\"http:\/\/quentinrpg.pl\/?page_id=625\" target=\"_blank\" rel=\"noopener noreferrer\">Panta rhei<\/a> <em>Mag: Wst\u0105pienie<\/em><\/td>\n<td>Tomasz Czekaj\u0142o<\/td>\n<\/tr>\n<tr>\n<td><a href=\"http:\/\/quentinrpg.pl\/?page_id=627\" target=\"_blank\" rel=\"noopener noreferrer\">Dom<\/a> <em>Warhammer<\/em><\/td>\n<td>Artur &#8222;Amris&#8221; \u0106wik<\/td>\n<\/tr>\n<tr>\n<td><a href=\"http:\/\/quentinrpg.pl\/?page_id=629\" target=\"_blank\" rel=\"noopener noreferrer\">Pozosta\u0107 cz\u0142owiekiem<\/a> <em>Neuroshima<\/em><\/td>\n<td>Krzysztof G\u00f3rka<\/td>\n<\/tr>\n<tr>\n<td><a title=\"Boska \u0142za\" href=\"http:\/\/quentinrpg.pl\/?page_id=635\" target=\"_blank\" rel=\"noopener noreferrer\">Boska \u0142za<\/a> <em>D&amp;D: Forgotten Realms<\/em><\/td>\n<td>Marcin Kubiesa<\/td>\n<\/tr>\n<tr>\n<td><a href=\"http:\/\/quentinrpg.pl\/?page_id=637\" target=\"_blank\" rel=\"noopener noreferrer\">\u015ani\u0105cy<\/a> <em>Warhammer<\/em><\/td>\n<td>Micha\u0142 Olejniczak<\/td>\n<\/tr>\n<tr>\n<td><a href=\"http:\/\/quentinrpg.pl\/?page_id=639\" target=\"_blank\" rel=\"noopener noreferrer\">R\u00f3\u017caniec<\/a> <em>Neuroshima<\/em><\/td>\n<td>Pawe\u0142 &#8222;Gilbert&#8221; \u015awi\u0105tek<\/td>\n<\/tr>\n<tr>\n<td><a href=\"http:\/\/quentinrpg.pl\/?page_id=641\" target=\"_blank\" rel=\"noopener noreferrer\">Tor z\u0142udze\u0144<\/a> <em>Zew Cthulhu 1990<\/em><\/td>\n<td>Grzegorz Wo\u0142oszuk<\/td>\n<\/tr>\n<tr>\n<td><a href=\"http:\/\/quentinrpg.pl\/?page_id=644\" target=\"_blank\" rel=\"noopener noreferrer\">Jesie\u0144<\/a> <em>Legenda pi\u0119ciu kr\u0119g\u00f3w<\/em><\/td>\n<td>Oskar &#8222;Fenran&#8221; Usarek<\/td>\n<\/tr>\n<\/tbody>\n<\/table>\n","protected":false},"excerpt":{"rendered":"<p>2025\u00a0\u2013\u00a02024 &#8211; 2023 &#8211; 2022 &#8211; 2021 &#8211; 2020 &#8211; 2019 &#8211; 2018 &#8211; 2017 &#8211; 2016 &#8211; 2015 &#8211; 2014 &#8211; 2013 &#8211; 2012 &#8211; 2011 &#8211; 2010 &#8211; 2009 &#8211; 2008 &#8211; 2007 &#8211; 2005 &#8211; 2004 &#8211; 2003 &#8211; 2002 &#8211; 2001 &#8211; 2000 &#8211; 1999 &#8211; Express Zwyci\u0119zca: Terminator: decyduj\u0105ce starcie<a class=\"more-link button\" href=\"https:\/\/www.quentinrpg.pl\/?page_id=338\">Czytaj dalej&#8230;<\/a><\/p>\n","protected":false},"author":11112,"featured_media":0,"parent":1044,"menu_order":5,"comment_status":"open","ping_status":"closed","template":"","meta":{"footnotes":""},"categories":[],"tags":[],"class_list":["post-338","page","type-page","status-publish","hentry"],"_links":{"self":[{"href":"https:\/\/www.quentinrpg.pl\/index.php?rest_route=\/wp\/v2\/pages\/338","targetHints":{"allow":["GET"]}}],"collection":[{"href":"https:\/\/www.quentinrpg.pl\/index.php?rest_route=\/wp\/v2\/pages"}],"about":[{"href":"https:\/\/www.quentinrpg.pl\/index.php?rest_route=\/wp\/v2\/types\/page"}],"author":[{"embeddable":true,"href":"https:\/\/www.quentinrpg.pl\/index.php?rest_route=\/wp\/v2\/users\/11112"}],"replies":[{"embeddable":true,"href":"https:\/\/www.quentinrpg.pl\/index.php?rest_route=%2Fwp%2Fv2%2Fcomments&post=338"}],"version-history":[{"count":5,"href":"https:\/\/www.quentinrpg.pl\/index.php?rest_route=\/wp\/v2\/pages\/338\/revisions"}],"predecessor-version":[{"id":6740,"href":"https:\/\/www.quentinrpg.pl\/index.php?rest_route=\/wp\/v2\/pages\/338\/revisions\/6740"}],"up":[{"embeddable":true,"href":"https:\/\/www.quentinrpg.pl\/index.php?rest_route=\/wp\/v2\/pages\/1044"}],"wp:attachment":[{"href":"https:\/\/www.quentinrpg.pl\/index.php?rest_route=%2Fwp%2Fv2%2Fmedia&parent=338"}],"wp:term":[{"taxonomy":"category","embeddable":true,"href":"https:\/\/www.quentinrpg.pl\/index.php?rest_route=%2Fwp%2Fv2%2Fcategories&post=338"},{"taxonomy":"post_tag","embeddable":true,"href":"https:\/\/www.quentinrpg.pl\/index.php?rest_route=%2Fwp%2Fv2%2Ftags&post=338"}],"curies":[{"name":"wp","href":"https:\/\/api.w.org\/{rel}","templated":true}]}}