{"id":342,"date":"2010-12-02T10:57:43","date_gmt":"2010-12-02T08:57:43","guid":{"rendered":"http:\/\/quentinrpg.pl\/?page_id=342"},"modified":"2025-07-06T14:50:20","modified_gmt":"2025-07-06T12:50:20","slug":"2004-2","status":"publish","type":"page","link":"https:\/\/www.quentinrpg.pl\/?page_id=342","title":{"rendered":"2004"},"content":{"rendered":"<p><a href=\"https:\/\/www.quentinrpg.pl\/?page_id=6639\">2025<\/a>\u00a0\u2013\u00a0<a href=\"https:\/\/www.quentinrpg.pl\/?page_id=6314\">2024<\/a> &#8211; <a href=\"https:\/\/www.quentinrpg.pl\/?page_id=6054\">2023<\/a> &#8211; <a href=\"https:\/\/www.quentinrpg.pl\/?page_id=5825\" data-type=\"page\" data-id=\"5825\">2022 <\/a>&#8211; <a href=\"https:\/\/www.quentinrpg.pl\/?page_id=5279\">2021<\/a> &#8211; <a href=\"http:\/\/quentinrpg.pl\/?page_id=4764\">2020<\/a> &#8211; <a href=\"http:\/\/quentinrpg.pl\/?page_id=4209\">2019<\/a> &#8211; <a href=\"http:\/\/quentinrpg.pl\/?page_id=3789\">2018<\/a> &#8211; <a href=\"http:\/\/quentinrpg.pl\/?page_id=2959\">2017<\/a> &#8211; <a href=\"http:\/\/quentinrpg.pl\/?page_id=2667\">2016<\/a> &#8211; <a href=\"http:\/\/quentinrpg.pl\/?page_id=2549\">2015<\/a> &#8211; <a href=\"http:\/\/quentinrpg.pl\/?page_id=2250\">2014<\/a> &#8211; <a href=\"http:\/\/quentinrpg.pl\/?page_id=1774\">2013<\/a> &#8211; <a href=\"http:\/\/quentinrpg.pl\/?page_id=1375\">2012<\/a> &#8211; <a href=\"http:\/\/quentinrpg.pl\/?page_id=1175\">2011<\/a> &#8211; <a href=\"http:\/\/quentinrpg.pl\/?page_id=35\">2010<\/a> &#8211; <a href=\"http:\/\/quentinrpg.pl\/?page_id=327\">2009<\/a> &#8211; <a href=\"http:\/\/quentinrpg.pl\/?page_id=334\">2008<\/a> &#8211; <a href=\"http:\/\/quentinrpg.pl\/?page_id=336\">2007<\/a> &#8211; <a href=\"http:\/\/quentinrpg.pl\/?page_id=338\">2006<\/a> &#8211; <a href=\"http:\/\/quentinrpg.pl\/?page_id=340\">2005<\/a> &#8211; <a href=\"http:\/\/quentinrpg.pl\/?page_id=344\">2003<\/a> &#8211; <a href=\"http:\/\/quentinrpg.pl\/?page_id=348\">2002<\/a> &#8211; <a href=\"http:\/\/quentinrpg.pl\/?page_id=351\">2001<\/a> &#8211; <a href=\"http:\/\/quentinrpg.pl\/?page_id=354\">2000<\/a> &#8211; <a href=\"http:\/\/quentinrpg.pl\/?page_id=356\">1999<\/a> &#8211; <a href=\"http:\/\/quentinrpg.pl\/?page_id=4679\">Express<\/a><\/p>\n<table>\n<tbody>\n<tr>\n<td width=\"67%\"><strong>Zwyci\u0119zca:<\/strong><\/td>\n<\/tr>\n<tr>\n<td width=\"67%\"><a href=\"http:\/\/quentinrpg.pl\/?page_id=701\" target=\"_blank\" rel=\"noopener noreferrer\">Drewniane ostrze<\/a><em> Legenda pi\u0119ciu kreg\u00f3w<\/em><\/td>\n<td>Micha\u0142 Madej<\/td>\n<\/tr>\n<tr>\n<td width=\"67%\"><strong>Wyr\u00f3\u017cnienia:<\/strong><\/td>\n<\/tr>\n<tr>\n<td><a href=\"http:\/\/quentinrpg.pl\/?page_id=703\" target=\"_blank\" rel=\"noopener noreferrer\">W\u0119dr\u00f3wki nocn\u0105 por\u0105<\/a> <em>fantasy<\/em><\/td>\n<td>Filip Max Borowik<\/td>\n<\/tr>\n<tr>\n<td><a href=\"http:\/\/quentinrpg.pl\/?page_id=705\" target=\"_blank\" rel=\"noopener noreferrer\">Salut dla bohater\u00f3w<\/a> <em>D&amp;D 3 edycja<\/em><\/td>\n<td>Krzysztof Piskorski<\/td>\n<\/tr>\n<tr>\n<td width=\"67%\"><strong>Pozostali finali\u015bci:<\/strong><\/td>\n<\/tr>\n<tr>\n<td><a href=\"http:\/\/quentinrpg.pl\/?page_id=707\" target=\"_blank\" rel=\"noopener noreferrer\">Truj\u0105cy bluszcz<\/a> <em>Legenda pi\u0119ciu kr\u0119g\u00f3w<\/em><\/td>\n<td>Barbara Lach<\/td>\n<\/tr>\n<tr>\n<td><a href=\"http:\/\/quentinrpg.pl\/?page_id=709\" target=\"_blank\" rel=\"noopener noreferrer\">Noc anio\u0142\u00f3w<\/a> <em>fantasy<\/em><\/td>\n<td>Rafa\u0142 Szyma<\/td>\n<\/tr>\n<tr>\n<td width=\"67%\"><strong>Pozostali uczestnicy:<\/strong><\/td>\n<\/tr>\n<tr>\n<td><a href=\"http:\/\/quentinrpg.pl\/?page_id=711\" target=\"_blank\" rel=\"noopener noreferrer\">Zemsta s\u0142odka jak krew twoich wrog\u00f3w&#8230;<\/a> <em>CP 2020<\/em><\/td>\n<td>Jakub B\u0119tkowski<\/td>\n<\/tr>\n<tr>\n<td><a href=\"http:\/\/quentinrpg.pl\/?page_id=713\" target=\"_blank\" rel=\"noopener noreferrer\">Cichy \u015bwiat<\/a> <em>Warhammer<\/em><\/td>\n<td>Jakub Bordzy\u0144ski<\/td>\n<\/tr>\n<tr>\n<td><a href=\"http:\/\/quentinrpg.pl\/?page_id=715\" target=\"_blank\" rel=\"noopener noreferrer\">Rze\u017abiarz<\/a> <em>D&amp;D 3 edycja<\/em><\/td>\n<td>Piotr Brewczy\u0144ski<\/td>\n<\/tr>\n<tr>\n<td><a href=\"http:\/\/quentinrpg.pl\/?page_id=717\" target=\"_blank\" rel=\"noopener noreferrer\">Przedstawienie trwa<\/a> <em>fantasy<\/em><\/td>\n<td>Marta i Micha\u0142 D\u0119biccy<\/td>\n<\/tr>\n<tr>\n<td><a href=\"http:\/\/quentinrpg.pl\/?page_id=719\" target=\"_blank\" rel=\"noopener noreferrer\">Sore wa himitsu desu: To tajemnica<\/a> <em>Legenda pi\u0119ciu kr\u0119g\u00f3w<\/em><\/td>\n<td>Hanna Fiutek<\/td>\n<\/tr>\n<tr>\n<td><a href=\"http:\/\/quentinrpg.pl\/?page_id=721\" target=\"_blank\" rel=\"noopener noreferrer\">Panicz<\/a> <em>Wied\u017amin<\/em><\/td>\n<td>Daniel Karpi\u0144ski<\/td>\n<\/tr>\n<tr>\n<td><a href=\"http:\/\/quentinrpg.pl\/?page_id=723\" target=\"_blank\" rel=\"noopener noreferrer\">Requiem dla prawdy<\/a> <em>Dzikie Pola<\/em><\/td>\n<td>Maciej Kawalski<\/td>\n<\/tr>\n<tr>\n<td><a href=\"http:\/\/quentinrpg.pl\/?page_id=725\" target=\"_blank\" rel=\"noopener noreferrer\">Nie pozwol\u0119&#8230;<\/a> <em>Zew Cthulhu 1890<\/em><\/td>\n<td>Kuba Koprowski<\/td>\n<\/tr>\n<tr>\n<td><a href=\"http:\/\/quentinrpg.pl\/?page_id=727\" target=\"_blank\" rel=\"noopener noreferrer\">\u015acie\u017cki<\/a> <em>Warhammer<\/em><\/td>\n<td>Micha\u0142 Kotu\u0142a, Jacek Smycz<\/td>\n<\/tr>\n<tr>\n<td><a href=\"http:\/\/quentinrpg.pl\/?page_id=729\" target=\"_blank\" rel=\"noopener noreferrer\">House on the Haunted Hill<\/a> <em>Zew Cthulhu<\/em><\/td>\n<td>Bartek Kowalski<\/td>\n<\/tr>\n<tr>\n<td><a href=\"http:\/\/quentinrpg.pl\/?page_id=731\" target=\"_blank\" rel=\"noopener noreferrer\">Fa\u0142szywy diament<\/a> <em>D&amp;D 3 edycja<\/em><\/td>\n<td>Piotr \u0141ugowski<\/td>\n<\/tr>\n<tr>\n<td><a title=\"Ta \u017cywa d\u0142o\u0144\" href=\"http:\/\/quentinrpg.pl\/?page_id=733\" target=\"_blank\" rel=\"noopener noreferrer\">Ta \u017cywa d\u0142o\u0144<\/a> <em>setting historyczny<\/em><\/td>\n<td>Pawe\u0142 Marcisz<\/td>\n<\/tr>\n<tr>\n<td><a href=\"http:\/\/quentinrpg.pl\/?page_id=735\" target=\"_blank\" rel=\"noopener noreferrer\">Piramida strachu<\/a> <em>Wampir<\/em><\/td>\n<td>Tomasz Pruski<\/td>\n<\/tr>\n<tr>\n<td><a href=\"http:\/\/quentinrpg.pl\/?page_id=737\" target=\"_blank\" rel=\"noopener noreferrer\">Nocne miasto<\/a> <em>Fallout<\/em><\/td>\n<td>Piotr Stankiewicz<\/td>\n<\/tr>\n<\/tbody>\n<\/table>\n","protected":false},"excerpt":{"rendered":"<p>2025\u00a0\u2013\u00a02024 &#8211; 2023 &#8211; 2022 &#8211; 2021 &#8211; 2020 &#8211; 2019 &#8211; 2018 &#8211; 2017 &#8211; 2016 &#8211; 2015 &#8211; 2014 &#8211; 2013 &#8211; 2012 &#8211; 2011 &#8211; 2010 &#8211; 2009 &#8211; 2008 &#8211; 2007 &#8211; 2006 &#8211; 2005 &#8211; 2003 &#8211; 2002 &#8211; 2001 &#8211; 2000 &#8211; 1999 &#8211; Express Zwyci\u0119zca: Drewniane ostrze Legenda<a class=\"more-link button\" href=\"https:\/\/www.quentinrpg.pl\/?page_id=342\">Czytaj dalej&#8230;<\/a><\/p>\n","protected":false},"author":11112,"featured_media":0,"parent":1044,"menu_order":7,"comment_status":"open","ping_status":"open","template":"","meta":{"footnotes":""},"categories":[],"tags":[],"class_list":["post-342","page","type-page","status-publish","hentry"],"_links":{"self":[{"href":"https:\/\/www.quentinrpg.pl\/index.php?rest_route=\/wp\/v2\/pages\/342","targetHints":{"allow":["GET"]}}],"collection":[{"href":"https:\/\/www.quentinrpg.pl\/index.php?rest_route=\/wp\/v2\/pages"}],"about":[{"href":"https:\/\/www.quentinrpg.pl\/index.php?rest_route=\/wp\/v2\/types\/page"}],"author":[{"embeddable":true,"href":"https:\/\/www.quentinrpg.pl\/index.php?rest_route=\/wp\/v2\/users\/11112"}],"replies":[{"embeddable":true,"href":"https:\/\/www.quentinrpg.pl\/index.php?rest_route=%2Fwp%2Fv2%2Fcomments&post=342"}],"version-history":[{"count":5,"href":"https:\/\/www.quentinrpg.pl\/index.php?rest_route=\/wp\/v2\/pages\/342\/revisions"}],"predecessor-version":[{"id":6742,"href":"https:\/\/www.quentinrpg.pl\/index.php?rest_route=\/wp\/v2\/pages\/342\/revisions\/6742"}],"up":[{"embeddable":true,"href":"https:\/\/www.quentinrpg.pl\/index.php?rest_route=\/wp\/v2\/pages\/1044"}],"wp:attachment":[{"href":"https:\/\/www.quentinrpg.pl\/index.php?rest_route=%2Fwp%2Fv2%2Fmedia&parent=342"}],"wp:term":[{"taxonomy":"category","embeddable":true,"href":"https:\/\/www.quentinrpg.pl\/index.php?rest_route=%2Fwp%2Fv2%2Fcategories&post=342"},{"taxonomy":"post_tag","embeddable":true,"href":"https:\/\/www.quentinrpg.pl\/index.php?rest_route=%2Fwp%2Fv2%2Ftags&post=342"}],"curies":[{"name":"wp","href":"https:\/\/api.w.org\/{rel}","templated":true}]}}