{"id":3831,"date":"2018-09-10T12:16:54","date_gmt":"2018-09-10T10:16:54","guid":{"rendered":"http:\/\/quentinrpg.pl\/?page_id=3831"},"modified":"2018-10-06T13:28:35","modified_gmt":"2018-10-06T11:28:35","slug":"klatwa-fenicjan","status":"publish","type":"page","link":"https:\/\/www.quentinrpg.pl\/?page_id=3831","title":{"rendered":"Kl\u0105twa Fenicjan"},"content":{"rendered":"<h2>Scenariusz Konkursowy:<\/h2>\n<h4><a href=\"http:\/\/quentinrpg.pl\/wp-content\/uploads\/2018\/09\/Kl\u0105twa-Fenicjan.pdf\"><em>Kl\u0105twa Fenicjan<\/em> Marek Koz\u0142owski<\/a><\/h4>\n<p><strong>Setting:<\/strong> Zew Cthulhu 1920<br \/>\n<strong>Mechanika:<\/strong> 7 edycja<br \/>\n<strong>Modyfikacje mechaniki:<\/strong> nie<br \/>\n<strong>Liczba graczy<\/strong>: 3-4<br \/>\n<strong>Gotowe postacie<\/strong>: nie<br \/>\n<strong>Liczba sesji:<\/strong> 1<\/p>\n<p><strong>Opis:<\/strong><\/p>\n<blockquote><p>1922, Berlin. Otwarto now\u0105 wystaw\u0119, na kt\u00f3rej prezentowany jest pos\u0105g fenickiego b\u00f3stwa. Lecz wok\u00f3\u0142 pos\u0105gu dziej\u0105 si\u0119 straszne rzeczy. Co pe\u0142ni\u0119 ksi\u0119\u017cyca pojawiaj\u0105 si\u0119 przed nim spalone dzieci\u0119ce zw\u0142oki. Czy Badacze zd\u0105\u017c\u0105 rozwik\u0142a\u0107 zagadk\u0119 przed nadej\u015bciem kolejnej pe\u0142ni?<\/p><\/blockquote>\n\n<div class=\"sp-wrap sp-wrap-default\">\n<div class=\"sp-head\" title=\"Expand\">\nSpoiler\n<\/div>\n<div class=\"sp-body folded\">\n<\/p>\n<h3>Pawe\u0142 Bogdaszewski<\/h3>\n<p>Pierwsze wra\u017cenie:<br \/>\nTekst z\u0142o\u017cony wystarczaj\u0105co poprawnie by nie razi\u0107 cho\u0107 pozostawia wiele do \u017cyczenia, posiada ilustracje zwi\u0105zane z tematem przygody. Zawiera nawet streszczenie, niestety, nie b\u0119d\u0105ce prawdziwym streszczeniem, a kr\u00f3tk\u0105 informacj\u0105 kt\u00f3ra na niewiele si\u0119 zdaje. Jako s\u0119dzia na konkursie musz\u0119 oczywi\u015bcie przeczyta\u0107 ca\u0142y tekst, jednak je\u015bli by\u0142bym potencjalnym czytelnikiem, na tym etapie sko\u0144czy\u0142bym zainteresowanie. Nie bardzo wiadomo dla ilu graczy, czy s\u0105 gotowe postaci, o czym w\u0142a\u015bciwie wszystko jest. Drugie wra\u017cenie jest niestety podobne, w tek\u015bcie mimo ch\u0119ci autora panuje chaos. Brakuje tekstowi redakcji, jakiejkolwiek.<\/p>\n<p>Zalety:<\/p>\n<ul>\n<li>Pradawni bogowie, rytua\u0142y, odbite \u015bwiat\u0142o ksi\u0119\u017cyca i biblioteki. Klasyczny Zew Cthulhu.<\/li>\n<li>Muzeum Pergamonu to \u015bwietne miejsce na akcje.<\/li>\n<\/ul>\n<p>W\u0105tpliwo\u015bci<\/p>\n<ul>\n<li>Potencja\u0142 Muzeum Pergamonu nie zosta\u0142 wykorzystany w pe\u0142ni<\/li>\n<li>Nawi\u0105zania do biblii czy martwe p\u0142ody niespecjalnie robi\u0105 na mnie wra\u017cenie a troch\u0119 wygl\u0105daj\u0105 jakby mia\u0142y szokowa\u0107. Przyjmijmy w dobrej wierze \u017ce nie o to chodzi.<\/li>\n<\/ul>\n<p>Wady:<br \/>\nG\u0142\u00f3wnie warsztatowe:<\/p>\n<ul>\n<li>Liczne zjedzone litery i inne b\u0142\u0119dy s\u0105 zwyczajnie uci\u0105\u017cliwe i sprawiaj\u0105 wra\u017cenie \u017ce autorowi zwyczajnie nie zale\u017ca\u0142o.<\/li>\n<li>D\u0142ugie rozpisane monologi nie s\u0105 najlepszym pomys\u0142em. Lepiej zadzia\u0142a\u0142a by informacja &#8222;co kto przekaza\u0142&#8221;<\/li>\n<li>Z\u0142ym zwyczajem jest umieszczenie rozwi\u0105zania fabu\u0142y (np. kto jest kultyst\u0105) w \u015brodku czy na ko\u0144cu scenariusza. To nie powie\u015b\u0107, to nie opowiadanie. Zagadka ma by\u0107 zagadk\u0105 dla gracza, nie dla czytelnika.<\/li>\n<\/ul>\n<p>Opinia<br \/>\nJest to ma\u0142o umiej\u0119tnie spisany tekst do Zewu Cthulhu kt\u00f3ry mia\u0142by prawo dzia\u0142a\u0107, jednak wiele mu brakuje na najlepszy scenariusz. Autor powinien popracowa\u0107 nad umiej\u0119tno\u015bciami technicznymi i sp\u0119dzi\u0107 nad przygotowaniem znacznie wi\u0119cej czasu.<\/p>\n<p>Inne scenariusze na kt\u00f3ry autor powinien spojrze\u0107; wygrane z Q z poprzednich lat, wraz z komentarzami.<\/p>\n<p>&nbsp;<\/p>\n<h3>Witold Krawczyk<\/h3>\n<p>St\u0119\u017cenie typowych erpegowych temat\u00f3w tabu dodaje przygodzie szalonego, undergroundowego klimatu \u2013 na graczy czekaj\u0105 nie tylko martwe noworodki, ale te\u017c faszy\u015bci, religia i homoseksualny romans z chorobami wenerycznymi w tle. \u201eKl\u0105tw\u0119 Fenicjan\u201d ci\u0119\u017cko si\u0119 czyta. Rekwizytom przyda\u0142by si\u0119 literacki szlif. Styl wydaje mi si\u0119 niejasny, a wiele informacji jest poukrywanych w d\u0142ugich monologach. Mo\u017ce lepiej by\u0142oby je spisa\u0107 w kr\u00f3tkich zdaniach albo podpunktach?<br \/>\nNie jestem pewien, jak bohaterowie maj\u0105 pokona\u0107 o\u017cywiony pos\u0105g, bossa przygody. R\u00f3wnocze\u015bnie g\u0142\u00f3wne \u015bledztwo mo\u017cna by przechodzi\u0107 bez wysi\u0142ku i zaanga\u017cowania: wystarczy chodzi\u0107 od cz\u0142owieka do cz\u0142owieka, pyta\u0107 o wszystko i s\u0142ucha\u0107 odpowiedzi.<\/p>\n<p>Z drugiej strony jest tu par\u0119 dobrych rozwi\u0105za\u0144. Ukrywanie poszlak w rekwizytach urozmaica \u015bledztwo (a poza tym kto nie lubi rekwizyt\u00f3w?). Zapiski niezwi\u0105zane bezpo\u015brednio z tre\u015bci\u0105 przygody pozytywnie utrudniaj\u0105 dochodzenie i dodaj\u0105 okulstystyczno-teologicznego klimatu. Nie-do-ko\u0144ca-z\u0142e b\u00f3stwo i obra\u017cony kochanek-antagonista to barwne i nieszablonowe pomys\u0142y, o kt\u00f3re mo\u017cna by oprze\u0107 bardzo dobr\u0105 sesj\u0119.<\/p>\n<p>&nbsp;<\/p>\n<h3>Tomasz Pud\u0142o<\/h3>\n<p>Scenariusze oparte o rzeczywiste wierzenia mog\u0105 by\u0107 ciekawe, bo naraz bawi\u0105 i ucz\u0105. Z tego scenariusza, opartego o fenickie wierzenia o Molochu mo\u017cna nieco takiej wiedzy wynie\u015b\u0107, ale czy zosta\u0142a ona przedstawiona w dostatecznie atrakcyjnej formie?<\/p>\n<p>Tekst jest nieco nieuporz\u0105dkowany, a styl pozostawia wiele do \u017cyczenia. Wi\u0119kszo\u015b\u0107 scen jest pustych &#8211; BG dowiaduj\u0105 si\u0119 czego\u015b, co odsy\u0142a ich dalej, ale niewiele jest tu miejsca na ich w\u0142asn\u0105 inwencj\u0119. Niezbyt atrakcyjne wydaj\u0105 mi si\u0119 te\u017c w\u0105tki poboczne, kt\u00f3re s\u0105 \u015blepymi tropami. Szczytem wszystkiego jest jednak to, \u017ce sedno intrygi przedstawione jest czytaj\u0105cemu w ostatnim opisie ostatniego BNa na ostatniej zapisanej stronie tego tekstu. Nie tak powinno si\u0119 projektowa\u0107 tekst u\u017cytkowy i my\u015bl\u0119, \u017ce wi\u0119kszo\u015b\u0107 czytelnik\u00f3w porzuci Kl\u0105tw\u0119 Fenicjan, zanim dowie si\u0119, o co w niej w\u0142a\u015bciwie chodzi.<\/p>\n<p>Zreszt\u0105 ci, kt\u00f3rzy si\u0119 dowiedz\u0105 te\u017c mog\u0105 przetrze\u0107 oczy ze zdumienia. Ot\u00f3\u017c sednem historii jest k\u0142\u00f3tnia mi\u0119dzy kochankami (BNami) i najdelikatniej m\u00f3wi\u0105c surrealistyczny rytua\u0142 zwi\u0105zany z b\u00f3stwem. Rytua\u0142, kt\u00f3ry zasadniczo stawia staro\u017cytne b\u00f3stwo w\u2026 pozytywnym \u015bwietle (co za wolta w tym uniwersum!). Ca\u0142o\u015bciowo ma to niestety niezamierzony rys humorystyczny, o ile bawi\u0105 was \u017carty z ludzkimi spalonymi p\u0142odami w tle.<\/p>\n<p>Niemile zaskoczy\u0142y mnie te\u017c szczeg\u00f3\u0142y tego scenariusza. Debata na uniwersytecie jest \u201cfabularnie niewa\u017cna\u201d, za to pozwala wyg\u0142osi\u0107 tezy postaci co do Pisma \u015awi\u0119tego &#8211; jak to si\u0119 ma do reszty scenariusza?! Ca\u0142e \u015bledztwo prowadzone przez graczy w sumie niewiele wnosi do fina\u0142u. Fragmenty wypowiedzi naukowc\u00f3w odno\u015bnie b\u00f3stwa s\u0105 s\u0142owo w s\u0142owo przekopiowane z artyku\u0142u na wikipedii &#8211; nie\u0142adnie, nawet je\u017celi jest to tylko autoplagiat. BG dostan\u0105 informacje w bibliotece nawet, je\u017celi zawal\u0105 test &#8211; pomo\u017ce im wtedy us\u0142u\u017cny acz irytuj\u0105cy bibliotekarz. O ile si\u0119 nie myl\u0119 Muzeum Pergamo\u0144skie zosta\u0142o te\u017c otwarte kilka lat po zako\u0144czeniu tego scenariusza. Jest tego wiele.<\/p>\n<p>Gdybym mia\u0142 szuka\u0107 pozytyw\u00f3w, to wydaje mi si\u0119, \u017ce kilka postaci mo\u017ce zosta\u0107 fajnie odegranych przez prowadz\u0105cego. Upierdliwy bibliotekarz, zainteresowany tylko rozg\u0142osem kustosz, za\u0142amana piel\u0119gniarka. Ale kilku (potencjalnie) ciekawych BN\u00f3w i zbi\u00f3r domniema\u0144 o staro\u017cytnym b\u00f3stwie to za ma\u0142o na dobry scenariusz.<\/p>\n<p>&nbsp;<\/p>\n<h3>Jakub Osiejewski<\/h3>\n<p>Ten scenariusz m\u00f3g\u0142bym \u0142atwo zby\u0107, twierdz\u0105c, \u017ce to nie jest przygoda RPG, a zatem nie musz\u0119 go ocenia\u0107. Co dzieje si\u0119 w tej przygodzie? Jaka b\u0119dzie fabu\u0142a historii opowiedzianej na podstawie tego scenariusza? Bohaterowie spotykaj\u0105 si\u0119 z uczonymi i rozmawiaj\u0105 o fenickich kultach. Jak\u0105 maj\u0105 motywacj\u0119 do \u015bledztwa? Co osi\u0105gn\u0105? Nie mam poj\u0119cia.<\/p>\n<p>Ale o co chodzi? Nie wiem, nie rozumiem. Kto\u015b podrzuca martwe p\u0142ody noworodk\u00f3w (?) przed pos\u0105giem Molocha. Gracze rozmawiaj\u0105 z r\u00f3\u017cnymi lud\u017ami, kt\u00f3rzy odsy\u0142aj\u0105 ich do kolejnych ludzi (w tym z piel\u0119gniark\u0105, kt\u00f3ra pope\u0142ni\u0142a samob\u00f3jstwo), aby odkry\u0107 \u017ce to pos\u0105g o\u017cywa\u0142 (dlaczego?), za\u015b para kochank\u00f3w by\u0142a (chyba) niewinna. Nie s\u0105dz\u0119, by kto\u015b poza autorem przygody ogarn\u0105\u0142 j\u0105 w pe\u0142ni. Zastanawiam si\u0119 te\u017c, co tu maj\u0105 do rzeczy mity Cthulhu, ale by\u0107 mo\u017ce istotnie w Mitach Moloch odgrywa jak\u0105\u015b rol\u0119.<\/p>\n<p>Mam te\u017c wra\u017cenie \u017ce w roku 1922 (kiedy Hitler zdobywa\u0142 s\u0142aw\u0119 jako &#8222;niemiecki Mussolini&#8221;) w Niemczech sprawa o zabijanie dzieci w imi\u0119 bliskowschodniej religii przez par\u0119 gej\u00f3w by\u0142aby nieco bardziej dramatyczna. Mamy tu owszem antysemickiego dziennikarza o klasycznym niemieckim nazwisku John Guttenberg, kt\u00f3ry jest ewidentnym \u015bwirem. Zreszt\u0105, nie on jeden, motywacje Bohater\u00f3w niezale\u017cnych s\u0105 r\u00f3wnie trudne do przenikni\u0119cia.<\/p>\n<p>No przygoda nie jest spisana po polsku: &#8222;Dalsza cz\u0119\u015b\u0107 wywodu je\u017celi gracze b\u0119d\u0105 chcieli s\u0142ucha\u0107 a sam profesor mo\u017ce ich o to zapyta\u0107 to jednak Twoja decyzja&#8221;. Bardzo, bardzo niedobry tekst to jest.<\/p>\n<p>&nbsp;<\/p>\n<h3>Micha\u0142 Smole\u0144<\/h3>\n<p>Pomys\u0142 ca\u0142kiem oryginalny, ale wykonanie zupe\u0142nie nie przekonuje &#8211; bohaterowie maj\u0105 niewiele do zrobienia, a zaproponowane scenki w du\u017cej mierze sprowadzaj\u0105 si\u0119 do wys\u0142uchiwania solilokwi\u00f3w kolejnych BN\u00f3w. Tekst jest chaotyczny i niedopracowany, trudno w og\u00f3le zrozumie\u0107, o co chodzi, potencja\u0142 tak europejskiego settingu, jak i fenickich nawi\u0105za\u0144, nie zosta\u0142 wykorzystany. Szkoda!<\/p>\n<p>&nbsp;<\/p>\n<h3>Micha\u0142 So\u0142tysiak<\/h3>\n<p>Pierwszy przes\u0142any scenariusz w tej edycji i podejrzewam, \u017ce powinien by\u0107 jako ostatni. Autor mia\u0142by tydzie\u0144 wi\u0119cej na poprawki, gdy\u017c j\u0119zykowo tekst wo\u0142a o pomst\u0119 do nieba. Bardzo trudno si\u0119 czyta, gdy oczy krwawi\u0105 z powodu ewidentnego braku redakcji. Autor ewidentnie nie przeczyta\u0142, co napisa\u0142, przed wys\u0142anie. Liczy\u0142em za\u015b na ciekawy scenariusz, bo po przejrzeniu zobaczy\u0142em: Molocha, archeologi\u0119 i postacie z twarzami Franciszka Pieczki oraz Gerarda Butlera. Niestety scenariusz jest po prostu ma\u0142o zaskakuj\u0105cy, bez \u017cadnych twist\u00f3w fabularnych. To jest po prostu przygoda o kolejnej ponadwymiarowej bramie, przez kt\u00f3r\u0105 przejdzie Z\u0141O, a otwiera j\u0105 si\u0119 ludzk\u0105 krwi\u0105. W kulcie Molocha po\u015bwi\u0119cano mu dzieci, wi\u0119c w tym scenariuszu oczywi\u015bcie te\u017c niewinne maluchy gin\u0105. Swoj\u0105 drog\u0105 autor powinien dowiedzie\u0107 si\u0119, jaka jest r\u00f3\u017cnica pomi\u0119dzy p\u0142odem a noworodkiem. Dodatkowo podszyty homoseksualizmem dramat BN-\u00f3w, kt\u00f3rych por\u00f3\u017cni\u0142a choroba weneryczna, kt\u00f3r\u0105 jedna z postaci zarazi\u0142a si\u0119 od prostytutki. Taki dramat! Sztampa i szokowanie, kt\u00f3re ju\u017c nie szokuje. Mo\u017cna wi\u0119c stwierdzi\u0107, \u017ce dobry MG oczywi\u015bcie co\u015b z tego wyci\u0105gnie, ale jako scenariusz Quentinowy jest to s\u0142aby tekst i dodatkowo niechlujnie napisany. Nie b\u0119d\u0119 ju\u017c czepia\u0142 si\u0119, \u017ce cho\u0107 autor korzysta\u0142 obficie z Wikipedii, to nie sprawdzi\u0142, \u017ce Muzeum Pergamo\u0144skie otwarto dopiero w 1930 roku, a wi\u0119c kilka lat po roku, w kt\u00f3rym dzieje si\u0119 przygoda.<\/p>\n<p>&nbsp;<\/p>\n<p>Najwi\u0119kszy atut: Mo\u017cna si\u0119 du\u017co dowiedzie\u0107 o Molochu, bez czytania Wikipedii.<\/p>\n<p>&nbsp;<\/p>\n<p>Co poprawi\u0107: Fabu\u0142\u0119, poniewa\u017c na t\u0105 chwil\u0119 jest po prostu nieatrakcyjna. \u00a0Potrzebne s\u0105 r\u00f3wnie\u017c liczne poprawki stylistyczne, bo tekst jest bardzo niechlujnie napisany.<\/p>\n<p>&nbsp;<\/p>\n<h3>Marysia Pi\u0105tkowska<\/h3>\n<p>Z j\u0119zykowo-redakcyjnego punktu widzenia ten scenariusz ju\u017c od pocz\u0105tku jest ci\u0119\u017cki do przebrni\u0119cia. Widoczne s\u0105 ra\u017c\u0105ce b\u0142\u0119dy. Format te\u017c pozostawia wiele do \u017cyczenia \u2013 w pewnych momentach lektury nie wiedzia\u0142am, czy czytam w\u0142a\u015bnie tekst przeznaczony dla MG czy jest to jaka\u015b wypowied\u017a BNa.<\/p>\n<p>Zastanawia mnie r\u00f3wnie\u017c czemu Autor upar\u0142 si\u0119 na kontrowersyjne tematy, skoro ewidentnie sobie z nimi nie poradzi\u0142. Te martwe p\u0142ody (p\u0142ody, NIE noworodki) sk\u0142adane w ofierze kultowi w po\u0142\u0105czeniu z niespe\u0142nion\u0105 mi\u0142o\u015bci\u0105 i zemst\u0105 za chorob\u0119 weneryczn\u0105 powoduj\u0105, \u017ce ten tekst jest nie tyle niesmaczny, co w pewnym momencie robi si\u0119 zwyczajnie \u015bmieszny.<br \/>\nNie widz\u0119 tutaj motywacji do podj\u0119cia \u015bledztwa, nie widz\u0119 nawet jasno postawionego celu misji. To opowie\u015b\u0107 o sfrustrowanych BNach, kt\u00f3rzy strzelili na siebie focha, bo jeden z\u0142apa\u0142 syfa, a drugi nie.<\/p>\n<p>Akcja, kt\u00f3ra mog\u0142aby nabiera\u0107 tempa, porusza si\u0119 w \u015blimaczym tempie, a wszystkie poszlaki i wskaz\u00f3wki prowadz\u0105 donik\u0105d. Nawet BN, z kt\u00f3rymi bohaterowie podejmuj\u0105 dyskusje udzielaj\u0105 bardzo podobnych protekcjonalnych informacji, z kt\u00f3rych niewiele da si\u0119 wywnioskowa\u0107. Winny jest Muscati \u2013 ale co tak naprawd\u0119 na to wskazywa\u0142o?<\/p>\n<p>Ciekawym w\u0105tkiem mog\u0142aby by\u0107 debata, taki smaczek i zach\u0119cenie graczy do odgrywania postaci. Niestety na niej r\u00f3wnie\u017c niewiele si\u0119 dzieje, a wyg\u0142oszone mog\u0105 by\u0107 jedynie tezy na temat Pisma \u015awi\u0119tego. Szkoda, bo jaki\u015b delikatny konflikt w tle m\u00f3g\u0142by fajnie doda\u0107 pikanterii tej scenie. Ma ona potencja\u0142, gdyby j\u0105 umiej\u0119tnie poprowadzi\u0107.<\/p>\n<p>Szanowny Autorze, sugeruj\u0119 przysi\u0105\u015b\u0107 do tego scenariusza jeszcze raz i przemy\u015ble\u0107 o\u015b fabularn\u0105, w\u0105tki bohater\u00f3w i ich motywacj\u0119 do dzia\u0142ania oraz to w jaki spos\u00f3b mog\u0105 wpa\u015b\u0107 na trop. Podejrzewam, \u017ce Autorowi mog\u0142o zabrakn\u0105\u0107 czasu lub iteracji i cennego feedbacku, a to naprawd\u0119 mog\u0142oby pom\u00f3c \ud83d\ude42<\/p>\n<h3>Dominika St\u0119pie\u0144<\/h3>\n<p>Na wst\u0119pie nale\u017cy powiedzie\u0107 o \u201cKl\u0105twie Fenicjan\u201d jedno: ta praca nie powinna zosta\u0107 wys\u0142ana na konkurs. Po prostu. Po pierwsze, to nie jest scenariusz. Po drugie, tekst obchodzi si\u0119 tak lekcewa\u017c\u0105co z j\u0119zykiem polskim, \u017ce w odbiorze nie mog\u0142yby jej uratowa\u0107 \u017cadne, nawet najbardziej oryginalne pomys\u0142y czy niesamowicie dramatyczne zwroty akcji.<\/p>\n<p>Zacznijmy od wzgl\u0119d\u00f3w formalnych. Tekst roi si\u0119 od b\u0142\u0119d\u00f3w wszelkiej ma\u015bci, a do tego jest napisany w koszmarnie niejasny spos\u00f3b &#8211; przebijanie si\u0119 przez \u201cKl\u0105tw\u0119\u2026\u201d to katorga, a kto\u015b kto zechcia\u0142by ten scenariusz poprowadzi\u0107 pewnie wi\u0119cej czasu sp\u0119dzi\u0142by na robieniu notatek ni\u017c na samej lekturze tego kr\u00f3tkiego tekstu. Na domiar z\u0142ego, autor nie zdaje sobie sprawy, \u017ce scenariusz ma by\u0107 pomoc\u0105 dla MG, a nie powie\u015bci\u0105 kryminaln\u0105, kt\u00f3ra zaskakuje czytelnika na ostatniej stronie, co dodatkowo pot\u0119guje panuj\u0105cy w pracy ba\u0142agan. O tym \u201ckto zabi\u0142\u201d czytelnik dowiaduje si\u0119 na ostatniej stronie w\u0142a\u015bnie, a sekcja \u201cStreszczenie dla stra\u017cnika tajemnic\u201d zamieszczone na pocz\u0105tku nie zawiera w\u0142a\u015bciwie \u017cadnych istotnych z perspektywy prowadz\u0105cego informacji. \u201cKl\u0105twie\u201d rozpaczliwie brakuje redakcji i porz\u0105dku, autorowi za\u015b \u015bwiadomo\u015bci tego, do czego w\u0142a\u015bciwie s\u0142u\u017cy scenariusz i jak si\u0119 z niego korzysta.<\/p>\n<p>Osobn\u0105 spraw\u0105 jest tre\u015b\u0107, kt\u00f3ra r\u00f3wnie\u017c pozostawia wiele do \u017cyczenia. \u201cKl\u0105twa\u2026\u201d mog\u0142aby by\u0107 niez\u0142ym, standardowym paranormalnym \u015bledztwem. Niestety, nic si\u0119 tu tak do ko\u0144ca nie klei. Autor zdecydowa\u0142 si\u0119 umie\u015bci\u0107 swoj\u0105 przygod\u0119 w realiach historycznych, ale zabrak\u0142o mu wiedzy lub motywacji do przeprowadzenia dostatecznie g\u0142\u0119bokiego researchu. B\u0142\u0119dy faktograficzne mnie jako\u015b specjalnie nie ra\u017c\u0105, chocia\u017c doceniam, je\u017celi autor jest ich \u015bwiadomy i zaznaczy to w tek\u015bcie (np. \u201cDrogi czytelniku, wiem, \u017ce Muzeum Pergamonu zosta\u0142o otwarte w 1930 roku, przymkniemy jednak na to oko dla dobra fabu\u0142y\u201d). Tym, co mnie uwiera jest natomiast kompletne pomini\u0119cie \u00f3wczesnej obyczajowo\u015bci i spo\u0142ecznych nastroj\u00f3w &#8211; szczeg\u00f3lnie, \u017ce to w\u0142a\u015bnie jest element, na kt\u00f3rym mo\u017cna by zbudowa\u0107 podstaw\u0119 do podejmowania trudnych decyzji przez graczy. Odnosz\u0119 wra\u017cenie, \u017ce autor pr\u00f3buje za wszelk\u0105 cen\u0119 zaszokowa\u0107 czytelnika poprzez motywy, kt\u00f3re mog\u0105 budzi\u0107 kontrowersje (zab\u00f3jstwa noworodk\u00f3w, zwi\u0105zek homoseksualny), jednak jest to szokowanie raczej rodem z wsp\u00f3\u0142czesnego Pudelka ni\u017c z 1920 roku. W\u0142a\u015bciwie \u015bledztwo mog\u0142oby tu by\u0107 jedynie pretekstem do pokazania narastaj\u0105cych antysemickich nastroj\u00f3w, stosunku do homoseksualist\u00f3w, etc. &#8211; wszystkie te w\u0105tki mog\u0142yby by\u0107 szczeg\u00f3lnie ciekawe, gdyby w mniej lub bardziej bezpo\u015bredni spos\u00f3b dotyczy\u0142y postaci graczy. Tymczasem autor zdecydowa\u0142 si\u0119 ca\u0142y ten potencja\u0142 odrzuci\u0107, zamiast tego serwuj\u0105c graczom \u015bledztwo, w kt\u00f3rym w\u0142a\u015bciwie tak do ko\u0144ca nie wiadomo o co chodzi, a dzia\u0142ania BG maj\u0105 na rzeczywisto\u015b\u0107 gry raczej znikomy wp\u0142yw.<\/p>\n<p>\u201cKl\u0105twa Fenicjan\u201d mog\u0142aby by\u0107 niez\u0142ym, poprawnym scenariuszem. Niestety, zabrak\u0142o w niej dopracowania w tak wielu miejscach, \u017ce w efekcie otrzymali\u015bmy co\u015b, czemu bli\u017cej do kiepskiego opowiadania ni\u017c przygody RPG.<\/p>\n<p>&nbsp;<\/p>\n<h3>Marek Golonka<\/h3>\n<p>Fabu\u0142a zaprezentowana w tym scenariuszu jest ciekawa i dobrze wprowadza Muzeum Pergamo\u0144skie do panteonu lokacji naznaczonych lovecraftowsk\u0105 groz\u0105. Do stania si\u0119 dobrym scenariuszem <em>Kl\u0105twa<\/em> <em>Fenicjan <\/em>potrzebowa\u0142aby jednak czytelnego opisu tego, o co w niej tak naprawd\u0119 chodzi, i wi\u0119kszej przestrzeni dla graczy.<\/p>\n<p>Mam niestety wra\u017cenie, \u017ce w tym tek\u015bcie informacji jest zawsze albo za du\u017co, albo za ma\u0142o \u2013 pierwsze trzy czwarte scenariusza to monologi BN\u00f3w, kt\u00f3rych odwiedzaj\u0105 bohaterowie, a potem nagle bohaterowie owi maj\u0105 zareagowa\u0107 na fina\u0142owe wydarzenia, o kt\u00f3rych prawie nic nie wiedz\u0105. Ich sens jest wyja\u015bniony w ostatnich kilku zdaniach opisu ostatniego BNa na ostatniej stronie tekstu. I te monologi BN\u00f3w s\u0105 niez\u0142e, wprowadzaj\u0105 ciekawe w\u0105tki, tworz\u0105 sie\u0107 intrygi \u0142\u0105cz\u0105cej ze sob\u0105 pradawne b\u00f3stwa, zawiedzion\u0105 mi\u0142o\u015b\u0107 i pogo\u0144 za sensacj\u0105 \u2013 ale nie s\u0105 interaktywne! Forma ich spisania sugeruje, \u017ce postaci maj\u0105 po prostu p\u00f3j\u015b\u0107 do danego bohatera i \u201eods\u0142ucha\u0107 scenk\u0119\u201d.<\/p>\n<p><em>Kl\u0105twa Fenicjan<\/em> mog\u0142aby by\u0107 dobrym scenariuszem, gdyby na pocz\u0105tku oferowa\u0142a Stra\u017cnikowi Tajemnic jasny ogl\u0105d tego, o co tak naprawd\u0119 chodzi, potem za\u015b pozwala\u0142a Badaczom wchodzi\u0107 w interakcje z kluczowymi dla \u015bledztwa postaciami, a nie tylko ich wys\u0142uchiwa\u0107.<\/p>\n<p>\n<div class=\"spdiv\">[collapse]<\/div>\n<\/div>\n<\/div>\n\n","protected":false},"excerpt":{"rendered":"<p>Scenariusz Konkursowy: Kl\u0105twa Fenicjan Marek Koz\u0142owski Setting: Zew Cthulhu 1920 Mechanika: 7 edycja Modyfikacje mechaniki: nie Liczba graczy: 3-4 Gotowe postacie: nie Liczba sesji: 1 Opis: 1922, Berlin. Otwarto now\u0105 wystaw\u0119, na kt\u00f3rej prezentowany jest pos\u0105g fenickiego b\u00f3stwa. Lecz wok\u00f3\u0142 pos\u0105gu dziej\u0105 si\u0119 straszne rzeczy. Co pe\u0142ni\u0119 ksi\u0119\u017cyca pojawiaj\u0105 si\u0119 przed nim spalone dzieci\u0119ce zw\u0142oki.<a class=\"more-link button\" href=\"https:\/\/www.quentinrpg.pl\/?page_id=3831\">Czytaj dalej&#8230;<\/a><\/p>\n","protected":false},"author":11112,"featured_media":0,"parent":3789,"menu_order":0,"comment_status":"closed","ping_status":"closed","template":"","meta":{"footnotes":""},"categories":[87,47,39,38,19,61],"tags":[],"class_list":["post-3831","page","type-page","status-publish","hentry","category-max-1-sesja","category-1-sesja-plus","category-3-graczy","category-4-graczy","category-scenariusze","category-zew-cthulhu"],"_links":{"self":[{"href":"https:\/\/www.quentinrpg.pl\/index.php?rest_route=\/wp\/v2\/pages\/3831","targetHints":{"allow":["GET"]}}],"collection":[{"href":"https:\/\/www.quentinrpg.pl\/index.php?rest_route=\/wp\/v2\/pages"}],"about":[{"href":"https:\/\/www.quentinrpg.pl\/index.php?rest_route=\/wp\/v2\/types\/page"}],"author":[{"embeddable":true,"href":"https:\/\/www.quentinrpg.pl\/index.php?rest_route=\/wp\/v2\/users\/11112"}],"replies":[{"embeddable":true,"href":"https:\/\/www.quentinrpg.pl\/index.php?rest_route=%2Fwp%2Fv2%2Fcomments&post=3831"}],"version-history":[{"count":0,"href":"https:\/\/www.quentinrpg.pl\/index.php?rest_route=\/wp\/v2\/pages\/3831\/revisions"}],"up":[{"embeddable":true,"href":"https:\/\/www.quentinrpg.pl\/index.php?rest_route=\/wp\/v2\/pages\/3789"}],"wp:attachment":[{"href":"https:\/\/www.quentinrpg.pl\/index.php?rest_route=%2Fwp%2Fv2%2Fmedia&parent=3831"}],"wp:term":[{"taxonomy":"category","embeddable":true,"href":"https:\/\/www.quentinrpg.pl\/index.php?rest_route=%2Fwp%2Fv2%2Fcategories&post=3831"},{"taxonomy":"post_tag","embeddable":true,"href":"https:\/\/www.quentinrpg.pl\/index.php?rest_route=%2Fwp%2Fv2%2Ftags&post=3831"}],"curies":[{"name":"wp","href":"https:\/\/api.w.org\/{rel}","templated":true}]}}