{"id":4071,"date":"2019-01-23T15:25:59","date_gmt":"2019-01-23T13:25:59","guid":{"rendered":"http:\/\/quentinrpg.pl\/?page_id=4071"},"modified":"2024-12-02T10:36:01","modified_gmt":"2024-12-02T08:36:01","slug":"piotr-cichy","status":"publish","type":"page","link":"https:\/\/www.quentinrpg.pl\/?page_id=4071","title":{"rendered":"Piotr &#8222;Ifryt&#8221; Cichy"},"content":{"rendered":"<p><a href=\"http:\/\/quentinrpg.pl\/wp-content\/uploads\/2019\/01\/Ifryt-zjAva-2016.jpg\"><img loading=\"lazy\" decoding=\"async\" class=\"alignright size-medium wp-image-4072\" src=\"http:\/\/quentinrpg.pl\/wp-content\/uploads\/2019\/01\/Ifryt-zjAva-2016-220x300.jpg\" alt=\"\" width=\"220\" height=\"300\" srcset=\"https:\/\/www.quentinrpg.pl\/wp-content\/uploads\/2019\/01\/Ifryt-zjAva-2016-220x300.jpg 220w, https:\/\/www.quentinrpg.pl\/wp-content\/uploads\/2019\/01\/Ifryt-zjAva-2016.jpg 537w\" sizes=\"auto, (max-width: 220px) 100vw, 220px\" \/><\/a>W gry fabularne gram ju\u017c ponad \u0107wier\u0107 wieku. Zaczyna\u0142em od D&amp;D i nadal jest to jeden z moich ulubionych system\u00f3w, zw\u0142aszcza w ostatniej 5-tej edycji. Gra\u0142em i gram jednak w mas\u0119 innych gier m.in. \u015awiat Mroku, Warhammera, Fate, Dungeon World, Trophy Gold, Dragonbane. Lubi\u0119 poznawa\u0107 nowe mechaniki i settingi. Od 2010 r. prowadz\u0119 bloga Miasto ze Spi\u017cu (<a href=\"http:\/\/ifrytrpg.blogspot.com\/\" data-saferedirecturl=\"https:\/\/www.google.com\/url?q=http:\/\/ifrytrpg.blogspot.com\/&amp;source=gmail&amp;ust=1548332398146000&amp;usg=AFQjCNFCZuL7SfWIwH9GnMgDK05uEq7Y0Q\">http:\/\/ifrytrpg.blogspot.com\/<\/a>), a wcze\u015bniej blogowa\u0142em na <a href=\"http:\/\/polter.pl\" data-saferedirecturl=\"https:\/\/www.google.com\/url?q=http:\/\/polter.pl&amp;source=gmail&amp;ust=1548332398146000&amp;usg=AFQjCNEhfjmrqA5m-cbgkRjiT20R1M6Hmg\">polter.pl<\/a>. Fanem Quentina jestem w\u0142a\u015bciwie od pocz\u0105tku, przeczyta\u0142em prawie wszystkie opublikowane scenariusze nades\u0142ane na ten konkurs. W 2003 r. m\u00f3j scenariusz \u201e<a href=\"https:\/\/www.quentinrpg.pl\/?page_id=774\">Mi\u0142o\u015b\u0107 i honor<\/a>\u201d zdoby\u0142 wyr\u00f3\u017cnienie w Quentinie. Mieszkam w Koby\u0142ce pod Warszaw\u0105, mo\u017cna mnie spotka\u0107 na warszawskich konwentach, od czasu do czasu prowadz\u0119 sesje na spotkaniach z cyklu Czas na Przygod\u0119 i Fabularny Wawer.<\/p>\n<p><strong>Jakie scenariusze lubi\u0119?<\/strong><\/p>\n<p>Lubi\u0119 fantasy i doceniam, jak komu\u015b udaje si\u0119 wyci\u0105gn\u0105\u0107 z tej konwencji co\u015b nowego lub wyj\u0105tkowo dobrze zaprezentowa\u0107 klasyczn\u0105 histori\u0119. Lubi\u0119 barwne realia, wartk\u0105 akcj\u0119 w konwencji przygodowej, ale najwa\u017cniejsza jest dla mnie wolno\u015b\u0107 wyboru dla postaci graczy \u2013 z kim si\u0119 sprzymierz\u0105, komu zaszkodz\u0105. Scenariusz powinien stworzy\u0107 przestrze\u0144 do realizacji pomys\u0142\u00f3w graczy, dawa\u0107 du\u017co unikalnych narz\u0119dzi, ciekawych okazji, zaskakiwa\u0107, ale te\u017c mie\u0107 wewn\u0119trzn\u0105 sp\u00f3jno\u015b\u0107, wyra\u017an\u0105 struktur\u0119. Warto podkre\u015bli\u0107 konsekwencje r\u00f3\u017cnych dzia\u0142a\u0144 bohater\u00f3w, co wyniknie z ich pomys\u0142\u00f3w, jak si\u0119 mo\u017ce potoczy\u0107 akcja. Dobrze, \u017ceby by\u0142a mo\u017cliwo\u015b\u0107 wi\u0119cej ni\u017c jednego zako\u0144czenia.<\/p>\n<p>Ciekawi NPCe to mo\u017ce by\u0107 klucz do \u015bwietnej przygody, ale dobre ich opisanie nie jest \u0142atwe. Nie jest a\u017c tak wa\u017cna historia postaci czy jakie\u015b zdolno\u015bci, kt\u00f3rych nie u\u017cyj\u0105 na sesji. Trzeba podkre\u015bli\u0107, jak mog\u0105 przebiega\u0107 ich interakcje z postaciami graczy. Jakie argumenty mog\u0105 do nich trafi\u0107, co sami b\u0119d\u0105 chcieli uzyska\u0107 od bohater\u00f3w? Taktyka w walce czy w negocjacjach.<\/p>\n<p>Ceni\u0119 zwi\u0119z\u0142o\u015b\u0107 formy i nie potrzebuj\u0119 rozbudowanych opis\u00f3w czy komentarzy od autora, zw\u0142aszcza je\u015bli w praktyce nie wnosz\u0105 wiele dobrego. Przejrzysto\u015b\u0107 i wygoda u\u017cycia s\u0105 dla mnie bardzo wa\u017cne. Wy\u017cej oceni\u0119 scenariusz nastawiony na wykorzystanie przy stole ni\u017c pi\u0119kne opowiadanie, bardziej do czytania ni\u017c grania. Opisy lokacji czy NPC\u00f3w nie powinny by\u0107 d\u0142u\u017csze ni\u017c par\u0119 zda\u0144, za to warto, \u017ceby wskazywa\u0142y charakterystyczne punkty, kt\u00f3re zapami\u0119taj\u0105 gracze.<\/p>\n<p>Dobre u\u017cycie mechaniki te\u017c u mnie wysoko zapunktuje. Scenariusz rpg to nie tylko czysta narracja. Warto wykorzysta\u0107 \u015brodki z zasad gry, kt\u00f3re pomog\u0105 przeprowadzi\u0107 zmagania postaci. Mechanika na og\u00f3\u0142 otwiera te\u017c fabu\u0142\u0119 na r\u00f3\u017cny przebieg akcji. Co b\u0119dzie, je\u015bli test si\u0119 nie powiedzie? Jak na wydarzenia wp\u0142ynie krytyczny sukces czy pora\u017cka?<\/p>\n<p>\u0179r\u00f3d\u0142o zdj\u0119cia: <a href=\"https:\/\/konwenty.info\/wp-content\/gallery\/zjava-7-borg\/DSCF0486.JPG\">konwenty.info\/wp-content\/gallery\/zjava-7-borg<\/a><\/p>\n","protected":false},"excerpt":{"rendered":"<p>W gry fabularne gram ju\u017c ponad \u0107wier\u0107 wieku. Zaczyna\u0142em od D&amp;D i nadal jest to jeden z moich ulubionych system\u00f3w, zw\u0142aszcza w ostatniej 5-tej edycji. Gra\u0142em i gram jednak w mas\u0119 innych gier m.in. \u015awiat Mroku, Warhammera, Fate, Dungeon World, Trophy Gold, Dragonbane. Lubi\u0119 poznawa\u0107 nowe mechaniki i settingi. Od 2010 r. prowadz\u0119 bloga Miasto<a class=\"more-link button\" href=\"https:\/\/www.quentinrpg.pl\/?page_id=4071\">Czytaj dalej&#8230;<\/a><\/p>\n","protected":false},"author":11109,"featured_media":0,"parent":0,"menu_order":0,"comment_status":"closed","ping_status":"closed","template":"","meta":{"footnotes":""},"categories":[3],"tags":[],"class_list":["post-4071","page","type-page","status-publish","hentry","category-kapitula"],"_links":{"self":[{"href":"https:\/\/www.quentinrpg.pl\/index.php?rest_route=\/wp\/v2\/pages\/4071","targetHints":{"allow":["GET"]}}],"collection":[{"href":"https:\/\/www.quentinrpg.pl\/index.php?rest_route=\/wp\/v2\/pages"}],"about":[{"href":"https:\/\/www.quentinrpg.pl\/index.php?rest_route=\/wp\/v2\/types\/page"}],"author":[{"embeddable":true,"href":"https:\/\/www.quentinrpg.pl\/index.php?rest_route=\/wp\/v2\/users\/11109"}],"replies":[{"embeddable":true,"href":"https:\/\/www.quentinrpg.pl\/index.php?rest_route=%2Fwp%2Fv2%2Fcomments&post=4071"}],"version-history":[{"count":3,"href":"https:\/\/www.quentinrpg.pl\/index.php?rest_route=\/wp\/v2\/pages\/4071\/revisions"}],"predecessor-version":[{"id":6620,"href":"https:\/\/www.quentinrpg.pl\/index.php?rest_route=\/wp\/v2\/pages\/4071\/revisions\/6620"}],"wp:attachment":[{"href":"https:\/\/www.quentinrpg.pl\/index.php?rest_route=%2Fwp%2Fv2%2Fmedia&parent=4071"}],"wp:term":[{"taxonomy":"category","embeddable":true,"href":"https:\/\/www.quentinrpg.pl\/index.php?rest_route=%2Fwp%2Fv2%2Fcategories&post=4071"},{"taxonomy":"post_tag","embeddable":true,"href":"https:\/\/www.quentinrpg.pl\/index.php?rest_route=%2Fwp%2Fv2%2Ftags&post=4071"}],"curies":[{"name":"wp","href":"https:\/\/api.w.org\/{rel}","templated":true}]}}