{"id":4694,"date":"2020-06-29T18:06:28","date_gmt":"2020-06-29T16:06:28","guid":{"rendered":"http:\/\/quentinrpg.pl\/?page_id=4694"},"modified":"2020-06-29T19:27:33","modified_gmt":"2020-06-29T17:27:33","slug":"telefon-2","status":"publish","type":"page","link":"https:\/\/www.quentinrpg.pl\/?page_id=4694","title":{"rendered":"Telefon"},"content":{"rendered":"\n<h4 class=\"wp-block-heading\">Zwyci\u0119zca Quentina Express<\/h4>\n\n\n\n<h4 class=\"wp-block-heading\"><strong><a href=\"http:\/\/quentinrpg.pl\/wp-content\/uploads\/2020\/06\/Telefon-maszynopis.pdf\">Telefon (maszynopis)<\/a> \u2013 Bartosz &#8222;Ksenio&#8221; K\u0105kol<\/strong><\/h4>\n\n\n\n<p><strong><a href=\"http:\/\/quentinrpg.pl\/wp-content\/uploads\/2020\/06\/Telefon.pdf\">oryginalny r\u0119kopis<\/a><\/strong><\/p>\n\n\n\n<p><strong>Edycja: <\/strong><a href=\"http:\/\/quentinrpg.pl\/?page_id=4679\">Quentin Express<\/a><\/p>\n\n\n\n<p><strong>System:<\/strong> Storytelling<\/p>\n\n\n\n<p><strong>Setting: <\/strong>niesprecyzowane SF<\/p>\n\n\n\n<p><strong>Gotowa mechanika: <\/strong>storytelling<\/p>\n\n\n\n<p><strong>Liczba graczy: <\/strong>2+<\/p>\n\n\n\n<p><strong>Gotowe postacie: <\/strong>tak<\/p>\n\n\n\n<p><strong>Liczba sesji: <\/strong>1<\/p>\n\n\n\n<p><strong>Opis: <\/strong>jednostrza\u0142 o negocjacjach z bardzo zdesperowanym cz\u0142owiekiem za sterami bardzo wielkiego kr\u0105\u017cownika. Jeden z graczy wciela si\u0119 w desperata, pozostali w negocjator\u00f3w. Scenariusz na serio, spisany z my\u015bl\u0105 o emocjach. Praca z Quentina Express, napisana w godzin\u0119.<\/p>\n\n\n\n<p><strong>Komentarz kapitu\u0142y: <\/strong>&#8222;Telefon&#8221; ma wyj\u0105tkow\u0105 koncepcj\u0119 i bardzo otwart\u0105 scen\u0119 z negocjacjami, a do tego stale rosn\u0105ce napi\u0119cie dzi\u0119ki aptekarsko dawkowanym informacjom. Podczas gry bardzo du\u017co b\u0119dzie zale\u017ca\u0142o od decyzji gracza, odgrywaj\u0105cego terroryst\u0119: zawodnik mo\u017ce i\u015b\u0107 w zaparte i nie da\u0107 si\u0119 za nic przekona\u0107 negocjatorom. W kapitule odezwa\u0142y si\u0119 g\u0142osy, \u017ce jednak przyda\u0142aby si\u0119 mechanika pomagaj\u0105ca rozstrzygn\u0105\u0107 konflikt, a mo\u017ce i co\u015b, co pozwoli\u0142oby zbudowa\u0107 immersj\u0119, zanim negocjacje nabior\u0105 tempa. Og\u00f3lnie rzecz bior\u0105c: przygoda jest emocjonuj\u0105ca, ale naszym zdaniem zadzia\u0142a najlepiej po pewnych przer\u00f3bkach albo przy poprowadzeniu z bardziej jeepformowym nastawieniem.<\/p>\n","protected":false},"excerpt":{"rendered":"<p>Zwyci\u0119zca Quentina Express Telefon (maszynopis) \u2013 Bartosz &#8222;Ksenio&#8221; K\u0105kol oryginalny r\u0119kopis Edycja: Quentin Express System: Storytelling Setting: niesprecyzowane SF Gotowa mechanika: storytelling Liczba graczy: 2+ Gotowe postacie: tak Liczba sesji: 1 Opis: jednostrza\u0142 o negocjacjach z bardzo zdesperowanym cz\u0142owiekiem za sterami bardzo wielkiego kr\u0105\u017cownika. Jeden z graczy wciela si\u0119 w desperata, pozostali w negocjator\u00f3w. Scenariusz<a class=\"more-link button\" href=\"https:\/\/www.quentinrpg.pl\/?page_id=4694\">Czytaj dalej&#8230;<\/a><\/p>\n","protected":false},"author":11112,"featured_media":0,"parent":0,"menu_order":0,"comment_status":"closed","ping_status":"closed","template":"","meta":{"footnotes":""},"categories":[87,47,40,39,38,37,54,19],"tags":[],"class_list":["post-4694","page","type-page","status-publish","hentry","category-max-1-sesja","category-1-sesja-plus","category-2-graczy","category-3-graczy","category-4-graczy","category-5-graczy","category-inne","category-scenariusze"],"_links":{"self":[{"href":"https:\/\/www.quentinrpg.pl\/index.php?rest_route=\/wp\/v2\/pages\/4694","targetHints":{"allow":["GET"]}}],"collection":[{"href":"https:\/\/www.quentinrpg.pl\/index.php?rest_route=\/wp\/v2\/pages"}],"about":[{"href":"https:\/\/www.quentinrpg.pl\/index.php?rest_route=\/wp\/v2\/types\/page"}],"author":[{"embeddable":true,"href":"https:\/\/www.quentinrpg.pl\/index.php?rest_route=\/wp\/v2\/users\/11112"}],"replies":[{"embeddable":true,"href":"https:\/\/www.quentinrpg.pl\/index.php?rest_route=%2Fwp%2Fv2%2Fcomments&post=4694"}],"version-history":[{"count":0,"href":"https:\/\/www.quentinrpg.pl\/index.php?rest_route=\/wp\/v2\/pages\/4694\/revisions"}],"wp:attachment":[{"href":"https:\/\/www.quentinrpg.pl\/index.php?rest_route=%2Fwp%2Fv2%2Fmedia&parent=4694"}],"wp:term":[{"taxonomy":"category","embeddable":true,"href":"https:\/\/www.quentinrpg.pl\/index.php?rest_route=%2Fwp%2Fv2%2Fcategories&post=4694"},{"taxonomy":"post_tag","embeddable":true,"href":"https:\/\/www.quentinrpg.pl\/index.php?rest_route=%2Fwp%2Fv2%2Ftags&post=4694"}],"curies":[{"name":"wp","href":"https:\/\/api.w.org\/{rel}","templated":true}]}}