{"id":4704,"date":"2020-06-28T22:34:30","date_gmt":"2020-06-28T20:34:30","guid":{"rendered":"http:\/\/quentinrpg.pl\/?page_id=4704"},"modified":"2020-07-16T14:11:43","modified_gmt":"2020-07-16T12:11:43","slug":"zagubienie-2","status":"publish","type":"page","link":"https:\/\/www.quentinrpg.pl\/?page_id=4704","title":{"rendered":"Zagubienie"},"content":{"rendered":"\n<h4 class=\"wp-block-heading\">Zwyci\u0119zca Quentina Express<\/h4>\n\n\n\n<h4 class=\"wp-block-heading\"><strong><a href=\"http:\/\/quentinrpg.pl\/wp-content\/uploads\/2020\/06\/Zagubienie-maszynopis.pdf\">Zagubienie (maszynopis)<\/a> \u2013 Marcin &#8222;McRella&#8221; Najdowski<\/strong><\/h4>\n\n\n\n<p><strong><a href=\"http:\/\/quentinrpg.pl\/wp-content\/uploads\/2020\/06\/Zagubienie.pdf\">oryginalny r\u0119kopis<\/a><\/strong><\/p>\n\n\n\n<p><strong>Edycja: <\/strong><a href=\"http:\/\/quentinrpg.pl\/?page_id=4679\">Quentin Express<\/a><\/p>\n\n\n\n<p><strong>System:<\/strong> D&amp;D 5. edycja<\/p>\n\n\n\n<p><strong>Setting: <\/strong>dowolny \/ autorski<\/p>\n\n\n\n<p><strong>Gotowa mechanika: <\/strong>tak<\/p>\n\n\n\n<p><strong>Liczba graczy: <\/strong>3<\/p>\n\n\n\n<p><strong>Gotowe postacie: <\/strong>nie<\/p>\n\n\n\n<p><strong>Liczba sesji: <\/strong>1<\/p>\n\n\n\n<p><strong>Opis: <\/strong>bohaterowie przybywaj\u0105 do osady starego przyjaciela dotkni\u0119tej niepokoj\u0105cym urokiem. Przygoda do D&amp;D z r\u00f3\u017cnorodnymi spotkaniami, w klimatach klasycznego fantasy. Praca z Quentina Express, napisana w godzin\u0119.<\/p>\n\n\n\n<p><strong>Komentarz kapitu\u0142y: <\/strong>kr\u00f3tki tekst przygody i klasyczne dedekowe dekoracje (kt\u00f3re zdecydowanie docenili\u015bmy) kryj\u0105 par\u0119 bardzo fajnych rozwi\u0105za\u0144: \u015bwietn\u0105 motywacj\u0119 g\u0142\u00f3wnego z\u0142ego; okazj\u0119 do skomplikowanego konfliktu w finale (z\u0142y bierze zak\u0142adnik\u00f3w); uciekaj\u0105ce z serca lasu wilki, kt\u00f3re dzia\u0142aj\u0105 i jako poszlaka, i jako zagro\u017cenie; intryguj\u0105c\u0105 zagadk\u0119 zatrutej studni. Na minus ocenili\u015bmy to, \u017ce niekt\u00f3re walki mog\u0105 okaza\u0107 si\u0119 za trudne, a wybory \u2013 za proste. Niemniej, polecamy gor\u0105co; to zas\u0142u\u017cone zwyci\u0119stwo w Quentinie Express.<\/p>\n","protected":false},"excerpt":{"rendered":"<p>Zwyci\u0119zca Quentina Express Zagubienie (maszynopis) \u2013 Marcin &#8222;McRella&#8221; Najdowski oryginalny r\u0119kopis Edycja: Quentin Express System: D&amp;D 5. edycja Setting: dowolny \/ autorski Gotowa mechanika: tak Liczba graczy: 3 Gotowe postacie: nie Liczba sesji: 1 Opis: bohaterowie przybywaj\u0105 do osady starego przyjaciela dotkni\u0119tej niepokoj\u0105cym urokiem. Przygoda do D&amp;D z r\u00f3\u017cnorodnymi spotkaniami, w klimatach klasycznego fantasy. Praca<a class=\"more-link button\" href=\"https:\/\/www.quentinrpg.pl\/?page_id=4704\">Czytaj dalej&#8230;<\/a><\/p>\n","protected":false},"author":11112,"featured_media":0,"parent":0,"menu_order":0,"comment_status":"closed","ping_status":"closed","template":"","meta":{"footnotes":""},"categories":[87,47,39,48,19],"tags":[],"class_list":["post-4704","page","type-page","status-publish","hentry","category-max-1-sesja","category-1-sesja-plus","category-3-graczy","category-dd-i-d20","category-scenariusze"],"_links":{"self":[{"href":"https:\/\/www.quentinrpg.pl\/index.php?rest_route=\/wp\/v2\/pages\/4704","targetHints":{"allow":["GET"]}}],"collection":[{"href":"https:\/\/www.quentinrpg.pl\/index.php?rest_route=\/wp\/v2\/pages"}],"about":[{"href":"https:\/\/www.quentinrpg.pl\/index.php?rest_route=\/wp\/v2\/types\/page"}],"author":[{"embeddable":true,"href":"https:\/\/www.quentinrpg.pl\/index.php?rest_route=\/wp\/v2\/users\/11112"}],"replies":[{"embeddable":true,"href":"https:\/\/www.quentinrpg.pl\/index.php?rest_route=%2Fwp%2Fv2%2Fcomments&post=4704"}],"version-history":[{"count":0,"href":"https:\/\/www.quentinrpg.pl\/index.php?rest_route=\/wp\/v2\/pages\/4704\/revisions"}],"wp:attachment":[{"href":"https:\/\/www.quentinrpg.pl\/index.php?rest_route=%2Fwp%2Fv2%2Fmedia&parent=4704"}],"wp:term":[{"taxonomy":"category","embeddable":true,"href":"https:\/\/www.quentinrpg.pl\/index.php?rest_route=%2Fwp%2Fv2%2Fcategories&post=4704"},{"taxonomy":"post_tag","embeddable":true,"href":"https:\/\/www.quentinrpg.pl\/index.php?rest_route=%2Fwp%2Fv2%2Ftags&post=4704"}],"curies":[{"name":"wp","href":"https:\/\/api.w.org\/{rel}","templated":true}]}}