{"id":4792,"date":"2020-10-01T08:56:00","date_gmt":"2020-10-01T06:56:00","guid":{"rendered":"http:\/\/quentinrpg.pl\/?page_id=4792"},"modified":"2020-11-29T16:46:37","modified_gmt":"2020-11-29T14:46:37","slug":"kwarantanna-2","status":"publish","type":"page","link":"https:\/\/www.quentinrpg.pl\/?page_id=4792","title":{"rendered":"Kwarantanna"},"content":{"rendered":"\n<h4 class=\"wp-block-heading\"><a href=\"http:\/\/quentinrpg.pl\/wp-content\/uploads\/2020\/09\/Kwarantanna.docx\" data-type=\"URL\" data-id=\"http:\/\/quentinrpg.pl\/wp-content\/uploads\/2020\/09\/Kwarantanna.docx\">Kwarantanna \u2013 Grzegorz Mazela<\/a><\/h4>\n\n\n\n<p><strong>Edycja: <\/strong><a href=\"http:\/\/quentinrpg.pl\/?page_id=4764\" data-type=\"URL\" data-id=\"http:\/\/quentinrpg.pl\/?page_id=4764\">2020<\/a><\/p>\n\n\n\n<p><strong>System: <\/strong>Zew Cthulhu 7ed<\/p>\n\n\n\n<p><strong>Setting: <\/strong>Polska XXI wiek<\/p>\n\n\n\n<p><strong>Liczba graczy: <\/strong>3-5<\/p>\n\n\n\n<p><strong>Gotowe postacie: <\/strong>nie<\/p>\n\n\n\n<p><strong>Liczba<\/strong><strong> sesji: <\/strong>1<\/p>\n\n\n\n<p><strong>Dodatki: <\/strong>brak<\/p>\n\n\n\n<p><strong>Opis:<\/strong><\/p>\n\n\n\n<p>Po trudach \u017cycia doczesnego ka\u017cdemu nale\u017cy si\u0119 urlop. A gdzie lepiej ni\u017c nad polskim morzem? Badacze udali si\u0119 na zas\u0142u\u017cony wypoczynek do ma\u0142ego kurortu nad Ba\u0142tykiem &#8211; Brze\u017cyska. Sielanka niestety zostaje przerwana przez pojawienie si\u0119&nbsp; tajemniczej choroby, kt\u00f3ra zabija ludzi i doprowadza do obj\u0119cia ca\u0142ej miejscowo\u015bci kwarantann\u0105. Czy b\u0142ogi spok\u00f3j zmieni si\u0119 w piek\u0142o na ziemi?<\/p>\n\n\n\n<div class=\"sp-wrap sp-wrap-default\">\n<div class=\"sp-head\" title=\"Expand\">\nPoka\u017c komentarze kapitu\u0142y\n<\/div>\n<div class=\"sp-body folded\">\n<\/p>\n<h2 class=\"wp-block-heading\">Pawe\u0142 Bogdaszewski<\/h2>\n<p>Zupe\u0142nie nie tego si\u0119 po tym scenariuszu spodziewa\u0142em. Kwarantanna to film klasy D lu\u017ano oparty o motywy z mitologi Cthulhu. Jest to jednak dobry, pisane prawie na powa\u017cnie film klasy D. Znaki starszych bog\u00f3w mo\u017cna namalowa\u0107 henn\u0105, wielki z\u0142y ma siedzib\u0119 nad zbiornikami z paliwem czekaj\u0105cymi na wysadzenie, wszystko opiera si\u0119 o spisek w stylu teorii spiskowych. Ale wszystko pisane jakby na powa\u017cnie i z grubsza trzyma si\u0119 kupy. Mamy wi\u0119c tu faktyczn\u0105 kwarantann\u0119, co nieco klimatu inwazji porywaczy cia\u0142 i kr\u00f3tk\u0105 intryg\u0119, kt\u00f3r\u0105 da si\u0119 rozegra\u0107 na kilka sposob\u00f3w. Podoba mi si\u0119, ale Q nie wygra.<\/p>\n<p>Zalety<\/p>\n<ul class=\"wp-block-list\">\n<li>Kr\u00f3tko i bez zad\u0119cia<\/li>\n<li>Kilka gotowych dr\u00f3g scenariusza<\/li>\n<li>Pulpowo, ale i troch\u0119 na powa\u017cnie<\/li>\n<li>Lokacja<\/li>\n<\/ul>\n<p>W\u0105tpliwo\u015bci<\/p>\n<ul class=\"wp-block-list\">\n<li>Czasami nadmiernie absurdalne (no weteran naprawd\u0119 nie musia\u0142 si\u0119 nazywa\u0107 Arnold, jak ma nie by\u0107 slapstickowo)<\/li>\n<\/ul>\n<p>Wady<\/p>\n<ul class=\"wp-block-list\">\n<li>B\u0142\u0119dy i surowa forma spisania<\/li>\n<\/ul>\n<p>Prowadzi\u0142em t\u0119 przygod\u0119. Wysz\u0142a zgodnie z oczekiwaniami, czyli jako horror klasy D.<\/p>\n<h2 class=\"wp-block-heading\">Piotr Cichy<\/h2>\n<p>Nieco absurdalna, kr\u00f3ciutka przygoda. Pomys\u0142 odwo\u0142ania si\u0119 do niedawnych (i niestety wci\u0105\u017c aktualnych) wydarze\u0144 zwi\u0105zanych z pandemi\u0105 uwa\u017cam za zabawny, ale warto wiedzie\u0107 z kim si\u0119 gra i czy dla kogo\u015b nie jest to zbyt powa\u017cny temat. Ludzie maj\u0105 teraz bardzo r\u00f3\u017cne do\u015bwiadczenia zwi\u0105zane z obecn\u0105 sytuacj\u0105, niekt\u00f3rych dotkn\u0119\u0142a bardzo dotkliwie. Niestety autor nie po\u015bwi\u0119ci\u0142 temu uwagi w swojej pracy, a szkoda.<\/p>\n<p>Za minus musz\u0119 uzna\u0107 d\u0142ugo\u015b\u0107 fabu\u0142y. W\u0142a\u015bciwie mamy tylko scen\u0119 otwieraj\u0105c\u0105, ew. aresztowanie lub inne szukanie pomocy i zaraz po tym fina\u0142. Podejrzewam, \u017ce da\u0142oby si\u0119 to rozegra\u0107 w 2-3 godziny. Oczywi\u015bcie s\u0105 te\u017c dru\u017cyny, kt\u00f3re to mocno wyd\u0142u\u017c\u0105, ale zasadniczo troch\u0119 za ma\u0142o tu materia\u0142u na pe\u0142noprawn\u0105 przygod\u0119.<\/p>\n<p>Jest troch\u0119 mankament\u00f3w z logik\u0105 sytuacji.<\/p>\n<p>Kutry rybackie te\u017c najcz\u0119\u015bciej maj\u0105 silniki spalinowe. Je\u015bli wojsko zarekwirowa\u0142o paliwo, to zapewne r\u00f3wnie\u017c z kutr\u00f3w. Przyda\u0142aby si\u0119 jaka\u015b informacja, \u017ce ten akurat ma jakie\u015b inne \u017ar\u00f3d\u0142o zasilania, np. elektryczne.<\/p>\n<p>Zarekwirowano alkohol. Nikt nie p\u0119dzi bimbru? Polacy to przedsi\u0119biorczy nar\u00f3d. Na pewno da\u0142oby si\u0119 co\u015b gdzie\u015b znale\u017a\u0107.<\/p>\n<p>NPCe troch\u0119 za bardzo jednowymiarowi, za ma\u0142o pomys\u0142owi. Mo\u017cna tu si\u0119 by\u0142o bardziej wykaza\u0107 inwencj\u0105. Nastolatka tatuuj\u0105ca henn\u0105 jest fajnym charakterystycznym szczeg\u00f3\u0142em (maj\u0105cym znaczenie dla fabu\u0142y!).<\/p>\n<p>Z odpowiednimi graczami mo\u017cna by w to zagra\u0107, jako odreagowanie stres\u00f3w zwi\u0105zanych z pandemi\u0105. Jest mechanika, ca\u0142o\u015b\u0107 w miar\u0119 jasno spisano, wiemy, o co chodzi. (Szkoda \u017ce nie ma streszczenia na pocz\u0105tku, ale w sumie przygoda jest na tyle kr\u00f3tka, \u017ce mo\u017cna sobie bez niego poradzi\u0107.)<\/p>\n<p>Wskaz\u00f3wk\u0105, kt\u00f3ra jasno wskazuje graczom od pocz\u0105tku, \u017ce co\u015b jest nie tak, jest odci\u0119cie od internetu. Tylko kosmiczne z\u0142o mog\u0142o by\u0107 tak okrutne.<\/p>\n<p>Tutaj zaraza (i to TA zaraza) jest centralnym motywem. (To tak a propos tegorocznego motywu przewodniego scenariuszy.)<\/p>\n<h2 class=\"wp-block-heading\">Pawe\u0142 Jakub Domownik<\/h2>\n<p>Powiedzmy to od razu: je\u017celi nie przeszkadza ci wizja Nyarlathotepa, kt\u00f3ry niczym oko Saurona czuwa, na szczycie latarni morskiej a ca\u0142\u0105 benzyn\u0119 z miasteczka kaza\u0142 umie\u015bci\u0107 tu\u017c pod ni\u0105, to mo\u017ce by\u0107 przygoda dla ciebie. Zdrowy rozs\u0105dek i logik\u0119 lepiej zostawi\u0107 za drzwiami i po prostu da\u0107 si\u0119 ponie\u015b\u0107 pulpowej zabawie.<\/p>\n<p>Przygoda wykorzystuje motyw epidemii i lockdownu, umiej\u0119tnie flirtuj\u0105c z teoriami spiskowymi. Znacz\u0105co zwi\u0119ksza w ten spos\u00f3b si\u0142\u0119 oddzia\u0142ywania scenariusza. Mieszaj\u0105c do z odrealniaj\u0105c\u0105 koncepcj\u0105 filmu akcji, dystansuje czytelnika od tych b\u0105d\u017a co b\u0105d\u017a trudnych wydarze\u0144.<\/p>\n<p>Mechanika, kt\u00f3rej autor\/ka u\u017cywa do pokazania kontroli, kt\u00f3ra wielki przedwieczny rozci\u0105gn\u0105\u0142 nad miasteczkiem, jest ciekawa, ale ryzykowna. Nikt w ko\u0144cu nie lubi, kiedy ogranicza\u0107 mu kontrole nad postaci\u0105. O ile mg nie b\u0119dzie tego nadu\u017cywa\u0142, powinna zadzia\u0142a\u0107.<\/p>\n<p>Gracze musz\u0105 rozpozna\u0107 sytuacj\u0119 i zdecydowa\u0107 o walce b\u0105d\u017a ucieczce. Dobrze, \u017ce scenariusz nie blokuje graczom r\u00f3\u017cnych \u015bcie\u017cek. Trzeba tu wspomnie\u0107, \u017ce w przypadku decyzji o ucieczce dostaniemy do\u015b\u0107 fajnie wymy\u015blone sceny walki podczas ewakuacji. Brakuje tu jednak jakiego\u015b zwrotu akcji, czego\u015b ekstra. BN-i zasiedlaj\u0105cy miasteczko te\u017c, s\u0105 raczej fasadowi.<\/p>\n<p>Nie do ko\u0144ca rozumiem czemu, to nie rozgrywa si\u0119 w latach 20.? Przecie\u017c wtedy nie trzeba by bawi\u0107 si\u0119 w wy\u0142\u0105czanie bohaterom kom\u00f3rek i internetu, a i te strzelaniny jakie\u015b bardziej prawdopodobne by by\u0142y. No i nale\u017ca\u0142oby to raczej przenie\u015b\u0107 na Pulp Chtulhu, zamiast prowadzi\u0107 na wersji klasycznej.<\/p>\n<p>\u201eKwarantanna\u201d to bardzo prosta przygoda. Ma to swoje ogromne zalety. Za prosta jednak na fina\u0142, ale je\u017celi b\u0119dziecie sp\u0119dza\u0107 wczasy nad morzem mo\u017cna rozwa\u017cy\u0107 jej rozegranie.<\/p>\n<p>PS. Bardzo doceniam kilka ukrytych popkulturowych easter eg\u00f3w.<\/p>\n<h2 class=\"wp-block-heading\">Marek Golonka<\/h2>\n<p>Zalety<\/p>\n<p><strong>Sympatyczna cthulh\u00f3wka-przygod\u00f3wka<\/strong>. Wci\u0105ga Badaczy za fraki w gro\u017an\u0105 sytuacj\u0119, daje im jasne zagro\u017cenie, kt\u00f3re mog\u0105 zbada\u0107. \u015awiat reaguje na ich poczynania, dzia\u0142ania przynosz\u0105 skutki i nowa opcja zrobienia czego\u015b nigdy nie jest zbyt daleko. Sytuacje ze scenariusza wymagaj\u0105 sporo zawieszenia niewiary, ale wydaje mi si\u0119, \u017ce jego konwencja jest tak umowna i groteskowa, \u017ce nie jest to wielki problem.<\/p>\n<p>W\u0105tpliwo\u015bci<\/p>\n<p><strong>Kim gra\u0107?<\/strong> Scenariusz rozgrywa si\u0119 w do\u015b\u0107 nietypowych realiach, ryzyko \u015bmierci Badaczy jest w nim realne, wi\u0119c wydaje mi si\u0119, \u017ce przyda\u0142yby si\u0119 w nim gotowe postaci albo wskaz\u00f3wki, jak szybko je stworzy\u0107. Nie ka\u017cdy scenariusz tego potrzebuje, ale tu mog\u0142oby u\u0142atwi\u0107 \u017cycie.&nbsp;<\/p>\n<p>Og\u00f3lne wra\u017cenia<\/p>\n<p>W <em>Kwarantannie <\/em>brakuje mi jakiego\u015b efektu \u201cwow\u201d, czego\u015b, co uczyni\u0142oby z niej naprawd\u0119 intensywne prze\u017cycie &#8211; czy to lekkie i przygodowe, czy straszne. W obecnej postaci jest ci\u0105giem prostych wyzwa\u0144, z kt\u00f3rymi mo\u017cna przyjemnie kombinowa\u0107, i materia\u0142em na niezbyt mo\u017ce anga\u017cuj\u0105c\u0105, ale przyjemn\u0105 i sprawn\u0105 sesj\u0119. Mog\u0119 narzeka\u0107, \u017ce z tego pomys\u0142u da\u0142oby si\u0119 wycisn\u0105\u0107 wi\u0119cej, ale jednocze\u015bnie my\u015bl\u0119 sobie, \u017ce maj\u0105c graczy oczekuj\u0105cych od sesji po prostu wyzwa\u0144 do przezwyci\u0119\u017cenia bardzo ch\u0119tnie bym ten scenariusz poprowadzi\u0142 &#8211; jako ci\u0105g prostych wyzwa\u0144 z r\u00f3\u017cnorodnymi rozwi\u0105zaniami wygl\u0105da bardzo przyzwoicie.<\/p>\n<h2 class=\"wp-block-heading\">Katarzyna Krai\u0144ska<\/h2>\n<p>+ Kr\u00f3tka, funkcjonalna przygoda, w kt\u00f3rej nic nie mo\u017ce p\u00f3j\u015b\u0107 nie tak, przynajmniej z punktu widzenia MG.<\/p>\n<p>+ Spora otwarto\u015b\u0107 jak na tak kr\u00f3tki scenariusz. Gracze maj\u0105 du\u017c\u0105 swobod\u0119 dzia\u0142ania, a przygoda mo\u017ce si\u0119 sko\u0144czy\u0107 na kilka r\u00f3\u017cnych sposob\u00f3w.<\/p>\n<p>+ M\u00f3j ulubiony temat, czyli motywacja rozwi\u0105zuje si\u0119 sama przez si\u0119 &#8211; gracze musz\u0105 uciec lub pokona\u0107 przeciwnika, \u017ceby prze\u017cy\u0107. Od nich zale\u017cy, czy przejm\u0105 si\u0119 r\u00f3wnie\u017c losem miasteczka.<\/p>\n<p>&#8211; To jednak odrobin\u0119 naci\u0105gane, \u017ce kilka postaci w male\u0144kiej mie\u015bcince jest w posiadaniu znaku starszych bog\u00f3w \ud83d\ude09<\/p>\n<p>&#8211; Moment, w kt\u00f3rym \u017co\u0142nierze automatycznie s\u0142ysz\u0105 ha\u0142as spowodowany u\u017cyciem wyci\u0105garki, a Kazik r\u00f3wnie automatycznie ich zabija jest odrobin\u0119 zbyt \u201ecutscenkowy\u201d. Przyda\u0142oby si\u0119 wzi\u0105\u0107 pod uwag\u0119, \u017ce gracze mog\u0105 spr\u00f3bowa\u0107 np. powstrzyma\u0107 Kazika.<\/p>\n<p>Spostrze\u017cenia podczas testowania:<\/p>\n<p>&#8211; Atmosfera do\u015b\u0107 \u0142atwo mo\u017ce si\u0119 zrobi\u0107 troch\u0119 groteskowa, a nie wiem czy o to autorowi chodzi\u0142o &#8211; po odkryciu, \u017ce znak starszych bog\u00f3w pomaga w walce z wrogiem, zacz\u0119\u0142am po prostu biega\u0107 po ca\u0142ym miasteczku i maza\u0107 wsz\u0119dzie zewowe pentagramy, przez co zrobi\u0142o si\u0119 troch\u0119 zabawnie. Z drugiej strony kombinowanie jak mo\u017cemy sobie u\u0142atwi\u0107 \u017cycie za pomoc\u0105 znak\u00f3w, dawa\u0142o pewn\u0105 satysfakcj\u0119.<\/p>\n<p>Kwarantanna to do\u015b\u0107 lekka, kr\u00f3tka, ale otwarta przygoda, kt\u00f3ra dobrze sprawdzi si\u0119 szczeg\u00f3lnie dobrze w przypadku pocz\u0105tkuj\u0105cych graczy. Nieliniowo\u015b\u0107 i \u0142atwo\u015b\u0107 w przygotowaniu do prowadzenia to jej najwi\u0119ksze atuty, cho\u0107 sam pomys\u0142 jest troch\u0119 zbyt \u201ezwyczajny\u201d, by zawalczy\u0142a o fina\u0142.<\/p>\n<h2 class=\"wp-block-heading\">Witold Krawczyk<\/h2>\n<p>Kwarantanna to dzika i zabawna przygoda. Uwa\u017cam, \u017ce z tegorocznych prac to najlepszy scenariusz do grania przy piwie, p\u00f3\u017ano w nocy, nie na powa\u017cnie. Widz\u0119 w \u201eKwarantannie\u201d sporo rzeczy, kt\u00f3re mo\u017cna by poprawi\u0107 \u2013 ale je\u015bli si\u0119 je poprawi, mo\u017ce przepa\u015b\u0107 punkowy urok przygody.<\/p>\n<p>Kwarantanna podczas epidemii to przykrywka dla kontroluj\u0105cych umys\u0142 paj\u0105k\u00f3w z kosmosu, chc\u0105cych wysysa\u0107 ludzk\u0105 krew. W ca\u0142ej miejscowo\u015bci zablokowano sygna\u0142y radiowe i telefoniczne. Dotkni\u0119ci nadnaturaln\u0105 tragedi\u0105 tubylcy nosz\u0105 nazwiska Jana Kosa (jak w Pancernych!) i Alfreda Gruszki. \u017beby si\u0119 ratowa\u0107, mo\u017cna porwa\u0107 transporter opancerzony \u201eRosomak\u201d. Znam ludzi, kt\u00f3rzy powiedz\u0105, \u017ce te pomys\u0142y s\u0105 niedorzeczne \u2013 znam te\u017c takich, kt\u00f3rym zapal\u0105 si\u0119 oczy, kiedy je us\u0142ysz\u0105. Rozumiem pierwsz\u0105 z tych grup, ale sam zaliczam si\u0119 do drugiej.<\/p>\n<p>W przygodzie jest sporo b\u0142\u0119d\u00f3w j\u0119zykowych: ortograficznych (zamiast \u201epo za\u201d powinno by\u0107 \u201epoza\u201d) i nie tylko (\u201efunkcjonuj\u0105 restauracja\u201d, \u201eIsta\u201d jako Instagram, \u201edostaje do wypi\u0107\u201d, \u201ejego cia\u0142a posiada\u201d, \u201egrupa mia\u0142 tego pecha\u201d, \u201ejest to ma\u0142y pensjonacie\u201d).<\/p>\n<p>Przygoda mo\u017ce si\u0119 przedwcze\u015bnie sko\u0144czy\u0107: gracze mog\u0105 od razu przej\u015b\u0107 do fina\u0142owej konfrontacji (ucieczki morzem lub l\u0105dem), wygra\u0107 albo zgin\u0105\u0107 w ci\u0105gu pierwszej godziny przygody. To dla mnie wada (chocia\u017c niekoniecznie w grze przy piwie).<\/p>\n<p>S\u0105 te\u017c w \u201eKwarantannie\u201d elementy ciekawie i intryguj\u0105co pomy\u015blane, niezale\u017cnie od tego, czy kto\u015b lubi lu\u017any styl przygody, czy nie. Odbieranie kontroli graczom nad postaciami mam zwykle za z\u0142\u0105 praktyk\u0119, ale tutaj, skoro gracze mog\u0105 do woli os\u0142ania\u0107 si\u0119 Znakiem Starszych Bog\u00f3w (ale musz\u0105 si\u0119 nim dzieli\u0107), mo\u017ce to wywo\u0142a\u0107 sporo okazji do kombinowania. Wyzwania s\u0105 bardzo trudne (jak prze\u017cy\u0107 10 rund ostrza\u0142u podczas ucieczki kutrem?), ale jest szansa, \u017ce gracze wymy\u015bl\u0105 jakie\u015b nieszablonowe rozwi\u0105zanie, dzi\u0119ki kt\u00f3remu si\u0119 uratuj\u0105. Wreszcie \u2013 niewidzialny, kontroluj\u0105cy umys\u0142 stw\u00f3r z innego wymiaru porastaj\u0105cy wierzcho\u0142ek latarni morskiej to \u015bwietny pomys\u0142, pachn\u0105cy mi Bloodborne\u2019em.<\/p>\n<p>Og\u00f3lnie: nie g\u0142osuj\u0119 na \u201eKwarantann\u0119\u201d, ale bardzo si\u0119 ciesz\u0119, \u017ce przysz\u0142a na konkurs i \u017ce mog\u0142em j\u0105 przeczyta\u0107. Niedoci\u0105gni\u0119cia dodaj\u0105 przygodzie szalonego uroku. It\u2019s fun!<\/p>\n<h2 class=\"wp-block-heading\">Micha\u0142 Kuras<\/h2>\n<p>+ \u0142atwo\u015b\u0107 w poprowadzeniu przygody: ju\u017c po pierwszym przeczytaniu mam pe\u0142en ogl\u0105d sytuacji<\/p>\n<p>+ uk\u0142ad graficzny scenariusza i wyra\u017ane \u015br\u00f3dtytu\u0142y pomog\u0105 na sesji szybko znale\u017a\u0107 potrzebne informacje<\/p>\n<p>&#8211; scenariusz nie oddaje klimatu gry, lepiej do niego nadawa\u0142aby si\u0119 inna mechanika, bardziej skoncentrowana na walce<\/p>\n<h2 class=\"wp-block-heading\">Marysia Borys-Pi\u0105tkowska<\/h2>\n<p>Przede wszystkim przyda\u0142aby tu si\u0119 porz\u0105dna redakcja j\u0119zykowa. Na pewno u\u0142atwi\u0142aby lektur\u0119 tej przygody. Podoba mi si\u0119 natomiast jej zwi\u0119z\u0142o\u015b\u0107, prosty cel, nieskomplikowan\u0105 intryg\u0119 i nawi\u0105zanie tematyk\u0105 do obecnej sytuacji na \u015bwiecie (chocia\u017c sugerowa\u0142abym Autorowi\/Autorce umie\u015bci\u0107 akapit m\u00f3wi\u0105cy o triggerach i temacie, kt\u00f3ry mo\u017ce by\u0107 dla niekt\u00f3rych trudny). Bardzo fajnie, \u017ce scenariusz zak\u0142ada r\u00f3\u017cne rozwi\u0105zania intrygi i nie prowadzi graczy za r\u0119k\u0119.<\/p>\n<p>Nie widz\u0119 jednak do ko\u0144ca \u015bledztwa w tym \u015bledztwie \u2013 ci\u0119\u017cko jest odnale\u017a\u0107 si\u0119 w strukturze tekstu. Zaraz po wst\u0119pie nast\u0119puje konfrontacja, nie ma \u017cadnego \u015brodka czy te\u017c tzw. drugiego aktu w tej przygodzie. Punkt zapalny (inciting incydent) wydaje mi si\u0119 sztuczny i nieinteresuj\u0105cy. Mam r\u00f3wnie\u017c obaw\u0119, \u017ce pod wzgl\u0119dem mechaniki BG ju\u017c na samym pocz\u0105tku mog\u0105 straci\u0107 zbyt du\u017co PP, wobec czego istnieje szansa szybkiego \u2018odpadni\u0119cia\u2019 z przygody.<\/p>\n<p>\u201eKwarantanna\u201d to zwi\u0119z\u0142y jednostrza\u0142 z do\u015b\u0107 przewidywaln\u0105 fabu\u0142\u0105 i licznymi potkni\u0119ciami, kt\u00f3re utrudniaj\u0105 lektur\u0119. Niemniej sama rozgrywka mo\u017ce sprawi\u0107 wiele rozrywki, a gracze mog\u0105 by\u0107 zadowoleni z du\u017cej ilo\u015bci akcji.<\/p>\n<h2 class=\"wp-block-heading\">Janek Sielicki<\/h2>\n<p>Zalety: Widz\u0119 to: lato, wczasujemy nad morzem, mo\u017ce sesyjka? To gramy, na luzie, pulpowa opowie\u015b\u0107 o potworach, kwarantannie i mackowatym, niewidzialnym stworze na latarni morskiej, o tej, co tam stoi. Szybka sesja na jeden wiecz\u00f3r, wi\u0119c nie ma du\u017co do roboty, troch\u0119 trzeba popycha\u0107 BG gdzie trzeba. Sporo miejsc do znalezienia wskaz\u00f3wek, podane r\u00f3\u017cne \u00ad\u00ad\u00ad\u2013 najbardziej oczywiste \u00ad\u2013 opcje, kt\u00f3re mog\u0105 wybra\u0107 gracze. Przygoda sugeruje, gdzie zrobi\u0107 jak test, ile straci\u0107 poczytalno\u015bci, s\u0105 przyk\u0142adowe spotkania (kt\u00f3re nienachalnie podrzucaj\u0105 wi\u0119cej wskaz\u00f3wek) przy miejscach i BN-ach wygodnie podaje wskaz\u00f3wki. A potem rano, po odespaniu, idziemy przez to miasteczko, gdzie w nocy walczyli\u015bmy z paj\u0119czymi stworami i jest fajnie.<\/p>\n<p>Wady: Staram si\u0119 nie zanadto nie czepia\u0107 j\u0119zyka, ale ten tekst wymaga solidnej korekty. Na pocz\u0105tku przyda\u0142oby si\u0119 kilka zda\u0144 streszczenia przygody i wyja\u015bnienia, dla kogo jest przeznaczona. Brakuje tu te\u017c jakiego\u015b wyrazistego BN-a, jakiej\u015b \u2018twarzy\u2019 Manipulatora albo na przyk\u0142ad oficera-s\u0142u\u017cbisty, kt\u00f3ry \u2013 cho\u0107 nosi znak \u00ad\u00ad\u2013 i tak s\u0142u\u017cy z\u0142u.<\/p>\n<p>Werdykt: Pozytywne zaskoczenie! Pomijaj\u0105c kwestie j\u0119zykowe, ten prosty i zabawny scenariusz mo\u017cna poprowadzi\u0107 po 10 minutach czytania i na pla\u017cy. Jak na razie jest to te\u017c jedyny scenariusz, kt\u00f3ry bawi si\u0119 tematem kwarantanny. Nie jest to materia\u0142 na fina\u0142, ale przygoda skutecznie realizuje jaki\u015b zamys\u0142 i jest w pe\u0142ni grywalna.<\/p>\n<h2 class=\"wp-block-heading\">Micha\u0142 So\u0142tysiak<\/h2>\n<p>Tak wygl\u0105da dla mnie weekendowy jednostrza\u0142 w Zew Cthulhu. Mamy polsk\u0105 sceneri\u0119, polskie postacie, zamkni\u0119te miasteczko, wojsko rodem z film\u00f3w ameryka\u0144skich, bo ich procedury s\u0105 bardziej filmowe. Podejrzewam, \u017ce dobrze bym si\u0119 bawi\u0142, ale trup by si\u0119 \u015bcili\u0142 g\u0119sto., Tak jak w jest w Cthulhu, a autor nie da\u0142 metod wprowadzania nowych BG. To wielka szkoda. Oceniam ten scenariusz na 6-8 BG, kt\u00f3rzy by si\u0119 pojawili jako BN a potem mo\u017cna by przej\u0105\u0107.<\/p>\n<p>Co za\u015b do warto\u015bci fabularnych. Nie ma tutaj nic odkrywczego, to scenariusz, gdzie nie ma wyj\u0105tkowych warunk\u00f3w, niespotykanej intrygi, rewelacyjnych bohater\u00f3w. To dobry scenariusz, bez \u201eTego Czego\u015b\u201d, co by uczyni\u0142 go jedynym w swoim rodzaju.<\/p>\n<p>To kolejna stracona szansa, bo na pewno da\u0142oby si\u0119 pomy\u015ble\u0107 i dopracowa\u0107 warunki, \u017ceby by\u0142a jaka\u015b dodatkowa historia, BG mieli jaka\u015b wyj\u0105tkow\u0105 charakterystyk\u0119 (np. sami starzy Badacze, kt\u00f3rzy wypoczywali w sanatorium i jeszcze raz po latach musz\u0105 sobie przypomnie\u0107 swoje traumy etc.).<\/p>\n<p>\n<div class=\"spdiv\">[collapse]<\/div>\n<\/div>\n<\/div>\n\n","protected":false},"excerpt":{"rendered":"<p>Kwarantanna \u2013 Grzegorz Mazela Edycja: 2020 System: Zew Cthulhu 7ed Setting: Polska XXI wiek Liczba graczy: 3-5 Gotowe postacie: nie Liczba sesji: 1 Dodatki: brak Opis: Po trudach \u017cycia doczesnego ka\u017cdemu nale\u017cy si\u0119 urlop. A gdzie lepiej ni\u017c nad polskim morzem? Badacze udali si\u0119 na zas\u0142u\u017cony wypoczynek do ma\u0142ego kurortu nad Ba\u0142tykiem &#8211; Brze\u017cyska. Sielanka<a class=\"more-link button\" href=\"https:\/\/www.quentinrpg.pl\/?page_id=4792\">Czytaj dalej&#8230;<\/a><\/p>\n","protected":false},"author":11112,"featured_media":0,"parent":0,"menu_order":0,"comment_status":"closed","ping_status":"closed","template":"","meta":{"footnotes":""},"categories":[87,47,40,39,38,19,61],"tags":[],"class_list":["post-4792","page","type-page","status-publish","hentry","category-max-1-sesja","category-1-sesja-plus","category-2-graczy","category-3-graczy","category-4-graczy","category-scenariusze","category-zew-cthulhu"],"_links":{"self":[{"href":"https:\/\/www.quentinrpg.pl\/index.php?rest_route=\/wp\/v2\/pages\/4792","targetHints":{"allow":["GET"]}}],"collection":[{"href":"https:\/\/www.quentinrpg.pl\/index.php?rest_route=\/wp\/v2\/pages"}],"about":[{"href":"https:\/\/www.quentinrpg.pl\/index.php?rest_route=\/wp\/v2\/types\/page"}],"author":[{"embeddable":true,"href":"https:\/\/www.quentinrpg.pl\/index.php?rest_route=\/wp\/v2\/users\/11112"}],"replies":[{"embeddable":true,"href":"https:\/\/www.quentinrpg.pl\/index.php?rest_route=%2Fwp%2Fv2%2Fcomments&post=4792"}],"version-history":[{"count":6,"href":"https:\/\/www.quentinrpg.pl\/index.php?rest_route=\/wp\/v2\/pages\/4792\/revisions"}],"predecessor-version":[{"id":5167,"href":"https:\/\/www.quentinrpg.pl\/index.php?rest_route=\/wp\/v2\/pages\/4792\/revisions\/5167"}],"wp:attachment":[{"href":"https:\/\/www.quentinrpg.pl\/index.php?rest_route=%2Fwp%2Fv2%2Fmedia&parent=4792"}],"wp:term":[{"taxonomy":"category","embeddable":true,"href":"https:\/\/www.quentinrpg.pl\/index.php?rest_route=%2Fwp%2Fv2%2Fcategories&post=4792"},{"taxonomy":"post_tag","embeddable":true,"href":"https:\/\/www.quentinrpg.pl\/index.php?rest_route=%2Fwp%2Fv2%2Ftags&post=4792"}],"curies":[{"name":"wp","href":"https:\/\/api.w.org\/{rel}","templated":true}]}}