{"id":5512,"date":"2021-10-04T11:07:12","date_gmt":"2021-10-04T09:07:12","guid":{"rendered":"https:\/\/www.quentinrpg.pl\/?page_id=5512"},"modified":"2021-10-04T11:13:49","modified_gmt":"2021-10-04T09:13:49","slug":"przygoda-bez-tytulu","status":"publish","type":"page","link":"https:\/\/www.quentinrpg.pl\/?page_id=5512","title":{"rendered":"Przygoda bez tytu\u0142u"},"content":{"rendered":"\n<h4 class=\"wp-block-heading\"><a href=\"https:\/\/www.quentinrpg.pl\/wp-content\/uploads\/2021\/10\/Przygoda.docx\" data-type=\"URL\">Przygoda<\/a>&nbsp;\u2013 Ireneusz Worek<\/h4>\n\n\n\n<p><strong>Edycja:&nbsp;<\/strong><a href=\"https:\/\/www.quentinrpg.pl\/?page_id=4679\">Express 2021<\/a><\/p>\n\n\n\n<p><strong>System:&nbsp;<\/strong>dowolny<\/p>\n\n\n\n<p><strong>Setting:&nbsp;<\/strong>czasy wsp\u00f3\u0142czesne<\/p>\n\n\n\n<p><strong>Gotowa mechanika:&nbsp;<\/strong>brak<\/p>\n\n\n\n<p><strong>Liczba graczy:&nbsp;<\/strong>dowolna<\/p>\n\n\n\n<p><strong>Gotowe postacie:&nbsp;<\/strong>Nie<\/p>\n\n\n\n<p><strong>Liczba sesji:&nbsp;<\/strong>1 (?)<\/p>\n\n\n\n<p><strong>Opis:<\/strong>&nbsp;W mie\u015bcie\/wiosce trwa coroczny konkurs na najlepszego w\u0119dkarza. Zawodnicy nale\u017c\u0105 do jednego z dw\u00f3ch oboz\u00f3w Sum\u00f3w lub Szczupak\u00f3w.<\/p>\n\n\n\n<p>Praca z Quentina Express, napisana w godzin\u0119.<\/p>\n\n\n\n<p><strong>Komentarz Kapitu\u0142y:<\/strong>\u00a0Przygoda na podstawie znanej copypasty o ojcu, fantatyku w\u0119dkarstwa, w konwencji nasuwaj\u0105cej skojarzenia z Wilqiem Superbohaterem. Przezabawna! Do tego dochodz\u0105 r\u00f3\u017cnorodne wyzwania dla graczy (rozmowa -> opcjonalna walka -> \u015bledztwo -> otwarty konflit z w\u0119dkarzem -> fina\u0142owa konfrontacja), du\u017ce pole do manewru podczas poszczeg\u00f3lnych spotka\u0144 i bardzo barwne postacie (takich bohater\u00f3w niezale\u017cnych cz\u0119sto pr\u00f3\u017cno szuka\u0107 w przygodach d\u0142ugich, powa\u017cnych, wydawanych drukiem). Zwr\u00f3\u0107cie uwag\u0119, Czytelnicy, jak pocz\u0105tkowe zlecenie od M\u0142odego (wybicie ryb w jeziorze) i okazywana od samego pocz\u0105tku niech\u0119\u0107 do ryb antycypuje jego szalone, rybob\u00f3jcze zap\u0119dy w finale! Minusem pozostaje wzgl\u0119dnie s\u0142aba motywacja graczy (nie ka\u017cdy za\u0142apie si\u0119 na wyrzuty sumienia), ale komediowa konwencja to prze\u0142knie. Swoj\u0105 drog\u0105, jakby odrobin\u0119 zmniejszy\u0107 poziom absurdu, by\u0142by z tego solidny jednostrza\u0142 do D&amp;D czy innego Warhammera.<\/p>\n","protected":false},"excerpt":{"rendered":"<p>Przygoda&nbsp;\u2013 Ireneusz Worek Edycja:&nbsp;Express 2021 System:&nbsp;dowolny Setting:&nbsp;czasy wsp\u00f3\u0142czesne Gotowa mechanika:&nbsp;brak Liczba graczy:&nbsp;dowolna Gotowe postacie:&nbsp;Nie Liczba sesji:&nbsp;1 (?) Opis:&nbsp;W mie\u015bcie\/wiosce trwa coroczny konkurs na najlepszego w\u0119dkarza. Zawodnicy nale\u017c\u0105 do jednego z dw\u00f3ch oboz\u00f3w Sum\u00f3w lub Szczupak\u00f3w. Praca z Quentina Express, napisana w godzin\u0119. Komentarz Kapitu\u0142y:\u00a0Przygoda na podstawie znanej copypasty o ojcu, fantatyku w\u0119dkarstwa, w konwencji nasuwaj\u0105cej<a class=\"more-link button\" href=\"https:\/\/www.quentinrpg.pl\/?page_id=5512\">Czytaj dalej&#8230;<\/a><\/p>\n","protected":false},"author":11112,"featured_media":0,"parent":0,"menu_order":0,"comment_status":"closed","ping_status":"closed","template":"","meta":{"footnotes":""},"categories":[41,87,47,40,39,38,37,54,19],"tags":[],"class_list":["post-5512","page","type-page","status-publish","hentry","category-1-gracz","category-max-1-sesja","category-1-sesja-plus","category-2-graczy","category-3-graczy","category-4-graczy","category-5-graczy","category-inne","category-scenariusze"],"_links":{"self":[{"href":"https:\/\/www.quentinrpg.pl\/index.php?rest_route=\/wp\/v2\/pages\/5512","targetHints":{"allow":["GET"]}}],"collection":[{"href":"https:\/\/www.quentinrpg.pl\/index.php?rest_route=\/wp\/v2\/pages"}],"about":[{"href":"https:\/\/www.quentinrpg.pl\/index.php?rest_route=\/wp\/v2\/types\/page"}],"author":[{"embeddable":true,"href":"https:\/\/www.quentinrpg.pl\/index.php?rest_route=\/wp\/v2\/users\/11112"}],"replies":[{"embeddable":true,"href":"https:\/\/www.quentinrpg.pl\/index.php?rest_route=%2Fwp%2Fv2%2Fcomments&post=5512"}],"version-history":[{"count":5,"href":"https:\/\/www.quentinrpg.pl\/index.php?rest_route=\/wp\/v2\/pages\/5512\/revisions"}],"predecessor-version":[{"id":5530,"href":"https:\/\/www.quentinrpg.pl\/index.php?rest_route=\/wp\/v2\/pages\/5512\/revisions\/5530"}],"wp:attachment":[{"href":"https:\/\/www.quentinrpg.pl\/index.php?rest_route=%2Fwp%2Fv2%2Fmedia&parent=5512"}],"wp:term":[{"taxonomy":"category","embeddable":true,"href":"https:\/\/www.quentinrpg.pl\/index.php?rest_route=%2Fwp%2Fv2%2Fcategories&post=5512"},{"taxonomy":"post_tag","embeddable":true,"href":"https:\/\/www.quentinrpg.pl\/index.php?rest_route=%2Fwp%2Fv2%2Ftags&post=5512"}],"curies":[{"name":"wp","href":"https:\/\/api.w.org\/{rel}","templated":true}]}}