{"id":5515,"date":"2021-10-04T10:19:32","date_gmt":"2021-10-04T08:19:32","guid":{"rendered":"https:\/\/www.quentinrpg.pl\/?page_id=5515"},"modified":"2021-10-04T10:19:55","modified_gmt":"2021-10-04T08:19:55","slug":"rybia-plaga-2","status":"publish","type":"page","link":"https:\/\/www.quentinrpg.pl\/?page_id=5515","title":{"rendered":"Rybia plaga"},"content":{"rendered":"\n<h4 class=\"wp-block-heading\"><a href=\"https:\/\/www.quentinrpg.pl\/wp-content\/uploads\/2021\/10\/Rybia-plaga.pdf\" data-type=\"URL\" data-id=\"https:\/\/www.quentinrpg.pl\/wp-content\/uploads\/2021\/10\/Rybia-plaga.pdf\">Rybia plaga<\/a>\u00a0\u2013 Izma<\/h4>\n\n\n\n<p><strong>Edycja:&nbsp;<\/strong><a href=\"https:\/\/www.quentinrpg.pl\/?page_id=4679\">Express 2021<\/a><\/p>\n\n\n\n<p><strong>System:\u00a0<\/strong>dowolny<\/p>\n\n\n\n<p><strong>Setting:\u00a0<\/strong>czasy wsp\u00f3\u0142czesne<\/p>\n\n\n\n<p><strong>Gotowa mechanika:\u00a0<\/strong>brak<\/p>\n\n\n\n<p><strong>Liczba graczy:\u00a0<\/strong>2-5<\/p>\n\n\n\n<p><strong>Gotowe postacie:\u00a0<\/strong>Nie<\/p>\n\n\n\n<p><strong>Liczba sesji:\u00a0<\/strong>1<\/p>\n\n\n\n<p><strong>Opis:<\/strong>\u00a0W wiosce rybackiej ostatnimi czasy znikaj\u0105 ludzie. Postaci graczy b\u0119d\u0119 sk\u0142onni zainteresowa\u0107 si\u0119 spraw\u0105 znikni\u0119cia ojca i wuja jednego z nich, a co odkryj\u0105 w pobliskich lasach to ju\u017c ich zmartwienie i sprawa co z tym zrobi\u0105.<\/p>\n\n\n\n<p>Praca z Quentina Express, napisana w godzin\u0119.<\/p>\n\n\n\n<p><strong>Komentarz Kapitu\u0142y:<\/strong>\u00a0Scenariusz po\u015bwi\u0119ca du\u017co uwagi na opisy. Nie polecamy tego rozwi\u0105zania przy pisaniu przygody w godzin\u0119, niemniej&#8230; w &#8222;Rybiej pladze&#8221; opisy razem z nieoczekiwanym, krwawym zwrotem akcji wp\u0142ywaj\u0105 na niepokoj\u0105cy klimat, poczucie, \u017ce co\u015b jest nie tak. Mieli\u015bmy w Kapitule skojarzenia z <em>midnight movies<\/em>. Poza wst\u0119pem przygoda sk\u0142ada si\u0119 z jednego, otwartego wyzwania, co jest ca\u0142kiem solidn\u0105 opcj\u0105 dla scenariusza do rozegrania podczas jednej, kr\u00f3tkiej sesji.<\/p>\n","protected":false},"excerpt":{"rendered":"<p>Rybia plaga\u00a0\u2013 Izma Edycja:&nbsp;Express 2021 System:\u00a0dowolny Setting:\u00a0czasy wsp\u00f3\u0142czesne Gotowa mechanika:\u00a0brak Liczba graczy:\u00a02-5 Gotowe postacie:\u00a0Nie Liczba sesji:\u00a01 Opis:\u00a0W wiosce rybackiej ostatnimi czasy znikaj\u0105 ludzie. Postaci graczy b\u0119d\u0119 sk\u0142onni zainteresowa\u0107 si\u0119 spraw\u0105 znikni\u0119cia ojca i wuja jednego z nich, a co odkryj\u0105 w pobliskich lasach to ju\u017c ich zmartwienie i sprawa co z tym zrobi\u0105. Praca z<a class=\"more-link button\" href=\"https:\/\/www.quentinrpg.pl\/?page_id=5515\">Czytaj dalej&#8230;<\/a><\/p>\n","protected":false},"author":11112,"featured_media":0,"parent":0,"menu_order":0,"comment_status":"closed","ping_status":"closed","template":"","meta":{"footnotes":""},"categories":[87,47,40,39,38,37,54,19],"tags":[],"class_list":["post-5515","page","type-page","status-publish","hentry","category-max-1-sesja","category-1-sesja-plus","category-2-graczy","category-3-graczy","category-4-graczy","category-5-graczy","category-inne","category-scenariusze"],"_links":{"self":[{"href":"https:\/\/www.quentinrpg.pl\/index.php?rest_route=\/wp\/v2\/pages\/5515","targetHints":{"allow":["GET"]}}],"collection":[{"href":"https:\/\/www.quentinrpg.pl\/index.php?rest_route=\/wp\/v2\/pages"}],"about":[{"href":"https:\/\/www.quentinrpg.pl\/index.php?rest_route=\/wp\/v2\/types\/page"}],"author":[{"embeddable":true,"href":"https:\/\/www.quentinrpg.pl\/index.php?rest_route=\/wp\/v2\/users\/11112"}],"replies":[{"embeddable":true,"href":"https:\/\/www.quentinrpg.pl\/index.php?rest_route=%2Fwp%2Fv2%2Fcomments&post=5515"}],"version-history":[{"count":1,"href":"https:\/\/www.quentinrpg.pl\/index.php?rest_route=\/wp\/v2\/pages\/5515\/revisions"}],"predecessor-version":[{"id":5525,"href":"https:\/\/www.quentinrpg.pl\/index.php?rest_route=\/wp\/v2\/pages\/5515\/revisions\/5525"}],"wp:attachment":[{"href":"https:\/\/www.quentinrpg.pl\/index.php?rest_route=%2Fwp%2Fv2%2Fmedia&parent=5515"}],"wp:term":[{"taxonomy":"category","embeddable":true,"href":"https:\/\/www.quentinrpg.pl\/index.php?rest_route=%2Fwp%2Fv2%2Fcategories&post=5515"},{"taxonomy":"post_tag","embeddable":true,"href":"https:\/\/www.quentinrpg.pl\/index.php?rest_route=%2Fwp%2Fv2%2Ftags&post=5515"}],"curies":[{"name":"wp","href":"https:\/\/api.w.org\/{rel}","templated":true}]}}