{"id":5516,"date":"2021-10-04T10:03:26","date_gmt":"2021-10-04T08:03:26","guid":{"rendered":"https:\/\/www.quentinrpg.pl\/?page_id=5516"},"modified":"2021-10-04T10:04:57","modified_gmt":"2021-10-04T08:04:57","slug":"express-template","status":"publish","type":"page","link":"https:\/\/www.quentinrpg.pl\/?page_id=5516","title":{"rendered":"Najlepsi przyjaciele cz\u0142owieka"},"content":{"rendered":"\n<h1 class=\"wp-block-heading\">Zwyci\u0119zca Quentina Express<\/h1>\n\n\n\n<h4 class=\"wp-block-heading\"><a href=\"https:\/\/www.quentinrpg.pl\/wp-content\/uploads\/2021\/10\/Najlepsi-przyjaciele-czlowieka.odt\" data-type=\"URL\" data-id=\"https:\/\/www.quentinrpg.pl\/wp-content\/uploads\/2021\/10\/Najlepsi-przyjaciele-czlowieka.odt\">Najlepsi przyjaciele cz\u0142owieka<\/a> \u2013 Jakub &#8222;Gachu&#8221; Gachowski<\/h4>\n\n\n\n<p><strong>Edycja: <\/strong><a href=\"https:\/\/www.quentinrpg.pl\/?page_id=4679\" data-type=\"page\" data-id=\"4679\">Express 2021<\/a><\/p>\n\n\n\n<p><strong>System: <\/strong>autorski<\/p>\n\n\n\n<p><strong>Setting: <\/strong>mieszkanie<\/p>\n\n\n\n<p><strong>Gotowa mechanika: <\/strong>pe\u0142ne zasady gry<\/p>\n\n\n\n<p><strong>Liczba graczy: <\/strong>1-4<\/p>\n\n\n\n<p><strong>Gotowe postacie: <\/strong>Tak!<\/p>\n\n\n\n<p><strong>Liczba sesji: <\/strong>1<\/p>\n\n\n\n<p><strong><b>Opis<\/b>:<\/strong> Znany ichtiolog \u2013 profesor Alojzy Sum stworzy\u0142 nowy gatunek z\u0142otej rybki \u2013 srebrn\u0105 z\u0142ot\u0105 rybk\u0119! Brzmi absurdalnie, ale tak wyj\u0105tkowe odkrycie przyci\u0105gn\u0119\u0142o uwag\u0119 Witolda Szczupaka. Witold to nikczemny rywal profesora, kt\u00f3ry wkr\u00f3tce w\u0142amie si\u0119 do mieszkania Alojzego z zamiarem ukradni\u0119cia srebrnej z\u0142otej rybki! Na szcz\u0119\u015bcie wierne zwierzaki domowe Alojzego wyczuwaj\u0105 niebezpiecze\u0144stwo i ju\u017c szykuj\u0105 si\u0119 na powstrzymanie w\u0142amywacza!<\/p>\n\n\n\n<p>Praca z Quentina Express, napisana w godzin\u0119.<\/p>\n\n\n\n<p><strong>Komentarz Kapitu\u0142y:<\/strong> Mamy konflikt, mamy dramaturgi\u0119 (g\u0142\u00f3wny z\u0142y wzywa wsparcie), mamy uroczy pomys\u0142 i otwarte wyzwanie dla graczy. Czego chcie\u0107 wi\u0119cej? Mo\u017ce dok\u0142adniejszego opisu mieszkania, w kt\u00f3rym toczy si\u0119 akcja \u2013  ale i bez niego wszyscy powinni si\u0119 dobrze bawi\u0107. Kr\u00f3tka i zabawna przygoda imprezowa, naszym zdaniem zas\u0142uguj\u0105ca na zwyci\u0119stwo w konkursie.<\/p>\n","protected":false},"excerpt":{"rendered":"<p>Zwyci\u0119zca Quentina Express Najlepsi przyjaciele cz\u0142owieka \u2013 Jakub &#8222;Gachu&#8221; Gachowski Edycja: Express 2021 System: autorski Setting: mieszkanie Gotowa mechanika: pe\u0142ne zasady gry Liczba graczy: 1-4 Gotowe postacie: Tak! Liczba sesji: 1 Opis: Znany ichtiolog \u2013 profesor Alojzy Sum stworzy\u0142 nowy gatunek z\u0142otej rybki \u2013 srebrn\u0105 z\u0142ot\u0105 rybk\u0119! Brzmi absurdalnie, ale tak wyj\u0105tkowe odkrycie przyci\u0105gn\u0119\u0142o uwag\u0119<a class=\"more-link button\" href=\"https:\/\/www.quentinrpg.pl\/?page_id=5516\">Czytaj dalej&#8230;<\/a><\/p>\n","protected":false},"author":11112,"featured_media":0,"parent":0,"menu_order":0,"comment_status":"closed","ping_status":"closed","template":"","meta":{"footnotes":""},"categories":[41,87,47,40,39,38,59,54,19],"tags":[],"class_list":["post-5516","page","type-page","status-publish","hentry","category-1-gracz","category-max-1-sesja","category-1-sesja-plus","category-2-graczy","category-3-graczy","category-4-graczy","category-finalisci","category-inne","category-scenariusze"],"_links":{"self":[{"href":"https:\/\/www.quentinrpg.pl\/index.php?rest_route=\/wp\/v2\/pages\/5516","targetHints":{"allow":["GET"]}}],"collection":[{"href":"https:\/\/www.quentinrpg.pl\/index.php?rest_route=\/wp\/v2\/pages"}],"about":[{"href":"https:\/\/www.quentinrpg.pl\/index.php?rest_route=\/wp\/v2\/types\/page"}],"author":[{"embeddable":true,"href":"https:\/\/www.quentinrpg.pl\/index.php?rest_route=\/wp\/v2\/users\/11112"}],"replies":[{"embeddable":true,"href":"https:\/\/www.quentinrpg.pl\/index.php?rest_route=%2Fwp%2Fv2%2Fcomments&post=5516"}],"version-history":[{"count":4,"href":"https:\/\/www.quentinrpg.pl\/index.php?rest_route=\/wp\/v2\/pages\/5516\/revisions"}],"predecessor-version":[{"id":5524,"href":"https:\/\/www.quentinrpg.pl\/index.php?rest_route=\/wp\/v2\/pages\/5516\/revisions\/5524"}],"wp:attachment":[{"href":"https:\/\/www.quentinrpg.pl\/index.php?rest_route=%2Fwp%2Fv2%2Fmedia&parent=5516"}],"wp:term":[{"taxonomy":"category","embeddable":true,"href":"https:\/\/www.quentinrpg.pl\/index.php?rest_route=%2Fwp%2Fv2%2Fcategories&post=5516"},{"taxonomy":"post_tag","embeddable":true,"href":"https:\/\/www.quentinrpg.pl\/index.php?rest_route=%2Fwp%2Fv2%2Ftags&post=5516"}],"curies":[{"name":"wp","href":"https:\/\/api.w.org\/{rel}","templated":true}]}}