{"id":5803,"date":"2022-03-25T15:02:23","date_gmt":"2022-03-25T13:02:23","guid":{"rendered":"https:\/\/www.quentinrpg.pl\/?page_id=5803"},"modified":"2024-11-30T20:11:20","modified_gmt":"2024-11-30T18:11:20","slug":"wojtek-rosinski","status":"publish","type":"page","link":"https:\/\/www.quentinrpg.pl\/?page_id=5803","title":{"rendered":"Wojtek Rosi\u0144ski"},"content":{"rendered":"<p align=\"justify\"><a href=\"https:\/\/www.quentinrpg.pl\/wp-content\/uploads\/2022\/03\/wr.jpg\"><img loading=\"lazy\" decoding=\"async\" class=\"wp-image-5804 size-medium alignright\" src=\"https:\/\/www.quentinrpg.pl\/wp-content\/uploads\/2022\/03\/wr-199x300.jpg\" alt=\"\" width=\"199\" height=\"300\" srcset=\"https:\/\/www.quentinrpg.pl\/wp-content\/uploads\/2022\/03\/wr-199x300.jpg 199w, https:\/\/www.quentinrpg.pl\/wp-content\/uploads\/2022\/03\/wr.jpg 512w\" sizes=\"auto, (max-width: 199px) 100vw, 199px\" \/><\/a><\/p>\n<p>Jestem autorem pierwszej wydanej fizycznie (i to w pude\u0142ku) polskiej gry z nurtu\u00a0OSR czyli <a href=\"https:\/\/iliketoasts.itch.io\/azs\">Zabi\u0107 Smoka!<\/a>. Nie oznacza to jednak, \u017ce inne style gry nie s\u0105 bliskie memu sercu, w ko\u0144cu kto nie lubi raz w czas zagra\u0107 sesyjki w Warhammera.\u00a0Kocham tw\u00f3rczy aspekt RPG zar\u00f3wno pisanie przyg\u00f3d i rysowanie map jak i improwizacj\u0119 w trakcie sesji. Poza RPG odk\u0105d pami\u0119tam jestem zakochany w deskorolce, kinie oraz grach video. Ca\u0142kiem mo\u017cliwe, \u017ce w \u017cyciu przeczyta\u0142em wi\u0119cej dymkowego tekstu ni\u017c ksi\u0105\u017cek.<\/p>\n<p>Na prac\u0119 b\u0119d\u0119 patrzy\u0107 pod k\u0105tem\u00a0game\u00a0designu. Pi\u0119kny j\u0119zyk oraz innowacyjno\u015b\u0107 s\u0105 du\u017cymi atutami, jednak\u017ce najwa\u017cniejsza dla mnie jest rozgrywka, kt\u00f3r\u0105 tekst pozwoli poprowadzi\u0107.<\/p>\n<h2>To, co na pewno doceni\u0119:<\/h2>\n<ul>\n<li>zrozumienie oraz wykorzystanie zasad i konwencji systemu, do kt\u00f3rego napisana zosta\u0142a przygoda,<\/li>\n<li>dobrze zaprojektowane lokacje, najlepiej z odpowiednimi mapami,<\/li>\n<li>ciekawych, jednak koniecznie odgrywaj\u0105cych rol\u0119 drugoplanow\u0105 w stosunku do bohater\u00f3w graczy NPC,<\/li>\n<li>ciekawe wyzwania zar\u00f3wno dla bohater\u00f3w jak i graczy,<\/li>\n<li>elementy motywuj\u0105ce graczy do odgrywania postaci oraz improwizacji,<\/li>\n<li>modularno\u015b\u0107 pozwalaj\u0105c\u0105 zaczerpn\u0105\u0107 z tekstu konkretne elementy, nawet je\u017celi nie zdecydujemy si\u0119 go poprowadzi\u0107 w ca\u0142o\u015bci.<\/li>\n<\/ul>\n<h2>To, co na pewno nie przypadnie mi do gustu:<\/h2>\n<ul>\n<li>robienie z postaci graczy ofiar zamiast bohater\u00f3w,<\/li>\n<li>spychanie graczy do roli obserwator\u00f3w waszego opowiadania,<\/li>\n<li>nieprzemy\u015blane testy (je\u017celi do wyboru s\u0105 dwie opcje, ale jedna, wymaga testu niemo\u017cliwego do zdania, to de facto jest jedna opcja),<\/li>\n<li>wyzwania oraz sytuacje z wy\u0142\u0105cznie jednym rozwi\u0105zaniem,<\/li>\n<li>przygody z konkretnym \u201eprzekazem\u201d.<\/li>\n<\/ul>\n","protected":false},"excerpt":{"rendered":"<p>Jestem autorem pierwszej wydanej fizycznie (i to w pude\u0142ku) polskiej gry z nurtu\u00a0OSR czyli Zabi\u0107 Smoka!. Nie oznacza to jednak, \u017ce inne style gry nie s\u0105 bliskie memu sercu, w ko\u0144cu kto nie lubi raz w czas zagra\u0107 sesyjki w Warhammera.\u00a0Kocham tw\u00f3rczy aspekt RPG zar\u00f3wno pisanie przyg\u00f3d i rysowanie map jak i improwizacj\u0119 w trakcie<a class=\"more-link button\" href=\"https:\/\/www.quentinrpg.pl\/?page_id=5803\">Czytaj dalej&#8230;<\/a><\/p>\n","protected":false},"author":11112,"featured_media":0,"parent":0,"menu_order":0,"comment_status":"closed","ping_status":"closed","template":"","meta":{"footnotes":""},"categories":[3],"tags":[],"class_list":["post-5803","page","type-page","status-publish","hentry","category-kapitula"],"_links":{"self":[{"href":"https:\/\/www.quentinrpg.pl\/index.php?rest_route=\/wp\/v2\/pages\/5803","targetHints":{"allow":["GET"]}}],"collection":[{"href":"https:\/\/www.quentinrpg.pl\/index.php?rest_route=\/wp\/v2\/pages"}],"about":[{"href":"https:\/\/www.quentinrpg.pl\/index.php?rest_route=\/wp\/v2\/types\/page"}],"author":[{"embeddable":true,"href":"https:\/\/www.quentinrpg.pl\/index.php?rest_route=\/wp\/v2\/users\/11112"}],"replies":[{"embeddable":true,"href":"https:\/\/www.quentinrpg.pl\/index.php?rest_route=%2Fwp%2Fv2%2Fcomments&post=5803"}],"version-history":[{"count":4,"href":"https:\/\/www.quentinrpg.pl\/index.php?rest_route=\/wp\/v2\/pages\/5803\/revisions"}],"predecessor-version":[{"id":6584,"href":"https:\/\/www.quentinrpg.pl\/index.php?rest_route=\/wp\/v2\/pages\/5803\/revisions\/6584"}],"wp:attachment":[{"href":"https:\/\/www.quentinrpg.pl\/index.php?rest_route=%2Fwp%2Fv2%2Fmedia&parent=5803"}],"wp:term":[{"taxonomy":"category","embeddable":true,"href":"https:\/\/www.quentinrpg.pl\/index.php?rest_route=%2Fwp%2Fv2%2Fcategories&post=5803"},{"taxonomy":"post_tag","embeddable":true,"href":"https:\/\/www.quentinrpg.pl\/index.php?rest_route=%2Fwp%2Fv2%2Ftags&post=5803"}],"curies":[{"name":"wp","href":"https:\/\/api.w.org\/{rel}","templated":true}]}}