{"id":5892,"date":"2022-09-01T07:25:07","date_gmt":"2022-09-01T05:25:07","guid":{"rendered":"https:\/\/www.quentinrpg.pl\/?page_id=5892"},"modified":"2023-02-24T20:27:51","modified_gmt":"2023-02-24T18:27:51","slug":"rosol-z-kuroliszka","status":"publish","type":"page","link":"https:\/\/www.quentinrpg.pl\/?page_id=5892","title":{"rendered":"Ros\u00f3\u0142 z Kuroliszka"},"content":{"rendered":"\n<h2 class=\"wp-block-heading\"><strong>Zwyci\u0119zca 2022<\/strong><\/h2>\n\n\n\n<h4 class=\"wp-block-heading\">Ros\u00f3\u0142 z Kuroliszka \u2013 Przemys\u0142aw Fr\u0105ckowiak-Szyma\u0144ski<\/h4>\n\n\n\n<div class=\"wp-block-file\"><a id=\"wp-block-file--media-28df830d-30a4-425b-8166-ceed70b145a2\" href=\"https:\/\/www.quentinrpg.pl\/wp-content\/uploads\/2022\/08\/Rosol.pdf\" target=\"_blank\" rel=\"noreferrer noopener\">Rosol<\/a><a href=\"https:\/\/www.quentinrpg.pl\/wp-content\/uploads\/2022\/08\/Rosol.pdf\" class=\"wp-block-file__button\" download aria-describedby=\"wp-block-file--media-28df830d-30a4-425b-8166-ceed70b145a2\">Download<\/a><\/div>\n\n\n\n<p><strong>Edycja: <\/strong><a href=\"https:\/\/www.quentinrpg.pl\/?page_id=5825\">2022<\/a><\/p>\n\n\n\n<p><strong>System: <\/strong>DnD 5E<\/p>\n\n\n\n<p><strong>Setting: <\/strong>dowolny<\/p>\n\n\n\n<p><strong>Liczba os\u00f3b graj\u0105cych:<\/strong> 2-4<\/p>\n\n\n\n<p><strong>Gotowe postacie: <\/strong>tak<\/p>\n\n\n\n<p><strong>Liczba sesji: <\/strong>2+<\/p>\n\n\n\n<p><strong>Dodatki:<\/strong> <\/p>\n\n\n\n<div class=\"wp-block-file\"><a id=\"wp-block-file--media-8a82530f-55d6-445b-a388-67b041d21138\" href=\"https:\/\/www.quentinrpg.pl\/wp-content\/uploads\/2022\/08\/pomoce.zip\">pomoce<\/a><a href=\"https:\/\/www.quentinrpg.pl\/wp-content\/uploads\/2022\/08\/pomoce.zip\" class=\"wp-block-file__button\" download aria-describedby=\"wp-block-file--media-8a82530f-55d6-445b-a388-67b041d21138\">Download<\/a><\/div>\n\n\n\n<p><strong><b>Opis:<\/b><\/strong><\/p>\n\n\n\n<p>Dru\u017cyna przyst\u0119puje do konkursu na najlepszy ros\u00f3\u0142 z kuroliszka, a przy okazji odkrywa intryg\u0119 z udzia\u0142em paru diab\u0142\u00f3w.<\/p>\n\n\n\n<p>Triggery: demonologia, polowania, porwanie, \u015bmier\u0107 z wyczerpania, &#8222;eliksir mi\u0142o\u015bci&#8221;, (opcjonalny) flirt<br><\/p>\n\n\n\n<div class=\"sp-wrap sp-wrap-default\">\n<div class=\"sp-head\" title=\"Expand\">\nPoka\u017c komentarze kapitu\u0142y\n<\/div>\n<div class=\"sp-body folded\">\n<\/p>\n<h3 class=\"wp-block-heading\">Marysia Borys-Pi\u0105tkowska<\/h3>\n<h3 class=\"wp-block-heading\">Piotr Cichy<\/h3>\n<p>\u0141adnie z\u0142o\u017cony dokument z elektronicznym spisem tre\u015bci, mapkami i obrazkami \u2013 estetycznie i wygodnie. Cho\u0107 oceniaj\u0105c prace w tym konkursie, skupiamy si\u0119 na tre\u015bci, strona wizualna te\u017c mo\u017ce mie\u0107 pewne znaczenie.<\/p>\n<p>Tematyka kulinarna przywodzi na my\u015bl system Beszamel. My\u015bl\u0119, \u017ce ten scenariusz znakomicie by si\u0119 nadawa\u0142 do poprowadzenia go w tym settingu. Podejrzewam, \u017ce autor wybra\u0142 D&amp;D 5 edycj\u0119 jako du\u017co popularniejsz\u0105 opcj\u0119 i trudno si\u0119 dziwi\u0107. Wielobarwno\u015b\u0107 ras postaci i odjazdowa tematyka wpisuj\u0105 si\u0119 w ostatnie dodatki do D&amp;D5 \u201eJourneys through the Radiant Citadel\u201d czy \u201eThe Wild Beyond the Witchlight\u201d.<\/p>\n<p>Ucieszy\u0142em si\u0119, widz\u0105c na pocz\u0105tku dokumentu nag\u0142\u00f3wek Streszczenie. Uwa\u017cam, \u017ce jest to przydatny element dobrego scenariusza. Niestety okaza\u0142o si\u0119, \u017ce nag\u0142\u00f3wek nie mia\u0142 wiele wsp\u00f3lnego z tre\u015bci\u0105 tego fragmentu, kt\u00f3ry by\u0142 ci\u0105giem dalszym t\u0142a przygody. Szkoda.<\/p>\n<p>Doceniam wra\u017cliwo\u015b\u0107, \u017ce nie ka\u017cdego b\u0119d\u0105 bawi\u0107 \u017carty o zabarwieniu erotycznym i wyra\u017ane oznaczenie ich jako opcjonalnych.<\/p>\n<p>Zreszt\u0105 w og\u00f3le podoba mi si\u0119 humor w tym scenariuszu. Czytaj\u0105c tekst, co i rusz si\u0119 u\u015bmiecha\u0142em, a par\u0119 razy wybuch\u0142em nawet g\u0142o\u015bno \u015bmiechem. Nie jestem pewien, ile z tego uda si\u0119 przekaza\u0107 graczom na sesji, ale lektura jest sympatyczna.<\/p>\n<p>Troch\u0119 za du\u017co grup rywali. My\u015bl\u0119, \u017ce na sesji naprawd\u0119 trudno b\u0119dzie ogarn\u0105\u0107 a\u017c siedem dodatkowych grup (a potencjalnie nawet osiem, jak gotowe postacie zostan\u0105 zgodnie z sugesti\u0105 u\u017cyte jako bohaterowie niezale\u017cni). Moim zdaniem spokojnie wystarczy\u0142yby np. trzy. Tak\u017ce innych NPC\u00f3w jest zbyt wielu. S\u0105 fajni i barwni, mo\u017cna uzna\u0107, \u017ce to pula, z kt\u00f3rej MG mo\u017ce wybra\u0107 tych, kt\u00f3rych u\u017cyje na sesji.<\/p>\n<p>Bardzo mi si\u0119 podoba szczeg\u00f3\u0142owo rozpisana i dobrze przemy\u015blana mechanika oceniania tytu\u0142owego roso\u0142u. Skoro jest to centralny element przygody, to doceniam, \u017ce nie potraktowano tego po macoszemu. Wspiera kombinowanie i r\u00f3\u017cne w\u0105tki w scenariuszu. Gracze od pocz\u0105tku wiedz\u0105, co b\u0119dzie oceniane, a p\u00f3\u017aniej mog\u0105 zdoby\u0107 dalsze pomocne informacje.<\/p>\n<p>Sama cz\u0119\u015b\u0107 w wiosce wystarczy\u0142aby za gotow\u0105 przygod\u0119. Rozpisana okolica i poszczeg\u00f3lne lokacje do odwiedzenia podnosz\u0105 w moich oczach scenariusz naprawd\u0119 wysoko. Lokacje z mapkami do walki przydadz\u0105 si\u0119 osobom lubi\u0105cym element taktyczny w D&amp;D5.<\/p>\n<p>Og\u00f3lnie jestem pod wielkim urokiem tego scenariusza. Bardzo jestem ciekaw, jak sprawdzi\u0142by si\u0119 w praktyce (mo\u017ce kiedy\u015b go wypr\u00f3buj\u0119?), bo troch\u0119 si\u0119 boj\u0119, \u017ce nie wszystko uda\u0142oby si\u0119 odpowiednio przedstawi\u0107 graczom. Ale podejrzewam, \u017ce przy sprawnym MG i drobnych modyfikacjach mog\u0105 z tego wyj\u015b\u0107 2-3 sesje wybornej zabawy.<\/p>\n<h3 class=\"wp-block-heading\">Pawe\u0142 Jakub Domownik<\/h3>\n<p>Ros\u00f3\u0142 z kuroliszka jest zabawny, jest grywalny i ma \u015bwietne \u015bwie\u017ce pomys\u0142y. To doskona\u0142e dedeczki.&nbsp;<\/p>\n<p>Podoba mi si\u0119:<\/p>\n<ul class=\"wp-block-list\">\n<li>Porz\u0105dne wprowadzenie, streszczenie i zach\u0119ta do tego, \u017ceby MG jasno i wyra\u017anie komunikowa\u0142 swoje zamierzenia graczom.<\/li>\n<li>Klasyczny motyw wioski zawieraj\u0105cej pakt z mrocznymi si\u0142ami, bardzo fajnie u\u017cyty. W og\u00f3le jestem fanem lokalnego diabo\u0142a.<\/li>\n<li>Przygotowany front wydarze\u0144 niezale\u017cnych, kt\u00f3r\u0119 popychaj\u0105 fabu\u0142\u0119 do przodu.<\/li>\n<li>Super tabelk\u0105 pokazuj\u0105ca up\u0142yw czasu z podzia\u0142em na w\u0105tki<\/li>\n<li>Bardzo fajne atrakcje festiwalowe :), chocia\u017c dobrze by by\u0142o jakby poza kie\u0142baska z grilla mo\u017cna by wygra\u0107 co\u015b zwi\u0105zanego z plotem<\/li>\n<li>Swobodna sandboxowa eksploracja doliny.&nbsp;&nbsp;<\/li>\n<li>Przezabawne encountery \u2013 mo\u017cemy tu zmierzy\u0107 si\u0119 z pstr\u0105go\u0142akami i wampirycznymi \u015bwistakami. Te proste reskiny z drobnymi modyfikacjami robi\u0105 robot\u0119 je\u015bli chodzi o ma\u0142a r\u00f3\u017cnorodno\u015b\u0107 przeciwnik\u00f3w na niskich levelach. Bardzo podoba mi si\u0119 okre\u015blaniu celu w starciu.<\/li>\n<li>Fajne tabele plotek i questy poboczne<\/li>\n<li>Bardzo porz\u0105dne opracowanie mechaniczne, Autor\/autorka dba o to, \u017ceby przyda\u0142y si\u0119 nawet rzadziej u\u017cywane umiejki. \u015awietny ruch np. z mo\u017cliwo\u015bci\u0105 oceny przydatno\u015bci kuroliszka przed upolowaniem go.&nbsp;<\/li>\n<\/ul>\n<p>Uwa\u017cam, \u017ce nale\u017cy poprawi\u0107:&nbsp;<\/p>\n<ul class=\"wp-block-list\">\n<li>Skoro ju\u017c dajemy graczom gotowe postacie mo\u017cna pokusi\u0107 si\u0119 o mocniejsze zwi\u0105zanie ich z fabu\u0142a.<\/li>\n<li>Szumnie zapowiadane na pocz\u0105tku w\u0105tki erotyczne s\u0105 troch\u0119 mokrym kapiszonem Nale\u017ca\u0142oby je rozbudowa\u0107 albo wyrzuci\u0107 w ca\u0142o\u015bci.<\/li>\n<li>Miejscami szwankuje kolejno\u015b\u0107 przekazywania informacji. Dowiadujemy si\u0119 np. co zrobi\u0105 \u201eczujne oka\u201d i \u201ezakon chochli\u201d, zanim wiemy kim s\u0105.&nbsp;<\/li>\n<li>Jest tu bardzo du\u017co opis\u00f3w rywali i NPC-\u00f3w to super. Jednak pr\u00f3ba wykorzystania ich wszystkich na jednej sesji mo\u017ce zje\u015b\u0107 katastrofalnie du\u017co czasu.<\/li>\n<li>System craftingu\/gotowania jest w gornej granicy komplikacji, kt\u00f3ra ja osobi\u015bcie mog\u0119 znie\u015b\u0107.<\/li>\n<li>Mo\u017cliwe zako\u0144czenia \u2014 np to z pojawieniem si\u0119 diablicy s\u0105 nieco deus ex machina.<\/li>\n<\/ul>\n<p>Mam wra\u017cenie, \u017ce projektanci erpeg\u00f3w od jakiego\u015b czasu pr\u00f3buj\u0105 skutecznie przenie\u015b\u0107 sensowny z system craftingu z gier komputerowych zazwyczaj z op\u0142akanym skutkiem. Ros\u00f3\u0142 z Kuroliszka flirtuje z bardzo w\u0105skim uj\u0119ciem tego pomys\u0142u i dzi\u0119ki temu wychodzi z tej pr\u00f3by zwyci\u0119sko. Te fajne lekkie i zabawne dedeczki :), kt\u00f3re mimo pewnych niedoci\u0105gni\u0119\u0107 \u2014 maj\u0105 m\u00f3j g\u0142os.<\/p>\n<h3 class=\"wp-block-heading\">Ola Durlej<\/h3>\n<h3 class=\"wp-block-heading\">Marek Golonka&nbsp;<\/h3>\n<h3 class=\"wp-block-heading\">Patrycja Olchowy<\/h3>\n<p>To s\u0105 takie dedeczki, jakie ja bardzo lubi\u0119 i doceniam. \u015awietnie spisany scenariusz, zawieraj\u0105cy wszystkie niezb\u0119dne elementy tekstu u\u017cytkowego, a jednocze\u015bnie dostarczaj\u0105cy mn\u00f3stwo dodatkowego dobra. Znajdziemy tu i dedykowane mapy, rozpisane spotkania i mo\u017cliwe walki, tabele losowe oraz system oceniania konkursowego roso\u0142u. Urzek\u0142 mnie humor oraz ton ca\u0142ej przygody, wida\u0107 \u017ce osobie autorskiej nie sprawia problemu poruszanie si\u0119 po meandrach mechaniki 5e, a jednocze\u015bnie nie obawia si\u0119 tego, \u017ce odej\u015bcie od lore\u2019u czy konkretnej zasady popsuje zabaw\u0119 graczom. Chcia\u0142oby si\u0119 w Ros\u00f3\u0142 z Kuroliszka pogra\u0107 d\u0142u\u017cej i poeksplorowa\u0107 wszystkie w\u0105tki &#8211; bo naprawd\u0119 jest co! Jeden z moich faworyt\u00f3w tej edycji.&nbsp;<\/p>\n<h3 class=\"wp-block-heading\">Wojciech Rosi\u0144ski<\/h3>\n<p>Lu\u017ana przygoda do D&amp;D 5e daj\u0105ca graczom du\u017co swobody. Wida\u0107, \u017ce autor w\u0142o\u017cy\u0142 du\u017co wysi\u0142ku w mechaniczne przygotowanie przygody a do tego du\u017ca cz\u0119\u015b\u0107 element\u00f3w przygody nadaje si\u0119 do wykorzystania poza ni\u0105 (zaproponowane starcia czy lokacje nieopodal miasteczka). Z mojego punktu widzenia na przygod\u0119 sk\u0142adaj\u0105 si\u0119 trzy w\u0105tki. Nie s\u0105 z\u0142e ale mo\u017cna by w nich poprawi\u0107 pewne elementy.<\/p>\n<p>Dochodzenie zaprojektowane za pomoc\u0105 node\u00f3w a nie dziej\u0105cych si\u0119 po kolei zdarze\u0144 u\u0142atwi\u0142oby wci\u0105gni\u0119cie w nie graczy.<\/p>\n<p>Na eksploracj\u0119 okolicy nie ma za du\u017co czasu (zak\u0142adaj\u0105c 8h marszu na dzie\u0144 jak w 5e RAW) a lokacje s\u0105 troch\u0119 za proste. To dungeons &amp; dragons, przyda\u0142by si\u0119 chocia\u017c jeden loch z prawdziwego zdarzenia.<\/p>\n<p>Mini gra w gotowanie jest jak dla mnie troch\u0119 zbyt skomplikowana. Jako czytaj\u0105cy, nie poprowadzi\u0142bym raczej tej przygody z samego wzgl\u0119du, \u017ce nie chcia\u0142oby mi si\u0119 mozolnie zapisywa\u0107 sk\u0142adnik\u00f3w i na koniec kalkulowa\u0107. Jest to jednak osobista opinia, z\u0142o\u017cono\u015b\u0107 tej mechaniki, mo\u017ce by\u0107 dla niekt\u00f3rych odbiorc\u00f3w du\u017cym plusem.<\/p>\n<p>Og\u00f3lny zamys\u0142 fabularny przygody przypad\u0142 mi do gustu. Wprowadza on tak\u017ce bardzo wa\u017cny w D&amp;D limit czasu jednak zdaje si\u0119 on co nieco wisie\u0107 w pr\u00f3\u017cni. Przygoda tak naprawd\u0119 zostawia tak\u017ce najwi\u0119ksz\u0105 cz\u0119\u015b\u0107 roboty czyli rozpisanie &#8222;dni podr\u00f3\u017cy&#8221; i dobranie encounter\u00f3w po stronie prowadz\u0105cego.<\/p>\n<p>Troch\u0119 r\u00f3wnie\u017c szkoda, \u017ce autor wybra\u0142 poziom pierwszy na tej na kt\u00f3rym rozegrana ma by\u0107 przygoda. Ma on to do siebie, \u017ce rozgrywka na nim jest bardzo losowa a postacie graczy maj\u0105 jeszcze bardzo skromny arsena\u0142 czar\u00f3w i umiej\u0119tno\u015bci. Z tego powodu nawet je\u017celi damy im du\u017co pola do popisu to nie b\u0119d\u0105 mia\u0142y jak z niego skorzysta\u0107. Przygoda ma mn\u00f3stwo potencja\u0142u aby wykorzysta\u0107 zabawki, kt\u00f3re gracze maj\u0105 na wy\u017cszych poziomach, wi\u0119c szkoda, \u017ce z niego nie skorzystano.<\/p>\n<h3 class=\"wp-block-heading\">Janek Sielicki<\/h3>\n<p>Zabawna, lekka przygoda, ale niekoniecznie dla 1. Poziom\u00f3w i niekoniecznie dla DnD. Natomiast jest znakomicie rozpisana i przygotowana! Bardzo spodoba\u0142a mi si\u0119 mechanika roso\u0142u i zabawne spotkania losowe. Jest kilka \u017ar\u00f3de\u0142 podaj\u0105cych wskaz\u00f3wki do tajemnicy doliny i og\u00f3lnie do\u015b\u0107 du\u017ce zr\u00f3\u017cnicowanie wyzwa\u0144. \u015awietnie, \u017ce autor oszcz\u0119dzi\u0142 pracy MP i wyskalowa\u0142 starcia dla r\u00f3\u017cnych dru\u017cyn.<\/p>\n<p>To niez\u0142a przygoda startowa o p\u00f3\u0142otwartej strukturze, a autor\/autorka doda\u0142a te\u017c gotowym postaciom niewielkie osobiste zahaczki. Jednak mam wra\u017cenie, \u017ce na 1. Poziom jest tu troch\u0119 za du\u017co wszystkiego, a przygoda spokojnie mo\u017ce zaj\u0105\u0107 i 12 godzin, a tyle czasu 1 poziomie to zdecydowanie za du\u017co. Zabrak\u0142o te\u017c cho\u0107 troszk\u0119 bardziej rozbudowanego lochu (np. kt\u00f3r\u0105\u015b piwnic\u0119 mo\u017cna by opcjonalnie rozbudowa\u0107).<\/p>\n<p>Podsumowuj\u0105c \u2013 bardzo dobra rzecz!<\/p>\n<h3 class=\"wp-block-heading\">Micha\u0142 So\u0142tysiak<\/h3>\n<p>Zawsze doceniam przygody do D&amp;D, bo jest przy nich du\u017co roboty. Tutaj trzeba rozpisa\u0107 wszystkich Bohater\u00f3w Niezale\u017cnych, dobra\u0107 potwory, zbilansowa\u0107 zagro\u017cenia wzgl\u0119dem poziomu dru\u017cyny etc. To taka praca u podstaw, kt\u00f3rej cz\u0119sto nie wykonuje si\u0119 dla innych system\u00f3w. Do tego wszelkie mapki musz\u0105 mie\u0107 calow\u0105 siatk\u0119, a cz\u0119sto r\u00f3wnie\u017c pojawiaj\u0105 si\u0119 tabelki do losowych kreacji potrzebnych element\u00f3w. Tutaj jest to wszystko i jeszcze wi\u0119cej, bo autor przys\u0142a\u0142 na konkurs prac\u0119 dopieszczon\u0105. Brawa mu za to, bo pierwsze wra\u017cenie robi doskona\u0142e.<\/p>\n<p>Jest to kolejna praca \u201ekulinarna\u201d, bo fabu\u0142a opowiada o konkursie na tytu\u0142owy \u201eros\u00f3\u0142 z kuroliszka\u201d, kt\u00f3rego oczywi\u015bcie trzeba najpierw upolowa\u0107, by z niego ugotowa\u0107 rzeczon\u0105 zup\u0119. Jest humorystycznie, lekko i gastronomicznie, bo poza mi\u0119sem trzeba jeszcze zdoby\u0107 warzywa, przyprawy i inne sk\u0142adniki. Dru\u017cyna b\u0119dzie wi\u0119c poszukiwa\u0107 rzeczy, potrzebnych do \u201ekuchennego rytua\u0142u\u201d, co jest fajn\u0105 odmian\u0105. Przecie\u017c ka\u017cda powa\u017cna przygoda te\u017c cz\u0119sto jest poszukiwaniem sk\u0142adnik\u00f3w do czar\u00f3w i tutaj mamy \u0142adne nawi\u0105zanie do \u201eDedekowej Alchemii\u201d (tam we\u017a serce smoka i rubin wart 100 sztuk z\u0142ota, tu korpus ze smoczego kuroliszka i 12 przypraw oraz 7 warzyw).<\/p>\n<p>Wszystko jest, jak trzeba, tylko \u017ce ta przygoda powiela sta\u0142y od lat trend: przygody kulinarne s\u0105 na weso\u0142o i prze\u015bmiewczo. Kuchnia r\u00f3wna si\u0119 komedia. Nie wszystko mnie tu rozbawia\u0142o i mam wra\u017cenie, \u017ce ju\u017c troch\u0119 takich rzeczy czyta\u0142em. Nic tu nie wybija si\u0119 ponad komediowy standard, mo\u017ce poza szans\u0105 na zup\u0119 wega\u0144sk\u0105.<\/p>\n<p>Jest to wi\u0119c bardzo dobrze przygotowana przygoda, przyjazna u\u017cytkownikom, dopracowana i po prostu \u0142adna, kt\u00f3r\u0105 pewnie mi\u0142o b\u0119dzie poprowadzi\u0107, ale szybko si\u0119 o niej zapomni. Tu niestety nie zapada nic w pami\u0119\u0107, nie ma \u017cadnych zaskocze\u0144. Przeciwnicy s\u0105 groteskowi, ale powtarzalni. Nie ma czego\u015b co by zbalansowa\u0142o komediowo\u015b\u0107. Po prostu masa kuchennego humoru i stereotypowych \u017cart\u00f3w o kucharza. Ta przygoda potrzebowa\u0142aby czego\u015b wi\u0119cej ni\u017c: Polujemy po jaskiniach na potwory. Robimy zup\u0119 z kuroliszka. Wrzucamy du\u017co do gara. Ma by\u0107 dobre. Smacznego. Kropka.<\/p>\n<h3 class=\"wp-block-heading\">Andrzej St\u00f3j&nbsp;<\/h3>\n<p>Kolejna \u015bwietna komedia dostarczaj\u0105ca tego, co zapowiada. Jednocze\u015bnie pozostaje przygod\u0105 do D&amp;D 5e i daje graczom mas\u0119 okazji na podejmowanie wyzwa\u0144, w tym spotka\u0144 bojowych. Wr\u0119cz p\u0119ka od niewymuszonego, wywa\u017conego humoru. Cho\u0107 sam nie lubi\u0119 prowadzi\u0107 luzackich sesji, &#8222;Kuroliszek&#8221; uj\u0105\u0142 mnie swoim urokiem. To jeden z moich faworyt\u00f3w do fina\u0142u.<\/p>\n<p>Jedyny problem, jaki mam z tym scenariuszem, to odej\u015bcie od oficjalnych materia\u0142\u00f3w. Diab\u0142y w D&amp;D nie s\u0105 dobroduszne, to nie &#8222;z\u0142o\u015bliwe ludziki z Piek\u0142a&#8221;. Co wi\u0119cej, nie \u0142\u0105czy ich z demonami praktycznie nic. W tej przygodzie mamy demonologa przywo\u0142uj\u0105cego wszelakiej ma\u015bci czarty i diab\u0142a o imieniu Tomek. Strasznie mi to nie pasuje. Zastanawiam si\u0119 czy nie by\u0142oby \u0142atwiej uczyni\u0107 go fae wygl\u0105daj\u0105cym jak rogaty diabe\u0142 albo czartem niezwi\u0105zanym z typami walcz\u0105cymi w Wojnie Krwi.<\/p>\n<p>Na szcz\u0119\u015bcie ten problem jest \u0142atwy do naprawy (je\u015bli dla kogo\u015b to problem). W tek\u015bcie jest tyle dobra (\u015bwiec\u0105ce tatua\u017ce z rud\u0105 uranu, temperatura w stopniach Elminstera, napalone pstr\u0105gi itd.), \u017ce rekompensuje w zupe\u0142no\u015bci diab\u0142a Tomka. Plusem s\u0105 r\u00f3wnie\u017c mapy przygotowane z my\u015bl\u0105 o walkach na siatce bitewnej.<\/p>\n<h3 class=\"wp-block-heading\">Asia Wiewi\u00f3rska<\/h3>\n<p>Mechanik\u0119 D&amp;D zawsze uwa\u017ca\u0142am za troch\u0119 nachaln\u0105 jak na moje standardy i dlatego niecz\u0119sto w ostatnich latach siada\u0142am do tej gry. Je\u015bli jednak jest na \u015bwiecie wi\u0119cej takich przyg\u00f3d jak \u201cRos\u00f3\u0142\u201d, to ja z przyjemno\u015bci\u0105 wr\u00f3c\u0119 do tego systemu.<\/p>\n<p>FORMA<\/p>\n<p>Mimo powa\u017cnej obj\u0119to\u015bci, od pierwszych zda\u0144 ze scenariusza bije klimat \u017cartobliwej gaw\u0119dy, napisanej troch\u0119 z przymru\u017ceniem oka. Bardzo pi\u0119kny, poprawny, literacki i pe\u0142en ciep\u0142a i humoru j\u0119zyk to jeden z jego najwi\u0119kszych atut\u00f3w. Ca\u0142a publikacja jest wydana z du\u017cym smakiem: mamy bardzo \u0142adne t\u0142o, czcionki jak w D&amp;D i wszystko tu do siebie pasuje. Do tego gotowy pakiet pieczo\u0142owicie wype\u0142nionych kart postaci oraz zestaw kolorowych i profesjonalnie wykonanych mapek, pozwalaj\u0105cych na rozgrywanie potyczek. S\u0105 te\u017c inne, bardziej pogl\u0105dowe mapy w samym scenariuszu. Szkoda tylko, \u017ce nie ma wersji bez legendy, aby mo\u017cna by\u0142o je przed\u0142o\u017cy\u0107 Graczom i na bie\u017c\u0105co nanosi\u0107 na\u0144 stosowne oznaczenia.<\/p>\n<p>Ju\u017c sympatyczne i bardzo tre\u015bciwe streszczenie zapowiada&nbsp; obiecuje bardzo wiele, je\u015bli chodzi o w\u0105tki i mo\u017cliwo\u015bci bohater\u00f3w Graczy czy. Jak na 1-2 sesyjny scenariusz wydaje mi si\u0119, \u017ce jest tego bardzo du\u017co. Mamy tu te\u017c moim zdaniem najlepszy, najbardziej tre\u015bciwy, spis tre\u015bci oraz doskona\u0142e wprowadzenie \u201cPrzed sesj\u0105\u201d. Jest tam kilka bardzo rozs\u0105dnych wskaz\u00f3wek, kt\u00f3rych bardzo mi brakuje w takich publikacjach, szczeg\u00f3lnie tych dla pocz\u0105tkuj\u0105cych.<\/p>\n<p>W istny zachwyt wprawi\u0142a mnie tabela W\u0105tk\u00f3w, naniesiona na co\u015b w stylu osi czasu. Serio, ka\u017cdy scenariusz powinien mie\u0107 co\u015b takiego &#8211; kradn\u0119 i b\u0119d\u0119 stosowa\u0107 u siebie, je\u015bli specyfika scenariusza b\u0119dzie tego wymaga\u0107. Z innych tabel &#8211; mamy tu do wylosowania mnustwo fantastycznych rzeczy, od atrakcji festiwalowych, przez bohater\u00f3w niezale\u017cnych, po plotki miejskie.<\/p>\n<p>Opr\u00f3cz konkretnych opis\u00f3w najwa\u017cniejszych BN\u00f3w, w scenariuszu znajdziemy rozpisane istotne elementy mechaniki oraz statystyki potwor\u00f3w wymy\u015blonych przez autora, czyli takich kt\u00f3rych nie znajdziemy w bestariuszu do D&amp;D.<\/p>\n<p>TRE\u015a\u0106<\/p>\n<p>To by\u0142oby zbyt proste, gdyby da\u0142o si\u0119 ten scenariusz zakwalifikowa\u0107 do jakiej\u015b konkretnej szufladki. Nie da si\u0119 i to jest jego najwi\u0119kszy atut. Mamy tu bowiem tak wiele r\u00f3\u017cnych w\u0105tk\u00f3w i tak wiele si\u0119 dzieje, \u017ce szczerze nawet najbieglejsi z bieg\u0142ych mieliby problem, \u017ceby streszczaj\u0105c scenariusz uj\u0105\u0107 ca\u0142\u0105 jego istot\u0119. I autor te\u017c chyba troch\u0119 mia\u0142, bo czytaj\u0105c wielokrotnie zacina\u0142am zastanawiaj\u0105c si\u0119 co to za w\u0105tek i sk\u0105d si\u0119 wzi\u0105\u0142. Co\u015b jest bowiem nie tak ze streszczeniem i z opisem przebiegu festiwalu, gdy\u017c pojawia si\u0119 w nich wiele w\u0105tk\u00f3w, kt\u00f3rych nie b\u0119d\u0119 w stanie poj\u0105\u0107 ani po\u0142\u0105czy\u0107 z reszt\u0105 a\u017c do czytania po raz trzeci. My\u015bl\u0119, \u017ce warto pomy\u015ble\u0107 o rozbudowaniu streszczenia, aby jednak cho\u0107by has\u0142owo wspomnie\u0107 o pomini\u0119tych.<\/p>\n<p>W odr\u00f3\u017cnieniu od, opartego na podobnej zahaczce fabularnej, konkursu piwowarskiego z \u201cKarczemnej gaw\u0119dy\u201d, w \u201cRosole\u201d 3\/4 bohater\u00f3w ma wpisan\u0105 w kart\u0119 motywacj\u0119 do wystartowania w konkursie na najlepszy ros\u00f3\u0142 z kuroliszka i nawet je\u015bli stawiamy Graczy nieco przed faktem dokonanym, to przynajmniej ma jaki\u015b sens. Z drugiej strony nie czuj\u0119, \u017ceby postacie by\u0142y dru\u017cyn\u0105 i nie wiem co mia\u0142oby tutaj rzeczywi\u015bcie trzyma\u0107 ich razem, poza \u015bwiadomo\u015bci\u0105, \u017ce \u201cprzed wyruszeniem w drog\u0119 nale\u017cy zebra\u0107 dru\u017cyn\u0119\u201d.<\/p>\n<p>Scenariusz jest naprawd\u0119 wyj\u0105tkowy, pod wzgl\u0119dem tego jak bardzo NIE narzuca swojej fabu\u0142y. Cho\u0107 jeden z w\u0105tk\u00f3w &#8211; tytu\u0142owy konkurs na ros\u00f3\u0142 &#8211; pe\u0142ni rol\u0119 klamry, obarczaj\u0105c bohater\u00f3w pewn\u0105 presj\u0105 czasu, pomi\u0119dzy pocz\u0105tkiem a rozstrzygni\u0119ciem konkursu mo\u017ce wydarzy\u0107 si\u0119 tak du\u017co, jak du\u017co bohaterowie b\u0119d\u0105 chcieli rzeczywi\u015bcie zrobi\u0107.<\/p>\n<p>Mam za to spory problem z nat\u0142okiem informacji, bo jednak dooko\u0142a ka\u017cdej z postaci t\u0142a naros\u0142o tak du\u017co wydarze\u0144, w\u0105tk\u00f3w i powi\u0105za\u0144 z innymi BNami, \u017ce mimo kilkukrotnego przeczytania nadal nie mog\u0119 wszystkiego spami\u0119ta\u0107. Fajnie, \u017ce ca\u0142e to miejsce t\u0119tni \u017cyciem, ale jeszcze fajniej by\u0142oby, gdyby Prowadz\u0105cy m\u00f3g\u0142 to efektywnie wykorzysta\u0107.<\/p>\n<p>Na koniec par\u0119 s\u0142\u00f3w o tym, co w scenariuszu naprawd\u0119 zachwycaj\u0105ce: uwierzycie, \u017ce decyzje Graczy co do gotowania roso\u0142u (wyb\u00f3r kuroliszka, rodzaje warzyw, przyprawy) a nawet przepis, kt\u00f3rego u\u017cyj\u0105, maj\u0105 realny wp\u0142yw na wyniki konkursu? Autor scenariusza zaprojektowa\u0142 ca\u0142\u0105 mechanik\u0119 gotowania roso\u0142u oraz jego oceniania, a poniewa\u017c jest to klamra, osnowa ca\u0142ej gry, prosz\u0119 mi wierzy\u0107, \u017ce to wcale nie jest ani banalne ani infantylne. To jest po prostu bardzo bardzo dobre.<\/p>\n<p>ATMOSFERA I REFLEKSJE<\/p>\n<p>Niecz\u0119sto spotyka si\u0119 scenariusz bliski idea\u0142owi, je\u015bli chodzi o przygod\u0119 nieliniow\u0105, wielow\u0105tkow\u0105 i przynosz\u0105c\u0105 naprawd\u0119 du\u017co beztroskiego funu. Nawet czytaj\u0105c \u201cRos\u00f3\u0142\u201d bawi\u0142am si\u0119 doskonale i czu\u0142am mn\u00f3stwo autentycznych, pozytywnych emocji.<\/p>\n<p>Wykonanie na najwy\u017cszym poziomie: wida\u0107, \u017ce autor odwali\u0142 tutaj tytaniczn\u0105 prac\u0119: s\u0105 elementy dungeon-crawla, s\u0105 tabele losowe, hexy i rozgrywka na mapach, jest ca\u0142a masa spotka\u0144 potocznych i w\u0105tk\u00f3w, kt\u00f3re mo\u017cna eksplorowa\u0107. S\u0142owem &#8211; wszystko czego potrzebuje dobra sesja D&amp;D, a jednocze\u015bnie bez niepotrzebnego zad\u0119cia, \u017ce niby to takie wiekopomne dzie\u0142o. Gotowa by\u0142abym ogra\u0107 dos\u0142ownie ka\u017cdy element tej gry, \u017ceby wydusi\u0107 z niej naprawd\u0119 wszystko. A\u017c do cna.<\/p>\n<hr class=\"wp-block-separator has-alpha-channel-opacity\"\/>\n<p>\n<div class=\"spdiv\">[collapse]<\/div>\n<\/div>\n<\/div>\n\n","protected":false},"excerpt":{"rendered":"<p>Zwyci\u0119zca 2022 Ros\u00f3\u0142 z Kuroliszka \u2013 Przemys\u0142aw Fr\u0105ckowiak-Szyma\u0144ski Edycja: 2022 System: DnD 5E Setting: dowolny Liczba os\u00f3b graj\u0105cych: 2-4 Gotowe postacie: tak Liczba sesji: 2+ Dodatki: Opis: Dru\u017cyna przyst\u0119puje do konkursu na najlepszy ros\u00f3\u0142 z kuroliszka, a przy okazji odkrywa intryg\u0119 z udzia\u0142em paru diab\u0142\u00f3w. Triggery: demonologia, polowania, porwanie, \u015bmier\u0107 z wyczerpania, &#8222;eliksir mi\u0142o\u015bci&#8221;, (opcjonalny)<a class=\"more-link button\" href=\"https:\/\/www.quentinrpg.pl\/?page_id=5892\">Czytaj dalej&#8230;<\/a><\/p>\n","protected":false},"author":11112,"featured_media":0,"parent":0,"menu_order":0,"comment_status":"closed","ping_status":"closed","template":"","meta":{"footnotes":""},"categories":[87,47,40,46,39,38,48,59,19],"tags":[],"class_list":["post-5892","page","type-page","status-publish","hentry","category-max-1-sesja","category-1-sesja-plus","category-2-graczy","category-2-sesje","category-3-graczy","category-4-graczy","category-dd-i-d20","category-finalisci","category-scenariusze"],"_links":{"self":[{"href":"https:\/\/www.quentinrpg.pl\/index.php?rest_route=\/wp\/v2\/pages\/5892","targetHints":{"allow":["GET"]}}],"collection":[{"href":"https:\/\/www.quentinrpg.pl\/index.php?rest_route=\/wp\/v2\/pages"}],"about":[{"href":"https:\/\/www.quentinrpg.pl\/index.php?rest_route=\/wp\/v2\/types\/page"}],"author":[{"embeddable":true,"href":"https:\/\/www.quentinrpg.pl\/index.php?rest_route=\/wp\/v2\/users\/11112"}],"replies":[{"embeddable":true,"href":"https:\/\/www.quentinrpg.pl\/index.php?rest_route=%2Fwp%2Fv2%2Fcomments&post=5892"}],"version-history":[{"count":5,"href":"https:\/\/www.quentinrpg.pl\/index.php?rest_route=\/wp\/v2\/pages\/5892\/revisions"}],"predecessor-version":[{"id":6026,"href":"https:\/\/www.quentinrpg.pl\/index.php?rest_route=\/wp\/v2\/pages\/5892\/revisions\/6026"}],"wp:attachment":[{"href":"https:\/\/www.quentinrpg.pl\/index.php?rest_route=%2Fwp%2Fv2%2Fmedia&parent=5892"}],"wp:term":[{"taxonomy":"category","embeddable":true,"href":"https:\/\/www.quentinrpg.pl\/index.php?rest_route=%2Fwp%2Fv2%2Fcategories&post=5892"},{"taxonomy":"post_tag","embeddable":true,"href":"https:\/\/www.quentinrpg.pl\/index.php?rest_route=%2Fwp%2Fv2%2Ftags&post=5892"}],"curies":[{"name":"wp","href":"https:\/\/api.w.org\/{rel}","templated":true}]}}