{"id":621,"date":"2011-01-20T18:08:49","date_gmt":"2011-01-20T16:08:49","guid":{"rendered":"http:\/\/quentinrpg.pl\/?page_id=621"},"modified":"2018-07-26T01:59:32","modified_gmt":"2018-07-25T23:59:32","slug":"wilczyca","status":"publish","type":"page","link":"https:\/\/www.quentinrpg.pl\/?page_id=621","title":{"rendered":"Wilczyca"},"content":{"rendered":"<h3 style=\"text-align: justify;\">&#8222;Wilczyca&#8221; (<a title=\"Wilczyca rtf\" href=\"http:\/\/quentinrpg.pl\/wp-content\/uploads\/2010\/10\/q2006_wilczyca.zip\" target=\"_blank\" rel=\"noopener\">rtf<\/a>, <a title=\"Wilczyca pdf\" href=\"http:\/\/quentinrpg.pl\/wp-content\/uploads\/2010\/10\/q2006_wilczyca.pdf\" target=\"_blank\" rel=\"noopener\">pdf<\/a>)<\/h3>\n<p style=\"text-align: justify;\"><em>Kordian &#8222;sil&#8221; Krawczyk <\/em><\/p>\n<p style=\"text-align: justify;\">Finalista<\/p>\n<p style=\"text-align: justify;\">\n<div class=\"sp-wrap sp-wrap-default\">\n<div class=\"sp-head\" title=\"Expand\">\nSpoiler\n<\/div>\n<div class=\"sp-body folded\">\n<\/p>\n<h2 style=\"text-align: justify;\">Komentarze:<\/h2>\n<h4 style=\"text-align: justify;\">Magdalena Madej<\/h4>\n<p style=\"text-align: justify;\"><em>Wilczyca<\/em> to dobry scenariusz z paroma wartymi wykorzystania elementami, jednak niczym refren hiphopowych kawa\u0142k\u00f3w, powraca ten sam problem: brak tu pomys\u0142u na postaci graczy oraz wyra\u017anego udzia\u0142u dru\u017cyny w scenariuszu.<\/p>\n<p style=\"text-align: justify;\">Odnosz\u0119 wra\u017cenie, i\u017c dominuj\u0105ce do\u015bwiadczenie czytelnicze sprawia, i\u017c postaci graczy pozostaj\u0105 czytelnikami, czyli odbiorcami, kt\u00f3rzy jedynie obracaj\u0105 kolejne strony, przechodz\u0105c od sceny do sceny &#8211; nie maj\u0105 mocy wp\u0142ywania na kszta\u0142t fabu\u0142y, ale jedynie obserwowania wydarze\u0144.<\/p>\n<p style=\"text-align: justify;\"><em>Wilczyca<\/em> posiada wszelkie przymioty dobrej opowie\u015bci gotyckiej, czyli: stare zamczysko, plugawe rytua\u0142y, rodzinne tajemnice, mroczny las, zim\u0119 i wilki (w domy\u015ble wilko\u0142aki). Koneserzy tego gatunku nie zawiod\u0105 si\u0119 na estetycznej stronie scenariusza, kt\u00f3rej nie mo\u017cna odm\u00f3wi\u0107 uroku. Pomys\u0142 na maj\u0105c\u0105 si\u0119 rozgrywa\u0107 w tej ponurej scenerii fabu\u0142\u0119, r\u00f3wnie\u017c spe\u0142ni\u0142by oczekiwania zapalonych wielbicieli <em>Braterstwa Wilk\u00f3w<\/em>. Pozostaje pytanie bez odpowiedzi, dlaczego ponownie dru\u017cyna to przypadkowe przyb\u0142\u0119dy, a nie pierwszoplanowe persony dramatu (Karen, Costello oraz Marek) lub chocia\u017cby osoby bardziej zwi\u0105zane z prezentowan\u0105 histori\u0105.<\/p>\n<p style=\"text-align: justify;\"><em>Wilczyca<\/em> ko\u0144czy si\u0119 z oczekiwanym przytupem (tu raczej skowytem), poga\u0144skie rytua\u0142y, pi\u0119kne kobiety sk\u0142adane w ofierze, popisowa walka z kultystami to jest to, co erpegowcy kochaj\u0105 najbardziej.<\/p>\n<h4 style=\"text-align: justify;\">Krystyna Nahlik<\/h4>\n<p style=\"text-align: justify;\">Ten scenariusz trzyma poziom od pocz\u0105tku do ko\u0144ca i cho\u0107 nie powala na kolana, nale\u017cy wed\u0142ug mnie do najlepszych w tej edycji. Tekst jest przyjazny w lekturze i dobrze zorganizowany, a rozdzielenie opisu zaplanowanych scen od przejrzy\u015bcie rozpisanych wskaz\u00f3wek \u015bledztwa jest bardzo praktycznym pomys\u0142em. Spodoba\u0142o mi si\u0119, \u017ce na pocz\u0105tku autor wymieni\u0142 mo\u017cliwe motywacje bez narzucania gotowych bohater\u00f3w, co pozwala poprowadzi\u0107 t\u0119 przygod\u0119 zar\u00f3wno jako jednostrza\u0142\u00f3wk\u0119, jak i cz\u0119\u015b\u0107 d\u0142u\u017cszej kampanii. Na dodatek intryga jest ciekawa, klimat konsekwentnie mroczny a bohaterowie niezale\u017cni pe\u0142nowymiarowi. Dlaczego wi\u0119c &#8222;Wilczyca&#8221; nie wzbudzi\u0142a we mnie zachwytu, a tylko pozytywne zainteresowanie?<\/p>\n<p style=\"text-align: justify;\">Zaczn\u0119 od polemiki. W przeciwie\u0144stwie do niekt\u00f3rych cz\u0142onk\u00f3w kapitu\u0142y nie uwa\u017cam, by scenariusz zyska\u0142 a\u017c tak wiele, gdyby gracze wcielali si\u0119 w g\u0142\u00f3wne osoby dramatu. Uzyskaliby\u015bmy wtedy zupe\u0142nie inny rodzaj historii, bardziej osobisty a mniej skupiony na rozwik\u0142aniu intrygi, ale nie w ka\u017cdym dobrym scenariuszu postaci graczy musz\u0105 by\u0107 <em>dramatis personae<\/em>. Po prawdzie zreszt\u0105 tylko rancor, i by\u0107 mo\u017ce Marek, nadawaliby si\u0119 wed\u0142ug mnie na bohater\u00f3w graczy, a wtedy trudno by\u0142oby utrzyma\u0107 w dru\u017cynie r\u00f3wne roz\u0142o\u017cenie akcent\u00f3w na ka\u017cd\u0105 z postaci. Jednak je\u015bli rozgrywaj\u0105ca si\u0119 historia ma poruszy\u0107 serca graj\u0105cych (a ma ku temu wystarczaj\u0105cy potencja\u0142) a nie tylko wzbudzi\u0107 zainteresowanie, bohater\u00f3w powinno \u0142\u0105czy\u0107 z g\u0142\u00f3wnymi jej uczestnikami du\u017co wi\u0119cej. Postaci Karen i rancora, jak s\u0142usznie zauwa\u017cy\u0142 repek, warto by\u0142oby wprowadzi\u0107 ju\u017c wcze\u015bniej, wi\u0105\u017c\u0105c ich z bohaterami graczy wi\u0119zami przyja\u017ani, nienawi\u015bci lub mi\u0142o\u015bci. Niestety tylko jedna z zaproponowanych motywacji idzie w tym kierunku. W dodatku w scenariuszu brak rozwini\u0119cia motywacji zaproponowanych na pocz\u0105tku &#8211; rozmywaj\u0105 si\u0119 one w tle. Poza tym im dalej w fabu\u0142\u0119, tym mniejszy wp\u0142yw maj\u0105 na ni\u0105 gracze, wszystkie wa\u017cne wydarzenia w ko\u0144c\u00f3wce inicjuj\u0105 bohaterowie niezale\u017cni.<\/p>\n<p style=\"text-align: justify;\">By\u0107 mo\u017ce nieuwa\u017cnie czytam, ale jedna rzecz pozosta\u0142a dla mnie do samego ko\u0144ca niejasna: czy wszyscy bohaterowie powinni zdawa\u0107 sobie od pocz\u0105tku spraw\u0119 z prawdziwej to\u017csamo\u015bci Karen? Je\u015bli nie, to czy dowiedz\u0105 si\u0119 o niej dopiero w komnacie barona podczas dramatycznej sceny z wilkiem? To sprawa zbyt wa\u017cna dla scenariusza, by o niej zapomina\u0107, przecie\u017c nie\u015bwiadomi bohaterowie mog\u0105 zaatakowa\u0107 Karen w obronie barona zamiast stan\u0105\u0107 po jej stronie (taki by\u0142by m\u00f3j pierwszy odruch na widok niebezpiecznej morderczyni na jego \u0142\u00f3zku). Karen bierze zbyt ma\u0142y udzia\u0142 w pocz\u0105tkowej cz\u0119\u015bci przygody by da\u0107 graczom mo\u017cliwo\u015b\u0107 zapoznania si\u0119 z ni\u0105, poza tym brakuje mi zar\u00f3wno wskaz\u00f3wek, jak mo\u017cna w\u0142a\u015bciwie pozna\u0107 prawd\u0119 o niej, jak konkretnej sceny, podczas kt\u00f3rej si\u0119 ona ods\u0142oni. Brakuje mi te\u017c porz\u0105dnego epilogu: jak decyzje graczy odbij\u0105 si\u0119 na przysz\u0142o\u015bci Brugii, co zosta\u0142o zasugerowane we wst\u0119pie? Cho\u0107 czeka ich dramatyczny wyb\u00f3r, jego konsekwencje nie s\u0105 wyra\u017anie przedstawione, co os\u0142abia wyd\u017awi\u0119k fina\u0142u.<\/p>\n<p style=\"text-align: justify;\">Podsumowuj\u0105c &#8211; scenariusz bardzo mi si\u0119 podoba\u0142 i zach\u0119ci\u0142 do zapoznania si\u0119 bli\u017cej z uniwersum Monastyru. Ma troch\u0119 niedoci\u0105gni\u0119\u0107, ale to i tak kawa\u0142ek intryguj\u0105cej historii, kt\u00f3ry powinien zaowocowa\u0107 udan\u0105 sesj\u0105. A tak na marginesie: czy jestem jedyn\u0105 osob\u0105, kt\u00f3rej g\u0142\u00f3wna bohaterka kojarzy si\u0119 nieodparcie z Kriss de Valnor?<\/p>\n<h4 style=\"text-align: justify;\"><a id=\"mm2\"><\/a>Micha\u0142 Madej<\/h4>\n<p style=\"text-align: justify;\">&#8230;<\/p>\n<h4 style=\"text-align: justify;\">Tomasz Z. Majkowski<\/h4>\n<p style=\"text-align: justify;\">Je\u015bli wydaje wam si\u0119, \u017ce typowy, przeci\u0119tny scenariusz wymaga \u0142a\u017cenia po podziemiach i rzni\u0119cia orczych \u0142b\u00f3w, a\u017c furczy, jeste\u015bcie w b\u0142\u0119dzie. Typowy, przeci\u0119tny scenariusz, wygl\u0105da w\u0142a\u015bnie tak: mamy w nim arystokratyczny r\u00f3d z prastar\u0105 tajemnic\u0105, atrakcyjn\u0105 dziedziczk\u0119, tajemny kult i ambitnego kapitana gwardii. Wilki s\u0105 opcjonalne.<\/p>\n<p style=\"text-align: justify;\">W tej przygodzie w zasadzie wszystko gra: gracze docieraj\u0105 w nowe miejsce, znajduj\u0105 na miejscu intryg\u0119 b\u0119d\u0105 maria\u017cem &#8222;Braterstwa wilk\u00f3w&#8221; z &#8222;Je\u017ad\u017acem bez g\u0142owy&#8221;, chwil\u0119 p\u0119taj\u0105 si\u0119 po zamku rozwi\u0105zuj\u0105c intryg\u0119, trafiaj\u0105 na rytua\u0142, mog\u0105 mu przeszkodzi\u0107 lub nie, nast\u0119puje fina\u0142. Ta sprawdzona recepta dzia\u0142a i zapewne przygoda b\u0119dzie nastrojowa, gracze b\u0119d\u0105 bawi\u0107 si\u0119 dobrze, pogratuluj\u0105 sobie udanej sesji i um\u00f3wi\u0105 si\u0119 za tydzie\u0144.<\/p>\n<p style=\"text-align: justify;\">A wi\u0119c czy czego\u015b &#8222;Wilczycy&#8221; brakuje? Na pewno b\u0142ysku, kt\u00f3ry wyr\u00f3\u017cni\u0142oby j\u0105 z morza sesji na pi\u0105tkowy wiecz\u00f3r i pozwoli\u0142 oceni\u0107 jako scenariusz wybitny. Tu jednak ka\u017cdej zalecie odpowiada wada: nastrojowej (cho\u0107 oklepanej) scenerii &#8211; pretekstowy dob\u00f3r motywacji dla postaci. Dobrze wpasowanej w \u015bwiat intrydze &#8211; niemo\u017cno\u015b\u0107 zadecydowania o niczym i pl\u0105tanie si\u0119 po scenografii a\u017c bohaterowie niezale\u017cni doprowadz\u0105 do fina\u0142u. Przejrzystemu stylowi &#8211; z\u0142a konstrukcja, kt\u00f3ra sprawia, \u017ce potencjalny Mistrz Gry musi przebi\u0107 si\u0119 przez ca\u0142y scenariusz, nim zrozumie, o co chodzi.<\/p>\n<p style=\"text-align: justify;\">Wyobra\u017amy sobie jednak, \u017ce gracze nie wcielaj\u0105 si\u0119 w inkwizytor\u00f3w i poszukiwaczy tajemnic. \u017be graj\u0105 dziedziczk\u0105, jej opiekunem &#8211; rancorem i (ewentualnie) Markiem. W\u00f3wczas pierwsza ma do odegrania interesuj\u0105cy problem odkrywanego, mrocznego dziedzictwa, ten drugi walczy o dusz\u0119 przybranej c\u00f3rki z jej prawdziwym rodzicem, a trzeci bierze w swoje r\u0119ce przysz\u0142o\u015b\u0107 ziem (i zawsze mo\u017ce, dla skomplikowania, zakocha\u0107 si\u0119 w Karen).<\/p>\n<p style=\"text-align: justify;\">I w ten oto spos\u00f3b z przeci\u0119tnego scenariusza zrodzi\u0142by si\u0119 dobry. Niestety, autorowi zabrak\u0142o na to odwagi.<\/p>\n<h4 style=\"text-align: justify;\">Maciej Reputakowski<\/h4>\n<p style=\"text-align: justify;\">Mocn\u0105 stron\u0105 scenariusza jest podanie ca\u0142ego arsena\u0142u motywacji dla postaci, kt\u00f3re b\u0119d\u0105 prowadzi\u0107 gracze, z kt\u00f3rego MG nie powinien mie\u0107 problemu, by co\u015b wybra\u0107. Z drugiej strony ju\u017c na MG i graczach spoczywa obowi\u0105zek pami\u0119tania o nich i zaakcentowania ich w konkretnych scenach w trakcie rozgrywania przygody. Sam autor a\u017c tak du\u017cej liczby mo\u017cliwo\u015bci ogarn\u0105\u0107 nie jest w stanie, co zreszt\u0105 wida\u0107 w tek\u015bcie w niekt\u00f3rych partiach. Na marginesie warto doda\u0107, \u017ce przyda\u0142by si\u0119 jeszcze drugi zbi\u00f3r motywacji, kt\u00f3ry jako\u015b uzasadnia\u0142by po\u0142\u0105czenie dru\u017cyny &#8211; w innym wypadku pozostaje albo jednostrza\u0142 albo d\u0142ugotrwa\u0142e przygotowanie podk\u0142adu pod ten scenariusz w toku wcze\u015bniejszych przyg\u00f3d.<\/p>\n<p style=\"text-align: justify;\">W przygodzie pojawia si\u0119 za to troch\u0119 za du\u017co bohater\u00f3w niezale\u017cnych, kt\u00f3rzy \u0142atwo mog\u0105 sta\u0107 si\u0119 nierozpoznawalni dla graczy. Czasami zwyczajnie warto po\u0142\u0105czy\u0107 dwie postaci w jedn\u0105 (np. inkwizytora z dow\u00f3dc\u0105 przyby\u0142ego oddzia\u0142u), nie mno\u017c\u0105c byt\u00f3w, a zapewniaj\u0105c t\u0119 sam\u0105 ilo\u015b\u0107 funkcji fabularnych, jakie s\u0105 niezb\u0119dne w rozwoju akcji. Trudno jednak poza tym mie\u0107 do &#8222;Wilczycy&#8221; wi\u0119ksze zastrze\u017cenia. Sprawnie, czytelnie spisany scenariusz, z dobrze oddanym klimatem zimnej, obl\u0119\u017conej twierdzy, z wyrazistymi bohaterami niezale\u017cnymi, mocnym fina\u0142em i naprawd\u0119 intryguj\u0105c\u0105 histori\u0105 w tle, kt\u00f3r\u0105 gracze mog\u0105 pozna\u0107. No w\u0142a\u015bnie, pozna\u0107 &#8211; ale czy na ni\u0105 wp\u0142yn\u0105\u0107? Nawet przy dobrych motywacjach, jakie wi\u0105\u017c\u0105 ich z g\u0142\u00f3wnymi BNami, pe\u0142ni\u0105 rol\u0119 sidekick\u00f3w, a nie prawdziwych bohater\u00f3w.<\/p>\n<p style=\"text-align: justify;\">I znowu pojawia si\u0119 pytanie-bumerang, kt\u00f3re nie daje spa\u0107 po nocach czytaj\u0105cym scenariusze nadchodz\u0105ce na Quentina. Dlaczego to gracze nie dostali (po odpowiednich modyfikacjach) do r\u0105k tak fantastycznie pomy\u015blanych i miodnych postaci jak Karen, Costello czy Marek? O Baronowej nie wspominaj\u0105c. Dlaczego pozostali tylko uczestnikami (chocia\u017c aktywnymi), a nie g\u0142\u00f3wnymi aktorami przedstawienia? W innym wypadku, aby pozna\u0107 pogmatwane dzieje rodu Akarno i poczu\u0107 si\u0119 zwi\u0105zanym z t\u0105 histori\u0105, wypada\u0142oby od kilku przyg\u00f3d \u015bledzi\u0107 poczynania Karen i innych, a &#8222;Wilczyca&#8221; mog\u0142aby sta\u0107 si\u0119 w\u00f3wczas zwie\u0144czeniem wi\u0119kszej kampanii.<\/p>\n<p style=\"text-align: justify;\">To \u015bwietny scenariusz. Zrobiony tak dobrze, i\u017c trudno przyczepi\u0107 si\u0119 do czegokolwiek i szuka\u0107 dziury w ca\u0142ym. Jest to zarazem scenariusz, w kt\u00f3rym gracze maj\u0105 mn\u00f3stwo rzeczy do roboty, ale \u017cadna z nich nie dotyczy ich samych, nie realizuje potencja\u0142u ich postaci.<\/p>\n<p style=\"text-align: justify;\"><em>Je\u015bli autor chcia\u0142by porozmawia\u0107 o swoim scenariuszu, zapraszam: <\/em><\/p>\n<p style=\"text-align: justify;\"><em> GG 1416169, e-mail: repek@polter.pl <\/em><\/p>\n<h4 style=\"text-align: justify;\"><a id=\"ar\"><\/a>Aleksander Ry\u0142ko<\/h4>\n<p style=\"text-align: justify;\">Mamy tu do czynienia z Monastyrow\u0105 intryg\u0105. I w zasadzie przyznam, \u017ce nie ma si\u0119 do czego przyczepi\u0107 &#8211; historia ma r\u0119ce i nogi, intryga jest sprawnie poprowadzona, bohaterowie niezale\u017cni mog\u0105 si\u0119 podoba\u0107. \u017ba\u0142uj\u0119 jednak dw\u00f3ch rzeczy. Po pierwsze &#8211; graczom do\u015b\u0107 ci\u0119\u017cko b\u0119dzie dotrze\u0107 do wszystkich informacji zwi\u0105zanych z t\u0142em intrygi, ale to drobiazg. Powa\u017cniejsz\u0105 spraw\u0105 jest fakt, \u017ce najlepiej w scenariuszu bawi\u0105 si\u0119 BNi. Ja osobi\u015bcie uwa\u017cam, \u017ce g\u0142\u00f3wnymi aktorami powinni by\u0107 BG i chocia\u017c w Wilczycy maj\u0105 co robi\u0107, to jednak wci\u0105\u017c \u017cal, nie s\u0105 tak istotni jak powinni. Przyznam, \u017ce ja sam by\u0142bym szcz\u0119\u015bliwy mog\u0105c wcieli\u0107 si\u0119 w posta\u0107 rancora.<\/p>\n<p style=\"text-align: justify;\">Reasumuj\u0105c &#8211; Wilczyca to solidny, grywalny scenariusz. Brak mu wprawdzie tej iskry, kt\u00f3ra robi z dobrego scenariusza scenariusz \u015bwietny, ale z pewno\u015bci\u0105 mo\u017cna bawi\u0107 si\u0119 przy niej kapitalnie.<\/p>\n<h4 style=\"text-align: justify;\">Marcin Segit<\/h4>\n<p style=\"text-align: justify;\">&#8230;<\/p>\n<h4 style=\"text-align: justify;\">Micha\u0142 Stachyra<\/h4>\n<p style=\"text-align: justify;\">Niezgorsza przygoda, z ciekawie zakrojon\u0105 intryg\u0105, interesuj\u0105cymi BNami. Tylko zn\u00f3w mo\u017ce wyj\u015b\u0107 z tego przygoda gdzie lepiej bawi\u0105 si\u0119 BNi ni\u017c BG. Bo cho\u0107 pojawiaj\u0105 si\u0119 pomys\u0142y na wci\u0105gni\u0119cie graczy w przygod\u0119 to s\u0105 one strasznie na si\u0142\u0119. Gdyby gracze byli bardziej zaanga\u017cowani w intryg\u0119 to by\u0142aby to emocjonuj\u0105ca i interesuj\u0105ca przygoda.<\/p>\n<p style=\"text-align: justify;\">A tak to scenariusz jakich wiele, dodatkowo \u017ale skonstruowany &#8211; pewne fakty, kt\u00f3re powinny by\u0107 na pocz\u0105tku umieszczono na samym ko\u0144cu. Du\u017cy plus za sam\u0105 histori\u0119 &#8211; mroczn\u0105 i romantyczn\u0105 \ud83d\ude42 Brak dobrej znajomo\u015bci reali\u00f3w Monastyru by\u0142 dla mnie przeszkod\u0105 w zrozumieniu pewnych niuans\u00f3w, ale widz\u0119 i czuje, \u017ce autor idzie w dobrym kierunku.<\/p>\n<h4 style=\"text-align: justify;\">Joanna Szaleniec<\/h4>\n<p style=\"text-align: justify;\">Zasadnicza wada &#8222;Wilczycy&#8221; nie polega na tym, \u017ce intryga jest cokolwiek wydumana&#8230; Nie polega nawet na tym, \u017ce autor bardziej kocha swoich NPC\u00f3w od graczy&#8230; Ta przygoda jest po prostu tak bardzo, tak okrutnie ma\u0142o&#8230; pasjonuj\u0105ca.<\/p>\n<p style=\"text-align: justify;\">\n<div class=\"spdiv\">[collapse]<\/div>\n<\/div>\n<\/div>\n<\/p>\n","protected":false},"excerpt":{"rendered":"<p>&#8222;Wilczyca&#8221; (rtf, pdf) Kordian &#8222;sil&#8221; Krawczyk Finalista<\/p>\n","protected":false},"author":11112,"featured_media":0,"parent":338,"menu_order":0,"comment_status":"open","ping_status":"open","template":"","meta":{"footnotes":""},"categories":[59,57],"tags":[],"class_list":["post-621","page","type-page","status-publish","hentry","category-finalisci","category-monastyr"],"_links":{"self":[{"href":"https:\/\/www.quentinrpg.pl\/index.php?rest_route=\/wp\/v2\/pages\/621","targetHints":{"allow":["GET"]}}],"collection":[{"href":"https:\/\/www.quentinrpg.pl\/index.php?rest_route=\/wp\/v2\/pages"}],"about":[{"href":"https:\/\/www.quentinrpg.pl\/index.php?rest_route=\/wp\/v2\/types\/page"}],"author":[{"embeddable":true,"href":"https:\/\/www.quentinrpg.pl\/index.php?rest_route=\/wp\/v2\/users\/11112"}],"replies":[{"embeddable":true,"href":"https:\/\/www.quentinrpg.pl\/index.php?rest_route=%2Fwp%2Fv2%2Fcomments&post=621"}],"version-history":[{"count":0,"href":"https:\/\/www.quentinrpg.pl\/index.php?rest_route=\/wp\/v2\/pages\/621\/revisions"}],"up":[{"embeddable":true,"href":"https:\/\/www.quentinrpg.pl\/index.php?rest_route=\/wp\/v2\/pages\/338"}],"wp:attachment":[{"href":"https:\/\/www.quentinrpg.pl\/index.php?rest_route=%2Fwp%2Fv2%2Fmedia&parent=621"}],"wp:term":[{"taxonomy":"category","embeddable":true,"href":"https:\/\/www.quentinrpg.pl\/index.php?rest_route=%2Fwp%2Fv2%2Fcategories&post=621"},{"taxonomy":"post_tag","embeddable":true,"href":"https:\/\/www.quentinrpg.pl\/index.php?rest_route=%2Fwp%2Fv2%2Ftags&post=621"}],"curies":[{"name":"wp","href":"https:\/\/api.w.org\/{rel}","templated":true}]}}