{"id":6314,"date":"2024-09-02T20:04:46","date_gmt":"2024-09-02T18:04:46","guid":{"rendered":"https:\/\/www.quentinrpg.pl\/?page_id=6314"},"modified":"2025-07-06T14:42:43","modified_gmt":"2025-07-06T12:42:43","slug":"2024-2","status":"publish","type":"page","link":"https:\/\/www.quentinrpg.pl\/?page_id=6314","title":{"rendered":"2024"},"content":{"rendered":"\n<p><a href=\"https:\/\/www.quentinrpg.pl\/?page_id=6639\">2025<\/a> &#8211; <a href=\"https:\/\/www.quentinrpg.pl\/?page_id=6054\">2023<\/a> &#8211; <a href=\"https:\/\/www.quentinrpg.pl\/?page_id=5825\" data-type=\"page\" data-id=\"5825\">2022 <\/a>&#8211; <a href=\"https:\/\/www.quentinrpg.pl\/?page_id=5279\">2021<\/a> &#8211; <a href=\"http:\/\/quentinrpg.pl\/?page_id=4764\">2020<\/a> &#8211; <a href=\"http:\/\/quentinrpg.pl\/?page_id=4209\">2019<\/a> &#8211; <a href=\"http:\/\/quentinrpg.pl\/?page_id=3789\">2018<\/a> &#8211; <a href=\"http:\/\/quentinrpg.pl\/?page_id=2959\">2017<\/a> &#8211; <a href=\"http:\/\/quentinrpg.pl\/?page_id=2667\">2016<\/a> &#8211; <a href=\"http:\/\/quentinrpg.pl\/?page_id=2549\">2015<\/a> &#8211; <a href=\"http:\/\/quentinrpg.pl\/?page_id=2250\">2014<\/a> &#8211; <a href=\"http:\/\/quentinrpg.pl\/?page_id=1774\">2013<\/a> &#8211; <a href=\"http:\/\/quentinrpg.pl\/?page_id=1375\">2012<\/a> &#8211; <a href=\"http:\/\/quentinrpg.pl\/?page_id=1175\">2011<\/a> &#8211; <a href=\"http:\/\/quentinrpg.pl\/?page_id=35\">2010<\/a> &#8211; <a href=\"http:\/\/quentinrpg.pl\/?page_id=327\">2009<\/a> &#8211; <a href=\"http:\/\/quentinrpg.pl\/?page_id=334\">2008<\/a> &#8211; <a href=\"http:\/\/quentinrpg.pl\/?page_id=336\">2007<\/a> &#8211; <a href=\"http:\/\/quentinrpg.pl\/?page_id=338\">2006<\/a> &#8211; <a href=\"http:\/\/quentinrpg.pl\/?page_id=340\">2005<\/a> &#8211; <a href=\"http:\/\/quentinrpg.pl\/?page_id=342\">2004<\/a> &#8211; <a href=\"http:\/\/quentinrpg.pl\/?page_id=344\">2003<\/a> &#8211; <a href=\"http:\/\/quentinrpg.pl\/?page_id=348\">2002<\/a> &#8211; <a href=\"http:\/\/quentinrpg.pl\/?page_id=351\">2001<\/a> &#8211; <a href=\"http:\/\/quentinrpg.pl\/?page_id=354\">2000<\/a> &#8211; <a href=\"http:\/\/quentinrpg.pl\/?page_id=356\">1999<\/a> &#8211; <a href=\"http:\/\/quentinrpg.pl\/?page_id=4679\">Express<\/a><\/p>\n\n\n\n<p>Wyniki XXVI edycji Quentina zosta\u0142y og\u0142oszone na konwencie Polcon-Copernicon 21 wrze\u015bnia 2024 r.<\/p>\n\n\n\n<figure class=\"wp-block-table\"><table><tbody><tr><td><strong>Zwyci\u0119ska praca:<\/strong><\/td><td><\/td><td><\/td><\/tr><tr><td><a href=\"https:\/\/www.quentinrpg.pl\/?page_id=6362\">&#8222;Tatrza\u0144ska wyrypa&#8221;<\/a><\/td><td><em>Zew Cthulhu (modern)<\/em><\/td><td>Ewa Samulak, Justyna Kapa<\/td><\/tr><tr><td><strong>I wyr\u00f3\u017cnienie:<\/strong><\/td><td><\/td><td><\/td><\/tr><tr><td><a href=\"https:\/\/www.quentinrpg.pl\/?page_id=6358\">&#8222;Rajd na Serran V&#8221;<\/a><\/td><td><em>Ironsworn: Starforged<\/em> <em>(uniwersum Star Wars)<\/em><\/td><td>Jaros\u0142aw Daniel<\/td><\/tr><tr><td><strong>II wyr\u00f3\u017cnienie:<\/strong><\/td><td><\/td><td><\/td><\/tr><tr><td><a href=\"https:\/\/www.quentinrpg.pl\/?page_id=6366\">&#8222;Zerwana smycz&#8221;<\/a><\/td><td><em>Defiant<\/em><\/td><td>Paulina Radziszewska<\/td><\/tr><tr><td><strong>Pozostali finali\u015bci:<\/strong><\/td><td><\/td><td><\/td><\/tr><tr><td><a href=\"https:\/\/www.quentinrpg.pl\/?page_id=6326\">&#8222;Afera na festiwalu puszczania k\u00f3\u0142ek z dymu&#8221;<\/a><\/td><td><em>Jedyny Pier\u015bcie\u0144<\/em><\/td><td>Adam Kreczma\u0144ski<\/td><\/tr><tr><td><a href=\"https:\/\/www.quentinrpg.pl\/?page_id=6355\">&#8222;Nowe Kirwick&#8221;<\/a><\/td><td><em>Neuroshima<\/em><\/td><td>Jakub Juranek<\/td><\/tr><tr><td><strong>Pozosta\u0142e przygody:<\/strong><\/td><td><\/td><td><\/td><\/tr><tr><td><a href=\"https:\/\/www.quentinrpg.pl\/?page_id=6369\">&#8222;20 snotling\u00f3w do jaskini wesz\u0142o&#8221;<\/a><\/td><td><em>Warhammer 1 ed.<\/em><\/td><td>Andrzej Cwali\u0144ski<\/td><\/tr><tr><td><a href=\"https:\/\/www.quentinrpg.pl\/?page_id=6372\">&#8222;Aviators&#8221;<\/a><\/td><td><em>PBTA<\/em><\/td><td>Rados\u0142aw Tar\u0142owski<\/td><\/tr><tr><td><a href=\"https:\/\/www.quentinrpg.pl\/?page_id=6375\">&#8222;Bandyci&#8221;<\/a><\/td><td><em>dowolny system fantasy<\/em><\/td><td>Micha\u0142 Ka\u0142amarz<\/td><\/tr><tr><td><a href=\"https:\/\/www.quentinrpg.pl\/?page_id=6378\">&#8222;Caprese z krabami&#8221;<\/a><\/td><td><em>Mothership 1 ed.<\/em><\/td><td>Jakub Fitas<\/td><\/tr><tr><td><a href=\"https:\/\/www.quentinrpg.pl\/?page_id=6381\">&#8222;Czy w tych g\u00f3rach bij\u0105?&#8221;<\/a><\/td><td><em>D&amp;D 5 ed. (\u015bwiat autorski)<\/em><\/td><td>Aleksander Sienicki<\/td><\/tr><tr><td><a href=\"https:\/\/www.quentinrpg.pl\/?page_id=6385\">&#8222;Droga do zwyci\u0119stwa&#8221;<\/a><\/td><td><em>Wolsung 2.0<\/em><\/td><td>Sebastian Po\u015bpiech<\/td><\/tr><tr><td><a href=\"https:\/\/www.quentinrpg.pl\/?page_id=6388\">&#8222;Feudalpunk &#8211; Help punk to get drunk&#8221;<\/a><\/td><td><em>dowolny system umo\u017cliwiaj\u0105cy gr\u0119 w settingu medieval\/survival<\/em><\/td><td>Kacper R\u00f3\u017calski, Konrad Ja\u0142ocha<\/td><\/tr><tr><td><a href=\"https:\/\/www.quentinrpg.pl\/?page_id=6391\">&#8222;Gniew bog\u00f3w mniejszych&#8221;<\/a><\/td><td><em>Fate Core (fantasy)<\/em><\/td><td>Tobiasz Br\u00f3\u017adziak<\/td><\/tr><tr><td><a href=\"https:\/\/www.quentinrpg.pl\/?page_id=6395\">&#8222;Koszmar Northmarble&#8221;<\/a><\/td><td><em>D&amp;D 5 ed.<\/em><\/td><td>Konrad G\u00f3rniak<\/td><\/tr><tr><td><a href=\"https:\/\/www.quentinrpg.pl\/?page_id=6398\">&#8222;Ma\u0142a syrenka&#8221;<\/a><\/td><td><em>Kult: Bosko\u015b\u0107 utracona 4 ed.<\/em><\/td><td>Marcin Zajdel<\/td><\/tr><tr><td><a href=\"https:\/\/www.quentinrpg.pl\/?page_id=6401\">&#8222;Ostrow&#8221;<\/a><\/td><td><em>Obcy<\/em><\/td><td>Tomasz Pierzcha\u0142a<\/td><\/tr><tr><td><a href=\"https:\/\/www.quentinrpg.pl\/?page_id=6404\">&#8222;Pod pr\u0105d&#8221; <\/a><\/td><td><em>Zew Cthulhu 7 ed.<\/em><\/td><td>Szymon Rytka<\/td><\/tr><tr><td><a href=\"https:\/\/www.quentinrpg.pl\/?page_id=6407\">&#8222;Podwodna \u015bwi\u0105tynia Paj\u0119czej Pani&#8221;<\/a><\/td><td><em>Forbidden Lands (Raveland)<\/em><\/td><td>Jakub Pabisz<\/td><\/tr><tr><td><a href=\"https:\/\/www.quentinrpg.pl\/?page_id=6410\">&#8222;Regret Grunge&#8221;<\/a><\/td><td><em>Cowboy Bebop<\/em><\/td><td>Dawid Anio\u0142<\/td><\/tr><tr><td><a href=\"https:\/\/www.quentinrpg.pl\/?page_id=6413\">&#8222;Ruiny na przekl\u0119tym wzg\u00f3rzu&#8221;<\/a><\/td><td><em>D&amp;D 5 ed.<\/em><\/td><td>Tomasz Dworza\u0144czyk<\/td><\/tr><tr><td><a href=\"https:\/\/www.quentinrpg.pl\/?page_id=6417\">&#8222;Smuga na niebie&#8221;<\/a><\/td><td><em>Genesys (setting gry planszowej Everdell)<\/em><\/td><td>Bart\u0142omiej Buller<\/td><\/tr><tr><td><a href=\"https:\/\/www.quentinrpg.pl\/?page_id=6420\">&#8222;WINIM Incydent&#8221;<\/a><\/td><td><em>D&amp;D 5 ed.<\/em> <em>(high fantasy np. Zapomniane Krainy)<\/em><\/td><td>Bart\u0142omiej Szymczyk<\/td><\/tr><tr><td><a href=\"https:\/\/www.quentinrpg.pl\/?page_id=6424\">&#8222;Yukatan &#8211; tajemnice sektora Vraoc&#8221;<\/a><\/td><td><em>Savage Worlds (space opera)<\/em><\/td><td>Oskar Gi\u0144ko<\/td><\/tr><\/tbody><\/table><\/figure>\n","protected":false},"excerpt":{"rendered":"<p>2025 &#8211; 2023 &#8211; 2022 &#8211; 2021 &#8211; 2020 &#8211; 2019 &#8211; 2018 &#8211; 2017 &#8211; 2016 &#8211; 2015 &#8211; 2014 &#8211; 2013 &#8211; 2012 &#8211; 2011 &#8211; 2010 &#8211; 2009 &#8211; 2008 &#8211; 2007 &#8211; 2006 &#8211; 2005 &#8211; 2004 &#8211; 2003 &#8211; 2002 &#8211; 2001 &#8211; 2000 &#8211; 1999 &#8211; Express Wyniki XXVI<a class=\"more-link button\" href=\"https:\/\/www.quentinrpg.pl\/?page_id=6314\">Czytaj dalej&#8230;<\/a><\/p>\n","protected":false},"author":11112,"featured_media":6053,"parent":0,"menu_order":0,"comment_status":"closed","ping_status":"closed","template":"","meta":{"footnotes":""},"categories":[],"tags":[],"class_list":["post-6314","page","type-page","status-publish","has-post-thumbnail","hentry"],"_links":{"self":[{"href":"https:\/\/www.quentinrpg.pl\/index.php?rest_route=\/wp\/v2\/pages\/6314","targetHints":{"allow":["GET"]}}],"collection":[{"href":"https:\/\/www.quentinrpg.pl\/index.php?rest_route=\/wp\/v2\/pages"}],"about":[{"href":"https:\/\/www.quentinrpg.pl\/index.php?rest_route=\/wp\/v2\/types\/page"}],"author":[{"embeddable":true,"href":"https:\/\/www.quentinrpg.pl\/index.php?rest_route=\/wp\/v2\/users\/11112"}],"replies":[{"embeddable":true,"href":"https:\/\/www.quentinrpg.pl\/index.php?rest_route=%2Fwp%2Fv2%2Fcomments&post=6314"}],"version-history":[{"count":30,"href":"https:\/\/www.quentinrpg.pl\/index.php?rest_route=\/wp\/v2\/pages\/6314\/revisions"}],"predecessor-version":[{"id":6722,"href":"https:\/\/www.quentinrpg.pl\/index.php?rest_route=\/wp\/v2\/pages\/6314\/revisions\/6722"}],"wp:featuredmedia":[{"embeddable":true,"href":"https:\/\/www.quentinrpg.pl\/index.php?rest_route=\/wp\/v2\/media\/6053"}],"wp:attachment":[{"href":"https:\/\/www.quentinrpg.pl\/index.php?rest_route=%2Fwp%2Fv2%2Fmedia&parent=6314"}],"wp:term":[{"taxonomy":"category","embeddable":true,"href":"https:\/\/www.quentinrpg.pl\/index.php?rest_route=%2Fwp%2Fv2%2Fcategories&post=6314"},{"taxonomy":"post_tag","embeddable":true,"href":"https:\/\/www.quentinrpg.pl\/index.php?rest_route=%2Fwp%2Fv2%2Ftags&post=6314"}],"curies":[{"name":"wp","href":"https:\/\/api.w.org\/{rel}","templated":true}]}}