{"id":6358,"date":"2024-09-08T13:17:42","date_gmt":"2024-09-08T11:17:42","guid":{"rendered":"https:\/\/www.quentinrpg.pl\/?page_id=6358"},"modified":"2024-11-01T18:20:26","modified_gmt":"2024-11-01T16:20:26","slug":"rajd-na-serran-v","status":"publish","type":"page","link":"https:\/\/www.quentinrpg.pl\/?page_id=6358","title":{"rendered":"Rajd na Serran V"},"content":{"rendered":"\n<p><strong>JAROS\u0141AW DANIEL &#8222;Rajd na Serran V&#8221;<\/strong> (<a href=\"https:\/\/www.quentinrpg.pl\/wp-content\/uploads\/2024\/09\/Jaroslaw-Daniel-Rajd-na-Serran-V.zip\">POBIERZ<\/a>)<\/p>\n\n\n\n<p><strong>EDYCJA: <\/strong><a href=\"https:\/\/www.quentinrpg.pl\/?page_id=6314\">2024<\/a><\/p>\n\n\n\n<p><strong>SYSTEM RPG:<\/strong> Ironsworn: Starforged (uniwersum &#8222;Gwiezdnych Wojen&#8221;)<\/p>\n\n\n\n<p><strong>LICZBA GRACZY:<\/strong> 3-5<\/p>\n\n\n\n<p><strong>POSTACIE:<\/strong> gotowe<\/p>\n\n\n\n<p><strong>OPIS PRZYGODY: <\/strong>Gracze wciel\u0105 si\u0119 w komandos\u00f3w i pilot\u00f3w Sojuszu Rebeliant\u00f3w. Ich g\u0142\u00f3wnym celem jest uratowanie pojmanego rebelianckiego genera\u0142a Tredara Winneta z imperialnej bazy na planecie Serran V. Bohaterowie maj\u0105 te\u017c cele dodatkowe. Podczas przygody b\u0119d\u0105 musieli podj\u0105\u0107 nie\u0142atwe decyzje, kt\u00f3re z nich i w jaki spos\u00f3b zrealizowa\u0107, zanim Imperialni otrz\u0105sn\u0105 si\u0119 z zaskoczenia i zalej\u0105 ich przyt\u0142aczaj\u0105cymi si\u0142ami.<\/p>\n\n\n\n<div class=\"sp-wrap sp-wrap-default\">\n<div class=\"sp-head\" title=\"Expand\">\nSpoiler\n<\/div>\n<div class=\"sp-body folded\">\n<\/p>\n<p><strong>PIOTR CICHY<\/strong><\/p>\n<p>Bardzo si\u0119 ciesz\u0119, \u017ce na konkurs przysz\u0142a praca w lubianym przeze mnie uniwersum i korzystaj\u0105ca z lubianej przeze mnie mechaniki. My\u015bl\u0119, \u017ce Starforged pasuje do Gwiezdnych Wojen i do tej przygody.<\/p>\n<p>Czytaj\u0105c s\u0142owniczek poj\u0119\u0107 ze Starforged, dziwi nieprzet\u0142umaczenie s\u0142owa \u201easset\u201d (cho\u0107by jako \u201ezas\u00f3b\u201d albo \u201eatut\u201d albo \u201eprzewaga\u201d). \u201eZdolno\u015b\u0107 assetu\u201d zgrzyta.<\/p>\n<p>Jest to chyba pierwsza przygoda nades\u0142ana na Quentina, kt\u00f3r\u0105 mo\u017cna rozegra\u0107 w trybie kooperacyjnym. Du\u017ca tu zas\u0142uga mechaniki, ale przygotowane informacje s\u0105 bez dw\u00f3ch zda\u0144 bardzo istotne dla przebiegu akcji. Doceniam promowanie nieszablonowych rozwi\u0105za\u0144 w rpg.<\/p>\n<p>Troch\u0119 dziwi\u0119 si\u0119, \u017ce przygoda korzysta z wymy\u015blonych przez autora planety Serran V i genera\u0142a Tredara Winneta, a pewnie da\u0142oby si\u0119 dopasowa\u0107 co\u015b z kanonu lub legend. Du\u017co innych element\u00f3w jest wprost wzi\u0119tych z uniwersum Gwiezdnych Wojen, co jest plusem tej przygody. Linki do Wookiepedii to przydatna sprawa dla os\u00f3b mniej obeznanych w tych realiach.<\/p>\n<p>Podoba mi si\u0119 przygotowanie sugestii bohater\u00f3w, kt\u00f3rymi mo\u017cna rozegra\u0107 t\u0119 przygod\u0119. U\u0142atwi to dopasowanie postaci do fabu\u0142y. Mam pewne w\u0105tpliwo\u015bci odno\u015bnie Lidera Eskadry \u2013 to posta\u0107 najmniej powi\u0105zana z innymi, a p\u00f3\u0142 godziny (optymistycznie patrz\u0105c) op\u00f3\u017anienia przed w\u0142\u0105czeniem do akcji mo\u017ce bole\u0107.<\/p>\n<p>Dzi\u0119kuj\u0119 za mapk\u0119. Jest przydatnym narz\u0119dziem. Pomo\u017ce przygotowa\u0107 plan, a potem go rozegra\u0107. Tutaj to wr\u0119cz serce przygody.<\/p>\n<p>Poszczeg\u00f3lne miejsca s\u0105 przejrzy\u015bcie, ale do\u015b\u0107 skr\u00f3towo opisane. Nie obrazi\u0142bym si\u0119 za dodanie w wi\u0119kszo\u015bci z nich 2-3 fakt\u00f3w do wykorzystania podczas misji.<\/p>\n<p>Podobnie przyda\u0142oby si\u0119 cho\u0107 odrobin\u0119 opisa\u0107 charakter g\u0142\u00f3wnych NPC\u00f3w. Rozumiem, \u017ce to klasyczni \u0179li, czarne kapelusze etc., ale gdyby mieli jak\u0105\u015b specyfik\u0119, urozmaici\u0142oby to ich odgrywanie.<\/p>\n<p>Brakuje czegokolwiek o za\u0142ogach cywilnych pojazd\u00f3w, kt\u00f3re mo\u017cna spotka\u0107 w kantynie lub w kosmoporcie. Rozumiem, \u017ce wobec wybuchu walk b\u0119d\u0105 chcieli jak najszybciej uciec, ale mo\u017ce wcze\u015bniej uda\u0142oby si\u0119 z kim\u015b z nich dogada\u0107 np. \u017ceby pom\u00f3g\u0142 w ucieczce.<\/p>\n<p>Tak\u017ce mo\u017ce w\u015br\u00f3d wi\u0119\u017ani\u00f3w znalaz\u0142by si\u0119 kto\u015b interesuj\u0105cy. Mamy dw\u00f3ch brygadzist\u00f3w, ale poza ras\u0105 i imieniem nic o nich nie wiemy.<\/p>\n<p>Te wszystkie rzeczy mo\u017cna zaimprowizowa\u0107, korzystaj\u0105c z tabelek ze Starforged, ale gdyby autor przygody zrobi\u0142 to za nas, by\u0142oby wygodniej, a mo\u017ce i ciekawiej.<\/p>\n<p><strong>JANEK SIELICKI<\/strong><\/p>\n<p>\u015awietnie rozpisana przygoda, chyba nigdy nie widzia\u0142em jeszcze tak zrozumiale spisanej przygody do gry opartej na apokalipsie. W dodatku autor si\u0119gn\u0105\u0142 po Star Warsy i to w wydaniu militarnym! A\u017c by si\u0119 chcia\u0142o zagra\u0107! Wszystko tu s\u0142u\u017cy do tego, by pom\u00f3c MG i graczom, pomocne linki, troubleshooting, podane strony w podr\u0119czniku, rozpisani przeciwnicy, zegary. I do tego zgodnie z zasadami gry. \u015awietnie jest.<\/p>\n<p>Czego zabrak\u0142o? Troch\u0119 tej warstwy fabularnej. Ciekawych cech planety, ba ciekawie opisanych NPC\u00f3w, cho\u0107by dow\u00f3dc\u00f3w bazy, ich motywacji, jakiego\u015b zachowania typowego (cho\u0107by tego, \u017ce zawsze chodzi w bia\u0142ym p\u0142aszczu, jak Krennick). Ale jak dla mnie fina\u0142.<\/p>\n<p><strong>KAROL GNIAZDOWSKI<\/strong><\/p>\n<p>Jeden z moich faworyt\u00f3w. Przygoda na podstawie dog\u0142\u0119bnie rozumianego systemu i wykorzystuj\u0105ca jego mocne strony. Sensownie \u0142\u0105czy narz\u0119dzia gry narratywistycznej z u\u017cytecznym materia\u0142em dla MG.<\/p>\n<p>Ma dobre sugestie postaci, poprawnie dobrany poziom przysi\u0119gi i bardzo logicznie zak\u0142ada, \u017ce od razu wchodzimy w ogie\u0144 akcji.<\/p>\n<p>Kt\u00f3ra to akcja jest \u015bwietnie zag\u0119szczona! Dobrze wspiera j\u0105 r\u00f3wnomierne nabijanie zegar\u00f3w, kt\u00f3re sprawnie b\u0119dzie prowadzi\u0107 do bardzo chaotycznego fina\u0142u, w kt\u00f3rym w ka\u017cdym miejscu mamy po\u017cary do gaszenia.<\/p>\n<p>Jedna, jedyna obiekcja: wed\u0142ug mnie chybiona jest uwaga o zarz\u0105dzaniu spotlightem. Gry PbtA nie po to pod\u0105\u017caj\u0105 za sytuacjami z dramatycznym ci\u0119\u017carem, \u017ceby doklei\u0107 do nich dla bezpiecze\u0144stwa tury. Wiem, jaka stoi za tym intencja, ALE osoby graj\u0105ce t\u0119 przygod\u0119 znacznie bardziej nam\u0119cz\u0105 si\u0119 pr\u00f3buj\u0105c taki spotlight prowadzi\u0107, ni\u017c ufaj\u0105c rytmowi narracji. W praktyce, zach\u0119caj\u0105c do zaufania rytmowi samej fikcji mamy wi\u0119ksz\u0105 szans\u0119, \u017ce gracze naucz\u0105 si\u0119 odpowiedniej r\u00f3wnowagi.<\/p>\n<p>Na koniec: bardzo doceniam wzorowo przygotowany zanonimizowany plik. Strukturalnie czytelny, z dobrze rozrzuconymi linkami do inspiracji i lekkimi wstawkami daj\u0105cymi klimat, ale ca\u0142y czas niezwykle czytelny i przyjemny w przyswajaniu.<\/p>\n<p>Gratuluj\u0119<\/p>\n<p><strong>PRZEMYS\u0141AW FR\u0104CKOWIAK-SZYMA\u0143SKI<\/strong><\/p>\n<p>+ Podoba mi si\u0119 przygotowanie mechaniczne i gotowe postaci w formie &#8222;rekomendacji&#8221;, ale do samodzielnej modyfikacji. System jest bardzo dobrze wykorzystany, z porz\u0105dnym opisem poszczeg\u00f3lnych zegar\u00f3w, propozycjami kamieni milowych i podpowiedziami, jak interpretowa\u0107 ruchy os\u00f3b graj\u0105cych.<\/p>\n<p>+ \u015awietny zabieg z uzyskan\u0105 przez wywiad map\u0105 obiektu, dost\u0119pn\u0105 od razu dla bohater\u00f3w &#8211; pozwoli to realnie sformu\u0142owa\u0107 jaki\u015b plan infiltracji (kt\u00f3ry oczywi\u015bcie nie wytrzyma pierwszego kontaktu z wrogiem, ale tak ma by\u0107).<\/p>\n<p>+ Odniesienia do starwarsowej Wiki to bardzo fajny pomys\u0142, kt\u00f3ry na pewno doceni\u0105 tacy jak ja &#8211; kt\u00f3rzy niby co\u015b wiedz\u0105 o Star Wars, ale nie maj\u0105 poj\u0119cia czym jest AT-PT i jak r\u00f3\u017cni si\u0119 od AT-ST, AT-AT oraz AT-ACT.<\/p>\n<p>+ Nawet dla laika jak ja rzuca si\u0119 w oczy starwarsowy klimat. Tw\u00f3rcy wiedzieli, co robi\u0105.<\/p>\n<p>+ Wskaz\u00f3wki do prowadzenia &#8211; zawsze mile widziane.<\/p>\n<p>&#8211; Z jednej strony rozumiem, \u017ce rajd na instalacj\u0119 wojskow\u0105 powinien by\u0107 niesamowicie chaotyczny, ale z drugiej, mam lekkie obawy, \u017ce tutaj mo\u017ce by\u0107 a\u017c za du\u017co &#8222;ruchomych element\u00f3w&#8221;.<\/p>\n<p>&#8211; NPCe s\u0105 niedopracowani &#8211; zar\u00f3wno sojusznicy (jak genera\u0142, kt\u00f3rego trzeba uratowa\u0107), potencjalni sojusznicy (wi\u0119\u017aniowie, mo\u017ce niekt\u00f3rzy cywile?), jak i wrogowi (brakuje kogo\u015b charakterystycznego).<\/p>\n<p><strong>MATEUSZ TONDERA<\/strong><\/p>\n<p>Srebrem jest zaprezentowa\u0107 innym wlasny, oryginalny i wyj\u0105tkowy pomys\u0142 i uczyni\u0107 go innych pragnieniem, ale z\u0142otem wzi\u0105\u0107 marzenia i pragnienia tak wielu i uczyni\u0107 je mo\u017cliwym i przyjemnym do realizacji. Tak jest z t\u0105 przygod\u0105. Obok walk na miecze \u015bwietlne to w\u0142a\u015bnie takie brawurowe i ryzykowne akcje rebeliant\u00f3w s\u0105 filarem \u201cgwiezdnowojennej akcji\u201d. Problem w tym, \u017ce nie jest \u0142atwo zrobi\u0107 dobrze tego rodzaju przygod\u0119 zachowuj\u0105c agencyjno\u015b\u0107 graczy, dbaj\u0105c o realne napi\u0119cie i sprawnie \u017congluj\u0105c starwarsowym gearpornem (kt\u00f3ry jest wa\u017cny!)<\/p>\n<p>Oto \u015bwietnie przemy\u015blany zestaw narz\u0119dzi by wreszcie to zrobi\u0107 &#8211; \u015bwiadomie korzystaj\u0105cy ze szkieletu mechanicznego Starforged, starannie i elastycznie umocowany w lorze \u015bwiata, potencjalnje spe\u0142niaj\u0105cy marzenia tysi\u0119cy fan\u00f3w Gwiezdnych Wojen.<\/p>\n<p><strong>KONRAD MROZIK<\/strong><\/p>\n<p>Ta przygoda wywo\u0142a\u0142a u mnie najwi\u0119kszy dysonans. My\u015bl\u0119, \u017ce nigdy bym czego\u015b takiego nie poprowadzi\u0142 i nie by\u0142 w stanie dobrze to poprowadzi\u0107, a zagra\u0142bym bardziej z ciekawo\u015bci, ni\u017c faktycznego jarania si\u0119 tego typu gr\u0105. Jednocze\u015bnie uwa\u017cam, \u017ce w swoim gatunku jest to mistrzostwo. Scenariusz opisany z ogromn\u0105 precyzj\u0105, przebieg rozgrywki wydaje si\u0119 niemal p\u0142yn\u0105\u0107, przy jednoczesnych sztywnych (a mo\u017ce bardziej: stanowczych) za\u0142o\u017ceniach. To sprawia, \u017ce fundamenty ca\u0142ej gry s\u0105 niemal nienaruszalne i tylko wzmacniaj\u0105 struktur\u0119 ca\u0142ej przygody. Mimo settingu <em>Gwiezdnych Wojen<\/em>, kt\u00f3rego nie jestem wielbicielem ani znawc\u0105, bez problemu potrafi\u0142em odnale\u017a\u0107 si\u0119 we wszystkich bardziej lub mniej obcych mi terminach oraz elementach \u015bwiata przedstawionego.<\/p>\n<p>Przygoda na pewno nale\u017cy do tych nietypowych i bardzo gatunkowych, jednak w swojej kategorii nie spotka\u0142em si\u0119 z lepiej napisanym tego typu scenariuszem. Z przyjemno\u015bci\u0105 obejrza\u0142bym sesj\u0119 prowadzon\u0105 przez kogo\u015b, kto odnajduje si\u0119 w tego typu prowadzeniu i pewnie z zapartym tchem ogl\u0105da\u0142bym poczynania ca\u0142ej dru\u017cyny.<\/p>\n<p><strong>JAKUB ZAPA\u0141A<\/strong><\/p>\n<p>Solidna przygoda realizuj\u0105ca dobrze za\u0142o\u017con\u0105 konwencj\u0119 i pozostawiajac\u0105 Graczom du\u017c\u0105 swobod\u0119 w kreowaniu przebiegu misji. Scenariusz przygotowany jako jednostrza\u0142, ale oferujacy satysfakcjonuj\u0105c\u0105 zamkni\u0119t\u0105 wojenn\u0105 histori\u0119.<\/p>\n<p>Plusy:<\/p>\n<p>* kompetentny opis konwecji, systemu i s\u0142owniczek przet\u0142umaczonych poj\u0119\u0107;&nbsp;<\/p>\n<p>* spis tre\u015bci;&nbsp;<\/p>\n<p>* pomoce do tworzenia postaci, wraz z sugestiami do szybkiego grania;<\/p>\n<p>* sprawne operowanie settingiem;<\/p>\n<p>* du\u017ca swoboda dla Graczy w planowaniu i realizacji misji;&nbsp;<\/p>\n<p>* liczne u\u0142atwienia, porady i pomoce dla MG.<\/p>\n<p>\n<div class=\"spdiv\">[collapse]<\/div>\n<\/div>\n<\/div>\n\n","protected":false},"excerpt":{"rendered":"<p>JAROS\u0141AW DANIEL &#8222;Rajd na Serran V&#8221; (POBIERZ) EDYCJA: 2024 SYSTEM RPG: Ironsworn: Starforged (uniwersum &#8222;Gwiezdnych Wojen&#8221;) LICZBA GRACZY: 3-5 POSTACIE: gotowe OPIS PRZYGODY: Gracze wciel\u0105 si\u0119 w komandos\u00f3w i pilot\u00f3w Sojuszu Rebeliant\u00f3w. Ich g\u0142\u00f3wnym celem jest uratowanie pojmanego rebelianckiego genera\u0142a Tredara Winneta z imperialnej bazy na planecie Serran V. Bohaterowie maj\u0105 te\u017c cele dodatkowe. Podczas<a class=\"more-link button\" href=\"https:\/\/www.quentinrpg.pl\/?page_id=6358\">Czytaj dalej&#8230;<\/a><\/p>\n","protected":false},"author":11112,"featured_media":0,"parent":0,"menu_order":0,"comment_status":"closed","ping_status":"closed","template":"","meta":{"footnotes":""},"categories":[39,38,37,59,126,19],"tags":[129,130,131,127,128],"class_list":["post-6358","page","type-page","status-publish","hentry","category-3-graczy","category-4-graczy","category-5-graczy","category-finalisci","category-ironsworn","category-scenariusze","tag-3-graczy","tag-4-graczy","tag-5-graczy","tag-gwiezdne-wojny","tag-ironsworn"],"_links":{"self":[{"href":"https:\/\/www.quentinrpg.pl\/index.php?rest_route=\/wp\/v2\/pages\/6358","targetHints":{"allow":["GET"]}}],"collection":[{"href":"https:\/\/www.quentinrpg.pl\/index.php?rest_route=\/wp\/v2\/pages"}],"about":[{"href":"https:\/\/www.quentinrpg.pl\/index.php?rest_route=\/wp\/v2\/types\/page"}],"author":[{"embeddable":true,"href":"https:\/\/www.quentinrpg.pl\/index.php?rest_route=\/wp\/v2\/users\/11112"}],"replies":[{"embeddable":true,"href":"https:\/\/www.quentinrpg.pl\/index.php?rest_route=%2Fwp%2Fv2%2Fcomments&post=6358"}],"version-history":[{"count":4,"href":"https:\/\/www.quentinrpg.pl\/index.php?rest_route=\/wp\/v2\/pages\/6358\/revisions"}],"predecessor-version":[{"id":6567,"href":"https:\/\/www.quentinrpg.pl\/index.php?rest_route=\/wp\/v2\/pages\/6358\/revisions\/6567"}],"wp:attachment":[{"href":"https:\/\/www.quentinrpg.pl\/index.php?rest_route=%2Fwp%2Fv2%2Fmedia&parent=6358"}],"wp:term":[{"taxonomy":"category","embeddable":true,"href":"https:\/\/www.quentinrpg.pl\/index.php?rest_route=%2Fwp%2Fv2%2Fcategories&post=6358"},{"taxonomy":"post_tag","embeddable":true,"href":"https:\/\/www.quentinrpg.pl\/index.php?rest_route=%2Fwp%2Fv2%2Ftags&post=6358"}],"curies":[{"name":"wp","href":"https:\/\/api.w.org\/{rel}","templated":true}]}}