{"id":6639,"date":"2025-06-25T23:07:10","date_gmt":"2025-06-25T21:07:10","guid":{"rendered":"https:\/\/www.quentinrpg.pl\/?page_id=6639"},"modified":"2025-07-06T14:41:21","modified_gmt":"2025-07-06T12:41:21","slug":"2025-2","status":"publish","type":"page","link":"https:\/\/www.quentinrpg.pl\/?page_id=6639","title":{"rendered":"2025"},"content":{"rendered":"\n<p><a href=\"https:\/\/www.quentinrpg.pl\/?page_id=6314\">2024<\/a> &#8211; <a href=\"https:\/\/www.quentinrpg.pl\/?page_id=6054\">2023<\/a> &#8211; <a href=\"https:\/\/www.quentinrpg.pl\/?page_id=5825\" data-type=\"page\" data-id=\"5825\">2022 <\/a>&#8211; <a href=\"https:\/\/www.quentinrpg.pl\/?page_id=5279\">2021<\/a> &#8211; <a href=\"http:\/\/quentinrpg.pl\/?page_id=4764\">2020<\/a> &#8211; <a href=\"http:\/\/quentinrpg.pl\/?page_id=4209\">2019<\/a> &#8211; <a href=\"http:\/\/quentinrpg.pl\/?page_id=3789\">2018<\/a> &#8211; <a href=\"http:\/\/quentinrpg.pl\/?page_id=2959\">2017<\/a> &#8211; <a href=\"http:\/\/quentinrpg.pl\/?page_id=2667\">2016<\/a> &#8211; <a href=\"http:\/\/quentinrpg.pl\/?page_id=2549\">2015<\/a> &#8211; <a href=\"http:\/\/quentinrpg.pl\/?page_id=2250\">2014<\/a> &#8211; <a href=\"http:\/\/quentinrpg.pl\/?page_id=1774\">2013<\/a> &#8211; <a href=\"http:\/\/quentinrpg.pl\/?page_id=1375\">2012<\/a> &#8211; <a href=\"http:\/\/quentinrpg.pl\/?page_id=1175\">2011<\/a> &#8211; <a href=\"http:\/\/quentinrpg.pl\/?page_id=35\">2010<\/a> &#8211; <a href=\"http:\/\/quentinrpg.pl\/?page_id=327\">2009<\/a> &#8211; <a href=\"http:\/\/quentinrpg.pl\/?page_id=334\">2008<\/a> &#8211; <a href=\"http:\/\/quentinrpg.pl\/?page_id=336\">2007<\/a> &#8211; <a href=\"http:\/\/quentinrpg.pl\/?page_id=338\">2006<\/a> &#8211; <a href=\"http:\/\/quentinrpg.pl\/?page_id=340\">2005<\/a> &#8211; <a href=\"http:\/\/quentinrpg.pl\/?page_id=342\">2004<\/a> &#8211; <a href=\"http:\/\/quentinrpg.pl\/?page_id=344\">2003<\/a> &#8211; <a href=\"http:\/\/quentinrpg.pl\/?page_id=348\">2002<\/a> &#8211; <a href=\"http:\/\/quentinrpg.pl\/?page_id=351\">2001<\/a> &#8211; <a href=\"http:\/\/quentinrpg.pl\/?page_id=354\">2000<\/a> &#8211; <a href=\"http:\/\/quentinrpg.pl\/?page_id=356\">1999<\/a> &#8211; <a href=\"http:\/\/quentinrpg.pl\/?page_id=4679\">Express<\/a><\/p>\n\n\n\n<p>Wyniki XXVII edycji Quentina zosta\u0142y og\u0142oszone na konwencie Polcon-Bazyliszek 5 lipca 2025 r.<\/p>\n\n\n\n<p>(Kapitu\u0142a ocenia\u0142a wersje przyg\u00f3d inne ni\u017c s\u0105 zamieszczone teraz na stronie &#8211; zanonimizowane, bez grafik itd.)<\/p>\n\n\n\n<figure class=\"wp-block-table\"><table class=\"has-fixed-layout\"><tbody><tr><td><strong>Zwyci\u0119ska praca:<\/strong><\/td><td><\/td><td><\/td><\/tr><tr><td><a href=\"https:\/\/www.quentinrpg.pl\/?page_id=6644\">&#8222;Siedem grzech\u00f3w Juranda ze Spychowa&#8221;<\/a><\/td><td>M\u00f6rk Borg<\/td><td>Szczepan Lodowski<\/td><\/tr><tr><td><strong>I wyr\u00f3\u017cnienie:<\/strong><\/td><td><\/td><td><\/td><\/tr><tr><td><a href=\"https:\/\/www.quentinrpg.pl\/?page_id=6660\">&#8222;Co robimy w odbiciu?&#8221;<\/a><\/td><td>Potw\u00f3r tygodnia<\/td><td>Jakub \u201eGachu\u201d Gachowski<\/td><\/tr><tr><td><strong>II wyr\u00f3\u017cnienie:<\/strong><\/td><td><\/td><td><\/td><\/tr><tr><td><a href=\"https:\/\/www.quentinrpg.pl\/?page_id=6657\">&#8222;Przeszczep&#8221;<\/a><\/td><td>Serce: Miasto Poni\u017cej<\/td><td>Grzegorz \u201eZaelos\u201d Marchlewski, Paulina \u201eKira\u015bna\u201d Radziszewska<\/td><\/tr><tr><td><strong>Pozostali finali\u015bci:<\/strong><\/td><td><\/td><td><\/td><\/tr><tr><td><a href=\"https:\/\/www.quentinrpg.pl\/?page_id=6648\">&#8222;Porcelana&#8221;<\/a><\/td><td>Dungeons &amp; Dragons 5ed.<\/td><td>Dominik Py\u015bk<\/td><\/tr><tr><td><a href=\"https:\/\/www.quentinrpg.pl\/?page_id=6653\">&#8222;Zemsta Pana Lasu&#8221;<\/a><\/td><td>Zew Cthulhu<\/td><td>Jakub Fenert<\/td><\/tr><tr><td><strong>Pozosta\u0142e przygody:<\/strong><\/td><td><\/td><td><\/td><\/tr><tr><td><a href=\"https:\/\/www.quentinrpg.pl\/?page_id=6682\">&#8222;Chleb powszedni&#8221;<\/a><\/td><td>Warhammer 4ed.<\/td><td>Adam Ponikiewski<\/td><\/tr><tr><td><a href=\"https:\/\/www.quentinrpg.pl\/?page_id=6688\">&#8222;Krocz\u0105cy na wietrze&#8221;<\/a><\/td><td>Zew Cthulhu<\/td><td>Jakub Radziwilski<\/td><\/tr><tr><td><a href=\"https:\/\/www.quentinrpg.pl\/?page_id=6684\">&#8222;Kr\u00f3l Szczur\u00f3w&#8221;<\/a><\/td><td>Wied\u017amin: Gra Wyobra\u017ani<\/td><td>Kastor Drozd<\/td><\/tr><tr><td><a href=\"https:\/\/www.quentinrpg.pl\/?page_id=6681\">&#8222;L\u00f3d w \u017cy\u0142ach&#8221;<\/a><\/td><td>Serce: Miasto Poni\u017cej<\/td><td>Bart\u0142omiej Buller<\/td><\/tr><tr><td><a href=\"https:\/\/www.quentinrpg.pl\/?page_id=6689\">&#8222;Matczyna mi\u0142o\u015b\u0107&#8221;<\/a><\/td><td>Forbidden Lands<\/td><td>Witold \u201cDelta\u201d D\u0119bski<\/td><\/tr><tr><td><a href=\"https:\/\/www.quentinrpg.pl\/?page_id=6687\">&#8222;Mmmm&#8230; Piwo!&#8221;<\/a><\/td><td>Warhammer 2ed.<\/td><td>Piotr Boruch, Rafa\u0142 Sowi\u0144ski<\/td><\/tr><tr><td><a href=\"https:\/\/www.quentinrpg.pl\/?page_id=6680\">&#8222;Oczy \u015bwiat\u0142a&#8221;<\/a><\/td><td>Liminal Horror<\/td><td>Marek Koz\u0142owski, Piotr Sekrecki<\/td><\/tr><tr><td><a href=\"https:\/\/www.quentinrpg.pl\/?page_id=6686\">&#8222;Upadek Nagenhof&#8221;<\/a><\/td><td>Warhammer 2ed.<\/td><td>Mateusz Musielski<\/td><\/tr><tr><td><a href=\"https:\/\/www.quentinrpg.pl\/?page_id=6679\">&#8222;Wesele Alberta Krielmana&#8221;<\/a><\/td><td>low fantasy\/ Warhammer<\/td><td>Haptism<\/td><\/tr><tr><td><a href=\"https:\/\/www.quentinrpg.pl\/?page_id=6685\">&#8222;Zajazd u kajdaniarzy czyli klatka&#8221;<\/a><\/td><td>Warhammer 2ed.<\/td><td>Dawid Szyma\u0144ski, Micha\u0142 Laskowski<\/td><\/tr><tr><td><a href=\"https:\/\/www.quentinrpg.pl\/?page_id=6683\">&#8222;Zegar bije, wspominaj&#8221;<\/a><\/td><td>Wraith: The Oblivion<\/td><td>Marcin Blacha<\/td><\/tr><tr><td><a href=\"https:\/\/www.quentinrpg.pl\/?page_id=6678\">&#8222;Z zasianego ziarna&#8221;<\/a><\/td><td>\u015awiat Mroku\/ Wilko\u0142ak: Apokalipsa<\/td><td>Rafa\u0142 \u201cKo\u015b\u0107 w eterze\u201d Kalinowski, S\u00f8ren A. Hjorth<\/td><\/tr><\/tbody><\/table><\/figure>\n","protected":false},"excerpt":{"rendered":"<p>2024 &#8211; 2023 &#8211; 2022 &#8211; 2021 &#8211; 2020 &#8211; 2019 &#8211; 2018 &#8211; 2017 &#8211; 2016 &#8211; 2015 &#8211; 2014 &#8211; 2013 &#8211; 2012 &#8211; 2011 &#8211; 2010 &#8211; 2009 &#8211; 2008 &#8211; 2007 &#8211; 2006 &#8211; 2005 &#8211; 2004 &#8211; 2003 &#8211; 2002 &#8211; 2001 &#8211; 2000 &#8211; 1999 &#8211; Express Wyniki XXVII<a class=\"more-link button\" href=\"https:\/\/www.quentinrpg.pl\/?page_id=6639\">Czytaj dalej&#8230;<\/a><\/p>\n","protected":false},"author":11118,"featured_media":6053,"parent":0,"menu_order":0,"comment_status":"closed","ping_status":"closed","template":"","meta":{"footnotes":""},"categories":[19],"tags":[],"class_list":["post-6639","page","type-page","status-publish","has-post-thumbnail","hentry","category-scenariusze"],"_links":{"self":[{"href":"https:\/\/www.quentinrpg.pl\/index.php?rest_route=\/wp\/v2\/pages\/6639","targetHints":{"allow":["GET"]}}],"collection":[{"href":"https:\/\/www.quentinrpg.pl\/index.php?rest_route=\/wp\/v2\/pages"}],"about":[{"href":"https:\/\/www.quentinrpg.pl\/index.php?rest_route=\/wp\/v2\/types\/page"}],"author":[{"embeddable":true,"href":"https:\/\/www.quentinrpg.pl\/index.php?rest_route=\/wp\/v2\/users\/11118"}],"replies":[{"embeddable":true,"href":"https:\/\/www.quentinrpg.pl\/index.php?rest_route=%2Fwp%2Fv2%2Fcomments&post=6639"}],"version-history":[{"count":5,"href":"https:\/\/www.quentinrpg.pl\/index.php?rest_route=\/wp\/v2\/pages\/6639\/revisions"}],"predecessor-version":[{"id":6721,"href":"https:\/\/www.quentinrpg.pl\/index.php?rest_route=\/wp\/v2\/pages\/6639\/revisions\/6721"}],"wp:featuredmedia":[{"embeddable":true,"href":"https:\/\/www.quentinrpg.pl\/index.php?rest_route=\/wp\/v2\/media\/6053"}],"wp:attachment":[{"href":"https:\/\/www.quentinrpg.pl\/index.php?rest_route=%2Fwp%2Fv2%2Fmedia&parent=6639"}],"wp:term":[{"taxonomy":"category","embeddable":true,"href":"https:\/\/www.quentinrpg.pl\/index.php?rest_route=%2Fwp%2Fv2%2Fcategories&post=6639"},{"taxonomy":"post_tag","embeddable":true,"href":"https:\/\/www.quentinrpg.pl\/index.php?rest_route=%2Fwp%2Fv2%2Ftags&post=6639"}],"curies":[{"name":"wp","href":"https:\/\/api.w.org\/{rel}","templated":true}]}}