{"id":703,"date":"2011-01-20T19:01:08","date_gmt":"2011-01-20T17:01:08","guid":{"rendered":"http:\/\/quentinrpg.pl\/?page_id=703"},"modified":"2018-07-26T02:23:33","modified_gmt":"2018-07-26T00:23:33","slug":"wedrowki-nocna-pora","status":"publish","type":"page","link":"https:\/\/www.quentinrpg.pl\/?page_id=703","title":{"rendered":"W\u0119dr\u00f3wki nocn\u0105 por\u0105"},"content":{"rendered":"<h3><a title=\"W\u0119dr\u00f3wki nocn\u0105 por\u0105\" href=\"http:\/\/quentinrpg.pl\/wp-content\/uploads\/2010\/10\/q2004_wedrowki_nocna_pora.zip\" target=\"_blank\" rel=\"noopener\">&#8222;W\u0119dr\u00f3wki nocn\u0105 por\u0105&#8221;<\/a> (<a title=\"W\u0119dr\u00f3wki nocn\u0105 por\u0105\" href=\"http:\/\/quentinrpg.pl\/wp-content\/uploads\/2010\/10\/q2004_wedrowki_nocna_pora.pdf\" target=\"_blank\" rel=\"noopener\">pdf<\/a>)<\/h3>\n<p><em>Filip Max Borowik<\/em><\/p>\n<p>Wyr\u00f3\u017cnienie.<\/p>\n\n<div class=\"sp-wrap sp-wrap-default\">\n<div class=\"sp-head\" title=\"Expand\">\nSpoiler\n<\/div>\n<div class=\"sp-body folded\">\n<\/p>\n<h2>Komentarze:<\/h2>\n<h4>Magdalena Madej<\/h4>\n<p>Sterylny i prosty styl, jakim zosta\u0142 spisany ten scenariusz,<br \/>\nmo\u017ce zwie\u015b\u0107 pobie\u017cnie czytaj\u0105cego odbiorc\u0119. W\u0119dr\u00f3wki nocna por\u0105<br \/>\nto cudowna opowie\u015b\u0107, kt\u00f3ra a\u017c roi si\u0119 od odwo\u0142a\u0144 do znanych ba\u015bni<br \/>\ni popularnych motyw\u00f3w magicznych, co sprawia, i\u017c wype\u0142nia j\u0105 lekko<br \/>\noniryczna atmosfera nadaj\u0105ca jej s\u0142odki posmak cudowno\u015bci. Przygoda<br \/>\njest jedynie z pozoru osadzona w sztandarowym \u015bwiecie fantasy,<br \/>\nbowiem autor uczyni\u0142 krok na prz\u00f3d i w wyj\u0105tkowo sprawny oraz<br \/>\nudatny spos\u00f3b wprowadzi\u0142 do niego konwencj\u0119 bajkow\u0105. Szkoda jednak,<br \/>\ni\u017c nie zaproponowa\u0142 postaci, w jakie powinni wcieli\u0107 si\u0119 gracze,<br \/>\ngdy\u017c typowej dru\u017cynie (kap\u0142an, z\u0142odziej, wojownik) trudno b\u0119dzie<br \/>\nodnale\u017a\u0107 si\u0119 w nowych zasadach gry, jakim rz\u0105dzi si\u0119 Kraina Chronona.<br \/>\nFabu\u0142a zosta\u0142a oparta na prostych wydarzeniach, kt\u00f3re powinny<br \/>\nbez problemu doprowadzi\u0107 dru\u017cyn\u0119 do poznania wszelkich tajemnic<br \/>\ni wype\u0142nienia powierzonych im zada\u0144, dzi\u0119ki czemu gracze nie pogubi\u0105<br \/>\nsi\u0119 w niesamowito\u015bci i umowno\u015bci zasad, jakimi kieruj\u0105 si\u0119 mieszka\u0144cy<br \/>\nzegarowego kr\u00f3lestwa.<\/p>\n<p>Mi\u0142o\u015bnicy opowie\u015bci o magicznych istotach i zagadkach, a tak\u017ce<br \/>\nwielbiciele zaskakuj\u0105cych rozwi\u0105za\u0144 z ochot\u0105 zagraj\u0105 w W\u0119dr\u00f3wki<br \/>\nnocna por\u0105, dzi\u0119ki kt\u00f3rym prze\u017cyj\u0105 wspania\u0142\u0105 przygod\u0119 w ba\u015bniowej<br \/>\nkrainie.<\/p>\n<h4>Krystyna Nahlik<\/h4>\n<p>&#8230;<\/p>\n<h4>Joanna Szaleniec<\/h4>\n<p>Prosty i rzeczowy styl scenariusza sprawia, \u017ce na pierwszy rzut<br \/>\noka przygoda sprawia wra\u017cenie bardzo zwyczajnej. Tymczasem oparta<br \/>\njest na niezwykle interesuj\u0105cym pomy\u015ble, gracze za\u015b poruszaj\u0105<br \/>\nsi\u0119 w uniwersum rodem z &#8222;Dziadka do orzech\u00f3w&#8221;. Tym,<br \/>\nco szczeg\u00f3lnie urzeka w tym scenariuszu (oczywi\u015bcie poza samym<br \/>\nza\u0142o\u017ceniem), jest specyficzna atmosfera, budowana w oparciu o<br \/>\nsilnie oddzia\u0142uj\u0105ce na wyobra\u017ani\u0119 motywy.<\/p>\n<h4>Julian Czurko<\/h4>\n<p>Fantastyczna przygoda, przeurocza<br \/>\nw\u00a0swojej bezpretensjonalno\u015bci. Kapitalny klimat mistycznego<br \/>\n\u015bwiata, przecudni, trzymaj\u0105cy poziom BNi. A\u00a0do tego zupe\u0142nie<br \/>\nnietypowa jak na erpegowe opisy karczma! \ud83d\ude42<\/p>\n<h4>Tomasz Z. Majkowski<\/h4>\n<p>G\u0142upi tytu\u0142.<\/p>\n<p>Ale poza tym &#8211; przygoda jest uroczym przerywnikiem w podr\u00f3\u017cy.<br \/>\nS\u0105dz\u0119, \u017ce jej rozegranie to kwestia godziny &#8211; dw\u00f3ch. Potem graczom<br \/>\nsi\u0119 znudzi, wi\u0119c trzeba si\u0119 spieszy\u0107. Oczywi\u015bcie, nie umniejsza<br \/>\nto jej warto\u015bci &#8211; jest zupe\u0142nie jak scenariusz &#8222;W mie\u015bcie wie\u017c<br \/>\ni dzwon\u00f3w&#8221; z &#8222;Horroru w Orient Expresie&#8221;.<\/p>\n<p>Nie zgadzam si\u0119 jednak zupe\u0142nie z panuj\u0105c\u0105 w Kapitule opini\u0105,<br \/>\n\u017ce rzecz przypomina przygody Alicji. Zamys\u0142 powiastek Carolla<br \/>\npolega na przeinaczeniu logiki i grach j\u0119zykowych. Ta przygoda<br \/>\njest raczej w nastroju groteski romantycznej, na przyk\u0142ad opowiada\u0144<br \/>\nETA Hoffmana. Zw\u0142aszcza, \u017ce tak zegar, jak Kr\u00f3l Szczur\u00f3w bardzo<br \/>\nprzypominaj\u0105 &#8222;Dziadka do orzech\u00f3w&#8221;.<\/p>\n<p>I tylko dlatego nie zgrzyta mi konieczno\u015b\u0107 przyniesienia g\u0142owy<br \/>\nKr\u00f3la Szczur\u00f3w. Ba\u015bnie romantyczne zawsze s\u0105 okrutne. Gdyby wystarczy\u0142o<br \/>\ngo oszuka\u0107, podw\u0119dzi\u0107 mu gwizdek, czy co\u015b z tych rzeczy, ca\u0142a<br \/>\nprzygoda sta\u0142aby si\u0119 obrzydliwie przes\u0142odzona. Mi\u0142e szczurki,<br \/>\nmi\u0142e skrzaty, mi\u0142y demon &#8211; troch\u0119 tego za du\u017co. Odrobina brutalno\u015bci<br \/>\ndodaje zabawie szczypt\u0119 pikanterii. A je\u015bli \u017cal Wam si\u0119 zrobi\u0142o<br \/>\nKr\u00f3la Szczur\u00f3w, tym lepiej, prawda?<\/p>\n<p>Rozwi\u0105zanie zagadki miejsca pobytu Chronona jest niezmiernie.<\/p>\n<p>Przygoda ma na pewno niepowtarzaln\u0105 atmosfer\u0119 (a\u017c si\u0119 prosi pu\u015bci\u0107<br \/>\nw tle muzyk\u0119 Czajkowskiego), niepotrzebnie autor osadz\u0105 j\u0105 jednak<br \/>\nw uniwersum fantasy, gdzie takie rzeczy s\u0105 na porz\u0105dku dziennym.<br \/>\nJej umiejscowienie musi by\u0107, moim zdaniem, daleko bardziej specyficzne.<br \/>\nM\u00f3wi\u0142em, \u017ce ca\u0142o\u015b\u0107 zalatuje romantyzmem? A wi\u0119c&#8230;<\/p>\n<p>&#8222;Noc pad\u0142a na las, las w mroku sta\u0142<\/p>\n<p>Kto\u015b noc\u0105 lasem na koniu gna\u0142<\/p>\n<p>T\u0119tni\u0142o echo w\u015br\u00f3d olch i brz\u00f3z<\/p>\n<p>Gdy ojciec syna do domu wi\u00f3z\u0142&#8221;<\/p>\n<p>Pami\u0119tacie &#8222;Kr\u00f3la Olch&#8221;? Albo &#8222;Dziadka do orzech\u00f3w&#8221;? &#8222;Kr\u00f3la zamczyska&#8221;?<br \/>\nAby zyska\u0107 dost\u0119p do tajemnicy, trzeba postrada\u0107 zmys\u0142y, albo<br \/>\nby\u0107 dzieckiem. Za dost\u0119p do tajemnicy p\u0142aci si\u0119 \u017cyciem.<\/p>\n<p>Przygoda nie wypali w \u015bwiecie, w kt\u00f3rym i tak wyst\u0119puje cudowno\u015b\u0107.<br \/>\nNie uda si\u0119 te\u017c, je\u015bli dru\u017cyna sk\u0142ada\u0107 si\u0119 b\u0119dzie z Zab\u00f3jcy Trolli,<br \/>\n\u0141owcy Czarownic, Rozb\u00f3jnika i Nekromanty. W jej sk\u0142ad musz\u0105 wchodzi\u0107<br \/>\nnadwra\u017cliwcy, ludzie, kt\u00f3rzy mog\u0105 zyska\u0107 dost\u0119p do tego, co zakryte.<br \/>\nNajlepiej, by zostali wyrwani ze \u015bwiata, w kt\u00f3rym tego typu cudowno\u015b\u0107<br \/>\nnie wyst\u0119puje. I, czego autor ju\u017c, niestety, nie napisa\u0142, by do<br \/>\nko\u0144ca pozostawi\u0107 w\u0105tpliwo\u015b\u0107, czy niezwyk\u0142e wizje to chorobliwe<br \/>\nmajaki rozpalonego umys\u0142u, czy te\u017c wspomnienia faktycznego pobytu<br \/>\nw innej rzeczywisto\u015bci.<\/p>\n<p>S\u0142owem &#8211; je\u015bli prowadzi\u0107 t\u0119 przygod\u0119, to tylko w Zewie Cthulhu,<br \/>\nczy innej grze, kt\u00f3r\u0105 rozgrywa si\u0119 w stylu retro.<\/p>\n<p>Cho\u0107 jest to wi\u0119c kawa\u0142 dobrej, historycznoliterackiej roboty,<br \/>\nbrakuje scenariuszowi wszystkich romantycznych smaczk\u00f3w, o kt\u00f3rych<br \/>\npozwoli\u0142em sobie wspomnie\u0107 powy\u017cej. Gdyby rzecz o nie uzupe\u0142ni\u0107,<br \/>\nbez chwili wahania uzna\u0142bym ten scenariusz za najlepszy w tym<br \/>\nroku, a by\u0107 mo\u017ce i od kilku lat.<\/p>\n<p>A tak? Pozostaje kolejn\u0105 przygoda fantasy, w kt\u00f3rej gracze trafiaj\u0105<br \/>\ndo innego \u015bwiata i musz\u0105 si\u0119 z niego wydosta\u0107. A to motyw nie<br \/>\ntylko oklepany, ale i oszuka\u0144czy.<\/p>\n<p>Owszem, jest urokliwa urokiem &#8222;Dziadka do orzech\u00f3w&#8221;.<br \/>\nAle z pewno\u015bci\u0105 nie wybitna.<\/p>\n<h4>\u0141ukasz M. Pogoda<\/h4>\n<p>&#8230;<\/p>\n<h4>Maciej Reputakowski<\/h4>\n<p>Bardzo \u0142adna ba\u015b\u0144. \u015awietnie oddana konwencja opowie\u015bci o magicznych<br \/>\nz\u0142o\u015bliwych stworzeniach, kt\u00f3ra rozgrywa si\u0119 w typowym dla takich<br \/>\nhistorii &#8222;\u015bwiecie z zagadk\u0105&#8221; (a\u017c prosi si\u0119, \u017ceby gracze musieli<br \/>\nzagra\u0107 dzie\u0107mi!). Prawdopodobnie trudno by\u0142oby w Polsce znale\u017a\u0107<br \/>\nsystem, do kt\u00f3rego ten scenariusz pasowa\u0142by idealnie, ale nie<br \/>\njest to bynajmniej zarzut (Everway albo Changelling spisa\u0142yby<br \/>\nsi\u0119 prawdopodobnie doskonale).<\/p>\n<p>Ma\u0142\u0105 w\u0105tpliwo\u015b\u0107 budzi prawdopodobie\u0144stwo, i\u017c gracze zabij\u0105 Kr\u00f3la<br \/>\nSzczur\u00f3w, kt\u00f3remu wcze\u015bniej pomogli (co nie zmienia faktu, i\u017c<br \/>\n\u017c\u0105danie Demona bardzo dobrze wpisuje si\u0119 w konwencj\u0119!). Poza tym<br \/>\nw przebiegu akcji (jako \u017ce jest do\u015b\u0107 prosta, charakterystyczna<br \/>\ndla tego typu historii) trudno si\u0119 do czegokolwiek przyczepi\u0107,<br \/>\na spos\u00f3b odnalezienia miejsca pobytu Chronona jest bardzo klimatyczny.<br \/>\nTym niemniej warto wcze\u015bniej uprzedzi\u0107 graczy (np. w Warhammerze),<br \/>\n\u017ce zagraj\u0105 w nieco inn\u0105 przygod\u0119 ni\u017c zazwyczaj. Inaczej mog\u0105 si\u0119<br \/>\npoczu\u0107 zawiedzeni i oszukani.<\/p>\n<p>S\u0142owem, scenariusz bez wi\u0119kszych fajerwerk\u00f3w, ale naprawd\u0119 solidny<br \/>\ni posiadaj\u0105cy sw\u00f3j urok. Dodajmy &#8211; niezatarty urok.<\/p>\n<h4>Marcin Segit<\/h4>\n<p>&#8230;<\/p>\n<h4>Micha\u0142 'Puszon&#8217; Stachyra<\/h4>\n<p>Bardzo mi\u0142a przyg\u00f3dka, idealny<br \/>\nprzerywnik do jakiej\u015b du\u017cej kampanii dla strudzonych poszukiwaczy<br \/>\nprzyg\u00f3d.<\/p>\n<p>Sprawnie napisane, pomys\u0142owe,<br \/>\ns\u0142odkie. Kupa fajnych pomys\u0142\u00f3w &#8211; szczur w surducie, chochliki<\/p>\n<p>Szkoda tylko, \u017ce scenariusz jest<br \/>\nw\u0142a\u015bciwie liniowy, oczywi\u015bcie mo\u017cna go przerobi\u0107 by taki nie by\u0142,<br \/>\nale jednak&#8230; Gdyby autor nieco bardziej si\u0119 rozpisa\u0142, po dopracowywa\u0142<br \/>\nsmaczki, rozwa\u017cy\u0142 dodatkowe opcje by\u0142by to jeden z najlepszych<br \/>\nscenariuszy (chyba najlepszy z dotychczas przeze mnie przeczytanych).<br \/>\nAle i tak jest w \u015bcis\u0142ej czo\u0142\u00f3wce.<\/p>\n<h4>Krzysztof \u015awi\u0105tek<\/h4>\n<p><strong>PLUSY:<\/strong> &#8222;cudo, niech mnie \u015blag trafi, cudo&#8221;<br \/>\njak m\u00f3wi\u0142 pewien W\u0142och w znanej komedii. Zgrabnie napisane, z<br \/>\npomys\u0142em, kupa sympatycznych stwork\u00f3w, masa dobrej zabawy i fantastyczny<br \/>\nfina\u0142.<\/p>\n<p><strong>MINUSY:<\/strong> lekkim dysonansem dla mnie by\u0142a dla mnie<br \/>\nkonieczno\u015b\u0107 u\u015bmiercenia kr\u00f3la szczur\u00f3w &#8211; tak by\u0142o mi\u0142o a tu&#8230;<br \/>\nAle TZM twierdzi, \u017ce tak by\u0107 powinno, i \u017ce to &#8222;Dziadek do orzech\u00f3w&#8221;<br \/>\na nie &#8222;Alicja w Krainie Czar\u00f3w&#8221;. Mo\u017ce?&#8230;<\/p>\n<p><strong>WRA\u017bENIA: <\/strong> Murowany numer jeden na mojej li\u015bcie<br \/>\nrankingowej. Szkoda tylko, \u017ce nie jest d\u0142u\u017csze &#8211; wiem , wybrzydzam,<br \/>\njakby by\u0142o d\u0142u\u017csze to by si\u0119 przejad\u0142o&#8230;<\/p>\n<p>\n<div class=\"spdiv\">[collapse]<\/div>\n<\/div>\n<\/div>\n\n","protected":false},"excerpt":{"rendered":"<p>&#8222;W\u0119dr\u00f3wki nocn\u0105 por\u0105&#8221; (pdf) Filip Max Borowik Wyr\u00f3\u017cnienie.<\/p>\n","protected":false},"author":11112,"featured_media":0,"parent":342,"menu_order":0,"comment_status":"open","ping_status":"closed","template":"","meta":{"footnotes":""},"categories":[59,54],"tags":[],"class_list":["post-703","page","type-page","status-publish","hentry","category-finalisci","category-inne"],"_links":{"self":[{"href":"https:\/\/www.quentinrpg.pl\/index.php?rest_route=\/wp\/v2\/pages\/703","targetHints":{"allow":["GET"]}}],"collection":[{"href":"https:\/\/www.quentinrpg.pl\/index.php?rest_route=\/wp\/v2\/pages"}],"about":[{"href":"https:\/\/www.quentinrpg.pl\/index.php?rest_route=\/wp\/v2\/types\/page"}],"author":[{"embeddable":true,"href":"https:\/\/www.quentinrpg.pl\/index.php?rest_route=\/wp\/v2\/users\/11112"}],"replies":[{"embeddable":true,"href":"https:\/\/www.quentinrpg.pl\/index.php?rest_route=%2Fwp%2Fv2%2Fcomments&post=703"}],"version-history":[{"count":0,"href":"https:\/\/www.quentinrpg.pl\/index.php?rest_route=\/wp\/v2\/pages\/703\/revisions"}],"up":[{"embeddable":true,"href":"https:\/\/www.quentinrpg.pl\/index.php?rest_route=\/wp\/v2\/pages\/342"}],"wp:attachment":[{"href":"https:\/\/www.quentinrpg.pl\/index.php?rest_route=%2Fwp%2Fv2%2Fmedia&parent=703"}],"wp:term":[{"taxonomy":"category","embeddable":true,"href":"https:\/\/www.quentinrpg.pl\/index.php?rest_route=%2Fwp%2Fv2%2Fcategories&post=703"},{"taxonomy":"post_tag","embeddable":true,"href":"https:\/\/www.quentinrpg.pl\/index.php?rest_route=%2Fwp%2Fv2%2Ftags&post=703"}],"curies":[{"name":"wp","href":"https:\/\/api.w.org\/{rel}","templated":true}]}}