{"id":709,"date":"2011-01-20T19:03:18","date_gmt":"2011-01-20T17:03:18","guid":{"rendered":"http:\/\/quentinrpg.pl\/?page_id=709"},"modified":"2018-07-26T02:12:42","modified_gmt":"2018-07-26T00:12:42","slug":"noc-aniolow","status":"publish","type":"page","link":"https:\/\/www.quentinrpg.pl\/?page_id=709","title":{"rendered":"Noc Anio\u0142\u00f3w"},"content":{"rendered":"<h3 style=\"text-align: justify;\"><a title=\"Noc Anio\u0142\u00f3w\" href=\"http:\/\/quentinrpg.pl\/wp-content\/uploads\/2010\/10\/q2004_noc_aniolow.zip\" target=\"_blank\" rel=\"noopener\">&#8222;Noc Anio\u0142\u00f3w&#8221;<\/a> (<a title=\"Noc Anio\u0142\u00f3w\" href=\"http:\/\/quentinrpg.pl\/wp-content\/uploads\/2010\/10\/q2004_noc_aniolow.pdf\" target=\"_blank\" rel=\"noopener\">pdf<\/a>)<\/h3>\n<p style=\"text-align: justify;\"><em>Rafa\u0142 Szyma<\/em><\/p>\n<p style=\"text-align: justify;\">Finalista.<\/p>\n<p style=\"text-align: justify;\">\n<div class=\"sp-wrap sp-wrap-default\">\n<div class=\"sp-head\" title=\"Expand\">\nSpoiler\n<\/div>\n<div class=\"sp-body folded\">\n<\/p>\n<h2 style=\"text-align: justify;\">Komentarze:<\/h2>\n<h4 style=\"text-align: justify;\">Magdalena Madej<\/h4>\n<p style=\"text-align: justify;\">Genialne rozpocz\u0119cie, wci\u0105gaj\u0105ca intryga, dobrze spisana przygoda,<br \/>\nsp\u00f3jna fabu\u0142a, jednym s\u0142owem wyj\u0105tkowo smakowity pomys\u0142 na scenariusz,<br \/>\ndoprawiony pikantn\u0105 estetyk\u0105 sakraln\u0105. Mog\u0142abym d\u0142ugo i upojnie<br \/>\nrozpisywa\u0107 si\u0119 nad ciekawym wst\u0119pem do scenariusza, jaki serwuje<br \/>\nnam autor Nocy Anio\u0142\u00f3w, lecz podkre\u015bl\u0119 tylko, i\u017c zrobi\u0142o ono na<br \/>\nmnie du\u017ce wra\u017cenie &#8211; dawno nie spotka\u0142am si\u0119 z tak fabularnie<br \/>\nprzemy\u015blanym i wrzucaj\u0105cym graczy w wir przygody rozpocz\u0119ciem.<br \/>\nDo pewnego momentu wszystko zdaje si\u0119 zapowiada\u0107 naprawd\u0119 udany<br \/>\ni godny uwagi scenariusz, niestety, potem sytuacja ulega zmianie.<\/p>\n<p>Z opisanych powy\u017cej powod\u00f3w &#8211; g\u0142\u00f3wnie zaskakuj\u0105cego sw\u0105 oryginalno\u015bci\u0105<br \/>\npomys\u0142u &#8211; by\u0142am gotowa przymkn\u0105\u0107 oko na fakt, i\u017c autor nie wprowadzi\u0142<\/p>\n<p style=\"text-align: justify;\">do fabu\u0142y osobistych w\u0105tk\u00f3w postaci graczy, nie zaanga\u017cowa\u0142 ich<br \/>\nbezpo\u015brednio w problematyk\u0119 przygody. Niestety, sztampowy i slapstikowy<br \/>\nfina\u0142 anielskiej historii zupe\u0142nie psuje efekt niezwyczajno\u015bci<br \/>\ni klimat, jaki uda\u0142o si\u0119 osi\u0105gn\u0105\u0107 w pocz\u0105tkowej cz\u0119\u015bci scenariusza.<\/p>\n<h4 style=\"text-align: justify;\">Krystyna Nahlik<\/h4>\n<p style=\"text-align: justify;\">&#8230;<\/p>\n<h4 style=\"text-align: justify;\">Joanna Szaleniec<\/h4>\n<p style=\"text-align: justify;\">Niezwykle oryginalny i mocno pobudzaj\u0105cy wyobra\u017ani\u0119 pomys\u0142. Intryguj\u0105ca<br \/>\nscena otwieraj\u0105ca przygod\u0119 sprawia, \u017ce czytelnik ma ochot\u0119 z zapartym<br \/>\ntchem \u015bledzi\u0107 dalszy przebieg zdarze\u0144. Sposobu, w jaki autor przedstawi\u0142<br \/>\n\u015bredniowieczny klimat, nie powstydzi\u0142by si\u0119 sam Umberto Eco. Niestety,<br \/>\nkolejne wydarzenia i rozwi\u0105zanie nieco rozczarowuj\u0105. Mimo to zamierzam<br \/>\npoprowadzi\u0107 ten scenariusz i spodziewam si\u0119, \u017ce po pewnych przer\u00f3bkach<br \/>\n(w szczeg\u00f3lno\u015bci powoduj\u0105cych, \u017ce dzia\u0142ania graczy b\u0119d\u0105 mia\u0142y<br \/>\nwi\u0119ksze znaczenie dla ca\u0142o\u015bci historii oraz &#8211; ze wzgl\u0119du na moje<br \/>\nw\u0142asne preferencje &#8211; u\u0142o\u017ceniu w\u0105tk\u00f3w w logiczne \u015bledztwo) b\u0119dzie<br \/>\nto jedna z najlepszych przyg\u00f3d, jakie prowadzi\u0142am w \u017cyciu.<\/p>\n<h4 style=\"text-align: justify;\">Julian Czurko<\/h4>\n<p style=\"text-align: justify;\">Wielka nadzieja i wielkie rozczarowanie. Wprowadzenie jest zupe\u0142nie<br \/>\nneutralne. Zaraz po nim nast\u0119puje pierwsza scena &#8211; przepi\u0119kna<br \/>\ni wstrz\u0105saj\u0105ca! Po prostu boska! Wszystko si\u0119 pi\u0119knie rozwija<br \/>\na\u017c do dziwnej \u015bmierci zakonnika (kt\u00f3ry przed \u015bmierci\u0105 swoimi zamiarami<br \/>\nzaprzeczy\u0142 ca\u0142emu swojemu duchowemu \u017cyciu). Przekonany, \u017ce starzec<br \/>\nprzyzwa\u0142 demona, by ten go zabi\u0142, uniemo\u017cliwiaj\u0105c akt profanacji<br \/>\nczyta\u0142em dalej. Akcja p\u0142ynie wartko, ale&#8230; w ko\u0144cu co\u015b si\u0119 psuje.<br \/>\nKiedy oczekiwa\u0142em kolejnych ciekawych i nastrojowych wydarze\u0144,<br \/>\nwszystko sprowadzi\u0142o si\u0119 do tajemnego kultu i kolejnego z serii<br \/>\nMrocznych Rytua\u0142\u00f3w. By\u0142o mi strasznie przykro ;(<\/p>\n<h4 style=\"text-align: justify;\">Tomasz Z. Majkowski<\/h4>\n<p style=\"text-align: justify;\">C\u00f3\u017c za gorzkie rozczarowanie. Po \u0142adnym tytule (cho\u0107 tytu\u0142y angeliczne<br \/>\ns\u0105 ostatnio w modzie. &#8222;Tam, gdzie spadaj\u0105 anio\u0142y&#8221; Terakowskiej,<br \/>\n&#8222;Pod mocnym anio\u0142em&#8221; Pilcha, &#8222;Anio\u0142 w Krakowie&#8221;, &#8222;Miasto anio\u0142\u00f3w&#8221;,<br \/>\n&#8222;Prawnicy z Miasta Anio\u0142\u00f3w&#8221;&#8230; No, mo\u017ce ociupink\u0119 si\u0119 zagalopowa\u0142em)<br \/>\ni interesuj\u0105cym wprowadzeniu poziom ze strony na stron\u0119 spada.<\/p>\n<p style=\"text-align: justify;\">Wprowadzenie jest arcyznakomite &#8211; jedz\u0105 sobie kolacj\u0119 u biskupa,<br \/>\na\u017c tu pojawia si\u0119 anio\u0142 (pi\u0119kny i nagi &#8211; czy aby nie za du\u017co mangi?<br \/>\nChrze\u015bcija\u0144skie anio\u0142y s\u0105 androgeniczne), a hierarcha zaraz &#8222;mieszek<br \/>\ndla tego, kto j\u0105 z\u0142apie&#8221;.<\/p>\n<p style=\"text-align: justify;\">A potem powoli zaczyna si\u0119 sypa\u0107.<\/p>\n<p style=\"text-align: justify;\">Mnich zostaje zamordowany a ksi\u0119gi spalone, przygoda trzyma si\u0119<br \/>\njednak jeszcze tematu. Kto\u015b chce uchroni\u0107 dziewczyn\u0119 przed usi\u0142uj\u0105cymi<br \/>\npowstrzyma\u0107 przemian\u0119 graczami i wszystko gra.<\/p>\n<p style=\"text-align: justify;\">Kiedy pojawia si\u0119 inkwizytor, jeszcze nie jest \u017ale. Skoro s\u0105<br \/>\nanio\u0142y, powinien si\u0119 trafi\u0107 i diabe\u0142. Szkoda tylko, \u017ce nie ma<br \/>\nkopyta.<\/p>\n<p style=\"text-align: justify;\">Lecz gdy jedna z anielic zostaje spalona na stosie, bardzo dobry<br \/>\nscenariusz zaczyna si\u0119 psu\u0107. Dlaczego gracze s\u0105 znowu tylko bezczynnymi<br \/>\n\u015bwiadkami? Czemu sami jej nie pal\u0105? Dlaczego tylko ogl\u0105daj\u0105? Czemu<br \/>\nnie mog\u0105 ocali\u0107? Zn\u00f3w Autor nie ufa graj\u0105cym &#8211; ale skoro ma a\u017c<br \/>\ntakie z\u0142e zdanie o graczach, \u017ce boi si\u0119 powierzy\u0107 im naprawd\u0119<br \/>\nwa\u017cn\u0105 i kluczow\u0105 scen\u0119, to dlaczego nie pisze ksi\u0105\u017cek?<\/p>\n<p style=\"text-align: justify;\">A potem jest ju\u017c coraz marniej. Kaba\u0142a mag\u00f3w &#8211; a niech mnie!<br \/>\nJaki oni maj\u0105 zwi\u0105zek z pocz\u0105tkowym problemem niedopuszczenia<br \/>\ndo przeanielenia? Dlaczego w po\u0142owie biskup &#8211; a z nim scenariusz<br \/>\n&#8211; robi\u0105 wolt\u0119 i zupe\u0142nie zmienia si\u0119 i cel, i nastr\u00f3j? Czemu gdzie\u015b<br \/>\ngubi si\u0119 nasza dziewczyna i wszystkie anio\u0142y staj\u0105 si\u0119 nagle anonimowe?<br \/>\nPo co po scenariuszu pl\u0105taj\u0105 si\u0119 cztery demony (kt\u00f3rym gracze<br \/>\nnie mog\u0105 nic im zrobi\u0107), spalone zamki (kt\u00f3rych gracze nie mog\u0105<br \/>\nugasi\u0107), i z jakich powod\u00f3w fina\u0142em jest rytua\u0142, kt\u00f3ry przyr\u00f3wna\u0107<br \/>\nmo\u017cna z powodzeniem do fina\u0142u arcydzie\u0142a kinematografii, jakim<br \/>\nbez w\u0105tpienia jest Blade: Wieczna owca?<\/p>\n<p style=\"text-align: justify;\">Ma\u0142o tego &#8211; jedyny spos\u00f3b by rzecz pozytywnie zako\u0144czy\u0107 to literalny<br \/>\nDeus ex machina. Je\u015bli gracze si\u0119 pomodl\u0105, wszystko dobrze si\u0119<br \/>\nsko\u0144czy. Nie musz\u0105 nawet wierzy\u0107. C\u00f3\u017c &#8211; Pan jest ich pasterzem.<\/p>\n<p style=\"text-align: justify;\">Potrafi\u0119 wybaczy\u0107 bzdurne zawi\u0105zanie, je\u015bli prowadzi do ciekawego<br \/>\nfina\u0142u. Doskona\u0142ego zawi\u0105zania, kt\u00f3re owocuje bzdurnym zako\u0144czeniem<br \/>\npu\u015bci\u0107 p\u0142azem nie mo\u017cna. Strasznie mi szkoda tego scenariusza<br \/>\n&#8211; a w\u0142a\u015bciwe drzemi\u0105cego w nim potencja\u0142u.<\/p>\n<p style=\"text-align: justify;\">Bo najzabawniejsze jest to, \u017ce wszystkie elementy uk\u0142adanki da\u0142yby<br \/>\nsi\u0119 interesuj\u0105co wykorzysta\u0107 &#8211; i diabelski inkwizytor, i spisek<br \/>\nmag\u00f3w, i \u015bwi\u0119ci m\u0119\u017cowie maj\u0105 cudowny potencja\u0142. M\u00f3g\u0142by z r\u00f3wnym<br \/>\npowodzeniem powsta\u0107 psychologiczny dramat religijny i bardzo dobra<br \/>\nprzygoda detektywistyczno &#8211; okultystyczno &#8211; sensacyjna. Wystarczy\u0142oby<br \/>\nodrobink\u0119 pomy\u015ble\u0107 i delikatnie rzecz przesk\u0142ada\u0107, zamiast ulega\u0107<br \/>\npokusie skonstruowania zagadki, kt\u00f3ra jest nierozwi\u0105zywalna dlatego,<br \/>\n\u017ce nie prowadz\u0105 do niej \u017cadne \u015blady.<\/p>\n<p style=\"text-align: justify;\">Pozostaje zatem cytowa\u0107 Herberta:<\/p>\n<p style=\"text-align: justify;\"><em>Starszy anio\u0142 z u\u015bmiechem t\u0142umaczy &#8211; nieporozumienie.<\/em><\/p>\n<h4 style=\"text-align: justify;\">\u0141ukasz M. Pogoda<\/h4>\n<p style=\"text-align: justify;\">&#8230;<\/p>\n<h4 style=\"text-align: justify;\">Maciej Reputakowski<\/h4>\n<p style=\"text-align: justify;\">Scenariusz zmarnowanych szans &#8211; to zapewne powie wi\u0119kszo\u015b\u0107 cz\u0142onk\u00f3w<br \/>\nkapitu\u0142y. Ciekawy, klimatyczny pomys\u0142, kt\u00f3ry komiksiarzowi na<br \/>\nmy\u015bli przywodzi seri\u0119 &#8222;Trzeci Testament&#8221;, czu\u0107 w nim r\u00f3wnie\u017c powiew<br \/>\npowie\u015bci Eco. Na powiewie niestety si\u0119 ko\u0144czy &#8211; gracze znowu (jak<br \/>\nw wielu innych scenariuszach) maj\u0105 za ma\u0142y wp\u0142yw na ostateczne<br \/>\nrozwi\u0105zanie historii.<\/p>\n<p style=\"text-align: justify;\">Mamy tu r\u00f3wnie\u017c kilka bardzo interesuj\u0105cych motyw\u00f3w (chocia\u017cby<br \/>\nwizji), ale nie zosta\u0142y one do ko\u0144ca spo\u017cytkowane. Szczeg\u00f3lnie<br \/>\n\u017cal w\u0105tku bohatera, kt\u00f3ry zawiera &#8222;pakt&#8221; z diab\u0142em &#8211; jego zako\u0144czenie<br \/>\nnie wypada zbyt efektownie. Z drugiej strony nale\u017cy si\u0119 pochwa\u0142a<br \/>\nza niebanalny, jak na scenariusz gry fabularnej, stosunek do religii<br \/>\nchrze\u015bcija\u0144skiej. Rzadko mo\u017cna si\u0119 na tym polu spotka\u0107 si\u0119 z podej\u015bciem,<br \/>\nkt\u00f3re nagradza\u0142oby prawdziw\u0105 i szczer\u0105 wiar\u0119.<\/p>\n<h4 style=\"text-align: justify;\">Marcin Segit<\/h4>\n<p style=\"text-align: justify;\">&#8230;<\/p>\n<h4 style=\"text-align: justify;\">Micha\u0142 'Puszon&#8217; Stachyra<\/h4>\n<p style=\"text-align: justify;\">Oryginalny temat &#8211; zamienianie si\u0119 ludzi w anio\u0142y. Ciekawe, ciekawe..<br \/>\nFajny pocz\u0105tek (bardzo filmowy)&#8230; potem gorzej. Za cz\u0119sto pojawiaj\u0105<br \/>\nsi\u0119 tu sceny, kt\u00f3re bohaterowie mog\u0105 tylko zobaczy\u0107, a w kt\u00f3rych<br \/>\nnie mog\u0105 aktywnie uczestniczy\u0107 (mie\u0107 wp\u0142ywu na ich zako\u0144czenie)<br \/>\n&#8211; jasne, \u017ce dobry MG potrafi poprowadzi\u0107 tak\u0105 scen\u0119, tak aby MG<br \/>\nsi\u0119 nie zorientowali, ale gdy jest ich wi\u0119cej gracze zorientuj\u0105<br \/>\nsi\u0119, \u017ce s\u0105 tylko widzami, a nie uczestnikami wydarze\u0144. A ma\u0142o<br \/>\nkto to lubi.<\/p>\n<p style=\"text-align: justify;\">Na pewno nie jest to scenariusz do rozegrania w dowolnym fantasy<br \/>\n&#8211; raczej po prostu w naszym \u015bredniowieczu.<\/p>\n<p style=\"text-align: justify;\">Powt\u00f3rz\u0119 si\u0119, ale zn\u00f3w zmarnowany \u015bwietny pomys\u0142 na scenariusz.<br \/>\nSzkoda. A zacz\u0119\u0142o si\u0119 nie\u017ale&#8230;<\/p>\n<h4 style=\"text-align: justify;\">Krzysztof \u015awi\u0105tek<\/h4>\n<p style=\"text-align: justify;\"><strong>PLUSY:<\/strong> fajny pomys\u0142, pocz\u0105tek &#8222;z wykopem&#8221;,<br \/>\nniez\u0142y &#8222;evil one&#8221;.<\/p>\n<p style=\"text-align: justify;\"><strong>MINUSY:<\/strong> im dalej w las tym wi\u0119cej drzew. A fina\u0142<br \/>\nwo\u0142a o pomst\u0119 do nieba i anio\u0142\u00f3w &#8211; tych prawdziwych.<\/p>\n<p style=\"text-align: justify;\"><strong>WRA\u017bENIA: <\/strong>Mimo wszystko podoba\u0142o mi si\u0119. I<br \/>\ngdyby inaczej poprowadzi\u0107 intryg\u0119&#8230;<\/p>\n<p style=\"text-align: justify;\">\n<div class=\"spdiv\">[collapse]<\/div>\n<\/div>\n<\/div>\n<\/p>\n","protected":false},"excerpt":{"rendered":"<p>&#8222;Noc Anio\u0142\u00f3w&#8221; (pdf) Rafa\u0142 Szyma Finalista.<\/p>\n","protected":false},"author":11112,"featured_media":0,"parent":342,"menu_order":0,"comment_status":"open","ping_status":"open","template":"","meta":{"footnotes":""},"categories":[59,54],"tags":[],"class_list":["post-709","page","type-page","status-publish","hentry","category-finalisci","category-inne"],"_links":{"self":[{"href":"https:\/\/www.quentinrpg.pl\/index.php?rest_route=\/wp\/v2\/pages\/709","targetHints":{"allow":["GET"]}}],"collection":[{"href":"https:\/\/www.quentinrpg.pl\/index.php?rest_route=\/wp\/v2\/pages"}],"about":[{"href":"https:\/\/www.quentinrpg.pl\/index.php?rest_route=\/wp\/v2\/types\/page"}],"author":[{"embeddable":true,"href":"https:\/\/www.quentinrpg.pl\/index.php?rest_route=\/wp\/v2\/users\/11112"}],"replies":[{"embeddable":true,"href":"https:\/\/www.quentinrpg.pl\/index.php?rest_route=%2Fwp%2Fv2%2Fcomments&post=709"}],"version-history":[{"count":0,"href":"https:\/\/www.quentinrpg.pl\/index.php?rest_route=\/wp\/v2\/pages\/709\/revisions"}],"up":[{"embeddable":true,"href":"https:\/\/www.quentinrpg.pl\/index.php?rest_route=\/wp\/v2\/pages\/342"}],"wp:attachment":[{"href":"https:\/\/www.quentinrpg.pl\/index.php?rest_route=%2Fwp%2Fv2%2Fmedia&parent=709"}],"wp:term":[{"taxonomy":"category","embeddable":true,"href":"https:\/\/www.quentinrpg.pl\/index.php?rest_route=%2Fwp%2Fv2%2Fcategories&post=709"},{"taxonomy":"post_tag","embeddable":true,"href":"https:\/\/www.quentinrpg.pl\/index.php?rest_route=%2Fwp%2Fv2%2Ftags&post=709"}],"curies":[{"name":"wp","href":"https:\/\/api.w.org\/{rel}","templated":true}]}}