{"id":715,"date":"2011-01-20T19:05:28","date_gmt":"2011-01-20T17:05:28","guid":{"rendered":"http:\/\/quentinrpg.pl\/?page_id=715"},"modified":"2018-07-26T02:17:00","modified_gmt":"2018-07-26T00:17:00","slug":"rzezbiarz","status":"publish","type":"page","link":"https:\/\/www.quentinrpg.pl\/?page_id=715","title":{"rendered":"Rze\u017abiarz"},"content":{"rendered":"<h3 style=\"text-align: justify;\"><a title=\"Rze\u017abiarz\" href=\"http:\/\/quentinrpg.pl\/wp-content\/uploads\/2010\/10\/q2004_rzezbiarz.pdf\" target=\"_blank\" rel=\"noopener\">&#8222;Rze\u017abiarz&#8221;<\/a><\/h3>\n<p style=\"text-align: justify;\"><em>Piotr Brewczy\u0144ski<\/em><\/p>\n<p style=\"text-align: justify;\">\n<div class=\"sp-wrap sp-wrap-default\">\n<div class=\"sp-head\" title=\"Expand\">\nSpoiler\n<\/div>\n<div class=\"sp-body folded\">\n<\/p>\n<h2 style=\"text-align: justify;\">Komentarze:<\/h2>\n<h4 style=\"text-align: justify;\">Magdalena Madej<\/h4>\n<p style=\"text-align: justify;\">Przygoda spisana poprawnie i ca\u0142kiem logicznie, pomys\u0142 na scenariusz<br \/>\nnawet ciekawy i uniwersalny (do rozegrania dla wi\u0119kszo\u015bci dru\u017cyn).<br \/>\nNiestety brak tu wci\u0105gaj\u0105cych w\u0105tk\u00f3w osobistych, ciekawej estetyki,<br \/>\nzadziwiaj\u0105cego zako\u0144czenia lub przemy\u015blanego przebiegu fabularnego.<br \/>\nRze\u017abiarz idealnie nadaje si\u0119 na zimowy wiecz\u00f3r, kiedy graj\u0105cy<br \/>\nnie maj\u0105 zbyt wiele czasu i ochoty na psychologiczne gierki i<br \/>\ndramatyczne wydarzenia. Standard.<\/p>\n<h4 style=\"text-align: justify;\">Krystyna Nahlik<\/h4>\n<p style=\"text-align: justify;\">&#8230;<\/p>\n<h4 style=\"text-align: justify;\">Joanna Szaleniec<\/h4>\n<p style=\"text-align: justify;\">Wra\u017cenie podobne jak w przypadku &#8222;Panicza&#8221; &#8211; drobiazgowo<br \/>\nzaplanowane i interesuj\u0105ce, ale do\u015b\u0107 klasyczne \u015bledztwo.<\/p>\n<h4 style=\"text-align: justify;\">Julian Czurko<\/h4>\n<p style=\"text-align: justify;\">Kolejna bardzo poprawna przygoda, tym razem do D&amp;D. \u015awietna<br \/>\ndo prze\u0142o\u017cenia na gr\u0119 komputerow\u0105, do klasycznego RPG brakuje<br \/>\njej chyba jakiej\u015b iskry.<\/p>\n<h4 style=\"text-align: justify;\">Tomasz Z. Majkowski<\/h4>\n<p style=\"text-align: justify;\">Bardzo poprawna przygoda. Sprawnie wprowadzona w ograniczenia<br \/>\nsystemu. Zgodna z kanonem tego\u017c. Oparta na przyzwoitym pomy\u015ble.<br \/>\nNie najgorzej spisana.<\/p>\n<p style=\"text-align: justify;\">Kompletnie bez polotu.<\/p>\n<p style=\"text-align: justify;\">\u015aledztwo mo\u017ce by\u0107 do\u015b\u0107 zabawne, ale jest zbyt oczywiste. Ja,<br \/>\nkt\u00f3ry za grosz nie znam si\u0119 na D&amp;D, domy\u015bli\u0142em si\u0119, kto jest<br \/>\nsprawc\u0105 w trzecim zdaniu podrozdzia\u0142u &#8222;o co chodzi&#8221;. Ocho, pomy\u015bla\u0142em,<br \/>\njaki\u015b go\u015b\u0107 zamienia szlacht\u0119 w kamie\u0144 i wystawia jak rze\u017aby. Jest<br \/>\ntaki enpis w &#8222;Krainach Snu&#8221; do Zewu Cthulhu, mo\u017ce st\u0105d od razu<br \/>\ngo skojarzy\u0142em.<\/p>\n<p style=\"text-align: justify;\">To by\u0142by zatem najwa\u017cniejszy grzech tego scenariusza &#8211; ograny<br \/>\npomys\u0142.<\/p>\n<p style=\"text-align: justify;\">Nie w\u0105tpi\u0119, \u017ce gra\u0142oby si\u0119 w &#8222;Rze\u017abiarza&#8221; do\u015b\u0107 przyjemnie, cho\u0107<br \/>\nnie jest krymina\u0142em i zabawa ogranicza si\u0119 do wype\u0142nienia questa.<br \/>\nJest jednak tak idealnie przeci\u0119tny, \u017ce powinno si\u0119 go odla\u0107 w<br \/>\nplatynie i zakopa\u0107 pod Pary\u017cem.<\/p>\n<p style=\"text-align: justify;\">I to wszystko, co mam na jego temat do powiedzenia.<\/p>\n<h4 style=\"text-align: justify;\">\u0141ukasz M. Pogoda<\/h4>\n<p style=\"text-align: justify;\">&#8230;<\/p>\n<h4 style=\"text-align: justify;\">Maciej Reputakowski<\/h4>\n<p style=\"text-align: justify;\">To tak zwany &#8222;scenariusz typowy do b\u00f3lu&#8221;. I nie jest to bro\u0144<br \/>\nBo\u017ce zarzut. Nie jest to jednak\u017ce r\u00f3wnie\u017c pochwa\u0142a. &#8222;Rze\u017abiarza&#8221;<br \/>\nspisano dok\u0142adnie i prosto. Niemal\u017ce w sam raz do szybkiego poprowadzenia.<br \/>\nNiczym nie zaskakuje, ale mie\u015bci si\u0119 doskonale w konwencji D&amp;D.<br \/>\nS\u0105 skarby, przeciwnicy i loch (tyle \u017ce nad ziemi\u0105). I to w zasadzie<br \/>\nwszystko, jako \u017ce nie ma tu do czego si\u0119 przyczepi\u0107 ani nad czym<br \/>\npia\u0107 z zachwytu.<\/p>\n<h4 style=\"text-align: justify;\">Marcin Segit<\/h4>\n<p style=\"text-align: justify;\">&#8230;<\/p>\n<h4 style=\"text-align: justify;\">Micha\u0142 'Puszon&#8217; Stachyra<\/h4>\n<p style=\"text-align: justify;\">Straszliwie to D&amp;Dowe, i to hermetycznie D&amp;Dowe, zamiast<br \/>\njak Pan B\u00f3g przykaza\u0142 napisa\u0107, \u017ce w bandzie s\u0105 wojownicy, \u0142otrzykowie<br \/>\netc pojawiaj\u0105 si\u0119 'CN, Wjk3&#8242; &#8211; g\u0142upia rzecz, a razi&#8230;<\/p>\n<p style=\"text-align: justify;\">Niezno\u015bna forma hipotez na pocz\u0105tku scenariusza. Intryga nieciekawa,<br \/>\npogi\u0119ta a nade wszystko odgadywalna..<\/p>\n<p style=\"text-align: justify;\">A opis postaci Hugo, a konkretnie jego taktyka mnie os\u0142abi\u0142a,<br \/>\ntzn. nie os\u0142abi\u0142a mnie taktyka jako taka, bo to przecie\u017c oczywiste,<br \/>\n\u017ce zaczyna si\u0119 od kamiennej skory i kociej gracji (miau&#8230;) ale<br \/>\nopisywanie sposobu w jaki walczy bohater po podaniu jego mega-pe\u0142nych<br \/>\nstats\u00f3w kojarzy mi si\u0119 z wczesnymi KCetami. O ja.. doszed\u0142em do<br \/>\ncastingu ! Bomba!<\/p>\n<p style=\"text-align: justify;\">Jest i mapa.. prawdziwy dungeon.<\/p>\n<p style=\"text-align: justify;\">Suma sumarum idealny quest D&amp;Dowy dla pocz\u0105tkuj\u0105cych graczy.<br \/>\nIdealnie niestrawne dla kogokolwiek innego.<\/p>\n<h4 style=\"text-align: justify;\">Krzysztof \u015awi\u0105tek<\/h4>\n<p style=\"text-align: justify;\"><strong>PLUSY:<\/strong> oj, niedobrze. Nie potrafi\u0119 tu nic<br \/>\nnapisa\u0107. No mo\u017ce poza tym: jest mapka dungeonu.<\/p>\n<p style=\"text-align: justify;\"><strong>MINUSY:<\/strong> tak sztampowe, \u017ce a\u017c stawy szcz\u0119kaj\u0105. Takie<br \/>\nprzygody to pisa\u0142 do AD&amp;D ju\u017c m\u00f3j dziadek g\u0119sim pi\u00f3rem \u0107wier\u0107<br \/>\nwieku temu.<\/p>\n<p style=\"text-align: justify;\"><strong>WRA\u017bENIA: <\/strong>Przykro mi, ale tak\u0105 przygod\u0119 to<br \/>\nmo\u017cna poprowadzi\u0107 z musu, gdy okazuje si\u0119, \u017ce nasz MG od ZC si\u0119<br \/>\nrozchorowa\u0142 a trzeba jako\u015b czas zabi\u0107&#8230;<\/p>\n<p style=\"text-align: justify;\">\n<div class=\"spdiv\">[collapse]<\/div>\n<\/div>\n<\/div>\n<\/p>\n","protected":false},"excerpt":{"rendered":"<p>&#8222;Rze\u017abiarz&#8221; Piotr Brewczy\u0144ski<\/p>\n","protected":false},"author":11112,"featured_media":0,"parent":342,"menu_order":0,"comment_status":"open","ping_status":"open","template":"","meta":{"footnotes":""},"categories":[48],"tags":[],"class_list":["post-715","page","type-page","status-publish","hentry","category-dd-i-d20"],"_links":{"self":[{"href":"https:\/\/www.quentinrpg.pl\/index.php?rest_route=\/wp\/v2\/pages\/715","targetHints":{"allow":["GET"]}}],"collection":[{"href":"https:\/\/www.quentinrpg.pl\/index.php?rest_route=\/wp\/v2\/pages"}],"about":[{"href":"https:\/\/www.quentinrpg.pl\/index.php?rest_route=\/wp\/v2\/types\/page"}],"author":[{"embeddable":true,"href":"https:\/\/www.quentinrpg.pl\/index.php?rest_route=\/wp\/v2\/users\/11112"}],"replies":[{"embeddable":true,"href":"https:\/\/www.quentinrpg.pl\/index.php?rest_route=%2Fwp%2Fv2%2Fcomments&post=715"}],"version-history":[{"count":0,"href":"https:\/\/www.quentinrpg.pl\/index.php?rest_route=\/wp\/v2\/pages\/715\/revisions"}],"up":[{"embeddable":true,"href":"https:\/\/www.quentinrpg.pl\/index.php?rest_route=\/wp\/v2\/pages\/342"}],"wp:attachment":[{"href":"https:\/\/www.quentinrpg.pl\/index.php?rest_route=%2Fwp%2Fv2%2Fmedia&parent=715"}],"wp:term":[{"taxonomy":"category","embeddable":true,"href":"https:\/\/www.quentinrpg.pl\/index.php?rest_route=%2Fwp%2Fv2%2Fcategories&post=715"},{"taxonomy":"post_tag","embeddable":true,"href":"https:\/\/www.quentinrpg.pl\/index.php?rest_route=%2Fwp%2Fv2%2Ftags&post=715"}],"curies":[{"name":"wp","href":"https:\/\/api.w.org\/{rel}","templated":true}]}}