{"id":719,"date":"2011-01-20T19:09:36","date_gmt":"2011-01-20T17:09:36","guid":{"rendered":"http:\/\/quentinrpg.pl\/?page_id=719"},"modified":"2018-07-26T02:17:48","modified_gmt":"2018-07-26T00:17:48","slug":"sore-wa-himitsu-desu-to-tajemnica","status":"publish","type":"page","link":"https:\/\/www.quentinrpg.pl\/?page_id=719","title":{"rendered":"Sore wa himitsu desu: To tajemnica"},"content":{"rendered":"<h3><a title=\"Sore\" href=\"http:\/\/quentinrpg.pl\/wp-content\/uploads\/2010\/10\/q2004_to_tajemnica.zip\" target=\"_blank\" rel=\"noopener\">&#8222;Sore wa himitsu desu: To tajemnica&#8221;<\/a> (<a title=\"Sore wa\" href=\"http:\/\/quentinrpg.pl\/wp-content\/uploads\/2010\/10\/q2004_to_tajemnica.pdf\" target=\"_blank\" rel=\"noopener\">pdf<\/a>)<\/h3>\n<p><em>Hanna Fiutek<\/em><\/p>\n\n<div class=\"sp-wrap sp-wrap-default\">\n<div class=\"sp-head\" title=\"Expand\">\nSpoiler\n<\/div>\n<div class=\"sp-body folded\">\n<\/p>\n<h2>Komentarze:<\/h2>\n<h4>Magdalena Madej<\/h4>\n<p>Zawsze, gdy zasiadam do lektury scenariusza do Legendy Pi\u0119ciu<br \/>\nKr\u0119g\u00f3w jestem z za\u0142o\u017cenia pozytywnie nastawiona, z ogromn\u0105 przyjemno\u015bci\u0105<br \/>\nzag\u0142\u0119biam si\u0119 w powie\u015bciach o honorze i bohaterstwie, jednak z<br \/>\njeszcze wi\u0119kszym zapa\u0142em \u015bledz\u0119 dobrze zbudowan\u0105 fabu\u0142\u0119. Proponowana<br \/>\nprzez autork\u0119 Sore wa himitsu desu opowie\u015b\u0107, mimo wyra\u017anych zalet<br \/>\ni odwa\u017cnych posuni\u0119\u0107 (kazirodczy zwi\u0105zek mi\u0119dzy bratem a siostr\u0105)<br \/>\nnie przekonuje mnie i nie wywo\u0142uje tak oczekiwanego dreszczyku<br \/>\nemocji.<\/p>\n<p>Podstawy, na jakich wzniesiono fabu\u0142\u0119 przygody, s\u0105 do\u015b\u0107 ciekawe<br \/>\ni mog\u0142yby sta\u0107 si\u0119 podwalinami dramatycznej i poruszaj\u0105cej opowie\u015bci.<br \/>\nNiestety scenariusz cierpi na chorob\u0119, kt\u00f3ra dolega wi\u0119kszo\u015bci<br \/>\nznanych mi tekst\u00f3w tego typu. Charakteryzuje si\u0119 ona bardzo nier\u00f3wn\u0105<br \/>\nbudow\u0105 fabu\u0142y, kt\u00f3ra z pocz\u0105tku jest pe\u0142na szczeg\u00f3\u0142\u00f3w i akcji,<br \/>\nz czasem jednak g\u0119sto\u015b\u0107 i znaczenie wydarze\u0144 rozrzedza si\u0119.<\/p>\n<p>Rzecz ma si\u0119 tak samo i w przypadku tej przygody. Zawi\u0105zanie opowie\u015bci<br \/>\ni pocz\u0105tkowe wydarzenia przebiegaj\u0105 prawid\u0142owo, ale ko\u0144c\u00f3wka to<br \/>\ngar\u015b\u0107 rzuconych pod nos graczy w\u0105tk\u00f3w, kt\u00f3re sami maj\u0105 skleci\u0107<br \/>\nw ca\u0142o\u015b\u0107.<\/p>\n<h4>Krystyna Nahlik<\/h4>\n<p>&#8230;<\/p>\n<h4>Joanna Szaleniec<\/h4>\n<p>To interesuj\u0105cy scenariusz, ale zbyt sucho, jakby po\u015bpiesznie<br \/>\nnapisany. W\u0105tki nie s\u0105 do ko\u0144ca wygrane, a skomplikowane relacje<br \/>\nmi\u0119dzy bohaterami niezale\u017cnymi za ma\u0142o anga\u017cuj\u0105 graczy. Przygoda<br \/>\nma spory potencja\u0142, jednak stanowczo wymaga\u0142aby dok\u0142adniejszego<br \/>\nprzemy\u015blenia i dopracowania.<\/p>\n<h4>Julian Czurko<\/h4>\n<p>Dosy\u0107 liniowa przygoda, prowadz\u0105ca do odkrycia plugawego kultu<br \/>\nb\u00f3stwa ksi\u0119\u017cyca. Czasami bardzo dziwi\u0142o mnie zachowanie BN\u00f3w &#8211;<br \/>\nnp. sprz\u0105taj\u0105ce gejsze, czy wybitnie uchybiaj\u0105cy etykiecie gospodarz.<br \/>\nW swojej obecno\u015bci pozwoli\u0142 na obra\u017cenie go\u015bci! Kilka fajnych<br \/>\nw\u0105tk\u00f3w, kt\u00f3re nie zosta\u0142y rozwini\u0119te (np. kazirodcze stosunki<br \/>\ndwojga rodze\u0144stwa, kt\u00f3re mog\u0142y da\u0107 zaczepienie dla ca\u0142ej przygody).<br \/>\nSporo mi\u0142ych element\u00f3w, jak odbicie starca w wodzie (zn\u00f3w &#8211; bez<br \/>\njakiejkolwiek kontynuacji), upi\u00f3r, kt\u00f3ry okazuje si\u0119 nie by\u0107 upiorem<br \/>\ni krew Onnotangu w tle. Szkoda, \u017ce wszystko znowu\u017c ko\u0144czy si\u0119<br \/>\nMrocznym Rytua\u0142em\u2122.<\/p>\n<h4>Tomasz Z. Majkowski<\/h4>\n<p>Zauwa\u017cywszy, \u017ce przygoda jest do &#8222;Legendy&#8221;, podszed\u0142em do niej<br \/>\ndo\u015b\u0107 optymistycznie. Pomy\u015bla\u0142em z pocz\u0105tku: &#8222;Wreszcie doczeka\u0142em<br \/>\nsi\u0119 scenariusza do l5k, kt\u00f3ry nie jest opowiadaniem i nie wymaga<br \/>\nod graczy emocjonalnego wybebeszania si\u0119 na ka\u017cdej sesji. Nareszcie<br \/>\nnie gra si\u0119 na tej jednej, jedynej strunie &#8211; konflikcie mi\u0142o\u015bci<br \/>\ni rokuga\u0144skiej moralno\u015bci. Super.&#8221;<\/p>\n<p>Potem odszczeka\u0142em.<\/p>\n<p>Zaczyna si\u0119 od zagini\u0119cia rudow\u0142osej shugenja &#8211; czyli wci\u0105gania<br \/>\nw pu\u0142apk\u0119 &#8211; i jest jeszcze zno\u015bnie. Inna sprawa, \u017ce gracze maj\u0105<br \/>\ntu powa\u017cny zgryz &#8211; oczywi\u015bcie, je\u015bli nie b\u0119d\u0105 szuka\u0107 shugenjy<br \/>\n(Odmiana tego s\u0142owa naprawd\u0119 bawi. W\u0142a\u015bnie dlatego go nie odmieniamy.),<br \/>\nnie wype\u0142ni\u0105 misji &#8211; ale t\u0119 misj\u0119 zleci\u0142 im przygodnie napotkany<br \/>\ndaimyo, pisze si\u0119 tu bowiem, \u017ce samuraje graczy po prostu przeje\u017cd\u017caj\u0105<br \/>\nprzez jego w\u0142o\u015bci. A \u017ce maj\u0105 wyra\u017any cel podr\u00f3\u017cy &#8211; wi\u0119c je\u015bli<br \/>\nrusz\u0105 w pogo\u0144, nie wype\u0142ni\u0105 zadania postawionego im przez ICH<br \/>\npana.<\/p>\n<p>Ale to drobiazg. Tylko nie rozumiem, czemu nie mo\u017cna z graczy<br \/>\nzrobi\u0107 ochrony panny, a nie przypadkowej grupy?<\/p>\n<p>Nie pojmuj\u0119 te\u017c, dlaczego zastawia si\u0119 na naszych bohater\u00f3w a\u017c<br \/>\ntak skomplikowan\u0105 pu\u0142apk\u0119. Czemu kto\u015b dok\u0142ada stara\u0144, by nawr\u00f3cili<br \/>\nsi\u0119 na wiar\u0119 w Ksi\u0119\u017cyca i czemu \u015bci\u0105ga ich do miasteczka. I dlaczego<br \/>\nbrakuje zako\u0144czenia?<\/p>\n<p>Od niewykorzystanych motyw\u00f3w a\u017c si\u0119 roi &#8211; jest i kazirodztwo,<br \/>\ni duch, kt\u00f3ry okazuje si\u0119 \u017cyw\u0105 osob\u0105, a przede wszystkim tajemniczy<br \/>\nmnich nad jeziorkiem. Kim on jest? Zauroczy\u0142 mnie motyw z odbiciem,<br \/>\nkt\u00f3re po nim zostaje. Zupe\u0142nie jak u\u015bmiech bez kota.<\/p>\n<p>C\u00f3\u017c jeszcze nadaje si\u0119 do ocalenia? Ano, legenda, \u017ce mied\u017a to<br \/>\nkrew Ksi\u0119\u017cyca, kt\u00f3ra wsi\u0105k\u0142a w ziemi\u0119. Cudna.<\/p>\n<p>Poza tym przygoda, niestety, nadaje si\u0119 do \u015bmieci. Sk\u0142ada si\u0119<br \/>\nz zasugerowanych wydarze\u0144, z kt\u00f3rych nic nie wynika. Gdyby mia\u0142a<br \/>\ndrug\u0105 po\u0142ow\u0119, mo\u017ce nie by\u0142aby taka z\u0142a. Ale drugiej po\u0142owy nie<br \/>\nma. Nie chodzi tu, oczywi\u015bcie, o rozwi\u0105zanie wszystkich w\u0105tk\u00f3w<br \/>\n&#8211; ale cho\u0107 drobn\u0105, malu\u015bk\u0105 kulminacj\u0119.<\/p>\n<p>Zapowiada si\u0119 na pocz\u0105tku tajemnic\u0119 &#8211; i gdyby o tajemnicach rzecz<br \/>\ntraktowa\u0142a, przymkn\u0105\u0142bym oko na brak zako\u0144czenia. Tajemnica nie<br \/>\npotrzebuje rozwi\u0105zania. Ale w tym scenariuszu tajemnic nie ma<br \/>\nw og\u00f3le. S\u0105 wy\u0142\u0105cznie zagadki, kt\u00f3re rozwi\u0105za\u0107 nale\u017cy.<\/p>\n<p>No dobrze, jedna tajemnica jest &#8211; jest ni\u0105 mnich znad jeziorka.<br \/>\nDlatego w\u0142a\u015bnie z ca\u0142ej przygody jego jednego warto zapami\u0119ta\u0107.<\/p>\n<h4>\u0141ukasz M. Pogoda<\/h4>\n<p>&#8230;<\/p>\n<h4>Maciej Reputakowski<\/h4>\n<p>Nieco zgrzyta w tek\u015bcie okre\u015blenie &#8222;kulty\u015bci&#8221;, kt\u00f3re w polskim<br \/>\n\u015bwiatku RPG jest mocno powi\u0105zane z Zewem Cthulhu, a tak\u017ce niepoprawna<br \/>\nodmiana s\u0142\u00f3w &#8222;samuraj&#8221; czy &#8222;shugenja&#8221;. Nie s\u0105 to powa\u017cne b\u0142\u0119dy,<br \/>\nale jako \u017ce mamy do czynienia z terminami kluczowymi dla systemu,<br \/>\nwarto pisa\u0107 je poprawnie. Wi\u0119cej dobrych s\u0142\u00f3w trudno o &#8222;Tajemnicy&#8221;<br \/>\npowiedzie\u0107.<\/p>\n<p>Przygoda urywa si\u0119 w momencie, w kt\u00f3rym na dobr\u0105 spraw\u0119 powinna<br \/>\nsi\u0119 zacz\u0105\u0107 rozkr\u0119ca\u0107 do fina\u0142u. Ostatni akapit (tu\u017c przed opisem<br \/>\nBn\u00f3w) jest jednym wielkim streszczeniem, kt\u00f3re wynika\u0142o najwyra\u017aniej<br \/>\nz braku czasu na dok\u0142adne spisanie wydarze\u0144.<\/p>\n<p>Szwankuje te\u017c logiczno\u015b\u0107 pewnych sytuacji. Je\u017celi za\u0142o\u017cy\u0107, \u017ce<br \/>\ndru\u017cyna sk\u0142ada si\u0119 z do\u015bwiadczonych w materii L5K graczy, to Fujiro<br \/>\noraz gejsze maj\u0105 wielk\u0105 szans\u0119 zgin\u0105\u0107 ju\u017c po drugim, trzecim zdaniu.<br \/>\nWystarczy, \u017ce w\u015br\u00f3d BG b\u0119dzie cho\u0107 jeden prawdziwy Lew.<\/p>\n<p>Ciekawie m\u00f3g\u0142 wypa\u015b\u0107 motyw wprowadzenia do Legendy do\u015b\u0107 ci\u0119\u017ckich<br \/>\nuczu\u0107, typowych dla wsp\u00f3\u0142czesnego kina azjatyckiego. Niestety,<br \/>\npoza szokowaniem graczy (a w zasadzie jednego gracza) wiele nie<br \/>\nwnosi.<\/p>\n<p>No i najwi\u0119kszy problem. Ca\u0142e t\u0142o i histori\u0119 opisano w bardzo<br \/>\nszczeg\u00f3\u0142owy i do\u015b\u0107 wci\u0105gaj\u0105cy spos\u00f3b. Pytanie brzmi &#8211; w jaki spos\u00f3b<br \/>\ngracze maj\u0105 si\u0119 tego wszystkiego dowiedzie\u0107, skoro nie zaplanowano<br \/>\n\u017cadnej, poza ostateczn\u0105 walk\u0105, sceny, w kt\u00f3rej mo\u017cna by odkry\u0107<br \/>\ncho\u0107 r\u0105bek tajemnicy?<\/p>\n<h4>Marcin Segit<\/h4>\n<p>&#8230;<\/p>\n<h4>Micha\u0142 'Puszon&#8217; Stachyra<\/h4>\n<p>Kolejne L5K, co\u015b nam si\u0119 \u017c\u00f3\u0142tki popularne zrobi\u0142y&#8230;<\/p>\n<p>Wst\u0119p rys historyczny &#8211; hmm&#8230; mog\u0142o by to by\u0107 podane w nieco<br \/>\nsprawniejszej formie. Potem nie jest niestety lepiej &#8211; od legendowego<br \/>\nscenariusza oczekiwac nale\u017cy lekkiego stylu, barwnych opis\u00f3w.<br \/>\nTu jest do\u015b\u0107 siermi\u0119\u017cnie &#8211; gdyby to by\u0142 Warhammer, to bym si\u0119<br \/>\no to nie czepia\u0142, ale jak kto\u015b porywa si\u0119 na L5K powinien zdawa\u0107<br \/>\nsobie spraw\u0119 z wy\u017cszych wymaga\u0144. Denerwuje mnie te\u017c ci\u0105gle powtarzana<br \/>\nfraza &#8222;Gracze z pewno\u015bci\u0105&#8230;&#8221; Niezno\u015bna jest te\u017c odmiana s\u0142\u00f3w<br \/>\nsamuraj (tak do po\u0142owy tekstu) i shugenja. To wszystko dziwi,<br \/>\nbo wida\u0107, \u017ce tekst napisany jest przez osob\u0119, kt\u00f3ra niew\u0105tpliwie<br \/>\nzna si\u0119 na Legendzie.<\/p>\n<p>O kurcze, my\u015bla\u0142em, \u017ce tekst jest po prostu \u015bredni, ale w\u0142a\u015bnie<br \/>\ndoszed\u0142em do kultyst\u00f3w&#8230;aaaaa&#8230; i mamy jeszcze kazirodztwo (hmm,<br \/>\nciekaw jestem co si\u0119 dzieje jak Fujiro przegrywa pojedynek), jakiego\u015b<br \/>\nmedytuj\u0105cego nieznajomego, ubume &#8211; i nic nie zostaje zako\u0144czone.<br \/>\nTo tajemnica&#8230;.. tak to tajemnica gdzie w tej przygodzie s\u0105 tajemnice.<\/p>\n<p>Bardzo si\u0119 na tym tek\u015bcie zawiod\u0142em.<\/p>\n<h4>Krzysztof \u015awi\u0105tek<\/h4>\n<p><strong>PLUSY:<\/strong> pojedynek mi\u0119dzy rodze\u0144stwem i sprawa<br \/>\nzakazanej mi\u0142o\u015bci.<\/p>\n<p><strong>MINUSY:<\/strong> to tajemnica o co w tym wszystkim chodzi.<br \/>\nA od kultyst\u00f3w ju\u017c mnie z\u0119by bol\u0105.<\/p>\n<p><strong>WRA\u017bENIA: <\/strong>sorry, ale odnosz\u0119 wra\u017cenie, \u017ce we<br \/>\nwszystkich scenariuszach do Legendy najwa\u017cniejsze jest epatowanie<br \/>\njapo\u0144sko\u015bci\u0105 a reszta stoi daleko w kolejce. Po przerobieniu tego<br \/>\nna zwyk\u0142y scenariusz fantasy (bo L5K to fantasy w klimatach japo\u0144skich,<br \/>\nprawda?) zosta\u0142oby co\u015b tak mizernego, \u017ce a\u017c strach&#8230;<\/p>\n<p>\n<div class=\"spdiv\">[collapse]<\/div>\n<\/div>\n<\/div>\n\n","protected":false},"excerpt":{"rendered":"<p>&#8222;Sore wa himitsu desu: To tajemnica&#8221; (pdf) Hanna Fiutek<\/p>\n","protected":false},"author":11112,"featured_media":0,"parent":342,"menu_order":0,"comment_status":"open","ping_status":"open","template":"","meta":{"footnotes":""},"categories":[52],"tags":[],"class_list":["post-719","page","type-page","status-publish","hentry","category-legenda-pieciu-kregow"],"_links":{"self":[{"href":"https:\/\/www.quentinrpg.pl\/index.php?rest_route=\/wp\/v2\/pages\/719","targetHints":{"allow":["GET"]}}],"collection":[{"href":"https:\/\/www.quentinrpg.pl\/index.php?rest_route=\/wp\/v2\/pages"}],"about":[{"href":"https:\/\/www.quentinrpg.pl\/index.php?rest_route=\/wp\/v2\/types\/page"}],"author":[{"embeddable":true,"href":"https:\/\/www.quentinrpg.pl\/index.php?rest_route=\/wp\/v2\/users\/11112"}],"replies":[{"embeddable":true,"href":"https:\/\/www.quentinrpg.pl\/index.php?rest_route=%2Fwp%2Fv2%2Fcomments&post=719"}],"version-history":[{"count":0,"href":"https:\/\/www.quentinrpg.pl\/index.php?rest_route=\/wp\/v2\/pages\/719\/revisions"}],"up":[{"embeddable":true,"href":"https:\/\/www.quentinrpg.pl\/index.php?rest_route=\/wp\/v2\/pages\/342"}],"wp:attachment":[{"href":"https:\/\/www.quentinrpg.pl\/index.php?rest_route=%2Fwp%2Fv2%2Fmedia&parent=719"}],"wp:term":[{"taxonomy":"category","embeddable":true,"href":"https:\/\/www.quentinrpg.pl\/index.php?rest_route=%2Fwp%2Fv2%2Fcategories&post=719"},{"taxonomy":"post_tag","embeddable":true,"href":"https:\/\/www.quentinrpg.pl\/index.php?rest_route=%2Fwp%2Fv2%2Ftags&post=719"}],"curies":[{"name":"wp","href":"https:\/\/api.w.org\/{rel}","templated":true}]}}