{"id":721,"date":"2011-01-20T19:10:28","date_gmt":"2011-01-20T17:10:28","guid":{"rendered":"http:\/\/quentinrpg.pl\/?page_id=721"},"modified":"2018-07-26T02:13:48","modified_gmt":"2018-07-26T00:13:48","slug":"panicz","status":"publish","type":"page","link":"https:\/\/www.quentinrpg.pl\/?page_id=721","title":{"rendered":"Panicz"},"content":{"rendered":"<h3><a title=\"Panicz\" href=\"http:\/\/quentinrpg.pl\/wp-content\/uploads\/2010\/10\/q2004_panicz.zip\" target=\"_blank\" rel=\"noopener\">&#8222;Panicz&#8221;<\/a><\/h3>\n<p><em>Daniel Karpi\u0144ski<\/em><\/p>\n\n<div class=\"sp-wrap sp-wrap-default\">\n<div class=\"sp-head\" title=\"Expand\">\nSpoiler\n<\/div>\n<div class=\"sp-body folded\">\n<\/p>\n<h2>Komentarze:<\/h2>\n<h4>Magdalena Madej<\/h4>\n<p>Zapewne to, co zaraz napisz\u0119 wprawi wielu mi\u0142o\u015bnik\u00f3w &#8222;Wied\u017amina&#8221;<br \/>\nw gwa\u0142towne palpitacje serca. Nie jestem wielk\u0105 fank\u0105 rubasznego<br \/>\nstylu Wielkiego Mistrza Sapkowskiego i na dodatek odpychaj\u0105ce<br \/>\nzdaj\u0105 mi si\u0119 opowie\u015bci, w kt\u00f3rych dru\u017cyna brnie przez b\u0142ota, moknie<br \/>\nna deszczu, a \u015bwiat to monotonne po\u0142\u0105czenie szaro\u015bci z brudem.<br \/>\nPanicz zawiera wszystkie te ma\u0142o poci\u0105gaj\u0105ce cechy, kt\u00f3re wymagaj\u0105<br \/>\nprzy tym silnego i oryginalnego materia\u0142u dramatycznego, a takim<br \/>\nomawiany scenariusz poszczyci\u0107 si\u0119 nie mo\u017ce.<\/p>\n<p>Nie przecz\u0119 jednak, \u017ce na gruncie tej konwencji nie da si\u0119 wyhodowa\u0107<br \/>\nzachwycaj\u0105cych kwiat\u00f3w i smakowitych owoc\u00f3w. Niestety, Panicz<br \/>\ndo takich osi\u0105gni\u0119\u0107 nie nale\u017cy, jest to solidny scenariusz, przeprowadzony<br \/>\ni spisany w spos\u00f3b przyzwoity, bez wi\u0119kszych wpadek, ale r\u00f3wnie\u017c<br \/>\npozbawiony polotu i, mimo usilnych pr\u00f3b autora, ma\u0142o dowcipny.<\/p>\n<h4>Krystyna Nahlik<\/h4>\n<p>&#8230;<\/p>\n<h4>Joanna Szaleniec<\/h4>\n<p>Logiczne i sprawnie zaplanowane \u015bledztwo, stale daj\u0105ce graczom<br \/>\nokazj\u0119 do wykazania si\u0119. Zwroty akcji s\u0105 stosunkowo ciekawe, jednak<br \/>\nmimo to pomys\u0142 nie r\u00f3\u017cni si\u0119 znacz\u0105co od wielu innych, jakie pojawiaj\u0105<br \/>\nsi\u0119 w czasopismach i na sieci&#8230; Podsumowuj\u0105c &#8211; scenariusz na pewno<br \/>\njest materia\u0142em na bardzo dobr\u0105 sesj\u0119, ale nie zrobi\u0142 na mnie<br \/>\ntakiego wra\u017cenia jak te, kt\u00f3re zdecydowa\u0142am si\u0119 wyr\u00f3\u017cni\u0107.<\/p>\n<h4>Julian Czurko<\/h4>\n<p>Poprawna przygoda do Wied\u017amina, troch\u0119 liniowa, ma\u0142y bo\u017cek z<br \/>\nmaszyny. Przyjemne na jesienne popo\u0142udnie.<\/p>\n<h4>Tomasz Z. Majkowski<\/h4>\n<p>Solidny scenariusz. Nie jest b\u0142yskotliwy ani mierny. Rzecz jest<br \/>\nzupe\u0142nie przeci\u0119tna, niczym \u015brednia krajowa albo pizza na telefon.<br \/>\nS\u0105 enpisi, s\u0105 \u015blady, jest zwrot akcji, pozornie jest humor i zaskakuj\u0105ce<br \/>\nzako\u0144czenie, ale wszystko to jakie\u015b takie blade, mizerne i bez<br \/>\npolotu. Jeden Stryk robi przyzwoite wra\u017cenie. Nie jest punktem<br \/>\ndoj\u015bcia techniki robienia enpis\u00f3w, ale przynajmniej ma jaki\u015b poziom.<\/p>\n<p>Nie chce mi si\u0119 pisa\u0107 o &#8222;Paniczu&#8221;, tak jak nie chcia\u0142o<br \/>\nmi si\u0119 go czyta\u0107. Zwracam tylko uwag\u0119 na fakt, \u017ce gracze nie maj\u0105<br \/>\ntu szans wpa\u015b\u0107 na nic sami i \u017ce prowadzi si\u0119 ich za r\u0119k\u0119, oraz<br \/>\nna to, \u017ce przez wprowadzenie dodatkowej perypetii na sam koniec<br \/>\nzako\u0144czenie zostaje rozwodnione.<\/p>\n<p>Powiem zatem kr\u00f3tko &#8211; ten scenariusz \u015bwietnie nadaje si\u0119 na sesj\u0119<br \/>\nw sobot\u0119 po po\u0142udniu, w gronie koleg\u00f3w.<\/p>\n<p>A nie do konkursu.<\/p>\n<h4>\u0141ukasz M. Pogoda<\/h4>\n<p>&#8230;<\/p>\n<h4>Maciej Reputakowski<\/h4>\n<p>Ten scenariusz jest dobr\u0105 ilustracj\u0105 powszechnie znanego s\u0105du,<br \/>\n\u017ce styl ASa jest nie do podrobienia. Oczywi\u015bcie nie chodzi tu<br \/>\no kwiecisto\u015b\u0107 j\u0119zykow\u0105, ale o dwie rzeczy, kt\u00f3re s\u0105 podstaw\u0105 ca\u0142ej<br \/>\nsagi o Wied\u017aminie. Po pierwsze, nie znajdziemy w &#8222;Paniczu&#8221; \u017cadnych<br \/>\nciekawych nawi\u0105za\u0144 literackich (do ba\u015bni, legend, znanych powie\u015bci)<br \/>\nczy naszego \u015bwiata &#8211; zamek w Ogrodzie\u0144cu i familia Boner\u00f3w to<br \/>\njednak za ma\u0142o. A po drugie &#8211; gdzie si\u0119 podzia\u0142 humor?<\/p>\n<p>Jednak\u017ce nawet gdyby traktowa\u0107 Wied\u017amina jak zwyk\u0142y system fantasy<br \/>\ni nie odnosi\u0107 go do literackiego \u017ar\u00f3d\u0142a, sam scenariusz niewiele<br \/>\noferuje. Przebieg fabu\u0142y nie wzbudza wi\u0119kszych emocji, brakuje<br \/>\nmocnych zwrot\u00f3w akcji. Ciekawym pomys\u0142em jest posta\u0107 zdrajcy (sama<br \/>\nintryga nie jest znowu taka z\u0142a), kt\u00f3ry operuje ca\u0142y czas pod<br \/>\nokiem graczy. Niestety, motyw ten zupe\u0142nie niszczy wprowadzenie<br \/>\ndodatkowego (co gorsza &#8211; niewidocznego, dzia\u0142aj\u0105cego na zasadzie<br \/>\n&#8222;deus ex machina&#8221;) bohatera niezale\u017cnego. Nie do\u015b\u0107, \u017ce pojawia<br \/>\nsi\u0119 zupe\u0142nie zbyteczne kolejne dno intrygi, to na dodatek gracze<br \/>\nniewiele mog\u0105 przeciw temu nieznanemu przeciwnikowi zdzia\u0142a\u0107.<\/p>\n<h4>Marcin Segit<\/h4>\n<p>&#8230;<\/p>\n<h4>Micha\u0142 'Puszon&#8217; Stachyra<\/h4>\n<p>Scenariusz do Wied\u017amina.. lepszy ni\u017c film :-D, kilka mi\u0142ych smaczk\u00f3w<br \/>\n(kareta Furraro). &#8222;je\u015bli jednak postanowi\u0105 \u0093wzi\u0105\u0107 sprawy we w\u0142asne<br \/>\nr\u0119ce&#8221; nie bro\u0144 im, przygody w niczym to nie zmieni&#8221; &#8211; strasznie<br \/>\nnie lubi\u0119 takich rozwi\u0105za\u0144 &#8211; gdy MG z g\u00f3ry przewiduje pewne rozwi\u0105zania<br \/>\ni za wszelk\u0105 cen\u0119 chce do nich doprowadzi\u0107 'bo to takie fajne<br \/>\nsceny&#8217; czy tacy fajni bohaterowie. Tym dla mnie si\u0119 r\u00f3\u017cni\u0105 RPGi<br \/>\nzwyk\u0142e (?) od komputerowych, \u017ce gracze winni mie\u0107 wolno\u015b\u0107 wyboru<br \/>\n&#8211; przy czym za wolno\u015b\u0107 wyboru nie uwa\u017cam 'macie mo\u017cliwo\u015b\u0107 zrobi\u0107<br \/>\nto, to i to.. ale niezale\u017cnie co zrobicie wynik b\u0119dzie taki, nigdy<br \/>\nowaki&#8217; (p\u00f3\u017an\u0105 por\u0105 robi\u0119 si\u0119 cyniczny&#8230;). Autor funduje nam przeja\u017cd\u017ck\u0119<br \/>\npo po\u0142owie kontynentu, cho\u0107 wydarzenia te mog\u0142yby rozgrywa\u0107 si\u0119<br \/>\ntak naprawd\u0119 w jednym mie\u015bcie.. no ale nie ma to jak rozmach \ud83d\ude42<br \/>\nSzkoda tylko, \u017ce w tle nie pojawia si\u0119 \u017caden j\u0119dzmak&#8230;<\/p>\n<h4>Krzysztof \u015awi\u0105tek<\/h4>\n<p><strong>PLUSY:<\/strong> sprawnie napisany scenariusz, jego<br \/>\nnajwi\u0119ksz\u0105 zalet\u0105 jest brak ra\u017c\u0105cych b\u0142\u0119d\u00f3w.<\/p>\n<p><strong>MINUSY:<\/strong> przeci\u0119tno\u015b\u0107, w dwa miesi\u0105ce od rozegrania<br \/>\ngo nikt nie b\u0119dzie pami\u0119ta\u0142 o co w nim chodzi\u0142o.<\/p>\n<p><strong>WRA\u017bENIA: <\/strong>nic szczeg\u00f3lnego &#8211; zabrak\u0142o pomys\u0142u<br \/>\nna intryg\u0119 a tego nadrobi\u0107 si\u0119 ju\u017c niestety nie da.<\/p>\n<p>\n<div class=\"spdiv\">[collapse]<\/div>\n<\/div>\n<\/div>\n\n","protected":false},"excerpt":{"rendered":"<p>&#8222;Panicz&#8221; Daniel Karpi\u0144ski<\/p>\n","protected":false},"author":11112,"featured_media":0,"parent":342,"menu_order":0,"comment_status":"open","ping_status":"open","template":"","meta":{"footnotes":""},"categories":[83],"tags":[],"class_list":["post-721","page","type-page","status-publish","hentry","category-wiedzmin"],"_links":{"self":[{"href":"https:\/\/www.quentinrpg.pl\/index.php?rest_route=\/wp\/v2\/pages\/721","targetHints":{"allow":["GET"]}}],"collection":[{"href":"https:\/\/www.quentinrpg.pl\/index.php?rest_route=\/wp\/v2\/pages"}],"about":[{"href":"https:\/\/www.quentinrpg.pl\/index.php?rest_route=\/wp\/v2\/types\/page"}],"author":[{"embeddable":true,"href":"https:\/\/www.quentinrpg.pl\/index.php?rest_route=\/wp\/v2\/users\/11112"}],"replies":[{"embeddable":true,"href":"https:\/\/www.quentinrpg.pl\/index.php?rest_route=%2Fwp%2Fv2%2Fcomments&post=721"}],"version-history":[{"count":0,"href":"https:\/\/www.quentinrpg.pl\/index.php?rest_route=\/wp\/v2\/pages\/721\/revisions"}],"up":[{"embeddable":true,"href":"https:\/\/www.quentinrpg.pl\/index.php?rest_route=\/wp\/v2\/pages\/342"}],"wp:attachment":[{"href":"https:\/\/www.quentinrpg.pl\/index.php?rest_route=%2Fwp%2Fv2%2Fmedia&parent=721"}],"wp:term":[{"taxonomy":"category","embeddable":true,"href":"https:\/\/www.quentinrpg.pl\/index.php?rest_route=%2Fwp%2Fv2%2Fcategories&post=721"},{"taxonomy":"post_tag","embeddable":true,"href":"https:\/\/www.quentinrpg.pl\/index.php?rest_route=%2Fwp%2Fv2%2Ftags&post=721"}],"curies":[{"name":"wp","href":"https:\/\/api.w.org\/{rel}","templated":true}]}}