{"id":723,"date":"2011-01-20T19:15:14","date_gmt":"2011-01-20T17:15:14","guid":{"rendered":"http:\/\/quentinrpg.pl\/?page_id=723"},"modified":"2018-07-26T02:16:40","modified_gmt":"2018-07-26T00:16:40","slug":"requiem-dla-prawdy","status":"publish","type":"page","link":"https:\/\/www.quentinrpg.pl\/?page_id=723","title":{"rendered":"Requiem dla prawdy"},"content":{"rendered":"<h3><a title=\"Requiem dla prawdy\" href=\"http:\/\/quentinrpg.pl\/wp-content\/uploads\/2010\/10\/q2004_reqiem_dla_prawdy.zip\" target=\"_blank\" rel=\"noopener\">&#8222;Requiem dla prawdy&#8221;<\/a><\/h3>\n<p><em>Maciej Kawalski<\/em><\/p>\n\n<div class=\"sp-wrap sp-wrap-default\">\n<div class=\"sp-head\" title=\"Expand\">\nSpoiler\n<\/div>\n<div class=\"sp-body folded\">\n<div class=\"spdiv\">[collapse]<\/div>\n<\/div>\n<\/div>\n\n<h2>Komentarze:<\/h2>\n<h4>Magdalena Madej<\/h4>\n<p>Opowie\u015bci osadzone w sarmackich realiach maja sw\u00f3j nieodparty<br \/>\nurok. Z dobrym skutkiem uda\u0142o si\u0119 autorowi Requiem dla prawdy<br \/>\nwiernie i nastrojowo odda\u0107 realia z\u0142otego wieku i po\u0142\u0105czy\u0107 je<br \/>\nz typowymi elementami klasyki literatury gatunku (opat-by\u0142y \u017co\u0142nierz,<br \/>\nzakazane tajemnice skrywane przez zmursza\u0142e mury klasztoru).<\/p>\n<p>Na dobrze uchwyconym klimacie ponurego klasztoru lista zalet Requiem<br \/>\ndla prawdy si\u0119 ko\u0144czy. Morze ma\u0142o wyrazistych bohater\u00f3w niezale\u017cnych<br \/>\nwylewa si\u0119 z ka\u017cdego zakamarka fabu\u0142y. Czytelnik gubi si\u0119 ju\u017c<br \/>\nna pierwszej stronie scenariusza, nie wiedz\u0105c kto kryje si\u0119 za<br \/>\ntajemniczymi imionami mnich\u00f3w, kt\u00f3rymi bombarduje go autor. Sytuacja<br \/>\nnieco si\u0119 rozja\u015bnia na samym ko\u0144cu, gdzie zamieszczono opisy najwa\u017cniejszych<br \/>\nmieszka\u0144c\u00f3w klasztoru. Wielka szkoda, \u017ce ciekawe kreacje braci<br \/>\nzakonnych, kt\u00f3rzy skrywaj\u0105 mroczne sekrety i kieruj\u0105 si\u0119 nie zawsze<br \/>\npobo\u017cnymi pobudkami, w og\u00f3le nie s\u0105 wykorzystywane przy konstrukcji<br \/>\nfabu\u0142y.<\/p>\n<p>W paru partiach tekstu autor wyra\u017anie podkre\u015bla, i\u017c scenariusz<br \/>\nzawiera wiele niedopowiedze\u0144. Ten cz\u0119sto u\u017cywany, nawet zr\u0119czny<br \/>\nchwyt, ma sprawi\u0107, i\u017c przygoda nabierze uniwersalnego charakteru.<br \/>\nUkrywanie nieprzemy\u015blanych fragment\u00f3w fabu\u0142y pod pozorami wsp\u00f3\u0142tworzenia<br \/>\ni oddania w r\u0119ce Mistrza Gry decyzji o jej szczeg\u00f3\u0142ach, dzia\u0142a,<br \/>\nmoim zdaniem na niekorzy\u015b\u0107 ka\u017cdej przygody.<\/p>\n<p>Tak jak w przypadku wi\u0119kszo\u015bci nades\u0142anych na konkurs scenariuszy<br \/>\nr\u00f3wnie\u017c, tak i przy Requiem dla prawdy tylko do pewnego momentu<br \/>\nmo\u017cemy m\u00f3wi\u0107 o istnieniu fabu\u0142y. Ci\u0105g wydarze\u0144 nagle si\u0119 urywa,<br \/>\na nici rozpocz\u0119tych w\u0105tk\u00f3w dryfuj\u0105 w pr\u00f3\u017cni\u0119. Autor wr\u0119cza potencjalnemu<br \/>\nMistrzowi Gry surowe, rozrobione ciasto i oczekuje, i\u017c ten sam<br \/>\nje upiecze, zrobi polew\u0119, a nast\u0119pnie pokroi i sprawiedliwie podzieli<br \/>\nmi\u0119dzy cz\u0142onk\u00f3w dru\u017cyny.<\/p>\n<h4>Krystyna Nahlik<\/h4>\n<p>&#8230;<\/p>\n<h4>Joanna Szaleniec<\/h4>\n<p>Rewelacyjny spos\u00f3b budowania atmosfery &#8211; autor potrafi odda\u0107<br \/>\nj\u0105 nie tylko w scenariuszu, ale r\u00f3wnie\u017c przekaza\u0107 Staro\u015bcie, w<br \/>\njaki spos\u00f3b ma uzyska\u0107 podobny efekt na swojej sesji. Mistrzowskie<br \/>\notwarcie rozbudza ciekawo\u015b\u0107 i prowokuje do snucia hipotez, jak<br \/>\nzagadka si\u0119 rozwi\u0105\u017ce, tymczasem&#8230; scenariusz jest urwany i autor<br \/>\nka\u017ce czytelnikowi samemu wymy\u015bli\u0107 zako\u0144czenie! Czy w takim razie<br \/>\nautorowi nale\u017ca\u0142oby przyzna\u0107 po\u0142ow\u0119 wyr\u00f3\u017cnienia, a drug\u0105 po\u0142ow\u0119<br \/>\nprowadz\u0105cemu scenariusz Mistrzowi Gry? Tak czy inaczej &#8211; Quentin<br \/>\nto nagroda za scenariusz, a nie za zagajenie &#8211; niestety&#8230;<\/p>\n<p>Mo\u017ce autor doko\u0144czy ten scenariusz i spr\u00f3buje swoich si\u0142 w nast\u0119pnej<br \/>\nedycji Quentina?<\/p>\n<h4>Julian Czurko<\/h4>\n<p>Ciekawa przygoda, ale w klimacie pasuj\u0105cym do jakiego\u015b \u015bredniowiecznego<br \/>\nsystemu, a nie barokowej Sarmatii. Na koniec wysz\u0142o, \u017ce kultyst\u00f3w<br \/>\njest chyba wi\u0119cej ni\u017c standardowych braciszk\u00f3w. Bardzo fajny jest<br \/>\nstaruszek &#8211; medium. Niezwykle klimatyczne kawa\u0142ki poezji, stwarzaj\u0105ce<br \/>\npewien rytm w konstrukcji przygody.<\/p>\n<h4>Tomasz Z. Majkowski<\/h4>\n<p>Autor przypisa\u0142 tekst mszy \u017ca\u0142obnej Umberto Eco. A taki erudyta,<br \/>\nobeznany w \u0142acinie.<\/p>\n<p>Poza tym &#8211; tekst do\u015b\u0107 przyjemny, dra\u017cni tylko &#8222;tribute to Umberto&#8221;.<br \/>\nKiedy w pachol\u0119ctwie przeczyta\u0142em &#8222;Imi\u0119 R\u00f3\u017cy&#8221;, r\u00f3wnie\u017c prowadza\u0142em<br \/>\nhistorie klasztorne. Ale nigdy tak nachalnie nie korzysta\u0142em z<br \/>\npowie\u015bci.<\/p>\n<p>Niepokoi mnie r\u00f3wnie\u017c, dlaczeg\u00f3\u017c ten scenariusz przeznaczono<br \/>\ndo Dzikich P\u00f3l. Przecie\u017c nie ma w nim nic, ale to nic, sarmackiego.<br \/>\nAni nawet barokowego. Nasz klasztor mo\u017ce znajdowa\u0107 si\u0119 w dowolnym<br \/>\nmiejscu Europy, w zasadzie w dowolnym momencie historycznym (cho\u0107<br \/>\numiejscowienie przygody wsp\u00f3\u0142cze\u015bnie wymaga\u0142oby nieco wysi\u0142ku).<\/p>\n<p>Poza tym przez zorientowanie scenariusza wok\u00f3\u0142 Swawolnej Kompanii<br \/>\nnieco psuje si\u0119 g\u0142\u00f3wny jego problem. Mnisi \u017cyj\u0105 sobie pobo\u017cnie<br \/>\ni \u015bwi\u0105tobliwie &#8211; a\u017c tu pali si\u0119 wie\u017ca i na jaw wychodzi, \u017ce jeden<br \/>\nz nich uprawia czary. I nagle wychodz\u0105 wszystkie zasz\u0142o\u015bci, niejeden<br \/>\nbraciszek usi\u0142uje za\u0142atwi\u0107 przy tej okazji osobiste interesy i<br \/>\npozby\u0107 wrog\u00f3w. Okazuje si\u0119, \u017ce pobo\u017cni cystersi s\u0105 tak samo zawistni<br \/>\ni nikczemni, jak wszyscy.<\/p>\n<p>Tylko co to obchodzi przypadkowych szlachciur\u00f3w? W dodatku ze<br \/>\nSwawolnej Kompanii &#8211; a wi\u0119c hulak\u00f3w, r\u0119baczy i pijanic\u00f3w, warcho\u0142\u00f3w,<br \/>\nkt\u00f3rzy s\u0105 g\u0142\u00f3wnymi bohaterami Dzikich P\u00f3l? \u017be niby ma to wstrz\u0105sn\u0105\u0107<br \/>\nich religijno\u015bci\u0105? Po co im w og\u00f3le miesza\u0107 si\u0119 do sprawy? Przecie\u017c<br \/>\nzawsze mog\u0105 postawi\u0107 spraw\u0119 jasno &#8211; nigdy tu nie byli\u015bmy, chyba<br \/>\nOpat nie s\u0105dzi, \u017ce za\u0142o\u017cyli\u015bmy t\u0119 czarnoksi\u0119sk\u0105 pracowni\u0119 &#8211; i<br \/>\nwia\u0107, gdzie ich oczy ponios\u0105. Motywacja jest wr\u0119cz fatalna.<\/p>\n<p>Sama przygoda urywa si\u0119 w po\u0142owie. Oczywi\u015bcie, to jasne, \u017ce najwa\u017cniejszej<br \/>\ncz\u0119\u015bci nie da si\u0119 opisa\u0107 &#8211; klimat wzajemnych oskar\u017ce\u0144 i og\u00f3lnej<br \/>\nnienawi\u015bci rodzi si\u0119 ju\u017c w interakcji MG i graczy, nie ma jednak<br \/>\nnawet sugestii przebiegu wydarze\u0144, jaki\u015b pomys\u0142\u00f3w na zako\u0144czenie,<br \/>\nczy cho\u0107by prezentacji wzajemnych stosunk\u00f3w mnich\u00f3w oraz ich modus<br \/>\noperandi. Klimatyczny kawa\u0142ek prozy oraz opis w rodzaju &#8222;gruby,<br \/>\npopija, sympatyczny&#8221; mi nie wystarcza. Chcia\u0142bym informacji<br \/>\nw rodzaju: &#8222;ojciec Boecjusz nie lubi brata Jonatana, poniewa\u017c<br \/>\nten notorycznie przypala owsiank\u0119 i b\u0119dzie pr\u00f3bowa\u0142 podrzuci\u0107<br \/>\ndowody, \u017ce to on jest szatanist\u0105 &#8211; a zabierze si\u0119 do tego tak<br \/>\ni tak&#8221;.<\/p>\n<p>Narzeka\u0142bym na zmarnowany pomys\u0142, ale ten jest, niestety, zupe\u0142nie<br \/>\nbanalny. Zapowiada\u0142o si\u0119 jednak przyzwoite wykonanie, tego jednak<br \/>\nbrakuje.<\/p>\n<p>I, cho\u0107 z pocz\u0105tku mi si\u0119 podoba\u0142o, podajcie mi cho\u0107 jeden pow\u00f3d,<br \/>\nby zawraca\u0107 sobie g\u0142ow\u0119 tym scenariuszem? Bo jest kilku nieciekawych<br \/>\nBN\u00f3w?<\/p>\n<h4>\u0141ukasz M. Pogoda<\/h4>\n<p>&#8230;<\/p>\n<h4>Maciej Reputakowski<\/h4>\n<p>G\u0142\u00f3wnym celem ka\u017cdego scenariusza do gry fabularnej jest bycie<br \/>\nscenariuszem do gry fabularnej. A scenariusz to proponowany przez<br \/>\nautora przebieg fabularny w takim kszta\u0142cie, jaki uwa\u017ca za stosowny<br \/>\ni najlepszy. Dlatego te\u017c pojawiaj\u0105ce si\u0119 w samym \u015brodku scenariusza<br \/>\nstwierdzenie: &#8222;Reszt\u0119 zostawiam tobie, Mistrzu Gry&#8221;, jest zupe\u0142nie<br \/>\nnie na miejscu. To, \u017ce ka\u017cdy MG i tak przerobi scenariusz pod<br \/>\nsiebie i pod swoj\u0105 dru\u017cyn\u0119, to sprawa pewna jak, a propos tematu,<br \/>\namen w pacierzu. I nie zmieni tego uj\u0119cie wydarze\u0144 w sztywniejsze<br \/>\nramy &#8211; wr\u0119cz przeciwnie, dopiero w\u00f3wczas, widz\u0105c ca\u0142y schemat,<br \/>\nMG b\u0119dzie m\u00f3g\u0142 z \u0142atwo\u015bci\u0105 wyrzuca\u0107 to, co mu nie pasuje i dowolnie<br \/>\nkszta\u0142towa\u0107 przebieg wydarze\u0144 (nie ryzykuj\u0105c, i\u017c ominie jak\u0105\u015b<br \/>\nkluczow\u0105 scen\u0119). Dlatego te\u017c ka\u017cda deklaracja podobna do przytoczonej<br \/>\nsprawia, i\u017c czytelnik odnosi wra\u017cenie (podkre\u015blam &#8211; wra\u017cenie!),<br \/>\ni\u017c autorowi &#8222;si\u0119 nie chcia\u0142o&#8221;.<\/p>\n<p>Spos\u00f3b spisania scenariusza nie jest podstaw\u0105, ale &#8222;wlanie ciurkiem&#8221;<br \/>\nwszelkich poszlak sprawia, i\u017c rodzi si\u0119 wielki chaos. W zasadzie<br \/>\nkto\u015b, kto chcia\u0142by poprowadzi\u0107 t\u0105 przygod\u0119, musi sobie wszystko<br \/>\nrozpisa\u0107 na nowo, \u017ceby si\u0119 nie pogubi\u0107.<\/p>\n<p>Znajdziemy w tek\u015bcie ciekaw\u0105 uwag\u0119: &#8222;Pami\u0119taj Starosto, nie istniej\u0105<br \/>\nprzypadki, wszystko zosta\u0142o wcze\u015bniej zaplanowane, jednak nie<br \/>\nka\u017cdy trop gdzie\u015b prowadzi, lecz zanim PB si\u0119 o tym przekona b\u0119dzie<br \/>\nmusia\u0142 nie\u017ale pokombinowa\u0107.&#8221; Doskonale, \u015bwi\u0119te s\u0142owa. Szkopu\u0142<br \/>\nw tym, \u017ce pokombinowa\u0107 musi sam Mistrz Gry, \u017ceby to morze sugestii<br \/>\njako\u015b w ca\u0142o\u015b\u0107 po\u0142\u0105czy\u0107.<\/p>\n<p>A szkoda wielka, bo z pocz\u0105tku &#8222;Requiem&#8221; toczy si\u0119 bardzo smakowicie,<br \/>\nakcja przebiega dynamicznie, rodzi si\u0119 atmosfera tajemnicy, a<br \/>\nskojarzenia z &#8222;Imieniem r\u00f3\u017cy&#8221; s\u0105 a\u017c nadto wyraziste. Niestety,<br \/>\njak ju\u017c wspomniano, w pewnym momencie czytelnika zostawia si\u0119<br \/>\nsamemu sobie, by uton\u0105\u0142 w powodzi w\u0105tk\u00f3w i t\u0142umie bohater\u00f3w niezale\u017cnych<br \/>\n(ich liczb\u0119 mo\u017cna bez wahania skr\u00f3ci\u0107 o \u013e, albo traktowa\u0107 jako<br \/>\nkatalog mnich\u00f3w do innych przyg\u00f3d).<\/p>\n<p>Na koniec cenny rodzynek &#8211; warto zwr\u00f3ci\u0107 uwag\u0119 na bardzo interesuj\u0105cy<br \/>\nchwyt z &#8222;klonowym li\u015bciem&#8221;. Z pozoru absurdalny, ale bardzo sprytny.<\/p>\n<h4>Marcin Segit<\/h4>\n<p>&#8230;<\/p>\n<h4>Micha\u0142 'Puszon&#8217; Stachyra<\/h4>\n<p>O Dzikie Pola.. i to do tego w klimatach klasztornych&#8230; Cho\u0107<br \/>\nnaprawd\u0119 to takie pomieszanie &#8222;Imienia r\u00f3\u017cy&#8221; z &#8222;Braciszkiem Cadfaelem&#8221;<br \/>\ntroch\u0119 jednak nie pasuje do \u015bwiata Sarmat\u00f3w &#8211; przynajmniej \u015bwiata<br \/>\npojmowanego przez graczy jako \u015bwiat Sarmat\u00f3w. Scenariusz podoba<br \/>\nmi si\u0119 cho\u0107 nie wiem, czy umiejscowienie go akurat w realiach<br \/>\nDzikich P\u00f3l by\u0142o najszcz\u0119\u015bliwsze. Jest do\u015b\u0107 uniwersalny &#8211; m\u00f3g\u0142by<br \/>\nby\u0107 w ka\u017cdym innym momencie historycznym.<\/p>\n<p>Cytaty do ka\u017cdego rozdzia\u0142u scenariusza &#8211; nie \u017cebym szczeg\u00f3lnie<br \/>\nsi\u0119 nimi fascynowa\u0142 &#8211; ale wida\u0107, \u017ce autor przyk\u0142ada wag\u0119 do swojego<br \/>\ndzie\u0142a.<\/p>\n<p>Spodoba\u0142 mi si\u0119, prosty przecie\u017c, pomys\u0142 skontrastowania burzy<br \/>\npanuj\u0105cej na zewn\u0105trz, ze spokojem starego klasztoru.<\/p>\n<p>A potem&#8230;. ciekawie wprowadzona intryga, pierwsze morderstwo<br \/>\n&#8230; mroczne sekrety i tajemnice&#8230; lubi\u0119 takie klimaty&#8230;<\/p>\n<p>Ciekawy opis postaci mnich\u00f3w, wyja\u015bnienia ich dark secret&#8217;\u00f3w.<br \/>\nCzyta si\u0119 naprawd\u0119 mi\u0142o, gorzej troch\u0119 z poprowadzeniem tego &#8211;<br \/>\ntu jedyny g\u0142os za DzP &#8211; instytucja Podstaro\u015bcich wcielaj\u0105cych<br \/>\nsi\u0119 w g\u0142\u00f3wnych BN\u00f3w mo\u017ce pom\u00f3c MG w zapanowaniu nad t\u0142umem mnich\u00f3w.<br \/>\nAaa i strasznie du\u017co tu tych kultyst\u00f3w.<\/p>\n<p>Chyba zn\u00f3w nie do ko\u0144ca wykorzystany potencja\u0142, jaki pierwotnie<br \/>\nmia\u0142a przygoda, ale og\u00f3lnie.. jestem na Tak \ud83d\ude42<\/p>\n<p>My\u015bl\u0119, i\u017c mo\u017cna by ten tekst przerobi\u0107 na ca\u0142kiem zgrabne opowiadanko.<\/p>\n<h4>Krzysztof \u015awi\u0105tek<\/h4>\n<p><strong>PLUSY:<\/strong> klasztor, burza, morderstwa i tajemnice,<br \/>\nmroczne sekrety mnich\u00f3w i inne klimaty rodem z &#8222;Imi\u0119 r\u00f3\u017cy&#8221;.<\/p>\n<p><strong>MINUSY:<\/strong> taki pyszny pocz\u0105tek i koniec &#8211; gar\u015b\u0107 suchych<br \/>\nfakt\u00f3w z przesz\u0142o\u015bci i tyle? Reszt\u0119 sam mam sobie opowiedzie\u0107.<br \/>\nPoza tym jak na taki klasztor to delikatnie za du\u017co tych &#8222;dark<br \/>\nsecret\u00f3w&#8221;.<\/p>\n<p><strong>WRA\u017bENIA: <\/strong>Podoba\u0142o mi si\u0119, nawet bardzo. Tylko<br \/>\nsetting bym zmieni\u0142 z DP na Ars Magica &#8211; moim zdaniem pasuje znacznie<br \/>\nlepiej (oczywi\u015bcie samych mag\u00f3w bym do klasztoru nie wpu\u015bci\u0142).<br \/>\nNo i troch\u0119 brakuje mi opisu dalszych zdarze\u0144 ale te podpowiada<br \/>\nmi ju\u017c moja wyobra\u017ania. M\u00f3j numer 3.<\/p>\n","protected":false},"excerpt":{"rendered":"<p>&#8222;Requiem dla prawdy&#8221; Maciej Kawalski Komentarze: Magdalena Madej Opowie\u015bci osadzone w sarmackich realiach maja sw\u00f3j nieodparty urok. Z dobrym skutkiem uda\u0142o si\u0119 autorowi Requiem dla prawdy wiernie i nastrojowo odda\u0107 realia z\u0142otego wieku i po\u0142\u0105czy\u0107 je z typowymi elementami klasyki literatury gatunku (opat-by\u0142y \u017co\u0142nierz, zakazane tajemnice skrywane przez zmursza\u0142e mury klasztoru). Na dobrze uchwyconym klimacie<a class=\"more-link button\" href=\"https:\/\/www.quentinrpg.pl\/?page_id=723\">Czytaj dalej&#8230;<\/a><\/p>\n","protected":false},"author":11112,"featured_media":0,"parent":342,"menu_order":0,"comment_status":"open","ping_status":"open","template":"","meta":{"footnotes":""},"categories":[50],"tags":[],"class_list":["post-723","page","type-page","status-publish","hentry","category-dzikie-pola"],"_links":{"self":[{"href":"https:\/\/www.quentinrpg.pl\/index.php?rest_route=\/wp\/v2\/pages\/723","targetHints":{"allow":["GET"]}}],"collection":[{"href":"https:\/\/www.quentinrpg.pl\/index.php?rest_route=\/wp\/v2\/pages"}],"about":[{"href":"https:\/\/www.quentinrpg.pl\/index.php?rest_route=\/wp\/v2\/types\/page"}],"author":[{"embeddable":true,"href":"https:\/\/www.quentinrpg.pl\/index.php?rest_route=\/wp\/v2\/users\/11112"}],"replies":[{"embeddable":true,"href":"https:\/\/www.quentinrpg.pl\/index.php?rest_route=%2Fwp%2Fv2%2Fcomments&post=723"}],"version-history":[{"count":0,"href":"https:\/\/www.quentinrpg.pl\/index.php?rest_route=\/wp\/v2\/pages\/723\/revisions"}],"up":[{"embeddable":true,"href":"https:\/\/www.quentinrpg.pl\/index.php?rest_route=\/wp\/v2\/pages\/342"}],"wp:attachment":[{"href":"https:\/\/www.quentinrpg.pl\/index.php?rest_route=%2Fwp%2Fv2%2Fmedia&parent=723"}],"wp:term":[{"taxonomy":"category","embeddable":true,"href":"https:\/\/www.quentinrpg.pl\/index.php?rest_route=%2Fwp%2Fv2%2Fcategories&post=723"},{"taxonomy":"post_tag","embeddable":true,"href":"https:\/\/www.quentinrpg.pl\/index.php?rest_route=%2Fwp%2Fv2%2Ftags&post=723"}],"curies":[{"name":"wp","href":"https:\/\/api.w.org\/{rel}","templated":true}]}}