{"id":731,"date":"2011-01-20T19:18:32","date_gmt":"2011-01-20T17:18:32","guid":{"rendered":"http:\/\/quentinrpg.pl\/?page_id=731"},"modified":"2018-07-26T02:11:57","modified_gmt":"2018-07-26T00:11:57","slug":"falszywy-diament","status":"publish","type":"page","link":"https:\/\/www.quentinrpg.pl\/?page_id=731","title":{"rendered":"Fa\u0142szywy diament"},"content":{"rendered":"<h3><a title=\"Fa\u0142szywy diament\" href=\"http:\/\/quentinrpg.pl\/wp-content\/uploads\/2010\/10\/q2004_falszywy_diament.zip\" target=\"_blank\" rel=\"noopener\">&#8222;Fa\u0142szywy diament&#8221; <\/a><\/h3>\n<p><em>Piotr \u0141ugowski<\/em><\/p>\n\n<div class=\"sp-wrap sp-wrap-default\">\n<div class=\"sp-head\" title=\"Expand\">\nSpoiler\n<\/div>\n<div class=\"sp-body folded\">\n<\/p>\n<h2>Komentarze:<\/h2>\n<h4>Magdalena Madej<\/h4>\n<p>Do Fa\u0142szywego diamentu podchodzi\u0142am a\u017c trzykrotnie i za ka\u017cdym<br \/>\nrazem mia\u0142am powa\u017cne problemy ze zrozumieniem nie tylko tego,<br \/>\no co chodzi w scenariuszu, ale nawet pojedynczego zdania. Przygoda<br \/>\nzosta\u0142a spisana w spos\u00f3b niechlujny i chaotyczny, co wyj\u0105tkowo<br \/>\nutrudnia jej odczytanie. Przyznaj\u0119 si\u0119, \u017ce w ko\u0144cu poleg\u0142am na<br \/>\npolu bitwy. Kl\u0119ska by\u0142a ma\u0142o heroiczna, gdy\u017c mimo usilnych stara\u0144<br \/>\nnie uda\u0142o mi si\u0119 dociec, &#8222;co autor ma na my\u015bli&#8221;. Chaos<br \/>\nfabu\u0142y przypomina\u0142 mi splatan\u0105 w rozkosznej zabawie przez ma\u0142e<br \/>\nkoci\u0119 w\u0142\u00f3czk\u0119, kt\u00f3rej nici zupe\u0142nie si\u0119 ze sob\u0105 posup\u0142a\u0142y i to<br \/>\ntak, i\u017c nie wiadomo, gdzie jest jej koniec, a gdzie pocz\u0105tek.<br \/>\nZanim jednak czytelnik zupe\u0142nie pogubi si\u0119 w labiryncie scenariusza,<br \/>\nkt\u00f3ry roi si\u0119 od kobiet krasnolud\u00f3w, setek asasyn\u00f3w i tajemniczych<br \/>\nkult\u00f3w, napotka niemi\u0142y wst\u0119p, w kt\u00f3rym autor wyra\u017anie deklaruje,<br \/>\ni\u017c ma zamiar pogn\u0119bi\u0107 postaci graczy i pokaza\u0107 naiwniaczkom, jaki<br \/>\nten \u015bwiat jest okrutny. Trudno mi wyobrazi\u0107 sobie dru\u017cyn\u0119, kt\u00f3ra<br \/>\nodnalaz\u0142aby przyjemno\u015b\u0107 w graniu w Fa\u0142szywy diament.<\/p>\n<h4>Krystyna Nahlik<\/h4>\n<p>&#8230;<\/p>\n<h4>Joanna Szaleniec<\/h4>\n<p>Scenariusz jest z za\u0142o\u017cenia &#8222;prztyczkiem w nos&#8221; dla<br \/>\ntzw. typowej dru\u017cyny heroic fantasy, zajmuj\u0105cej si\u0119 g\u0142\u00f3wnie wyprowadzaniem<br \/>\nswoich postaci na coraz wy\u017csze poziomy. Chcia\u0142abym wierzy\u0107 (a<br \/>\nscenariusze kandyduj\u0105ce do Quentina znacz\u0105co mi w tym pomagaj\u0105),<br \/>\n\u017ce nie ma ju\u017c takich dru\u017cyn ani Mistrz\u00f3w Gry pisz\u0105cych stale jednakowe<br \/>\nprzygody, gdzie triumfalnie morduje si\u0119 kolejne potwory. W zwi\u0105zku<br \/>\nz tym przedstawianie takiego scenariusza szerszemu gronu w mojej<br \/>\nopinii mija si\u0119 z celem. Ciekawsz\u0105 odmian\u0105 dla &#8222;typowych<br \/>\ngraczy&#8221; by\u0142oby prawdopodobnie zagranie w przygod\u0119 o wi\u0119kszej<br \/>\ng\u0142\u0119bi emocjonalnej, a nie w tak\u0105, kt\u00f3ra jako jedyn\u0105 odmian\u0119 proponuje<br \/>\npasmo pora\u017cek zamiast setek PDk\u00f3w i satysfakcji z gry.<\/p>\n<h4>Julian Czurko<\/h4>\n<p>Naprawd\u0119 nie wiem, co mam s\u0105dzi\u0107, czy tym bardziej powiedzie\u0107<br \/>\nna temat tej przygody. Totalnie chaotyczna. BNi robi\u0105 r\u00f3\u017cne dziwne<br \/>\nrzeczy bez powodu (do tej pory nadal nie wiem, po jakiego grzyba<br \/>\nta elfka siedzia\u0142a w tej knajpie z diamentem i dlaczego boi si\u0119<br \/>\nstu asassyn\u00f3w zza krzaka. Czy\u017cby inspiracja Monty Pythonem?).<br \/>\nNie wiadomo, co si\u0119 dzieje, nie wiadomo, dlaczego tak si\u0119 dzieje,<br \/>\npo wszystkim nie ma \u017cadnego podsumowania.<\/p>\n<h4>Tomasz Z. Majkowski<\/h4>\n<p>Powiem wprost i bez ogr\u00f3dek &#8211; ten tekst mnie przer\u00f3s\u0142. Nie rozumiem,<br \/>\no co w nim chodzi. Nie wiem, co zyskuje krasnoludzka parka. Nie<br \/>\npojmuje, sk\u0105d si\u0119 wzi\u0105\u0142 paladyn. No, dobrze, wiem to wszystko.<br \/>\nAle zdobycie tych informacji okupi\u0142em ci\u0119\u017ckim wysi\u0142kiem.<\/p>\n<p>P\u00f3ki dru\u017cyna robi podchody w karczmie, wzi\u0105wszy z\u0142ych za dobrych,<br \/>\na dobrych za z\u0142ych (oklepane, ale wci\u0105\u017c ma sw\u00f3j potencja\u0142), rzecz<br \/>\njest jeszcze zno\u015bna. Ale od momentu, gdy pojawia si\u0119 krasnoludzka<br \/>\nkobieta, scenariusz zamienia si\u0119 w kompletny strumie\u0144 \u015bwiadomo\u015bci.<\/p>\n<p>Gdyby wylicza\u0107 bezsensy tej przygody, pewnie sko\u0144czy\u0142yby mi si\u0119<br \/>\nfonty, do\u015b\u0107 wi\u0119c poprzesta\u0107 na konkluzji, \u017ce ten scenariusz gra<br \/>\nw jednej lidze z &#8222;Piramid\u0105 Strachu&#8221; i &#8222;Przedstawieniem&#8221;.<\/p>\n<p>Problem bowiem w tym, \u017ce Mistrza Podziemi (tak, tak. Przecie\u017c<br \/>\nto modelowe D&amp;D. \u015awiat zaludniaj\u0105 sami przedstawiciele profesji<br \/>\nawanturniczych.) najwyra\u017aniej przeros\u0142a diaboliczna intryga Ramerduff\u00f3w.<br \/>\nNawprowadza\u0142 zb\u0119dnych enpis\u00f3w, nakomplikowa\u0142, a\u017c w ko\u0144cu doprowadzi\u0142<br \/>\ndo odbieraj\u0105cego wszystkie si\u0142y zako\u0144czenia.<\/p>\n<p>&#8222;\u015acie\u017cki&#8221; by\u0142y przygod\u0105 o tym, kto tu jest mocniejszy &#8211; autor<br \/>\n&#8222;Diamentu&#8221; musia\u0142 mie\u0107 podobny problem z graczami, skoro za swoje<br \/>\nszczytowe osi\u0105gni\u0119cie uznaje scenariusz o tym, kto cwa\u0144szy. Graczy<br \/>\nrobi si\u0119 tu w balona na ka\u017cdym kroku &#8211; je\u015bli dobrze policzy\u0142em,<br \/>\nmaj\u0105 szans\u0119 zosta\u0107 oszukani cztery razy. W dodatku, pisze nasz<br \/>\nMP we wst\u0119pie, jak\u0105 to terapeutyczn\u0105 funkcj\u0119 pe\u0142ni jego scenariusz,<br \/>\njak gra z konwencj\u0105 &#8211; i w og\u00f3le, jakie to ambitne, \u017ce gracze nie<br \/>\neliminuj\u0105 Z\u0142ych.<\/p>\n<p>Niestety, nie jest to inteligentna gra z konwencj\u0105, a ca\u0142e rozwi\u0105zanie<br \/>\njest troch\u0119 nie fair &#8211; zar\u00f3wno z punktu widzenia rozrywkowego<br \/>\n(bo gracze nic, tylko dostaj\u0105 po uszach), jak i sp\u00f3jno\u015bci &#8211; ot,<br \/>\ncho\u0107by dlatego, \u017ce je\u015bli to enpisi przynosz\u0105 klejnot, zostaj\u0105<br \/>\nwymordowani &#8211; a dru\u017cynie \u017cycie si\u0119 oszcz\u0119dza.<\/p>\n<p>Poza tym &#8211; rzecz nie wypali. Nie ma dru\u017cyny, kt\u00f3ra prze\u0142knie<br \/>\npora\u017ck\u0119 tego rodzaju. B\u0119d\u0105 kombinowa\u0107, my\u015ble\u0107, intrygowa\u0107 i planowa\u0107,<br \/>\na\u017c pogn\u0119bi\u0105 z\u0142e krzaty i odbior\u0105 im diament z czystej ch\u0119ci zemsty.<br \/>\nA poniewa\u017c konfrontacja tego rodzaju ma si\u0119 podobno zako\u0144czy\u0107<br \/>\nnieuchronn\u0105 \u015bmierci\u0105 bohater\u00f3w, przygoda albo:<\/p>\n<p>a) sko\u0144czy si\u0119 \u015bmierci\u0105 dru\u017cyny, awantur\u0105 pod koniec sesji i<br \/>\npowa\u017ceniem autorytetu MP jako sprawiedliwego arbitra i tw\u00f3rcy<br \/>\nprzyg\u00f3d, albo<\/p>\n<p>b) zabiciem z\u0142ych krasnolud\u00f3w, pomszczeniem wioski, a wi\u0119c fiaskiem<br \/>\nz punktu widzenia pocz\u0105tkowych za\u0142o\u017ce\u0144.<\/p>\n<p>I tak zyskali\u015bmy prawdziwe curiosum: przygod\u0119 z\u0142o\u017con\u0105 g\u0142\u00f3wnie<br \/>\nz wad konstrukcyjnych.<\/p>\n<h4>\u0141ukasz M. Pogoda<\/h4>\n<p>&#8230;<\/p>\n<h4>Maciej Reputakowski<\/h4>\n<p>Trudno cokolwiek napisa\u0107 o tym scenariuszu, skoro nie ogarnia<br \/>\nsi\u0119 go umys\u0142em.<\/p>\n<p>Mo\u017cna jednak przy okazji wys\u0142a\u0107 apel do wszystkich przysz\u0142ych<br \/>\nautor\u00f3w scenariuszy wysy\u0142anych na Quentina. Mo\u017cecie pisa\u0107 z b\u0142\u0119dami,<br \/>\ntekst mo\u017ce by\u0107 nieuporz\u0105dkowany, fabu\u0142a banalna. Ka\u017cdy pisze tak,<br \/>\njak potrafi, a talent szlifuje si\u0119 przez lata. Temu r\u00f3wnie\u017c s\u0142u\u017cy<br \/>\nten konkurs.<\/p>\n<p>Jednej tylko rzeczy \u015bcierpie\u0107 nie spos\u00f3b. Gnojenia graczy. Nie<br \/>\nwysy\u0142ajcie nam scenariuszy, kt\u00f3re narodzi\u0142y si\u0119 z pragnienia &#8222;pokazania<br \/>\ngraczom, gdzie jest ich miejsce&#8221;. Je\u017celi macie z\u0142e dru\u017cyny, sk\u0142adaj\u0105ce<br \/>\nsi\u0119 z t\u0119pak\u00f3w, to przesta\u0144cie z nimi gra\u0107, pogadajcie o swoim<br \/>\nproblemie przy piwie albo przerzu\u0107cie si\u0119 na ogrodnictwo. Nas<br \/>\ninteresuj\u0105 wy\u0142\u0105cznie takie przygody, kt\u00f3re sprawi\u0105, \u017ce gracze<br \/>\nb\u0119d\u0105 zadowoleni (nawet z pora\u017cki czy \u015bmierci bohatera), a nie<br \/>\nupupieni i zmaltretowani (nawet je\u017celi na to zas\u0142uguj\u0105).<\/p>\n<p>Stawiamy na dobrych MG i graczy. Brudy prosimy pra\u0107 we w\u0142asnym<br \/>\ndomu.<\/p>\n<h4>Marcin Segit<\/h4>\n<p>&#8230;<\/p>\n<h4>Micha\u0142 'Puszon&#8217; Stachyra<\/h4>\n<p>Dla graczy sam &#8222;Diament&#8221; &#8211; s\u0142odkie&#8230;. Zamierzenie autora tekstu<br \/>\nte\u017c mi\u0142e &#8211; chce pokaza\u0107 napakowanym herosom co to znaczy przegrywa\u0107.<br \/>\nZobaczymy co z tego wyjdzie.<\/p>\n<p>Podoba mi si\u0119 dwoje g\u0142\u00f3wnych evil one&#8217;\u00f3w &#8211; para z\u0142ych krasnolud\u00f3w<br \/>\n&#8211; ma\u0142\u017ce\u0144stwo, \u017ceby sobie kto\u015b nie pomy\u015bla\u0142. Yeah. Czuj\u0119, \u017ce mimo<br \/>\nzapewnie\u0144 autora b\u0119dzie baaardzo D&amp;Dowo..<\/p>\n<p>Tekst zapodany jest chaotycznie &#8211; w niew\u0142a\u015bciwej kolejno\u015bci,<br \/>\nczasem niemal losowo. Im dalej tym gorzej&#8230; \u015bmieszniej w zasadzie,<br \/>\nbo pojawiaj\u0105 si\u0119 takie kwiatki, \u017ce \u0142o rany&#8230;A 100 asasyn\u00f3w w<br \/>\nkrzakach rz\u0105dzi&#8230;. Nie chce mi si\u0119 nawet komentowa\u0107..<\/p>\n<p>Autorze, je\u015bli masz wi\u0119cej ni\u017c 14 lat to nigdy wi\u0119cej nie pisz<br \/>\nju\u017c scenariuszy do RPG, prosz\u0119.<\/p>\n<h4>Krzysztof \u015awi\u0105tek<\/h4>\n<p><strong>PLUSY:<\/strong> dw\u00f3jka z\u0142ych krasnolud\u00f3w i 100 assasyn\u00f3w<br \/>\nw krzakach. Dawno si\u0119 tak nie \u015bmia\u0142em.<\/p>\n<p><strong>MINUSY:<\/strong> ca\u0142a reszta&#8230;<\/p>\n<p><strong>WRA\u017bENIA: <\/strong>mam pytanie do autora: Z ca\u0142ym szacunkiem,<br \/>\nczy Ty to w og\u00f3le czyta\u0142e\u015b?<\/p>\n<p>\n<div class=\"spdiv\">[collapse]<\/div>\n<\/div>\n<\/div>\n\n","protected":false},"excerpt":{"rendered":"<p>&#8222;Fa\u0142szywy diament&#8221; Piotr \u0141ugowski<\/p>\n","protected":false},"author":11112,"featured_media":0,"parent":342,"menu_order":0,"comment_status":"open","ping_status":"open","template":"","meta":{"footnotes":""},"categories":[48],"tags":[],"class_list":["post-731","page","type-page","status-publish","hentry","category-dd-i-d20"],"_links":{"self":[{"href":"https:\/\/www.quentinrpg.pl\/index.php?rest_route=\/wp\/v2\/pages\/731","targetHints":{"allow":["GET"]}}],"collection":[{"href":"https:\/\/www.quentinrpg.pl\/index.php?rest_route=\/wp\/v2\/pages"}],"about":[{"href":"https:\/\/www.quentinrpg.pl\/index.php?rest_route=\/wp\/v2\/types\/page"}],"author":[{"embeddable":true,"href":"https:\/\/www.quentinrpg.pl\/index.php?rest_route=\/wp\/v2\/users\/11112"}],"replies":[{"embeddable":true,"href":"https:\/\/www.quentinrpg.pl\/index.php?rest_route=%2Fwp%2Fv2%2Fcomments&post=731"}],"version-history":[{"count":0,"href":"https:\/\/www.quentinrpg.pl\/index.php?rest_route=\/wp\/v2\/pages\/731\/revisions"}],"up":[{"embeddable":true,"href":"https:\/\/www.quentinrpg.pl\/index.php?rest_route=\/wp\/v2\/pages\/342"}],"wp:attachment":[{"href":"https:\/\/www.quentinrpg.pl\/index.php?rest_route=%2Fwp%2Fv2%2Fmedia&parent=731"}],"wp:term":[{"taxonomy":"category","embeddable":true,"href":"https:\/\/www.quentinrpg.pl\/index.php?rest_route=%2Fwp%2Fv2%2Fcategories&post=731"},{"taxonomy":"post_tag","embeddable":true,"href":"https:\/\/www.quentinrpg.pl\/index.php?rest_route=%2Fwp%2Fv2%2Ftags&post=731"}],"curies":[{"name":"wp","href":"https:\/\/api.w.org\/{rel}","templated":true}]}}