{"id":735,"date":"2011-01-20T19:19:52","date_gmt":"2011-01-20T17:19:52","guid":{"rendered":"http:\/\/quentinrpg.pl\/?page_id=735"},"modified":"2018-07-26T02:15:30","modified_gmt":"2018-07-26T00:15:30","slug":"piramida-strachu","status":"publish","type":"page","link":"https:\/\/www.quentinrpg.pl\/?page_id=735","title":{"rendered":"Piramida strachu"},"content":{"rendered":"<h3><a title=\"Piramida strachu\" href=\"http:\/\/quentinrpg.pl\/wp-content\/uploads\/2010\/10\/q2004_piramida_strachu.zip\" target=\"_blank\" rel=\"noopener\">&#8222;Piramida strachu&#8221; <\/a><\/h3>\n<p><em>Tomasz Pruski<\/em><\/p>\n\n<div class=\"sp-wrap sp-wrap-default\">\n<div class=\"sp-head\" title=\"Expand\">\nSpoiler\n<\/div>\n<div class=\"sp-body folded\">\n<\/p>\n<h2>Komentarze:<\/h2>\n<h4>Magdalena Madej<\/h4>\n<p>W mojej karierze erpegowca mia\u0142 miejsce kr\u00f3tki romans ze \u015bwiatem<br \/>\nWorld of Darkness i bardzo mi\u0142o wspominam tamte czasy. Dlatego<br \/>\nte\u017c z nutk\u0105 melancholii si\u0119gn\u0119\u0142am po scenariusz Piramida Strachu,<br \/>\nkt\u00f3rego akcja rozgrywa si\u0119 w\u015br\u00f3d ciemnych uliczek miast zamieszkanych<br \/>\nprzez armie nadprzyrodzonych istot. Tak jak si\u0119 spodziewa\u0142am,<br \/>\npr\u00f3cz sprawnie wymy\u015blonej gotyckiej estetyki, nie odnalaz\u0142am nic,<br \/>\nco wskazywa\u0142oby na jakiekolwiek pokrewie\u0144stwo prezentowanego scenariusza<br \/>\nz korzeniami gatunku, kt\u00f3rego ojcem jest Edgar Allan Poe. Dobry<br \/>\nwygrzew nie jest z\u0142y i krwawe bitwy mi\u0119dzy przedwiecznymi istotami<br \/>\nmaj\u0105 sw\u00f3j niezaprzeczalny urok, a na brak tego typu przyjemno\u015bci<br \/>\nfabu\u0142a Piramidy narzeka\u0107 nie mo\u017ce. Narzeka\u0107 natomiast mo\u017cna na<br \/>\npar\u0119 innych cech scenariusza: brak pomys\u0142u na postaci, nier\u00f3wne<br \/>\nroz\u0142o\u017cenie znaczenia roli bohater\u00f3w mi\u0119dzy poszczeg\u00f3lnymi graczami,<br \/>\nbrak wp\u0142ywu graczy na rozw\u00f3j wypadk\u00f3w, troch\u0119 chaotyczny pomys\u0142,<br \/>\nkt\u00f3ry na domiar z\u0142ego nie posiada zako\u0144czenia.<\/p>\n<h4>Krystyna Nahlik<\/h4>\n<p>&#8230;<\/p>\n<h4>Joanna Szaleniec<\/h4>\n<p>Scenariusz uwzgl\u0119dnia fakt, \u017ce gracze nie zawsze poruszaj\u0105 si\u0119<br \/>\nzgodnie z za\u0142o\u017ceniami linii fabularnej &#8211; zawiera rozwidlenia i<br \/>\nomawia r\u00f3\u017cne \u015bcie\u017cki; jest przy tym bardzo przejrzysty i ma wyra\u017anie<br \/>\nzarysowan\u0105 struktur\u0119. Ponadto w tek\u015bcie autor umie\u015bci\u0142 ramki ze<br \/>\nszczeg\u00f3\u0142owymi radami dla MG dotycz\u0105cymi nastroju poszczeg\u00f3lnych<br \/>\nscen i odpowiedniej muzyki, a tak\u017ce podrozdzia\u0142, w kt\u00f3rym sugeruje,<br \/>\njak nale\u017cy odgrywa\u0107 bohater\u00f3w niezale\u017cnych &#8211; uwa\u017cam, \u017ce jest to<br \/>\nwarto\u015bciowa lektura nie tylko dla pocz\u0105tkuj\u0105cych Mistrz\u00f3w Gry&#8230;<br \/>\n\u0141adny j\u0119zyk, niestety od czasu do czasu zupe\u0142nie bez potrzeby<br \/>\nokraszony jest ra\u017c\u0105cymi kolokwializmami (&#8222;zanim kto\u015b si\u0119<br \/>\nskapnie&#8221;). Warsztat autora jest wi\u0119c godny na\u015bladowania,<br \/>\njednak przygoda nie jest specjalnie oryginalna. Tylko kwestia<br \/>\nprzepowiedni sprawia, \u017ce nie mo\u017cna jej nazwa\u0107 banaln\u0105 &#8211; ale tak<br \/>\nnaprawd\u0119 to jedynie t\u0142o, a nie prawdziwa tre\u015b\u0107 przygody.<\/p>\n<h4>Julian Czurko<\/h4>\n<p>Kolejny &#8222;mistyczny rytua\u0142&#8221; odprawiony bez skutku na fali &#8222;Blade:<br \/>\nWieczny \u0141owca&#8221;. Wydarzenia i postaci ma\u0142o przekonywuj\u0105ce. Zw\u0142aszcza<br \/>\nprzepakowani ksi\u0105\u017c\u0119, dostojnik Camarilli i &#8222;Nosferatu&#8221;, oraz wy\u0142o\u017cona<br \/>\nmarmurem piramida w hangarze na Wyspie Ps\u00f3w. Wszystko nastawione<br \/>\nna wywo\u0142anie efektu&#8230; kt\u00f3ry wcale si\u0119 nie pojawia. Brakuje jakiejkolwiek<br \/>\npointy.<\/p>\n<h4>Tomasz Z. Majkowski<\/h4>\n<p>Co za idiotyzm.<\/p>\n<p>Po pierwsze, pokona\u0142a mnie wariantowo\u015b\u0107 tego scenariusza. Pogubi\u0142em<br \/>\nsi\u0119 w g\u0105szczu Akt\u00f3w IIb, VIIe i XIX\u00f3. Za diab\u0142a nie potrafi\u0119 zrozumie\u0107,<br \/>\nw jaki spos\u00f3b \u0142\u0105cz\u0105 si\u0119 tej przygodzie w\u0105tki, kim s\u0105 bohaterowie<br \/>\nniezale\u017cni, dlaczego gracze si\u0119 w to wpl\u0105tali, czemu wampiry zajmuj\u0105<br \/>\nsi\u0119 w\u0142amaniami, czemu niby Francuz jest gor\u0105cokrwisty, kim jest<br \/>\nwampir John, z jakich powod\u00f3w ksi\u0105\u017c\u0119, \u017cyj\u0105cy od pocz\u0105tku naszej<br \/>\nery nie wie o tajnym przej\u015bciu z 1666 i toleruje, \u017ceby gnie\u017adzi\u0142y<br \/>\nsi\u0119 w nim wilko\u0142aki i oraz ca\u0142ej masy innych rzeczy.<\/p>\n<p>Za to na dwa fakty jestem w stanie postawi\u0107. Po pierwsze, Armand<br \/>\nto Ukochana Posta\u0107 Mistrza Gry. Po drugie, przygoda powsta\u0142a nast\u0119puj\u0105co:<\/p>\n<p>&gt;&gt;&gt;SCENKA RODZAJOWA&lt;&lt;&lt;<\/p>\n<p>[dzwonek do drzwi]<\/p>\n<p>MG: Ch\u0142opaki, to wy? W\u0142a\u015bnie mia\u0142em dzwoni\u0107 i odwo\u0142a\u0107 sesj\u0119.<br \/>\nNie mam<\/p>\n<p>przygody.<\/p>\n<p>CH\u00d3R GRACZY: Eeeeee no! Poprowad\u017a co\u015b! Jeste\u015b taki \u015bwietny! Na<br \/>\npewno co\u015b<\/p>\n<p>wymy\u015blisz!<\/p>\n<p>MG: No dobra. Skoro tak uwa\u017cacie&#8230; A wi\u0119c &#8211; dostali\u015bcie zlecenie,<br \/>\nby<\/p>\n<p>si\u0119 w\u0142ama\u0107 do posesji.<\/p>\n<p>&gt;&gt;&gt;KONIEC SCENKI&lt;&lt;&lt;<\/p>\n<p>Nie w\u0105tpi\u0119, \u017ce wszyscy cudownie si\u0119 bawili &#8211; i \u017ce MG wiele w\u0142o\u017cy\u0142<br \/>\npotem wysi\u0142ku, by nada\u0107 sens temu, co przychodzi\u0142o mu do g\u0142owy<br \/>\npodczas sesji. Ale luki fabularne s\u0105 zbyt oczywiste, by rzecz<br \/>\nby\u0142a \u015bwiadomie zakomponowana.<\/p>\n<p>Bo cho\u0107by taki Nosferatu John&#8230; W przygodzie pojawi\u0142 si\u0119 niby<br \/>\nRobin DobryDruch, \u017ceby podpowiada\u0107 dru\u017cynie, co teraz robi\u0107. Ale<br \/>\ndru\u017cyna zacz\u0119\u0142a zadawa\u0107 niewygodne pytania &#8211; sk\u0105d niby taki nosferatu<br \/>\ntyle wie? Wi\u0119c MG szybciutko powiedzia\u0142 &#8222;wyczuwasz, \u017ce to nie<br \/>\njest taki zwyk\u0142y nosferatu&#8221;.<\/p>\n<p>I takich \u015blad\u00f3w jest w tek\u015bcie multum.<\/p>\n<p>St\u0105d w\u0142a\u015bnie Bohaterowie Niezale\u017cni rzucaj\u0105 si\u0119 po scenariuszu<br \/>\njak op\u0119tani, st\u0105d nie wiadomo, kim jest G\u0142\u00f3wny Z\u0142y (zauwa\u017ccie,<br \/>\n\u017ce jego to\u017csamo\u015b\u0107 zatajono do samego ko\u0144ca), a bohaterowie, kt\u00f3rzy<br \/>\nnajpierw nie maj\u0105 o czym\u015b poj\u0119cia potem okazuj\u0105 si\u0119 doskonale<br \/>\no tym wiedzie\u0107.<\/p>\n<p>Poza tym &#8211; warto wspomnie\u0107 i o tym, \u017ce Autor niby wprowadza warianty,<br \/>\nale tak naprawd\u0119 wkleja w kolejne akapity ten sam tekst. Nie wiem,<br \/>\njak czytelnicy, ale ja poczu\u0142em si\u0119 ura\u017cony. Po pierwsze tym,<br \/>\nAutor jest zbyt leniwy, by opisa\u0107 alternatywny przebieg wypadk\u00f3w.<br \/>\nPo drugie, \u017ce obra\u017ca moj\u0105 inteligencj\u0119, s\u0105dz\u0105c, \u017ce tego nie zauwa\u017c\u0119.<\/p>\n<p>No i zako\u0144czenie! Oskar za najg\u0142upszy fina\u0142 roku. Wampir wchodzi<br \/>\ndo wanny i si\u0119 kuli. Zaprawd\u0119, rozwi\u0105zanie godne polskiej szko\u0142y<br \/>\nfilmowej.<\/p>\n<p>A wi\u0119c, podczas sesji gracze albo co\u015b spaprali, albo wt\u0142uk\u0142 im<br \/>\nwszechpot\u0119\u017cny Banderas, pardon, Armand i do rytua\u0142u dosz\u0142o. Ale<br \/>\ncwany MG nie zamierza\u0142 unicestwi\u0107 swojego uniwersum.<\/p>\n<p>Ko\u0144cz\u0119 i id\u0119 pod prysznic. Skul\u0119 si\u0119 pod nim &#8211; i niech obmyje<br \/>\nmnie krew.<\/p>\n<h4>\u0141ukasz M. Pogoda<\/h4>\n<p>&#8230;<\/p>\n<h4>Maciej Reputakowski<\/h4>\n<p>Wampir zazwyczaj kojarzy si\u0119 nam z &#8222;personal horrorem&#8221; i du\u017c\u0105<br \/>\ndoz\u0105 rozterek natury moralnej, kt\u00f3re MG stawia przed graczami.<br \/>\nMo\u017cna jednak gra\u0107 inaczej, bardziej swobodnie i nastawi\u0107 si\u0119 na<br \/>\nszybk\u0105, efektown\u0105 akcj\u0119 i walk\u0119 przy u\u017cyciu supermocy. I to te\u017c<br \/>\njest fajne.<\/p>\n<p>Problem z &#8222;Piramid\u0105&#8221; jest jednak taki, i\u017c gracze b\u0119d\u0105 mieli tu<br \/>\nr\u00f3wnie\u017c do czynienia z intryg\u0105, kt\u00f3ra (poza niezbyt zgrabnym i<br \/>\nzbyt potocznym sposobem opisania) grzeszy niesk\u0142adnym przebiegiem<br \/>\ni pozbawionym dramatyzmu fina\u0142em. Zako\u0144czenie scenariusza, w kt\u00f3rym<br \/>\ngracze nie maj\u0105 w zasadzie szans dowiedzie\u0107 si\u0119, o co chodzi\u0142o<br \/>\n(cho\u0107 to niewielka strata, bo wyja\u015bnienie niepowodzenia rytua\u0142u<br \/>\njest bardzo nieefektowne), wywo\u0142uje ogromne rozczarowanie.<\/p>\n<p>Co gorsza &#8211; pojawiaj\u0105cym si\u0119 w scenariuszu bohaterom niezale\u017cnym<br \/>\ngracze w zasadzie nie mog\u0105 nic zrobi\u0107, a wprowadzenie nietykalnej<br \/>\ni wypasionej postaci ex-egzekutora stanowi typow\u0105 zmor\u0119 scenariuszy<br \/>\nrozgrywaj\u0105cych si\u0119 w \u015awiecie Mroku. Jest w tym zreszt\u0105 pewna ironia,<br \/>\nalbowiem nawet taki super pot\u0119\u017cny wampir nie dowie si\u0119, \u017ce ca\u0142y<br \/>\nrytua\u0142 nawali\u0142 z totalnie b\u0142ahego powodu.<\/p>\n<h4>Marcin Segit<\/h4>\n<p>&#8230;<\/p>\n<h4>Micha\u0142 'Puszon&#8217; Stachyra<\/h4>\n<p>Mrok&#8230; Oj do tej przygody to nie mog\u0142em si\u0119 zabra\u0107 ju\u017c w og\u00f3le.<br \/>\nDwukrotnie zaczyna\u0142em.. teraz trzecie podej\u015bcie&#8230; do boju&#8230;<br \/>\nChyba moje w\u0105tpliwo\u015bci by\u0142y s\u0142uszne. &#8222;Bu\u0144czuczny Toreador powinien<br \/>\nszybko zgin\u0105\u0107&#8221;. I zn\u00f3w b\u0119d\u0105 m\u00f3wi\u0107, \u017ce si\u0119 z WODu nabijam. Fajn\u0105<br \/>\nrzecz\u0105 s\u0105 z kolei wstawki o muzyce, ja za tym nie przepadam jako\u015b<br \/>\nszczeg\u00f3lnie, ale wielu MG\u00f3w ch\u0119tnie lubi korzysta\u0107 z muzy na sesji.<\/p>\n<p>Totalne pomieszanie z aktami IIb, IVc. Chaos. Chyba jest to po<br \/>\nprostu zapis odbytej sesji.<\/p>\n<p>&#8230;Mrok&#8230; Cierpienie&#8230;.<\/p>\n<h4>Krzysztof \u015awi\u0105tek<\/h4>\n<p><strong>PLUSY:<\/strong> ???<\/p>\n<p><strong>MINUSY:<\/strong> ca\u0142a reszta. Totalny m\u0119tlik akt\u00f3w i mo\u017cliwych<br \/>\nzako\u0144cze\u0144 &#8211; VIB,VC,IIIA itd. Intryga &#8211; jaka\u015b jest ale ofiaruj\u0119<br \/>\nsuszon\u0105 m\u0105tw\u0119 temu kto mi powie o co w niej chodzi? A ten wielki<br \/>\nz\u0142y to w ko\u0144cu kim jest? A Nosferatu to Nosferatu czy nie Nosferatu?<br \/>\nJak nie toperz to ja nie wiem co&#8230;<\/p>\n<p><strong>WRA\u017bENIA: <\/strong>pozostaje zgodzi\u0107 si\u0119 z Puszonem:<br \/>\n&#8230;mrok&#8230;cierpienie&#8230;gorsze ni\u017c b\u00f3l z\u0119ba.<\/p>\n<p>\n<div class=\"spdiv\">[collapse]<\/div>\n<\/div>\n<\/div>\n\n","protected":false},"excerpt":{"rendered":"<p>&#8222;Piramida strachu&#8221; Tomasz Pruski<\/p>\n","protected":false},"author":11112,"featured_media":0,"parent":342,"menu_order":0,"comment_status":"open","ping_status":"open","template":"","meta":{"footnotes":""},"categories":[51],"tags":[],"class_list":["post-735","page","type-page","status-publish","hentry","category-swiat-mroku"],"_links":{"self":[{"href":"https:\/\/www.quentinrpg.pl\/index.php?rest_route=\/wp\/v2\/pages\/735","targetHints":{"allow":["GET"]}}],"collection":[{"href":"https:\/\/www.quentinrpg.pl\/index.php?rest_route=\/wp\/v2\/pages"}],"about":[{"href":"https:\/\/www.quentinrpg.pl\/index.php?rest_route=\/wp\/v2\/types\/page"}],"author":[{"embeddable":true,"href":"https:\/\/www.quentinrpg.pl\/index.php?rest_route=\/wp\/v2\/users\/11112"}],"replies":[{"embeddable":true,"href":"https:\/\/www.quentinrpg.pl\/index.php?rest_route=%2Fwp%2Fv2%2Fcomments&post=735"}],"version-history":[{"count":0,"href":"https:\/\/www.quentinrpg.pl\/index.php?rest_route=\/wp\/v2\/pages\/735\/revisions"}],"up":[{"embeddable":true,"href":"https:\/\/www.quentinrpg.pl\/index.php?rest_route=\/wp\/v2\/pages\/342"}],"wp:attachment":[{"href":"https:\/\/www.quentinrpg.pl\/index.php?rest_route=%2Fwp%2Fv2%2Fmedia&parent=735"}],"wp:term":[{"taxonomy":"category","embeddable":true,"href":"https:\/\/www.quentinrpg.pl\/index.php?rest_route=%2Fwp%2Fv2%2Fcategories&post=735"},{"taxonomy":"post_tag","embeddable":true,"href":"https:\/\/www.quentinrpg.pl\/index.php?rest_route=%2Fwp%2Fv2%2Ftags&post=735"}],"curies":[{"name":"wp","href":"https:\/\/api.w.org\/{rel}","templated":true}]}}