{"id":774,"date":"2011-02-05T20:55:53","date_gmt":"2011-02-05T18:55:53","guid":{"rendered":"http:\/\/quentinrpg.pl\/?page_id=774"},"modified":"2018-07-26T02:20:10","modified_gmt":"2018-07-26T00:20:10","slug":"milosc-i-honor","status":"publish","type":"page","link":"https:\/\/www.quentinrpg.pl\/?page_id=774","title":{"rendered":"Mi\u0142o\u015b\u0107 i honor"},"content":{"rendered":"<h2><a title=\"Mi\u0142o\u015b\u0107 i honor\" href=\"http:\/\/quentinrpg.pl\/wp-content\/uploads\/2010\/10\/q2003_milosc_i_honor.pdf\" target=\"_blank\" rel=\"noopener\">Mi\u0142o\u015b\u0107 i honor<\/a><\/h2>\n<p>Piotr Cichy<\/p>\n","protected":false},"excerpt":{"rendered":"<p>Mi\u0142o\u015b\u0107 i honor Piotr Cichy<\/p>\n","protected":false},"author":11112,"featured_media":0,"parent":344,"menu_order":0,"comment_status":"open","ping_status":"open","template":"","meta":{"footnotes":""},"categories":[81,48,59],"tags":[],"class_list":["post-774","page","type-page","status-publish","hentry","category-7th-sea","category-dd-i-d20","category-finalisci"],"_links":{"self":[{"href":"https:\/\/www.quentinrpg.pl\/index.php?rest_route=\/wp\/v2\/pages\/774","targetHints":{"allow":["GET"]}}],"collection":[{"href":"https:\/\/www.quentinrpg.pl\/index.php?rest_route=\/wp\/v2\/pages"}],"about":[{"href":"https:\/\/www.quentinrpg.pl\/index.php?rest_route=\/wp\/v2\/types\/page"}],"author":[{"embeddable":true,"href":"https:\/\/www.quentinrpg.pl\/index.php?rest_route=\/wp\/v2\/users\/11112"}],"replies":[{"embeddable":true,"href":"https:\/\/www.quentinrpg.pl\/index.php?rest_route=%2Fwp%2Fv2%2Fcomments&post=774"}],"version-history":[{"count":0,"href":"https:\/\/www.quentinrpg.pl\/index.php?rest_route=\/wp\/v2\/pages\/774\/revisions"}],"up":[{"embeddable":true,"href":"https:\/\/www.quentinrpg.pl\/index.php?rest_route=\/wp\/v2\/pages\/344"}],"wp:attachment":[{"href":"https:\/\/www.quentinrpg.pl\/index.php?rest_route=%2Fwp%2Fv2%2Fmedia&parent=774"}],"wp:term":[{"taxonomy":"category","embeddable":true,"href":"https:\/\/www.quentinrpg.pl\/index.php?rest_route=%2Fwp%2Fv2%2Fcategories&post=774"},{"taxonomy":"post_tag","embeddable":true,"href":"https:\/\/www.quentinrpg.pl\/index.php?rest_route=%2Fwp%2Fv2%2Ftags&post=774"}],"curies":[{"name":"wp","href":"https:\/\/api.w.org\/{rel}","templated":true}]}}