{"id":947,"date":"2011-02-06T02:48:09","date_gmt":"2011-02-06T00:48:09","guid":{"rendered":"http:\/\/quentinrpg.pl\/?page_id=947"},"modified":"2018-07-26T02:08:44","modified_gmt":"2018-07-26T00:08:44","slug":"wyjatkowo-dluga-podroz","status":"publish","type":"page","link":"https:\/\/www.quentinrpg.pl\/?page_id=947","title":{"rendered":"Wyj\u0105tkowo d\u0142uga podr\u00f3\u017c"},"content":{"rendered":"<h3><a href=\"http:\/\/quentinrpg.pl\/wp-content\/uploads\/2010\/10\/q2005_wyjatkowo_dluga_podroz.zip\">&#8222;Wyj\u0105tkowo d\u0142uga podr\u00f3\u017c&#8221;<\/a><\/h3>\n<p><em>Mateusz Grzebyk <\/em><\/p>\n\n<div class=\"sp-wrap sp-wrap-default\">\n<div class=\"sp-head\" title=\"Expand\">\nSpoiler\n<\/div>\n<div class=\"sp-body folded\">\n<\/p>\n<h4>Krystyna Nahlik<\/h4>\n<p>Szkoda mi wi\u0119cej ni\u017c jednego zdania na skomentowanie dzie\u0142a, kt\u00f3re sprawia wra\u017cenie, jak gdyby autor napisa\u0142 je na kolanie w przerwie mi\u0119dzy lekcjami, nie ma w nim fabu\u0142y, opis\u00f3w, sensu ani nawet pe\u0142nych zda\u0144. Drugie zdanie zu\u017cyj\u0119 na rad\u0119 &#8211; \u017ceby wygra\u0107 w jakimkolwiek konkursie, trzeba w start w\u0142o\u017cy\u0107 przynajmniej tyle wysi\u0142ku, ile w ocen\u0119 prac wk\u0142adaj\u0105 oceniaj\u0105cy.<\/p>\n<h4>Joanna Szaleniec<\/h4>\n<p>&#8222;Wyj\u0105tkowo d\u0142uga podr\u00f3\u017c&#8221; to wyj\u0105tkowo kr\u00f3tki scenariusz&#8230; a mo\u017ce raczej tylko notatki? Bia\u0142y wiersz? Jaka\u015b inna oryginalna i nowoczesna forma literackiego przekazu? Musz\u0119 przyzna\u0107, \u017ce jako tradycjonalistka wol\u0119 jednak klasyczn\u0105 interpunkcj\u0119, a u\u017cywanie pierwszej osoby zamiast trzeciej szczeg\u00f3lnie mnie konfunduje (na przyk\u0142ad w zdaniach &#8222;on \u017cyj\u0119&#8221; oraz tchn\u0105cym pogr\u00f3\u017ck\u0105 &#8222;gdy kto\u015b pozna jej tajemnic\u0119 zaatakuj\u0119 go&#8221;). Niezale\u017cnie od formy jest to jedynie drobny epizod, a nie pe\u0142noformatowa przygoda.<\/p>\n<h4>Tomasz Z. Majkowski<\/h4>\n<p>Recenzja b\u0119dzie d\u0142uga jak ten scenariusz. Mamy do czynienia z niechlujnie spisanym potworkiem, w kt\u00f3rym o nic nie chodzi i nie ma sensu rozwodzi\u0107 si\u0119 nad tym d\u0142u\u017cej.<\/p>\n<h4>Maciej Reputakowski<\/h4>\n<p>Ten scenariusz nie jest bynajmniej wyj\u0105tkowo d\u0142ugi i nie przysporzy raczej sympatyk\u00f3w systemowi <em>Poza czasem<\/em>. Autor podszed\u0142 do konkursu do\u015b\u0107 swobodnie i na luzie, przysy\u0142aj\u0105c tekst, kt\u00f3ry przypomina w formie odpowied\u017a na e-mail od przyjaciela w potrzebie, kt\u00f3ry napisa\u0142 przed chwil\u0105 z b\u0142aganiem o szybki pomys\u0142 na sesj\u0119, kt\u00f3r\u0105 ma za chwil\u0119 poprowadzi\u0107. Problemu nie stanowi nawet chaotyczny, typowo mailowy j\u0119zyk tekstu, lecz jego chaotyczna, typowo mailowa struktura.<\/p>\n<p>Scenariusz sam w sobie niewiele, niestety, oferuje. Gracze jad\u0105 w jedno miejsce, ruszaj\u0105 z powrotem, bez powodu g\u0142odniej\u0105 (co jest do\u015b\u0107 niekonwencjonalnym sposobem zawr\u00f3cenia dru\u017cyny), a potem demaskuj\u0105 osob\u0119 (niestety, nie do ko\u0144ca wiadomo, co j\u0105 \u0142\u0105czy\u0142o z Cadorem, jakie by\u0142y jej cele itp.), kt\u00f3r\u0105 przed chwil\u0105 spotkali. Potem niespodziewanie okazuje si\u0119, i\u017c g\u0142\u00f3wny bohater niezale\u017cny by\u0142 powodem, dla kt\u00f3rego nie mogli wr\u00f3ci\u0107. Ca\u0142o\u015b\u0107, niestety, nie zosta\u0142a oparta na logice przyczynowo-skutkowej i bez sporych przer\u00f3bek nie nadaje si\u0119 raczej do prowadzenia.<\/p>\n<p>Autora nale\u017cy zach\u0119ci\u0107 do lektury kilku &#8211; najlepiej wyr\u00f3\u017cnionych &#8211; tegorocznych scenariuszy, na przyk\u0142adzie kt\u00f3rych mo\u017cna zaobserwowa\u0107, jak nale\u017ca\u0142oby (od strony formy) poprawnie spisa\u0107 tekst, kt\u00f3ry m\u00f3g\u0142by sta\u0107 si\u0119 podstaw\u0105 do poprowadzenia sesji gry fabularnej.<\/p>\n<p><em>Poniewa\u017c rozmiar recenzji nie pozwala om\u00f3wi\u0107 wszystkich aspekt\u00f3w tekstu, jestem otwarty na rozmow\u0119 przez e-maila &#8211; <a href=\"mailto:repek@repe.k.pl\">repek@repe.k.pl<\/a> lub na GG: 1416169. Zapraszam serdecznie! <\/em><\/p>\n<p>\n<div class=\"spdiv\">[collapse]<\/div>\n<\/div>\n<\/div>\n\n","protected":false},"excerpt":{"rendered":"<p>&#8222;Wyj\u0105tkowo d\u0142uga podr\u00f3\u017c&#8221; Mateusz Grzebyk<\/p>\n","protected":false},"author":11112,"featured_media":0,"parent":340,"menu_order":0,"comment_status":"open","ping_status":"open","template":"","meta":{"footnotes":""},"categories":[82],"tags":[],"class_list":["post-947","page","type-page","status-publish","hentry","category-poza-czasem"],"_links":{"self":[{"href":"https:\/\/www.quentinrpg.pl\/index.php?rest_route=\/wp\/v2\/pages\/947","targetHints":{"allow":["GET"]}}],"collection":[{"href":"https:\/\/www.quentinrpg.pl\/index.php?rest_route=\/wp\/v2\/pages"}],"about":[{"href":"https:\/\/www.quentinrpg.pl\/index.php?rest_route=\/wp\/v2\/types\/page"}],"author":[{"embeddable":true,"href":"https:\/\/www.quentinrpg.pl\/index.php?rest_route=\/wp\/v2\/users\/11112"}],"replies":[{"embeddable":true,"href":"https:\/\/www.quentinrpg.pl\/index.php?rest_route=%2Fwp%2Fv2%2Fcomments&post=947"}],"version-history":[{"count":0,"href":"https:\/\/www.quentinrpg.pl\/index.php?rest_route=\/wp\/v2\/pages\/947\/revisions"}],"up":[{"embeddable":true,"href":"https:\/\/www.quentinrpg.pl\/index.php?rest_route=\/wp\/v2\/pages\/340"}],"wp:attachment":[{"href":"https:\/\/www.quentinrpg.pl\/index.php?rest_route=%2Fwp%2Fv2%2Fmedia&parent=947"}],"wp:term":[{"taxonomy":"category","embeddable":true,"href":"https:\/\/www.quentinrpg.pl\/index.php?rest_route=%2Fwp%2Fv2%2Fcategories&post=947"},{"taxonomy":"post_tag","embeddable":true,"href":"https:\/\/www.quentinrpg.pl\/index.php?rest_route=%2Fwp%2Fv2%2Ftags&post=947"}],"curies":[{"name":"wp","href":"https:\/\/api.w.org\/{rel}","templated":true}]}}